{"id":7689,"date":"2024-11-11T13:33:22","date_gmt":"2024-11-11T11:33:22","guid":{"rendered":"https:\/\/amazingmarket.ee\/?post_type=product&#038;p=7689"},"modified":"2026-03-14T11:15:25","modified_gmt":"2026-03-14T09:15:25","slug":"bella-3-qt-manual-air-fryer-oven-and-5-in-1-multicooker","status":"publish","type":"product","link":"https:\/\/amazingmarket.ee\/et\/toode\/bella-3-qt-manual-air-fryer-oven-and-5-in-1-multicooker\/","title":{"rendered":"BELLA 3 Qt k\u00e4sitsi \u00f5hufrit\u00fc\u00fcriga ahi ja 5-\u00fches multikeetja"},"content":{"rendered":"<h1 class=\"a-size-base-plus a-text-bold\">Selle \u00fcksuse kohta<\/h1>\n<p>HEA SEISUKORD<\/p>\n<ul class=\"a-unordered-list a-vertical a-spacing-mini\">\n<li class=\"a-spacing-mini\"><span class=\"a-list-item\">VAIRUSTUS TOIDUVALMISTAMINE SINU J\u00c4RELE: j\u00e4tke h\u00fcvasti keeruliste nuppudega ja tere maitsvate ja probleemideta roogadega! Meie v\u00e4ikestel \u00f5hufrit\u00fc\u00fcridel on lihtsad nupud, mis muudavad toiduvalmistamise lihtsaks ja l\u00f5busaks. Nautige maitsvate gurmeeroogade valmistamist minutitega<\/span><\/li>\n<li class=\"a-spacing-mini\"><span class=\"a-list-item\">T\u00c4IUSLIK V\u00c4IKESEKS KOOSKOOSMISEKS: kuni 2,5 naela toidu mahutavusega mini-\u00f5hufrit\u00fc\u00fcr suudab toita kuni 2-4 inimest. Alates kr\u00f5bedatest friikartulitest ja kalapulkadest kuni suussulavate kanakintsude ja tiibadeni \u2013 see on rahvahulk igaks s\u00fcndmuseks<\/span><\/li>\n<li class=\"a-spacing-mini\"><span class=\"a-list-item\">L\u00c4BISTA OMA KULINAARILINE LOOVUS: meie 5-\u00fches multipliit v\u00f5imaldab teil toite \u00f5hu k\u00e4es praadida, praadida, k\u00fcpsetada, r\u00f6stida v\u00f5i uuesti soojendada. 1400-vatise k\u00fctteelemendi ja ringk\u00fcttetehnoloogia abil t\u00f6\u00f6tav v\u00e4ike ahi tagab, et teie toidud valmivad kr\u00f5bedaks ja \u00fchtlaselt<\/span><\/li>\n<li class=\"a-spacing-mini\"><span class=\"a-list-item\">Naudi TERVISLIKKE M\u00d5NUSID: Naudi s\u00fc\u00fcmepiinadevaba s\u00f6\u00f6ki, milles on 88% v\u00e4hem rasva ja 65% v\u00e4hem kaloreid kui tavalistes kiirtoidurestoranides. PFOA-vaba Nonstick korv ja kr\u00f5binaalus on eemaldatavad ja n\u00f5udepesumasinas pestavad, muutes miniahju puhastamise imelihtsaks<\/span><\/li>\n<li class=\"a-spacing-mini\"><span class=\"a-list-item\">KOMPAKTNE SUURUS: t\u00e4nu oma kompaktsele suurusele sobib meie elektriline praepann h\u00f5lpsalt igale t\u00f6\u00f6pinnale, s\u00e4\u00e4stes v\u00e4\u00e4rtuslikku ruumi j\u00f5udlust ohverdamata. Need k\u00f6\u00f6giseadmed on absoluutselt uues majas h\u00e4davajalikud ja teie kolled\u017ei \u00fchiselamus kohustuslikud<\/span><\/li>\n<\/ul>","protected":false},"excerpt":{"rendered":"<p>About this item GOOD CONDITION EFFORTLESS COOKING AT YOUR FINGERTIPS: Say goodbye to complicated buttons and hello to delicious, hassle-free dishes! Our small air fryers boast simple knob controls, which make cooking easy and fun. Enjoy creating delicious, gourmet meals in minutes PERFECT FOR SMALL GATHERINGS: With a capacity of up to 2.5 pounds of [&#8230;]\n","protected":false},"featured_media":7695,"comment_status":"open","ping_status":"closed","template":"","meta":{"_monsterinsights_skip_tracking":false,"_monsterinsights_sitenote_active":false,"_monsterinsights_sitenote_note":"","_monsterinsights_sitenote_category":0,"jetpack_publicize_message":"","jetpack_publicize_feature_enabled":true,"jetpack_social_post_already_shared":false,"jetpack_social_options":{"image_generator_settings":{"template":"highway","default_image_id":0,"font":"","enabled":false},"version":2}},"product_brand":[],"product_cat":[71],"product_tag":[],"class_list":{"0":"post-7689","1":"product","2":"type-product","3":"status-publish","4":"has-post-thumbnail","6":"product_cat-airfryers","8":"first","9":"instock","10":"sale","11":"shipping-taxable","12":"purchasable","13":"product-type-simple"},"aioseo_notices":[],"jetpack_publicize_connections":[],"jetpack_sharing_enabled":true,"_links":{"self":[{"href":"https:\/\/amazingmarket.ee\/et\/wp-json\/wp\/v2\/product\/7689","targetHints":{"allow":["GET"]}}],"collection":[{"href":"https:\/\/amazingmarket.ee\/et\/wp-json\/wp\/v2\/product"}],"about":[{"href":"https:\/\/amazingmarket.ee\/et\/wp-json\/wp\/v2\/types\/product"}],"replies":[{"embeddable":true,"href":"https:\/\/amazingmarket.ee\/et\/wp-json\/wp\/v2\/comments?post=7689"}],"wp:featuredmedia":[{"embeddable":true,"href":"https:\/\/amazingmarket.ee\/et\/wp-json\/wp\/v2\/media\/7695"}],"wp:attachment":[{"href":"https:\/\/amazingmarket.ee\/et\/wp-json\/wp\/v2\/media?parent=7689"}],"wp:term":[{"taxonomy":"product_brand","embeddable":true,"href":"https:\/\/amazingmarket.ee\/et\/wp-json\/wp\/v2\/product_brand?post=7689"},{"taxonomy":"product_cat","embeddable":true,"href":"https:\/\/amazingmarket.ee\/et\/wp-json\/wp\/v2\/product_cat?post=7689"},{"taxonomy":"product_tag","embeddable":true,"href":"https:\/\/amazingmarket.ee\/et\/wp-json\/wp\/v2\/product_tag?post=7689"}],"curies":[{"name":"wp","href":"https:\/\/api.w.org\/{rel}","templated":true}]}}