{"id":7673,"date":"2024-11-11T13:14:37","date_gmt":"2024-11-11T11:14:37","guid":{"rendered":"https:\/\/amazingmarket.ee\/?post_type=product&#038;p=7673"},"modified":"2026-03-14T11:15:25","modified_gmt":"2026-03-14T09:15:25","slug":"bissell-15585","status":"publish","type":"product","link":"https:\/\/amazingmarket.ee\/et\/toode\/bissell-15585\/","title":{"rendered":"Bissell 15585"},"content":{"rendered":"<h1 class=\"a-size-base-plus a-text-bold\">Selle \u00fcksuse kohta<\/h1>\n<p>HEA SEISUKORD<\/p>\n<ul class=\"a-unordered-list a-vertical a-spacing-mini\">\n<li class=\"a-spacing-mini\"><span class=\"a-list-item\">V\u00f5imas puhastus: Bissell SpotClean Pet Pro on professionaalne plekieemaldaja 750 W mootoriga ja m\u00fcratasemega 82 dB. Ideaalne t\u00f5husaks mustuse eemaldamiseks kodus ja autotolmuimejana.<\/span><\/li>\n<li class=\"a-spacing-mini\"><span class=\"a-list-item\">Ideaalne lemmikloomadele: integreeritud 1,5-meetrine voolik \u00fchendab endas v\u00f5imsa imemis-, harjamis- ja puhastusvalemid, et eemaldada kinni j\u00e4\u00e4nud mustus ja lemmikloomade plekid.<\/span><\/li>\n<li class=\"a-spacing-mini\"><span class=\"a-list-item\">KAHEKORDNE PAAGITEHNOLOOGIA: Eemaldatavaid veepaake on lihtne t\u00e4ita ja t\u00fchjendada. Kahe paagiga s\u00fcsteem v\u00f5imaldab puhastada puhta veega ning hoida mustust ja tolmu eraldi.<\/span><\/li>\n<li class=\"a-spacing-mini\"><span class=\"a-list-item\">Plekip\u00fc\u00fcdja otsik: pihustab, k\u00fc\u00fcrib ja imeb lemmikloomadelt mustust ning hoiab seda eraldi paagis h\u00f5lpsaks t\u00fchjendamiseks<\/span><\/li>\n<li class=\"a-spacing-mini\"><span class=\"a-list-item\">Puhastusvalem: parimate puhastustulemuste saavutamiseks kasutage SpotClean Pet Pro koos Bissell 1087N, 1086N, 1089N ja 1078N valemitega<\/span><\/li>\n<li class=\"a-spacing-mini\"><span class=\"a-list-item\">LAADI ALLA KASUTUSJUHEND: Kerige tootelehel jaotiseni \u201eTootejuhendid ja dokumendid\u201d ning laadige alla kasutusjuhend. Kasutage k\u00f5iki funktsioone optimaalselt!<\/span><\/li>\n<\/ul>","protected":false},"excerpt":{"rendered":"<div class=\"a-row\">\n<div class=\"a-column a-span6\">\n<h1 class=\"a-size-medium a-spacing-small\">Tehnilised \u00fcksikasjad<\/h1>\n<\/div>\n<\/div>\n<div class=\"a-expander-content a-expander-extend-content\" data-expanded=\"true\">\n<div class=\"a-row a-expander-container a-expander-inline-container\">\n<div class=\"a-expander-content a-expander-section-content a-section-expander-inner\" data-expanded=\"true\">\n<table id=\"productDetails_techSpec_section_1\" class=\"a-keyvalue prodDetTable\" role=\"presentation\">\n<tbody>\n<tr>\n<th class=\"a-color-secondary a-size-base prodDetSectionEntry\">Kaubam\u00e4rk<\/th>\n<td class=\"a-size-base prodDetAttrValue\">Bissell<\/td>\n<\/tr>\n<tr>\n<th class=\"a-color-secondary a-size-base prodDetSectionEntry\">Mudeli number<\/th>\n<td class=\"a-size-base prodDetAttrValue\">15585<\/td>\n<\/tr>\n<tr>\n<th class=\"a-color-secondary a-size-base prodDetSectionEntry\">V\u00e4rv<\/th>\n<td class=\"a-size-base prodDetAttrValue\">Must\/roheline\/l\u00e4bipaistev<\/td>\n<\/tr>\n<tr>\n<th class=\"a-color-secondary a-size-base prodDetSectionEntry\">Toote m\u00f5\u00f5tmed<\/th>\n<td class=\"a-size-base prodDetAttrValue\">25 x 36 x 35,6 cm; 6 kg<\/td>\n<\/tr>\n<tr>\n<th class=\"a-color-secondary a-size-base prodDetSectionEntry\">Mahutavus<\/th>\n<td class=\"a-size-base prodDetAttrValue\">2,8 liitrit<\/td>\n<\/tr>\n<tr>\n<th class=\"a-color-secondary a-size-base prodDetSectionEntry\">V\u00f5imsus \/ vatt<\/th>\n<td class=\"a-size-base prodDetAttrValue\">750 vatti<\/td>\n<\/tr>\n<tr>\n<th class=\"a-color-secondary a-size-base prodDetSectionEntry\">M\u00fcra tase<\/th>\n<td class=\"a-size-base prodDetAttrValue\">82 dB<\/td>\n<\/tr>\n<tr>\n<th class=\"a-color-secondary a-size-base prodDetSectionEntry\">Eriomadused<\/th>\n<td class=\"a-size-base prodDetAttrValue\">Puhastusviis: Kuiv<\/td>\n<\/tr>\n<tr>\n<th class=\"a-color-secondary a-size-base prodDetSectionEntry\">Kauba kaal<\/th>\n<td class=\"a-size-base prodDetAttrValue\">6 kilogrammi<\/td>\n<\/tr>\n<\/tbody>\n<\/table>\n<\/div>\n<\/div>\n<\/div>","protected":false},"featured_media":7678,"comment_status":"open","ping_status":"closed","template":"","meta":{"_monsterinsights_skip_tracking":false,"_monsterinsights_sitenote_active":false,"_monsterinsights_sitenote_note":"","_monsterinsights_sitenote_category":0,"jetpack_publicize_message":"","jetpack_publicize_feature_enabled":true,"jetpack_social_post_already_shared":false,"jetpack_social_options":{"image_generator_settings":{"template":"highway","default_image_id":0,"font":"","enabled":false},"version":2}},"product_brand":[],"product_cat":[102],"product_tag":[],"class_list":{"0":"post-7673","1":"product","2":"type-product","3":"status-publish","4":"has-post-thumbnail","6":"product_cat-vacuum-cleaners","8":"first","9":"instock","10":"sale","11":"shipping-taxable","12":"purchasable","13":"product-type-simple"},"aioseo_notices":[],"jetpack_publicize_connections":[],"jetpack_sharing_enabled":true,"_links":{"self":[{"href":"https:\/\/amazingmarket.ee\/et\/wp-json\/wp\/v2\/product\/7673","targetHints":{"allow":["GET"]}}],"collection":[{"href":"https:\/\/amazingmarket.ee\/et\/wp-json\/wp\/v2\/product"}],"about":[{"href":"https:\/\/amazingmarket.ee\/et\/wp-json\/wp\/v2\/types\/product"}],"replies":[{"embeddable":true,"href":"https:\/\/amazingmarket.ee\/et\/wp-json\/wp\/v2\/comments?post=7673"}],"wp:featuredmedia":[{"embeddable":true,"href":"https:\/\/amazingmarket.ee\/et\/wp-json\/wp\/v2\/media\/7678"}],"wp:attachment":[{"href":"https:\/\/amazingmarket.ee\/et\/wp-json\/wp\/v2\/media?parent=7673"}],"wp:term":[{"taxonomy":"product_brand","embeddable":true,"href":"https:\/\/amazingmarket.ee\/et\/wp-json\/wp\/v2\/product_brand?post=7673"},{"taxonomy":"product_cat","embeddable":true,"href":"https:\/\/amazingmarket.ee\/et\/wp-json\/wp\/v2\/product_cat?post=7673"},{"taxonomy":"product_tag","embeddable":true,"href":"https:\/\/amazingmarket.ee\/et\/wp-json\/wp\/v2\/product_tag?post=7673"}],"curies":[{"name":"wp","href":"https:\/\/api.w.org\/{rel}","templated":true}]}}