{"id":7570,"date":"2024-11-11T11:10:53","date_gmt":"2024-11-11T09:10:53","guid":{"rendered":"https:\/\/amazingmarket.ee\/?post_type=product&#038;p=7570"},"modified":"2026-03-14T11:15:26","modified_gmt":"2026-03-14T09:15:26","slug":"spotty-wet-vacuum-cleaner-121001","status":"publish","type":"product","link":"https:\/\/amazingmarket.ee\/et\/toode\/spotty-wet-vacuum-cleaner-121001\/","title":{"rendered":"SPOTTY M\u00e4rgtolmuimeja 121001"},"content":{"rendered":"<h1>V\u00c4HE KASUTATUD, HEAS KORRAS, ON AINULT AKENDE PESU D\u00dcSIK<\/h1>\n<h1 class=\"a-size-base-plus a-text-bold\">Selle \u00fcksuse kohta<\/h1>\n<ul class=\"a-unordered-list a-vertical a-spacing-mini\">\n<li class=\"a-spacing-mini\"><span class=\"a-list-item\">\u2714\ufe0f P\u00f5hjalik ja mitmek\u00fclgne \u2013 t\u00e4nu 3-baarisele pihustusr\u00f5hule puhastab meie Spotty polstripuhastusseade eriti t\u00f5husalt vaipu, polstrit ja k\u00f5vasid p\u00f5randaid \u2013 ideaalne koju, autosse ja kontorisse<\/span><\/li>\n<li class=\"a-spacing-mini\"><span class=\"a-list-item\">\u2714\ufe0f T\u00e4ielikult varustatud \u2013 Spotty m\u00e4rgtolmuimeja on varustatud nelja ulatusliku tarvikuotsikuga ning t\u00e4nu individuaalselt l\u00fclitatavale pihustus- ja imemisfunktsioonile k\u00f5ikideks majapidamist\u00f6\u00f6deks.<\/span><\/li>\n<li class=\"a-spacing-mini\"><span class=\"a-list-item\">\u2714\ufe0f Kahekordne paak \u2013 Spotty tolmuimejal on eraldi 3L v\u00e4rske ja 2L musta vee paak: eemaldatavaid anumaid saab puhastada h\u00fcgieeniliselt, lihtsalt ja j\u00e4\u00e4ke j\u00e4tmata.<\/span><\/li>\n<li class=\"a-spacing-mini\"><span class=\"a-list-item\">\u2714\ufe0fK\u00f5ik \u00fche pilguga \u2013 t\u00e4nu l\u00e4bipaistvale anumale ja kinnitustele on teil alati selge \u00fclevaade t\u00f6\u00f6piirkonnast ja pidev kontroll puhastamise edenemise \u00fcle m\u00e4rgtolmuimejaga.<\/span><\/li>\n<li class=\"a-spacing-mini\"><span class=\"a-list-item\">\u2714\ufe0f Mugav t\u00f6\u00f6 \u2013 absoluutselt mugavaks ja v\u00e4simatuks t\u00f6\u00f6ks on m\u00e4rgtolmuimeja polstripuhastaja \u00fclipika 2 m imemisvooliku ja kuni 3 \u00fchendatava toruga \u2013 ideaalne suurtele kasutajatele.<\/span><\/li>\n<\/ul>","protected":false},"excerpt":{"rendered":"<table class=\"a-keyvalue prodDetTable\" role=\"presentation\">\n<tbody>\n<tr>\n<th class=\"a-color-secondary a-size-base prodDetSectionEntry\">Kauba m\u00f5\u00f5tmed P x L x K<\/th>\n<td class=\"a-size-base prodDetAttrValue\">51D x 27W x 27H sentimeetrit<\/td>\n<\/tr>\n<tr>\n<th class=\"a-color-secondary a-size-base prodDetSectionEntry\">Mahutavus<\/th>\n<td class=\"a-size-base prodDetAttrValue\">3 liitrit<\/td>\n<\/tr>\n<tr>\n<th class=\"a-color-secondary a-size-base prodDetSectionEntry\">Kauba kaal<\/th>\n<td class=\"a-size-base prodDetAttrValue\">7,45 kilogrammi<\/td>\n<\/tr>\n<\/tbody>\n<\/table>\n<table class=\"a-keyvalue prodDetTable\" style=\"height: 111px;\" role=\"presentation\" width=\"387\">\n<tbody>\n<tr>\n<th class=\"a-color-secondary a-size-base prodDetSectionEntry\">ASIN<\/th>\n<td class=\"a-size-base prodDetAttrValue\">B0CWLG1SY7<\/td>\n<\/tr>\n<tr>\n<th class=\"a-color-secondary a-size-base prodDetSectionEntry\">Tootja<\/th>\n<td class=\"a-size-base prodDetAttrValue\">Sprintus<\/td>\n<\/tr>\n<tr>\n<th class=\"a-color-secondary a-size-base prodDetSectionEntry\">Kaubam\u00e4rgi nimi<\/th>\n<td class=\"a-size-base prodDetAttrValue\">Sprintus<\/td>\n<\/tr>\n<tr>\n<th class=\"a-color-secondary a-size-base prodDetSectionEntry\">Mudeli number<\/th>\n<td class=\"a-size-base prodDetAttrValue\">121001<\/td>\n<\/tr>\n<\/tbody>\n<\/table>","protected":false},"featured_media":10581,"comment_status":"open","ping_status":"closed","template":"","meta":{"_monsterinsights_skip_tracking":false,"_monsterinsights_sitenote_active":false,"_monsterinsights_sitenote_note":"","_monsterinsights_sitenote_category":0,"jetpack_publicize_message":"","jetpack_publicize_feature_enabled":true,"jetpack_social_post_already_shared":false,"jetpack_social_options":{"image_generator_settings":{"template":"highway","default_image_id":0,"font":"","enabled":false},"version":2}},"product_brand":[],"product_cat":[102,154],"product_tag":[],"class_list":{"0":"post-7570","1":"product","2":"type-product","3":"status-publish","4":"has-post-thumbnail","6":"product_cat-vacuum-cleaners","7":"product_cat-wired-vacuum-cleaners","9":"first","10":"instock","11":"sale","12":"shipping-taxable","13":"purchasable","14":"product-type-simple"},"aioseo_notices":[],"jetpack_publicize_connections":[],"jetpack_sharing_enabled":true,"_links":{"self":[{"href":"https:\/\/amazingmarket.ee\/et\/wp-json\/wp\/v2\/product\/7570","targetHints":{"allow":["GET"]}}],"collection":[{"href":"https:\/\/amazingmarket.ee\/et\/wp-json\/wp\/v2\/product"}],"about":[{"href":"https:\/\/amazingmarket.ee\/et\/wp-json\/wp\/v2\/types\/product"}],"replies":[{"embeddable":true,"href":"https:\/\/amazingmarket.ee\/et\/wp-json\/wp\/v2\/comments?post=7570"}],"wp:featuredmedia":[{"embeddable":true,"href":"https:\/\/amazingmarket.ee\/et\/wp-json\/wp\/v2\/media\/10581"}],"wp:attachment":[{"href":"https:\/\/amazingmarket.ee\/et\/wp-json\/wp\/v2\/media?parent=7570"}],"wp:term":[{"taxonomy":"product_brand","embeddable":true,"href":"https:\/\/amazingmarket.ee\/et\/wp-json\/wp\/v2\/product_brand?post=7570"},{"taxonomy":"product_cat","embeddable":true,"href":"https:\/\/amazingmarket.ee\/et\/wp-json\/wp\/v2\/product_cat?post=7570"},{"taxonomy":"product_tag","embeddable":true,"href":"https:\/\/amazingmarket.ee\/et\/wp-json\/wp\/v2\/product_tag?post=7570"}],"curies":[{"name":"wp","href":"https:\/\/api.w.org\/{rel}","templated":true}]}}