{"id":7543,"date":"2024-11-11T10:14:25","date_gmt":"2024-11-11T08:14:25","guid":{"rendered":"https:\/\/amazingmarket.ee\/?post_type=product&#038;p=7543"},"modified":"2026-03-14T11:15:26","modified_gmt":"2026-03-14T09:15:26","slug":"ninja-combi-12-in-1-multicooker-oven-air-fryer-sfp700eu","status":"publish","type":"product","link":"https:\/\/amazingmarket.ee\/et\/toode\/ninja-combi-12-in-1-multicooker-oven-air-fryer-sfp700eu\/","title":{"rendered":"Ninja Combi 12-in-1 multikeetja ahi ja frit\u00fc\u00fcr SFP700EU"},"content":{"rendered":"<h1>KASUTATUD TOODE, AHJUKANDEID EI OLE<\/h1>\n<h1 class=\"a-size-base-plus a-text-bold\">Selle \u00fcksuse kohta<\/h1>\n<ul class=\"a-unordered-list a-vertical a-spacing-mini\">\n<li class=\"a-spacing-mini\"><span class=\"a-list-item\">15-MINUTILINE PERETOITUS*: Kombineeritud s\u00f6\u00f6gikorra funktsiooniga valmistage toitu kuni 8 inimesele; Inspiratsioonijuhend sisaldab retsepte, toiduvalmistamise tabeleid ja kombineeritud toitude jaotisi kohandatud toitude loomiseks. (*V\u00e4lja arvatud k\u00fctteaeg)<\/span><\/li>\n<li class=\"a-spacing-mini\"><span class=\"a-list-item\">ASENDAB ROHKEM KUI 10 K\u00d6\u00d6GIMAHTU: t\u00e4idab \u00f5hufrit\u00fc\u00fcri, pliidiplaadi, ahju, praepanni, auruti, mikrolaineahju, aeglase pliidi, kastruli, grilli, riisikeetja ja k\u00e4\u00e4rituskasti \u00fclesandeid<\/span><\/li>\n<li class=\"a-spacing-mini\"><span class=\"a-list-item\">12 k\u00fcpsetusfunktsiooni: kombineeritud toidud, kombineeritud k\u00fcpsetusmasin, kombineeritud k\u00fcpsetamine, riis\/pasta, r\u00f6st\/hautatud, aur, aeglane keetmine, k\u00e4\u00e4ritamine, k\u00fcpsetamine, uuesti kuumutamine, \u00f5hupraad ja grill<\/span><\/li>\n<li class=\"a-spacing-mini\"><span class=\"a-list-item\">KERGELT SAADAV UKS KUVAAKENNAGA: vaadake l\u00e4bi vaateakna toitu valmimisel; V\u00f5i avage uks toidu kiireks segamiseks v\u00f5i kasutage avatud uksega praadimiseks ja hautamiseks<\/span><\/li>\n<li class=\"a-spacing-mini\"><span class=\"a-list-item\">KAASA Ninja Foodi 10-\u00fches multifunktsionaalne ahi (EU pistik), kaks resti, ahjuplaat, praeplaat, \u00f5hupraadimiskorv ja retseptiraamat; V\u00e4rvus: h\u00f5be\/must<\/span><\/li>\n<li class=\"a-spacing-mini\"><span class=\"a-list-item\">M\u00d5\u00d5DUD: K: 33 cm x L: 39 cm x P: 38 cm.<\/span><\/li>\n<\/ul>","protected":false},"excerpt":{"rendered":"<div class=\"a-column a-span6\">\n<div class=\"a-row a-spacing-medium-plus\">\n<div id=\"productDetails_expanderTables_depthLeftSections\" class=\"a-section\">\n<div class=\"a-row a-expander-container a-expander-section-container a-section-expander-container\" data-csa-c-content-id=\"voyager-expander-btn-t2\" data-csa-c-slot-id=\"voyager-expander-btn-t2\" data-csa-c-type=\"button\" data-csa-c-id=\"qhkwv0-wvjcmq-7y5zmc-rg2e4y\">\n<div class=\"a-expander-content a-expander-extend-content a-expander-content-expanded\" data-expanded=\"true\">\n<div class=\"a-section\">\n<table class=\"a-keyvalue prodDetTable\" role=\"presentation\">\n<tbody>\n<tr>\n<th class=\"a-color-secondary a-size-base prodDetSectionEntry\">Kauba kaal<\/th>\n<td class=\"a-size-base prodDetAttrValue\">10,5 kilogrammi<\/td>\n<\/tr>\n<tr>\n<th class=\"a-color-secondary a-size-base prodDetSectionEntry\">Kauba m\u00f5\u00f5tmed P x L x K<\/th>\n<td class=\"a-size-base prodDetAttrValue\">31S x 38L x 40K sentimeetrit<\/td>\n<\/tr>\n<tr>\n<th class=\"a-color-secondary a-size-base prodDetSectionEntry\">Mahutavus<\/th>\n<td class=\"a-size-base prodDetAttrValue\">12,5 liitrit<\/td>\n<\/tr>\n<\/tbody>\n<\/table>\n<\/div>\n<\/div>\n<\/div>\n<\/div>\n<\/div>\n<div class=\"a-row a-spacing-base\">\n<table class=\"a-keyvalue prodDetTable\" role=\"presentation\">\n<tbody>\n<tr>\n<th class=\"a-color-secondary a-size-base prodDetSectionEntry\">Kontrolleri t\u00fc\u00fcp<\/th>\n<td class=\"a-size-base prodDetAttrValue\">Puutetundlik juhtimine<\/td>\n<\/tr>\n<tr>\n<th class=\"a-color-secondary a-size-base prodDetSectionEntry\">V\u00f5imsus<\/th>\n<td class=\"a-size-base prodDetAttrValue\">1776 vatti<\/td>\n<\/tr>\n<tr>\n<th class=\"a-color-secondary a-size-base prodDetSectionEntry\">Kontrollimeetod<\/th>\n<td class=\"a-size-base prodDetAttrValue\">Puudutage<\/td>\n<\/tr>\n<tr>\n<th class=\"a-color-secondary a-size-base prodDetSectionEntry\">V\u00e4ljundv\u00f5imsus<\/th>\n<td class=\"a-size-base prodDetAttrValue\">1,78E+3 vatti<\/td>\n<\/tr>\n<tr>\n<th class=\"a-color-secondary a-size-base prodDetSectionEntry\">Pinge<\/th>\n<td class=\"a-size-base prodDetAttrValue\">120 volti<\/td>\n<\/tr>\n<tr>\n<th class=\"a-color-secondary a-size-base prodDetSectionEntry\">Eriomadused<\/th>\n<td class=\"a-size-base prodDetAttrValue\">15-minutilised toidukorrad*, 12 k\u00fcpsetusfunktsiooni, suur mahutavus, peresuuruses<\/td>\n<\/tr>\n<\/tbody>\n<\/table>\n<\/div>\n<\/div>","protected":false},"featured_media":7549,"comment_status":"open","ping_status":"closed","template":"","meta":{"_monsterinsights_skip_tracking":false,"_monsterinsights_sitenote_active":false,"_monsterinsights_sitenote_note":"","_monsterinsights_sitenote_category":0,"jetpack_publicize_message":"","jetpack_publicize_feature_enabled":true,"jetpack_social_post_already_shared":false,"jetpack_social_options":{"image_generator_settings":{"template":"highway","default_image_id":0,"font":"","enabled":false},"version":2}},"product_brand":[],"product_cat":[71],"product_tag":[],"class_list":{"0":"post-7543","1":"product","2":"type-product","3":"status-publish","4":"has-post-thumbnail","6":"product_cat-airfryers","8":"first","9":"instock","10":"sale","11":"shipping-taxable","12":"purchasable","13":"product-type-simple"},"aioseo_notices":[],"jetpack_publicize_connections":[],"jetpack_sharing_enabled":true,"_links":{"self":[{"href":"https:\/\/amazingmarket.ee\/et\/wp-json\/wp\/v2\/product\/7543","targetHints":{"allow":["GET"]}}],"collection":[{"href":"https:\/\/amazingmarket.ee\/et\/wp-json\/wp\/v2\/product"}],"about":[{"href":"https:\/\/amazingmarket.ee\/et\/wp-json\/wp\/v2\/types\/product"}],"replies":[{"embeddable":true,"href":"https:\/\/amazingmarket.ee\/et\/wp-json\/wp\/v2\/comments?post=7543"}],"wp:featuredmedia":[{"embeddable":true,"href":"https:\/\/amazingmarket.ee\/et\/wp-json\/wp\/v2\/media\/7549"}],"wp:attachment":[{"href":"https:\/\/amazingmarket.ee\/et\/wp-json\/wp\/v2\/media?parent=7543"}],"wp:term":[{"taxonomy":"product_brand","embeddable":true,"href":"https:\/\/amazingmarket.ee\/et\/wp-json\/wp\/v2\/product_brand?post=7543"},{"taxonomy":"product_cat","embeddable":true,"href":"https:\/\/amazingmarket.ee\/et\/wp-json\/wp\/v2\/product_cat?post=7543"},{"taxonomy":"product_tag","embeddable":true,"href":"https:\/\/amazingmarket.ee\/et\/wp-json\/wp\/v2\/product_tag?post=7543"}],"curies":[{"name":"wp","href":"https:\/\/api.w.org\/{rel}","templated":true}]}}