{"id":7529,"date":"2024-11-11T09:47:07","date_gmt":"2024-11-11T07:47:07","guid":{"rendered":"https:\/\/amazingmarket.ee\/?post_type=product&#038;p=7529"},"modified":"2026-03-14T11:15:26","modified_gmt":"2026-03-14T09:15:26","slug":"cecotec-robot-aspirador-conga-8290","status":"publish","type":"product","link":"https:\/\/amazingmarket.ee\/et\/toode\/cecotec-robot-aspirador-conga-8290\/","title":{"rendered":"Cecoteci robot Aspirador Conga 8290"},"content":{"rendered":"<h1>V\u00c4HE KASUTATUD, PAKEND EI OLE, ON V\u00c4IKESI KRIIMU<\/h1>\n<h1 class=\"a-size-base-plus a-text-bold\">Selle \u00fcksuse kohta<\/h1>\n<ul class=\"a-unordered-list a-vertical a-spacing-mini\">\n<li class=\"a-spacing-mini\"><span class=\"a-list-item\">Sellel on k\u00fclghari ja multifunktsionaalne harjaste ja kummisilikooniga hari, mis eemaldab katlakivi igasugusest teie kodus leiduvast mustusest. 4 v\u00f5imsusastet (v\u00e4ljas, \u00f6konoomne, tavaline ja turbo) ja puhastamine (v\u00e4ljas, madal, keskmine ja k\u00f5rge)<\/span><\/li>\n<li class=\"a-spacing-mini\"><span class=\"a-list-item\">7000Pa imemismootor, automaatne turbore\u017eiim vaipade puhastamiseks ja nutikas puhastamine 3 veevoolukiirusega. 3-liitrine kott: vaheta kotti vaid 4 korda aastas ja naudi oma kodu iga p\u00e4ev puhtana. Lisaks on sellel kottide turvatuvastuss\u00fcsteem, mis takistab kottide t\u00fchjenemist, kui kott pole alusel.<\/span><\/li>\n<li class=\"a-spacing-mini\"><span class=\"a-list-item\">Autonoomia kuni 280 minutit 280 m\u00b2 katmiseks ja Total Surface tehnoloogiaga, mis toob roboti baasile, kui sellel pole akut laadimiseks ja j\u00e4tkab puhastamist kohast, kus see j\u00e4i.<\/span><\/li>\n<li class=\"a-spacing-mini\"><span class=\"a-list-item\">Juhtimine APP CECOTEC kaudu, millega saate valida erinevaid re\u017eiime, programmeerimist, imemisastet v\u00f5i puhastamise taset ning j\u00e4lgida puhastusajalugu. See toetab virtuaalseid assistente.<\/span><\/li>\n<li class=\"a-spacing-mini\"><span class=\"a-list-item\">Ruumiplaan: v\u00f5imaldab teil m\u00e4\u00e4ratleda, planeerida ja ajastada kogu kodu v\u00f5i konkreetsete ruumide koristust\u00f6\u00f6d t\u00e4nu loodud kaardile. 10 re\u017eiimi: valige igaks hetkeks sobiv ja nautige kohandatud puhastust k\u00f5ige mugavamal viisil.<\/span><\/li>\n<\/ul>","protected":false},"excerpt":{"rendered":"<div class=\"a-row\">\n<div class=\"a-column a-span6\">\n<h1 class=\"a-size-medium a-spacing-small\">Tehnilised \u00fcksikasjad<\/h1>\n<\/div>\n<\/div>\n<div class=\"a-expander-content a-expander-extend-content\" data-expanded=\"true\">\n<div class=\"a-row a-expander-container a-expander-inline-container\">\n<div class=\"a-expander-content a-expander-section-content a-section-expander-inner\" data-expanded=\"true\">\n<table id=\"productDetails_techSpec_section_1\" class=\"a-keyvalue prodDetTable\" role=\"presentation\">\n<tbody>\n<tr>\n<th class=\"a-color-secondary a-size-base prodDetSectionEntry\">Kaubam\u00e4rk<\/th>\n<td class=\"a-size-base prodDetAttrValue\">Cecotec<\/td>\n<\/tr>\n<tr>\n<th class=\"a-color-secondary a-size-base prodDetSectionEntry\">Mudeli number<\/th>\n<td class=\"a-size-base prodDetAttrValue\">08612<\/td>\n<\/tr>\n<tr>\n<th class=\"a-color-secondary a-size-base prodDetSectionEntry\">V\u00e4rv<\/th>\n<td class=\"a-size-base prodDetAttrValue\">Must<\/td>\n<\/tr>\n<tr>\n<th class=\"a-color-secondary a-size-base prodDetSectionEntry\">Toote m\u00f5\u00f5tmed<\/th>\n<td class=\"a-size-base prodDetAttrValue\">35 x 35 x 10,2 cm; 3,35 kg<\/td>\n<\/tr>\n<tr>\n<th class=\"a-color-secondary a-size-base prodDetSectionEntry\">Mahutavus<\/th>\n<td class=\"a-size-base prodDetAttrValue\">3 liitrit<\/td>\n<\/tr>\n<tr>\n<th class=\"a-color-secondary a-size-base prodDetSectionEntry\">Automaatne v\u00e4ljal\u00fclitus<\/th>\n<td class=\"a-size-base prodDetAttrValue\">jah<\/td>\n<\/tr>\n<tr>\n<th class=\"a-color-secondary a-size-base prodDetSectionEntry\">\u00dchilduvad mudelid<\/th>\n<td class=\"a-size-base prodDetAttrValue\">Nutitelefonid<\/td>\n<\/tr>\n<tr>\n<th class=\"a-color-secondary a-size-base prodDetSectionEntry\">Eriomadused<\/th>\n<td class=\"a-size-base prodDetAttrValue\">Juhtmeta<\/td>\n<\/tr>\n<tr>\n<th class=\"a-color-secondary a-size-base prodDetSectionEntry\">Kauba kaal<\/th>\n<td class=\"a-size-base prodDetAttrValue\">3,35 kg<\/td>\n<\/tr>\n<\/tbody>\n<\/table>\n<\/div>\n<\/div>\n<\/div>","protected":false},"featured_media":7535,"comment_status":"open","ping_status":"closed","template":"","meta":{"_monsterinsights_skip_tracking":false,"_monsterinsights_sitenote_active":false,"_monsterinsights_sitenote_note":"","_monsterinsights_sitenote_category":0,"jetpack_publicize_message":"","jetpack_publicize_feature_enabled":true,"jetpack_social_post_already_shared":false,"jetpack_social_options":{"image_generator_settings":{"template":"highway","default_image_id":0,"font":"","enabled":false},"version":2}},"product_brand":[],"product_cat":[80,102],"product_tag":[],"class_list":{"0":"post-7529","1":"product","2":"type-product","3":"status-publish","4":"has-post-thumbnail","6":"product_cat-robot-vacuum-cleaners","7":"product_cat-vacuum-cleaners","9":"first","10":"instock","11":"sale","12":"shipping-taxable","13":"purchasable","14":"product-type-simple"},"aioseo_notices":[],"jetpack_publicize_connections":[],"jetpack_sharing_enabled":true,"_links":{"self":[{"href":"https:\/\/amazingmarket.ee\/et\/wp-json\/wp\/v2\/product\/7529","targetHints":{"allow":["GET"]}}],"collection":[{"href":"https:\/\/amazingmarket.ee\/et\/wp-json\/wp\/v2\/product"}],"about":[{"href":"https:\/\/amazingmarket.ee\/et\/wp-json\/wp\/v2\/types\/product"}],"replies":[{"embeddable":true,"href":"https:\/\/amazingmarket.ee\/et\/wp-json\/wp\/v2\/comments?post=7529"}],"wp:featuredmedia":[{"embeddable":true,"href":"https:\/\/amazingmarket.ee\/et\/wp-json\/wp\/v2\/media\/7535"}],"wp:attachment":[{"href":"https:\/\/amazingmarket.ee\/et\/wp-json\/wp\/v2\/media?parent=7529"}],"wp:term":[{"taxonomy":"product_brand","embeddable":true,"href":"https:\/\/amazingmarket.ee\/et\/wp-json\/wp\/v2\/product_brand?post=7529"},{"taxonomy":"product_cat","embeddable":true,"href":"https:\/\/amazingmarket.ee\/et\/wp-json\/wp\/v2\/product_cat?post=7529"},{"taxonomy":"product_tag","embeddable":true,"href":"https:\/\/amazingmarket.ee\/et\/wp-json\/wp\/v2\/product_tag?post=7529"}],"curies":[{"name":"wp","href":"https:\/\/api.w.org\/{rel}","templated":true}]}}