{"id":743,"date":"2024-01-21T12:49:33","date_gmt":"2024-01-21T12:49:33","guid":{"rendered":"https:\/\/amazingmarket.ee\/?post_type=product&#038;p=743"},"modified":"2026-03-14T11:15:31","modified_gmt":"2026-03-14T09:15:31","slug":"cecotec-cecofry-pixel-2500-air-fryer-1000w-2-5l","status":"publish","type":"product","link":"https:\/\/amazingmarket.ee\/et\/toode\/cecotec-cecofry-pixel-2500-air-fryer-1000w-2-5l\/","title":{"rendered":"Cecotec Cecofry Pixel 2500 \u00f5hufrit\u00fc\u00fcr 1000 W 2,5 l"},"content":{"rendered":"<p><span style=\"color: #000000;\"><strong>UUS<\/strong><\/span><\/p>\n<p>Cecotec Cecofry Pixel 2500 \u00f5hufrit\u00fc\u00fcr on kompaktne ja t\u00f5hus k\u00f6\u00f6giseade, mis on loodud tervislikuks toiduvalmistamiseks. 1000 W v\u00f5imsuse ja 2,5-liitrise mahutavusega kasutab see toidu minimaalse \u00f5likuluga k\u00fcpsetamiseks kuuma \u00f5hu tsirkulatsiooni, luues kr\u00f5bedad ja maitsvad tulemused. Cecofry Pixel 2500-l on reguleeritav temperatuuriregulaator, taimer ja eemaldatav mittenakkuv korv h\u00f5lpsaks puhastamiseks. Selle kompaktne disain ja energias\u00e4\u00e4stlik t\u00f6\u00f6 muudavad selle mugavaks valikuks neile, kes soovivad nautida maitsvaid roogasid v\u00e4iksema \u00f5likuluga.<\/p>","protected":false},"excerpt":{"rendered":"<p>Cecotec Cecofry Pixel 2500 \u00f5hufrit\u00fc\u00fcr \u2013 1000 W, 2,5 l mahutavusega \u00f5hufrit\u00fc\u00fcr, mis on loodud tervislikuks toiduvalmistamiseks. Kuuma \u00f5hu tsirkulatsiooni abil valmistab see kr\u00f5bedaid ja maitsvaid roogasid minimaalse \u00f5likuluga. Reguleeritava temperatuuri reguleerimise, taimeri ja eemaldatava mittenakkuva korviga \u00fchendab see mugavuse ja energiat\u00f5hususe maitsvaks ja v\u00e4hese \u00f5likuluga k\u00fcpsetamiseks.<\/p>","protected":false},"featured_media":1261,"comment_status":"open","ping_status":"closed","template":"","meta":{"_monsterinsights_skip_tracking":false,"_monsterinsights_sitenote_active":false,"_monsterinsights_sitenote_note":"","_monsterinsights_sitenote_category":0,"jetpack_publicize_message":"","jetpack_publicize_feature_enabled":true,"jetpack_social_post_already_shared":false,"jetpack_social_options":{"image_generator_settings":{"template":"highway","default_image_id":0,"font":"","enabled":false},"version":2}},"product_brand":[],"product_cat":[71],"product_tag":[],"class_list":{"0":"post-743","1":"product","2":"type-product","3":"status-publish","4":"has-post-thumbnail","6":"product_cat-airfryers","8":"first","9":"instock","10":"sale","11":"shipping-taxable","12":"purchasable","13":"product-type-simple"},"aioseo_notices":[],"jetpack_publicize_connections":[],"jetpack_sharing_enabled":true,"_links":{"self":[{"href":"https:\/\/amazingmarket.ee\/et\/wp-json\/wp\/v2\/product\/743","targetHints":{"allow":["GET"]}}],"collection":[{"href":"https:\/\/amazingmarket.ee\/et\/wp-json\/wp\/v2\/product"}],"about":[{"href":"https:\/\/amazingmarket.ee\/et\/wp-json\/wp\/v2\/types\/product"}],"replies":[{"embeddable":true,"href":"https:\/\/amazingmarket.ee\/et\/wp-json\/wp\/v2\/comments?post=743"}],"wp:featuredmedia":[{"embeddable":true,"href":"https:\/\/amazingmarket.ee\/et\/wp-json\/wp\/v2\/media\/1261"}],"wp:attachment":[{"href":"https:\/\/amazingmarket.ee\/et\/wp-json\/wp\/v2\/media?parent=743"}],"wp:term":[{"taxonomy":"product_brand","embeddable":true,"href":"https:\/\/amazingmarket.ee\/et\/wp-json\/wp\/v2\/product_brand?post=743"},{"taxonomy":"product_cat","embeddable":true,"href":"https:\/\/amazingmarket.ee\/et\/wp-json\/wp\/v2\/product_cat?post=743"},{"taxonomy":"product_tag","embeddable":true,"href":"https:\/\/amazingmarket.ee\/et\/wp-json\/wp\/v2\/product_tag?post=743"}],"curies":[{"name":"wp","href":"https:\/\/api.w.org\/{rel}","templated":true}]}}