{"id":7395,"date":"2024-11-10T16:58:28","date_gmt":"2024-11-10T14:58:28","guid":{"rendered":"https:\/\/amazingmarket.ee\/?post_type=product&#038;p=7395"},"modified":"2026-03-14T11:15:26","modified_gmt":"2026-03-14T09:15:26","slug":"korona-45070-raclette-8","status":"publish","type":"product","link":"https:\/\/amazingmarket.ee\/et\/toode\/korona-45070-raclette-8\/","title":{"rendered":"Korona 45070 Raclette 8"},"content":{"rendered":"<h1 class=\"a-size-base-plus a-text-bold\">Selle \u00fcksuse kohta<\/h1>\n<p><strong><span style=\"font-size: 150%;\">K\u00fclgedelt painutatud<\/span><\/strong><\/p>\n<ul class=\"a-unordered-list a-vertical a-spacing-mini\">\n<li class=\"a-spacing-mini\"><span class=\"a-list-item\">Pidev temperatuuri reguleerimine: olgu see siis kala, liha v\u00f5i k\u00f6\u00f6giviljad. T\u00e4nu pidevale temperatuuri reguleerimisele sobib kontaktgrill ideaalselt iga grillitud toidu jaoks.<\/span><\/li>\n<li class=\"a-spacing-mini\"><span class=\"a-list-item\">Lisapannialus \u2013 mugava kasutamise tagamiseks on elektrigrill varustatud riiuliga, millele saab asetada kuumad v\u00f5i kasutamata pannid.<\/span><\/li>\n<li class=\"a-spacing-mini\"><span class=\"a-list-item\">Mitmek\u00fclgsed road \u2013 iga panni saab t\u00e4ita k\u00f6\u00f6giviljade, kartulite, juustu ja muude maiustega vastavalt soovile. Grillplaadil saab valmistada steike, krevette v\u00f5i kala.<\/span><\/li>\n<li class=\"a-spacing-mini\"><span class=\"a-list-item\">Kiire puhastamine \u2013 eemaldatav plaat ja pannid on mittenakkuva kattega. See v\u00f5imaldab raclette&#039;i komplekti p\u00e4rast kasutamist \u00e4\u00e4rmiselt kiiresti ja p\u00f5hjalikult puhastada.<\/span><\/li>\n<li class=\"a-spacing-mini\"><span class=\"a-list-item\">Ohutu \u2013 1300 vati v\u00f5imsusega raclette-grill kuumeneb kiiresti ja toitu saab otse valmistada. Libisemisvastased kummist jalad ja m\u00e4rgutuled tagavad alati ohutu nautimise.<\/span><\/li>\n<\/ul>","protected":false},"excerpt":{"rendered":"<h1 class=\"a-size-medium a-spacing-small\">Tehnilised \u00fcksikasjad<\/h1>\n<table class=\"a-keyvalue prodDetTable\" role=\"presentation\">\n<tbody>\n<tr>\n<th class=\"a-color-secondary a-size-base prodDetSectionEntry\">Pinge<\/th>\n<td class=\"a-size-base prodDetAttrValue\">220 volti<\/td>\n<\/tr>\n<tr>\n<th class=\"a-color-secondary a-size-base prodDetSectionEntry\">Seadete arv<\/th>\n<td class=\"a-size-base prodDetAttrValue\">1<\/td>\n<\/tr>\n<tr>\n<th class=\"a-color-secondary a-size-base prodDetSectionEntry\">V\u00f5imsus<\/th>\n<td class=\"a-size-base prodDetAttrValue\">1300 vatti<\/td>\n<\/tr>\n<tr>\n<th class=\"a-color-secondary a-size-base prodDetSectionEntry\">Lisafunktsioonid<\/th>\n<td class=\"a-size-base prodDetAttrValue\">Temperatuuri reguleerimine, mittenakkuv kate, eemaldatav pind<\/td>\n<\/tr>\n<\/tbody>\n<\/table>","protected":false},"featured_media":7402,"comment_status":"open","ping_status":"closed","template":"","meta":{"_monsterinsights_skip_tracking":false,"_monsterinsights_sitenote_active":false,"_monsterinsights_sitenote_note":"","_monsterinsights_sitenote_category":0,"jetpack_publicize_message":"","jetpack_publicize_feature_enabled":true,"jetpack_social_post_already_shared":false,"jetpack_social_options":{"image_generator_settings":{"template":"highway","default_image_id":0,"font":"","enabled":false},"version":2}},"product_brand":[],"product_cat":[87,110],"product_tag":[],"class_list":{"0":"post-7395","1":"product","2":"type-product","3":"status-publish","4":"has-post-thumbnail","6":"product_cat-electric-grills","7":"product_cat-grills","9":"first","10":"instock","11":"sale","12":"shipping-taxable","13":"purchasable","14":"product-type-simple"},"aioseo_notices":[],"jetpack_publicize_connections":[],"jetpack_sharing_enabled":true,"_links":{"self":[{"href":"https:\/\/amazingmarket.ee\/et\/wp-json\/wp\/v2\/product\/7395","targetHints":{"allow":["GET"]}}],"collection":[{"href":"https:\/\/amazingmarket.ee\/et\/wp-json\/wp\/v2\/product"}],"about":[{"href":"https:\/\/amazingmarket.ee\/et\/wp-json\/wp\/v2\/types\/product"}],"replies":[{"embeddable":true,"href":"https:\/\/amazingmarket.ee\/et\/wp-json\/wp\/v2\/comments?post=7395"}],"wp:featuredmedia":[{"embeddable":true,"href":"https:\/\/amazingmarket.ee\/et\/wp-json\/wp\/v2\/media\/7402"}],"wp:attachment":[{"href":"https:\/\/amazingmarket.ee\/et\/wp-json\/wp\/v2\/media?parent=7395"}],"wp:term":[{"taxonomy":"product_brand","embeddable":true,"href":"https:\/\/amazingmarket.ee\/et\/wp-json\/wp\/v2\/product_brand?post=7395"},{"taxonomy":"product_cat","embeddable":true,"href":"https:\/\/amazingmarket.ee\/et\/wp-json\/wp\/v2\/product_cat?post=7395"},{"taxonomy":"product_tag","embeddable":true,"href":"https:\/\/amazingmarket.ee\/et\/wp-json\/wp\/v2\/product_tag?post=7395"}],"curies":[{"name":"wp","href":"https:\/\/api.w.org\/{rel}","templated":true}]}}