{"id":7386,"date":"2024-11-10T16:51:43","date_gmt":"2024-11-10T14:51:43","guid":{"rendered":"https:\/\/amazingmarket.ee\/?post_type=product&#038;p=7386"},"modified":"2026-03-14T11:15:26","modified_gmt":"2026-03-14T09:15:26","slug":"severin-pg-8566-electric-table-grill-3","status":"publish","type":"product","link":"https:\/\/amazingmarket.ee\/et\/toode\/severin-pg-8566-electric-table-grill-3\/","title":{"rendered":"Severin PG 8566 Elektriline lauagrill"},"content":{"rendered":"<h1 class=\"a-size-base-plus a-text-bold\">Selle \u00fcksuse kohta<\/h1>\n<p><strong><span style=\"font-size: 150%;\">There is damage<\/span><\/strong><\/p>\n<ul class=\"a-unordered-list a-vertical a-spacing-mini\">\n<li class=\"a-spacing-mini\"><span class=\"a-list-item\">Great eBBQ \u2013 electric grill with quick grill start is particularly quick to use thanks to the short heating time: for everything the griller&#8217;s heart desires<\/span><\/li>\n<li class=\"a-spacing-mini\"><span class=\"a-list-item\">No burning &#8211; Thanks to the SafeTouch housing, the touchable surfaces do not become too hot even during operation, so that the balcony grill can be easily transported<\/span><\/li>\n<li class=\"a-spacing-mini\"><span class=\"a-list-item\">Easy to use &#8211; With the control dial, the temperature range on the SEVERIN stand grill can be easily adjusted. Control is done via the LED ring<\/span><\/li>\n<li class=\"a-spacing-mini\"><span class=\"a-list-item\">Easy to clean &#8211; Thanks to removable parts, it is particularly easy to clean. Water in the grill tray prevents grease burn and smoke formation<\/span><\/li>\n<li class=\"a-spacing-mini\"><span class=\"a-list-item\">Details &#8211; SEVERIN electric grill with wind protection and thermostat-controlled heating element, suitable for indoor and outdoor use, high-quality stainless steel cooking grate, 2,200 W, item no. 8566<\/span><\/li>\n<\/ul>","protected":false},"excerpt":{"rendered":"<p><span style=\"font-size: 180%;\">\u00dcksuse \u00fcksikasjad<\/span><\/p>\n<table class=\"a-keyvalue prodDetTable\" role=\"presentation\">\n<tbody>\n<tr>\n<th class=\"a-color-secondary a-size-base prodDetSectionEntry\">V\u00f5imsus<\/th>\n<td class=\"a-size-base prodDetAttrValue\">2200 watts<\/td>\n<\/tr>\n<tr>\n<th class=\"a-color-secondary a-size-base prodDetSectionEntry\">K\u00fcttev\u00f5imsus<\/th>\n<td class=\"a-size-base prodDetAttrValue\">2.2 Kilowatts<\/td>\n<\/tr>\n<tr>\n<th class=\"a-color-secondary a-size-base prodDetSectionEntry\">K\u00fctuse t\u00fc\u00fcp<\/th>\n<td class=\"a-size-base prodDetAttrValue\">Elektriline<\/td>\n<\/tr>\n<tr>\n<th class=\"a-color-secondary a-size-base prodDetSectionEntry\">Pinge<\/th>\n<td class=\"a-size-base prodDetAttrValue\">230 volti<\/td>\n<\/tr>\n<tr>\n<th class=\"a-color-secondary a-size-base prodDetSectionEntry\">Lisafunktsioonid<\/th>\n<td class=\"a-size-base prodDetAttrValue\">QuickStart, Safe Touch, EasyClean, Infoor &amp; Outdoor<\/td>\n<\/tr>\n<\/tbody>\n<\/table>","protected":false},"featured_media":7394,"comment_status":"open","ping_status":"closed","template":"","meta":{"_monsterinsights_skip_tracking":false,"_monsterinsights_sitenote_active":false,"_monsterinsights_sitenote_note":"","_monsterinsights_sitenote_category":0,"jetpack_publicize_message":"","jetpack_publicize_feature_enabled":true,"jetpack_social_post_already_shared":false,"jetpack_social_options":{"image_generator_settings":{"template":"highway","default_image_id":0,"font":"","enabled":false},"version":2}},"product_brand":[],"product_cat":[79],"product_tag":[],"class_list":{"0":"post-7386","1":"product","2":"type-product","3":"status-publish","4":"has-post-thumbnail","6":"product_cat-electric-grill-cookers","8":"first","9":"instock","10":"sale","11":"shipping-taxable","12":"purchasable","13":"product-type-simple"},"aioseo_notices":[],"jetpack_publicize_connections":[],"jetpack_sharing_enabled":true,"_links":{"self":[{"href":"https:\/\/amazingmarket.ee\/et\/wp-json\/wp\/v2\/product\/7386","targetHints":{"allow":["GET"]}}],"collection":[{"href":"https:\/\/amazingmarket.ee\/et\/wp-json\/wp\/v2\/product"}],"about":[{"href":"https:\/\/amazingmarket.ee\/et\/wp-json\/wp\/v2\/types\/product"}],"replies":[{"embeddable":true,"href":"https:\/\/amazingmarket.ee\/et\/wp-json\/wp\/v2\/comments?post=7386"}],"wp:featuredmedia":[{"embeddable":true,"href":"https:\/\/amazingmarket.ee\/et\/wp-json\/wp\/v2\/media\/7394"}],"wp:attachment":[{"href":"https:\/\/amazingmarket.ee\/et\/wp-json\/wp\/v2\/media?parent=7386"}],"wp:term":[{"taxonomy":"product_brand","embeddable":true,"href":"https:\/\/amazingmarket.ee\/et\/wp-json\/wp\/v2\/product_brand?post=7386"},{"taxonomy":"product_cat","embeddable":true,"href":"https:\/\/amazingmarket.ee\/et\/wp-json\/wp\/v2\/product_cat?post=7386"},{"taxonomy":"product_tag","embeddable":true,"href":"https:\/\/amazingmarket.ee\/et\/wp-json\/wp\/v2\/product_tag?post=7386"}],"curies":[{"name":"wp","href":"https:\/\/api.w.org\/{rel}","templated":true}]}}