{"id":7368,"date":"2024-11-09T19:59:54","date_gmt":"2024-11-09T17:59:54","guid":{"rendered":"https:\/\/amazingmarket.ee\/?post_type=product&#038;p=7368"},"modified":"2026-03-14T11:15:26","modified_gmt":"2026-03-14T09:15:26","slug":"shark-ai-360-robot-vacuum-cleaner-rv2500seu","status":"publish","type":"product","link":"https:\/\/amazingmarket.ee\/et\/toode\/shark-ai-360-robot-vacuum-cleaner-rv2500seu\/","title":{"rendered":"Shark AI 360 Robot Vacuum Cleaner [RV2500SEU]"},"content":{"rendered":"<h1 class=\"a-size-base-plus a-text-bold\">Selle \u00fcksuse kohta<\/h1>\n<p><span style=\"font-size: 180%;\">HEA SEISUKORD<\/span><\/p>\n<ul class=\"a-unordered-list a-vertical a-spacing-mini\">\n<li class=\"a-spacing-mini\"><span class=\"a-list-item\">Kotita iset\u00fchjenev alus: robottolmuimeja navigeerib alusele ja t\u00fchjendab ennast. Alus hoiab n\u00e4dalaid kogutud mustust ja prahti. Allergiavastane t\u00e4ielik tihend p\u00fc\u00fcab alusele kinni 99,9% tolmu ja allergeenid<\/span><\/li>\n<li class=\"a-spacing-mini\"><span class=\"a-list-item\">T\u00e4pne kodu kaardistamine: AI 360 lasernavigatsioon kasutab 360\u00b0 laserit, et luua teie kodust t\u00e4pne kaart, tuvastada ja v\u00e4ltida objekte \u2013 isegi pimedas. Puhastab t\u00e4pselt raja haaval<\/span><\/li>\n<li class=\"a-spacing-mini\"><span class=\"a-list-item\">K\u00f5igile p\u00f5randatele: robottolmuimeja on m\u00f5eldud vaipade ja k\u00f5vade p\u00f5randate puhastamiseks ning m\u00f5eldud eemaldama k\u00f5ik mustuseosakesed ja ka lemmikloomade karvad. Juuksevastane m\u00e4his eemaldab puhastusprotsessi k\u00e4igus harjarullilt karvad<\/span><\/li>\n<li class=\"a-spacing-mini\"><span class=\"a-list-item\">Sihtpuhastus: saate SharkCleani rakenduse abil Ultra Clean re\u017eiimiga sihtida tugevalt kasutatud alasid ja \u00fcksikuid ruume. Planeerige kogu maja t\u00e4ielik puhastamine. Juhtige puhastamist h\u00e4\u00e4lk\u00e4sklusega Amazon Alexa v\u00f5i Google Assistantiga<\/span><\/li>\n<li class=\"a-spacing-mini\"><span class=\"a-list-item\">Sisaldab: Shark robottolmuimeja, iset\u00fchjenev laadimisjaam (EU pistik), 2 k\u00fclgharja, 1 alusmootori eelfilter, boti \u00e4\u00e4risliistud, doki maandumismatt, k\u00fclgharjade lisakomplekt. Kaal: 5 kg, must\/h\u00f5be<\/span><\/li>\n<\/ul>","protected":false},"excerpt":{"rendered":"<p><span style=\"font-size: 180%;\">\u00dcksuse \u00fcksikasjad<\/span><\/p>\n<table class=\"a-keyvalue prodDetTable\" role=\"presentation\">\n<tbody>\n<tr>\n<th class=\"a-color-secondary a-size-base prodDetSectionEntry\">ASIN<\/th>\n<td class=\"a-size-base prodDetAttrValue\">B09V1JDWL4<\/td>\n<\/tr>\n<tr>\n<th class=\"a-color-secondary a-size-base prodDetSectionEntry\">Mudeli number<\/th>\n<td class=\"a-size-base prodDetAttrValue\">RV2500SEU<\/td>\n<\/tr>\n<tr>\n<th class=\"a-color-secondary a-size-base prodDetSectionEntry\">UPC<\/th>\n<td class=\"a-size-base prodDetAttrValue\">622356255769<\/td>\n<\/tr>\n<tr>\n<th class=\"a-color-secondary a-size-base prodDetSectionEntry\">Kaubam\u00e4rgi nimi<\/th>\n<td class=\"a-size-base prodDetAttrValue\">Hai<\/td>\n<\/tr>\n<tr>\n<th class=\"a-color-secondary a-size-base prodDetSectionEntry\">Mudeli nimi<\/th>\n<td class=\"a-size-base prodDetAttrValue\">RV750EU<\/td>\n<\/tr>\n<tr>\n<th class=\"a-color-secondary a-size-base prodDetSectionEntry\">Kaasasolevad komponendid<\/th>\n<td class=\"a-size-base prodDetAttrValue\">Aku<\/td>\n<\/tr>\n<\/tbody>\n<\/table>\n<table class=\"a-keyvalue prodDetTable\" role=\"presentation\">\n<tbody>\n<tr>\n<th class=\"a-color-secondary a-size-base prodDetSectionEntry\">Kauba kaal<\/th>\n<td class=\"a-size-base prodDetAttrValue\">6,4 kilogrammi<\/td>\n<\/tr>\n<tr>\n<th class=\"a-color-secondary a-size-base prodDetSectionEntry\">Kauba m\u00f5\u00f5tmed P x L x K<\/th>\n<td class=\"a-size-base prodDetAttrValue\">34,8L x 34,8W x 10H sentimeetrit<\/td>\n<\/tr>\n<\/tbody>\n<\/table>","protected":false},"featured_media":7373,"comment_status":"open","ping_status":"closed","template":"","meta":{"_monsterinsights_skip_tracking":false,"_monsterinsights_sitenote_active":false,"_monsterinsights_sitenote_note":"","_monsterinsights_sitenote_category":0,"jetpack_publicize_message":"","jetpack_publicize_feature_enabled":true,"jetpack_social_post_already_shared":false,"jetpack_social_options":{"image_generator_settings":{"template":"highway","default_image_id":0,"font":"","enabled":false},"version":2}},"product_brand":[],"product_cat":[80,102],"product_tag":[],"class_list":{"0":"post-7368","1":"product","2":"type-product","3":"status-publish","4":"has-post-thumbnail","6":"product_cat-robot-vacuum-cleaners","7":"product_cat-vacuum-cleaners","9":"first","10":"instock","11":"sale","12":"shipping-taxable","13":"purchasable","14":"product-type-simple"},"aioseo_notices":[],"jetpack_publicize_connections":[],"jetpack_sharing_enabled":true,"_links":{"self":[{"href":"https:\/\/amazingmarket.ee\/et\/wp-json\/wp\/v2\/product\/7368","targetHints":{"allow":["GET"]}}],"collection":[{"href":"https:\/\/amazingmarket.ee\/et\/wp-json\/wp\/v2\/product"}],"about":[{"href":"https:\/\/amazingmarket.ee\/et\/wp-json\/wp\/v2\/types\/product"}],"replies":[{"embeddable":true,"href":"https:\/\/amazingmarket.ee\/et\/wp-json\/wp\/v2\/comments?post=7368"}],"wp:featuredmedia":[{"embeddable":true,"href":"https:\/\/amazingmarket.ee\/et\/wp-json\/wp\/v2\/media\/7373"}],"wp:attachment":[{"href":"https:\/\/amazingmarket.ee\/et\/wp-json\/wp\/v2\/media?parent=7368"}],"wp:term":[{"taxonomy":"product_brand","embeddable":true,"href":"https:\/\/amazingmarket.ee\/et\/wp-json\/wp\/v2\/product_brand?post=7368"},{"taxonomy":"product_cat","embeddable":true,"href":"https:\/\/amazingmarket.ee\/et\/wp-json\/wp\/v2\/product_cat?post=7368"},{"taxonomy":"product_tag","embeddable":true,"href":"https:\/\/amazingmarket.ee\/et\/wp-json\/wp\/v2\/product_tag?post=7368"}],"curies":[{"name":"wp","href":"https:\/\/api.w.org\/{rel}","templated":true}]}}