{"id":736,"date":"2024-01-21T12:47:06","date_gmt":"2024-01-21T12:47:06","guid":{"rendered":"https:\/\/amazingmarket.ee\/?post_type=product&#038;p=736"},"modified":"2026-03-14T11:15:31","modified_gmt":"2026-03-14T09:15:31","slug":"pizza-grill-gferrari-forno-pizza-plus-blue","status":"publish","type":"product","link":"https:\/\/amazingmarket.ee\/et\/toode\/pizza-grill-gferrari-forno-pizza-plus-blue\/","title":{"rendered":"Pizza-Grill GFERRARI Forno Pizza Plus Blue"},"content":{"rendered":"<p><span style=\"color: #000000;\"><strong>KASUTATUD ASJA, JALG ON KATKI\u00a0<\/strong><\/span><\/p>\n<p>GFERRARI Forno Pizza Plus Blue on t\u00e4iustatud pitsagrill, mis on loodud selleks, et tuua teie koju autentne pitsa maitse. Oma uuenduslike omadustega, sealhulgas k\u00f5rge temperatuuriga k\u00fcttekeha ja kivist k\u00fcpsetuspinnaga, tagab see pitsagrill, et teie pitsad k\u00fcpsevad ideaalselt kr\u00f5beda kooriku ja maitsvate lisanditega. Kompaktne disain ja kasutajas\u00f5bralikud juhtnupud muudavad GFERRARI Forno Pizza Plus Blue abil omatehtud pitsade valmistamise lihtsaks, pakkudes meeldivat kulinaarset kogemust.<\/p>","protected":false},"excerpt":{"rendered":"<p>GFERRARI Forno Pizza Plus Blue \u2013 t\u00e4iustatud pitsagrill, mis loob autentse pitsarestorani kogemuse kodus. K\u00f5rge temperatuuriga kuumutamise ja kivist k\u00fcpsetuspinnaga garanteerib see ideaalselt kr\u00f5beda kooriku ja maitsvad lisandid. Kompaktne disain ja kasutajas\u00f5bralikud juhtnupud muudavad GFERRARI Forno Pizza Plus Blue ideaalseks valikuks maitsvate omatehtud pitsade valmistamiseks.<\/p>","protected":false},"featured_media":1262,"comment_status":"open","ping_status":"closed","template":"","meta":{"_monsterinsights_skip_tracking":false,"_monsterinsights_sitenote_active":false,"_monsterinsights_sitenote_note":"","_monsterinsights_sitenote_category":0,"jetpack_publicize_message":"","jetpack_publicize_feature_enabled":true,"jetpack_social_post_already_shared":false,"jetpack_social_options":{"image_generator_settings":{"template":"highway","default_image_id":0,"font":"","enabled":false},"version":2}},"product_brand":[],"product_cat":[96],"product_tag":[],"class_list":{"0":"post-736","1":"product","2":"type-product","3":"status-publish","4":"has-post-thumbnail","6":"product_cat-pizza-makers","8":"first","9":"instock","10":"sale","11":"shipping-taxable","12":"purchasable","13":"product-type-simple"},"aioseo_notices":[],"jetpack_publicize_connections":[],"jetpack_sharing_enabled":true,"_links":{"self":[{"href":"https:\/\/amazingmarket.ee\/et\/wp-json\/wp\/v2\/product\/736","targetHints":{"allow":["GET"]}}],"collection":[{"href":"https:\/\/amazingmarket.ee\/et\/wp-json\/wp\/v2\/product"}],"about":[{"href":"https:\/\/amazingmarket.ee\/et\/wp-json\/wp\/v2\/types\/product"}],"replies":[{"embeddable":true,"href":"https:\/\/amazingmarket.ee\/et\/wp-json\/wp\/v2\/comments?post=736"}],"wp:featuredmedia":[{"embeddable":true,"href":"https:\/\/amazingmarket.ee\/et\/wp-json\/wp\/v2\/media\/1262"}],"wp:attachment":[{"href":"https:\/\/amazingmarket.ee\/et\/wp-json\/wp\/v2\/media?parent=736"}],"wp:term":[{"taxonomy":"product_brand","embeddable":true,"href":"https:\/\/amazingmarket.ee\/et\/wp-json\/wp\/v2\/product_brand?post=736"},{"taxonomy":"product_cat","embeddable":true,"href":"https:\/\/amazingmarket.ee\/et\/wp-json\/wp\/v2\/product_cat?post=736"},{"taxonomy":"product_tag","embeddable":true,"href":"https:\/\/amazingmarket.ee\/et\/wp-json\/wp\/v2\/product_tag?post=736"}],"curies":[{"name":"wp","href":"https:\/\/api.w.org\/{rel}","templated":true}]}}