{"id":7227,"date":"2024-11-08T18:29:28","date_gmt":"2024-11-08T16:29:28","guid":{"rendered":"https:\/\/amazingmarket.ee\/?post_type=product&#038;p=7227"},"modified":"2026-03-14T11:15:26","modified_gmt":"2026-03-14T09:15:26","slug":"foodsaver-ffc024x-23l","status":"publish","type":"product","link":"https:\/\/amazingmarket.ee\/et\/toode\/foodsaver-ffc024x-23l\/","title":{"rendered":"FoodSaver FFC024X 2,3L"},"content":{"rendered":"<h1 class=\"a-size-base-plus a-text-bold\">Selle \u00fcksuse kohta<\/h1>\n<p><strong><span style=\"font-size: 150%;\"> Vaakumpumpa pole<\/span><\/strong><\/p>\n<ul class=\"a-unordered-list a-vertical a-spacing-mini\">\n<li class=\"a-spacing-mini\"><span class=\"a-list-item\">Vaakumeerimine ja s\u00e4ilitamine: S\u00e4ilitab v\u00e4rskuse \u00f5hukindla tihendiga, mis hoiab toidu k\u00fclmkapis, s\u00fcgavk\u00fclmas v\u00f5i kapis kauem v\u00e4rskena; \u00fchildub k\u00f5igi FoodSaveri vaakumpakkimiss\u00fcsteemidega (m\u00fc\u00fcakse eraldi).<\/span><\/li>\n<li class=\"a-spacing-mini\"><span class=\"a-list-item\">Raha kokkuhoid: S\u00e4ilitab v\u00e4rskuse, et v\u00e4hendada toiduj\u00e4\u00e4tmeid ja s\u00e4\u00e4sta raha igan\u00e4dalaselt ostuarvelt.<\/span><\/li>\n<li class=\"a-spacing-mini\"><span class=\"a-list-item\">Marineerimine: Lisa lihale, kalale ja k\u00f6\u00f6giviljadele maitsvat maitset vaid 12 minutiga, s\u00e4\u00e4stes k\u00f6\u00f6gis aega ja energiat<\/span><\/li>\n<li class=\"a-spacing-mini\"><span class=\"a-list-item\">Kauakestev \u00f5hukindel tihend: V\u00f5imas vaakumtihend hoiab toidu v\u00e4rskena, kaanes olev vaakumindikaator n\u00e4itab, millal \u00f5hukindel tihend on saavutatud.<\/span><\/li>\n<li class=\"a-spacing-mini\"><span class=\"a-list-item\">Pesasse asetatav ja virnastatav: Vaakumtihendatavad konteinerid on ruumi kokkuhoiuks ja k\u00f6\u00f6gi korrashoiuks h\u00f5lpsasti pesasse asetatavad ja virnastatavad.<\/span><\/li>\n<li class=\"a-spacing-mini\"><span class=\"a-list-item\">Vastupidav ja h\u00f5lpsasti kasutatav: Kvaliteetsed tritaanist anumad on pragunemis- ja purunemiskindlad, lisaks pleki- ja l\u00f5hnakindlad; painduvad kaaned h\u00f5lpsasti avatavate sakkidega tagavad probleemivaba kasutamise.<\/span><\/li>\n<\/ul>","protected":false},"excerpt":{"rendered":"<div class=\"a-row\">\n<div class=\"a-column a-span6\">\n<h1 class=\"a-size-medium a-spacing-small\">Tehnilised \u00fcksikasjad<\/h1>\n<\/div>\n<\/div>\n<div class=\"a-expander-content a-expander-extend-content\" data-expanded=\"true\">\n<div class=\"a-row a-expander-container a-expander-inline-container\">\n<div class=\"a-expander-content a-expander-section-content a-section-expander-inner\" data-expanded=\"true\">\n<table id=\"productDetails_techSpec_section_1\" class=\"a-keyvalue prodDetTable\" role=\"presentation\">\n<tbody>\n<tr>\n<th class=\"a-color-secondary a-size-base prodDetSectionEntry\">Toote m\u00f5\u00f5dud<\/th>\n<td class=\"a-size-base prodDetAttrValue\">30 P x 20,4 L x 9,4 K sentimeetrit<\/td>\n<\/tr>\n<tr>\n<th class=\"a-color-secondary a-size-base prodDetSectionEntry\">Toote soovitatavad kasutusalad<\/th>\n<td class=\"a-size-base prodDetAttrValue\">K\u00f6\u00f6k<\/td>\n<\/tr>\n<tr>\n<th class=\"a-color-secondary a-size-base prodDetSectionEntry\">Eriomadus<\/th>\n<td class=\"a-size-base prodDetAttrValue\">Veel huvitavaid omadusi: v\u00e4rskusekarbid on vaakumkindlad ja BPA-vabad. Neid saab pesta n\u00f5udepesumasinas ja mikrolaineahjus.<\/td>\n<\/tr>\n<tr>\n<th class=\"a-color-secondary a-size-base prodDetSectionEntry\">Konteineri kuju<\/th>\n<td class=\"a-size-base prodDetAttrValue\">Ristk\u00fclikukujuline<\/td>\n<\/tr>\n<tr>\n<th class=\"a-color-secondary a-size-base prodDetSectionEntry\">Sulgemise t\u00fc\u00fcp<\/th>\n<td class=\"a-size-base prodDetAttrValue\">Snap<\/td>\n<\/tr>\n<tr>\n<th class=\"a-color-secondary a-size-base prodDetSectionEntry\">N\u00f5udepesumasinas pestav?<\/th>\n<td class=\"a-size-base prodDetAttrValue\">jah<\/td>\n<\/tr>\n<tr>\n<th class=\"a-color-secondary a-size-base prodDetSectionEntry\">Toote pakendi kogus<\/th>\n<td class=\"a-size-base prodDetAttrValue\">1<\/td>\n<\/tr>\n<tr>\n<th class=\"a-color-secondary a-size-base prodDetSectionEntry\">Kauba kaal<\/th>\n<td class=\"a-size-base prodDetAttrValue\">500 grammi<\/td>\n<\/tr>\n<tr>\n<th class=\"a-color-secondary a-size-base prodDetSectionEntry\">Toote hooldusjuhised<\/th>\n<td class=\"a-size-base prodDetAttrValue\">Need on n\u00f5udepesumasinas ja mikrolaineahjus kasutatavad<\/td>\n<\/tr>\n<tr>\n<th class=\"a-color-secondary a-size-base prodDetSectionEntry\">Kauba maht<\/th>\n<td class=\"a-size-base prodDetAttrValue\">2,3 liitrit<\/td>\n<\/tr>\n<tr>\n<th class=\"a-color-secondary a-size-base prodDetSectionEntry\">Tootja<\/th>\n<td class=\"a-size-base prodDetAttrValue\">Newell Brands<\/td>\n<\/tr>\n<tr>\n<th class=\"a-color-secondary a-size-base prodDetSectionEntry\">Mudeli number<\/th>\n<td class=\"a-size-base prodDetAttrValue\">FFC024x<\/td>\n<\/tr>\n<tr>\n<th class=\"a-color-secondary a-size-base prodDetSectionEntry\">Eriomadused<\/th>\n<td class=\"a-size-base prodDetAttrValue\">Veel huvitavaid omadusi: v\u00e4rskusekarbid on vaakumkindlad ja BPA-vabad. Neid saab pesta n\u00f5udepesumasinas ja mikrolaineahjus.<\/td>\n<\/tr>\n<tr>\n<th class=\"a-color-secondary a-size-base prodDetSectionEntry\">Kauba kaal<\/th>\n<td class=\"a-size-base prodDetAttrValue\">500 g<\/td>\n<\/tr>\n<\/tbody>\n<\/table>\n<\/div>\n<\/div>\n<\/div>","protected":false},"featured_media":7230,"comment_status":"open","ping_status":"closed","template":"","meta":{"_monsterinsights_skip_tracking":false,"_monsterinsights_sitenote_active":false,"_monsterinsights_sitenote_note":"","_monsterinsights_sitenote_category":0,"jetpack_publicize_message":"","jetpack_publicize_feature_enabled":true,"jetpack_social_post_already_shared":false,"jetpack_social_options":{"image_generator_settings":{"template":"highway","default_image_id":0,"font":"","enabled":false},"version":2}},"product_brand":[],"product_cat":[134],"product_tag":[],"class_list":{"0":"post-7227","1":"product","2":"type-product","3":"status-publish","4":"has-post-thumbnail","6":"product_cat-lunch-boxes","8":"first","9":"instock","10":"sale","11":"shipping-taxable","12":"purchasable","13":"product-type-simple"},"aioseo_notices":[],"jetpack_publicize_connections":[],"jetpack_sharing_enabled":true,"_links":{"self":[{"href":"https:\/\/amazingmarket.ee\/et\/wp-json\/wp\/v2\/product\/7227","targetHints":{"allow":["GET"]}}],"collection":[{"href":"https:\/\/amazingmarket.ee\/et\/wp-json\/wp\/v2\/product"}],"about":[{"href":"https:\/\/amazingmarket.ee\/et\/wp-json\/wp\/v2\/types\/product"}],"replies":[{"embeddable":true,"href":"https:\/\/amazingmarket.ee\/et\/wp-json\/wp\/v2\/comments?post=7227"}],"wp:featuredmedia":[{"embeddable":true,"href":"https:\/\/amazingmarket.ee\/et\/wp-json\/wp\/v2\/media\/7230"}],"wp:attachment":[{"href":"https:\/\/amazingmarket.ee\/et\/wp-json\/wp\/v2\/media?parent=7227"}],"wp:term":[{"taxonomy":"product_brand","embeddable":true,"href":"https:\/\/amazingmarket.ee\/et\/wp-json\/wp\/v2\/product_brand?post=7227"},{"taxonomy":"product_cat","embeddable":true,"href":"https:\/\/amazingmarket.ee\/et\/wp-json\/wp\/v2\/product_cat?post=7227"},{"taxonomy":"product_tag","embeddable":true,"href":"https:\/\/amazingmarket.ee\/et\/wp-json\/wp\/v2\/product_tag?post=7227"}],"curies":[{"name":"wp","href":"https:\/\/api.w.org\/{rel}","templated":true}]}}