{"id":7176,"date":"2024-11-08T11:32:54","date_gmt":"2024-11-08T09:32:54","guid":{"rendered":"https:\/\/amazingmarket.ee\/?post_type=product&#038;p=7176"},"modified":"2026-03-14T11:15:26","modified_gmt":"2026-03-14T09:15:26","slug":"irobot-roomba-i8-combo","status":"publish","type":"product","link":"https:\/\/amazingmarket.ee\/et\/toode\/irobot-roomba-i8-combo\/","title":{"rendered":"iRobot Roomba i8 Combo"},"content":{"rendered":"<h1>KASUTATUD ASJA<\/h1>\n<h1 class=\"a-size-base-plus a-text-bold\">Selle \u00fcksuse kohta<\/h1>\n<ul class=\"a-unordered-list a-vertical a-spacing-mini\">\n<li class=\"a-spacing-mini\"><span class=\"a-list-item\">\u00dcksk\u00f5ik milline katastroof. Roomba Combo i8 robottolmuimeja ja repelleriga mitmekordistate puhastusre\u017eiime \u00fche roboti abil. Alates k\u00fcpsisepurust ja l\u00f5petades mudakingadega \u2013 see robot saab k\u00f5igega hakkama! Seadke see tolmuimejasse v\u00f5i tolmuimejasse ja puhastage p\u00f5randad. Lihtsalt asetage Roomba Combo paak.<\/span><\/li>\n<li class=\"a-spacing-mini\"><span class=\"a-list-item\">2 in 1: imege tolmuimejaga ja jahutage p\u00f5randat samal ajal. Asetage Combo paak ja robottolmuimejast saab 2-in-1 tolmuimeja, tolmuimeja ja k\u00fcttekeha, et nautida kogu maja topeltpuhastust t\u00e4nu Imprint Smart Mapping tehnoloogiale.<\/span><\/li>\n<li class=\"a-spacing-mini\"><span class=\"a-list-item\">Neljafaasiline puhastus veatu viimistluse tagamiseks Meie v\u00f5imas puhastuss\u00fcsteem eemaldab t\u00e4ielikult tolmu ja mustuse. Puhastab suurep\u00e4raselt nurgad ja eemaldab mustuse igat t\u00fc\u00fcpi p\u00f5randatelt t\u00e4nu kahele sasipuntravabale harjale ja 10 korda suuremale imemisv\u00f5imsusele*. Lisaks h\u00f5\u00f5ruge Combo paagiga p\u00f5hjalikult, et saada veatu viimistlus. *V\u00f5rreldes AeroVac Roomba 600 seeriaga.<\/span><\/li>\n<li class=\"a-spacing-mini\"><span class=\"a-list-item\">KOHANDAGE OMA PUHASTUSALAD Kuna iga kodu vajab olenevalt majaosast erinevat puhastust, saate Roomba Combo i8 abil m\u00e4rkida oma kiipkaardile iRobot Home rakenduses \u201epuhastustsoonid\u201c piirkondade jaoks, kuhu tavaliselt koguneb mustus; &quot;keelualad&quot; vaaside v\u00f5i lemmikloomakausside kaitsmiseks. &quot;\u00c4ra pese&quot;, et \u00f6elda oma robotile, kus seda ei tohi niisutada, n\u00e4iteks vaipadega kohtades.<\/span><\/li>\n<li class=\"a-spacing-mini\"><span class=\"a-list-item\">Puhastage, kus soovite, millal soovite. iRobot OS annab teie Roomba Combo i8-le teada, kus iga tuba asub, aga ka seda, kus t\u00e4pselt asub elutoa tool v\u00f5i k\u00f6\u00f6gi t\u00f6\u00f6tasapind. Saate selle saata tuppa v\u00f5i lihtsalt sinna, kus seda vajate, iRobot Home rakenduse v\u00f5i oma Alexa v\u00f5i Google Home&#039;i v\u00f5i Siri h\u00e4\u00e4lassistendi kaudu. \u00d6elge lihtsalt &quot;Roomba, puhasta tooli ees&quot;.<\/span><\/li>\n<\/ul>","protected":false},"excerpt":{"rendered":"<div class=\"a-row\">\n<div class=\"a-column a-span6\">\n<h1 class=\"a-size-medium a-spacing-small\">Tehnilised \u00fcksikasjad<\/h1>\n<\/div>\n<\/div>\n<div class=\"a-expander-content a-expander-extend-content\" data-expanded=\"true\">\n<div class=\"a-row a-expander-container a-expander-inline-container\">\n<div class=\"a-expander-content a-expander-section-content a-section-expander-inner\" data-expanded=\"true\">\n<table id=\"productDetails_techSpec_section_1\" class=\"a-keyvalue prodDetTable\" role=\"presentation\">\n<tbody>\n<tr>\n<th class=\"a-color-secondary a-size-base prodDetSectionEntry\">Kaubam\u00e4rk<\/th>\n<td class=\"a-size-base prodDetAttrValue\">iRobot<\/td>\n<\/tr>\n<tr>\n<th class=\"a-color-secondary a-size-base prodDetSectionEntry\">Mudeli number<\/th>\n<td class=\"a-size-base prodDetAttrValue\">i8176<\/td>\n<\/tr>\n<tr>\n<th class=\"a-color-secondary a-size-base prodDetSectionEntry\">V\u00e4rv<\/th>\n<td class=\"a-size-base prodDetAttrValue\">Must<\/td>\n<\/tr>\n<tr>\n<th class=\"a-color-secondary a-size-base prodDetSectionEntry\">Pakendi m\u00f5\u00f5tmed<\/th>\n<td class=\"a-size-base prodDetAttrValue\">55,5 x 44,1 x 16,3 cm; 3,38 kg<\/td>\n<\/tr>\n<tr>\n<th class=\"a-color-secondary a-size-base prodDetSectionEntry\">Mahutavus<\/th>\n<td class=\"a-size-base prodDetAttrValue\">389 milliliitrit<\/td>\n<\/tr>\n<tr>\n<th class=\"a-color-secondary a-size-base prodDetSectionEntry\">Pinge<\/th>\n<td class=\"a-size-base prodDetAttrValue\">14,4 volti<\/td>\n<\/tr>\n<tr>\n<th class=\"a-color-secondary a-size-base prodDetSectionEntry\">\u00dchilduvad mudelid<\/th>\n<td class=\"a-size-base prodDetAttrValue\">Amazon Echo, tahvelarvuti, Siri, Google Home, nutitelefon<\/td>\n<\/tr>\n<tr>\n<th class=\"a-color-secondary a-size-base prodDetSectionEntry\">Eriomadused<\/th>\n<td class=\"a-size-base prodDetAttrValue\">Nutikas kaardistamine, m\u00e4rg\/kuiv, programmeerimine, keelutsoon, keelatud ala, osade valikuline puhastamine<\/td>\n<\/tr>\n<tr>\n<th class=\"a-color-secondary a-size-base prodDetSectionEntry\">Kauba kaal<\/th>\n<td class=\"a-size-base prodDetAttrValue\">3,38 kilogrammi<\/td>\n<\/tr>\n<tr>\n<th class=\"a-color-secondary a-size-base prodDetSectionEntry\">Varuosade saadavuse kestus<\/th>\n<td class=\"a-size-base prodDetAttrValue\">Teave varuosade kohta pole saadaval ega pakutud<\/td>\n<\/tr>\n<\/tbody>\n<\/table>\n<\/div>\n<\/div>\n<\/div>","protected":false},"featured_media":10507,"comment_status":"open","ping_status":"closed","template":"","meta":{"_monsterinsights_skip_tracking":false,"_monsterinsights_sitenote_active":false,"_monsterinsights_sitenote_note":"","_monsterinsights_sitenote_category":0,"jetpack_publicize_message":"","jetpack_publicize_feature_enabled":true,"jetpack_social_post_already_shared":false,"jetpack_social_options":{"image_generator_settings":{"template":"highway","default_image_id":0,"font":"","enabled":false},"version":2}},"product_brand":[],"product_cat":[80,102],"product_tag":[],"class_list":{"0":"post-7176","1":"product","2":"type-product","3":"status-publish","4":"has-post-thumbnail","6":"product_cat-robot-vacuum-cleaners","7":"product_cat-vacuum-cleaners","9":"first","10":"instock","11":"sale","12":"shipping-taxable","13":"purchasable","14":"product-type-simple"},"aioseo_notices":[],"jetpack_publicize_connections":[],"jetpack_sharing_enabled":true,"_links":{"self":[{"href":"https:\/\/amazingmarket.ee\/et\/wp-json\/wp\/v2\/product\/7176","targetHints":{"allow":["GET"]}}],"collection":[{"href":"https:\/\/amazingmarket.ee\/et\/wp-json\/wp\/v2\/product"}],"about":[{"href":"https:\/\/amazingmarket.ee\/et\/wp-json\/wp\/v2\/types\/product"}],"replies":[{"embeddable":true,"href":"https:\/\/amazingmarket.ee\/et\/wp-json\/wp\/v2\/comments?post=7176"}],"wp:featuredmedia":[{"embeddable":true,"href":"https:\/\/amazingmarket.ee\/et\/wp-json\/wp\/v2\/media\/10507"}],"wp:attachment":[{"href":"https:\/\/amazingmarket.ee\/et\/wp-json\/wp\/v2\/media?parent=7176"}],"wp:term":[{"taxonomy":"product_brand","embeddable":true,"href":"https:\/\/amazingmarket.ee\/et\/wp-json\/wp\/v2\/product_brand?post=7176"},{"taxonomy":"product_cat","embeddable":true,"href":"https:\/\/amazingmarket.ee\/et\/wp-json\/wp\/v2\/product_cat?post=7176"},{"taxonomy":"product_tag","embeddable":true,"href":"https:\/\/amazingmarket.ee\/et\/wp-json\/wp\/v2\/product_tag?post=7176"}],"curies":[{"name":"wp","href":"https:\/\/api.w.org\/{rel}","templated":true}]}}