{"id":7143,"date":"2024-11-08T10:18:22","date_gmt":"2024-11-08T08:18:22","guid":{"rendered":"https:\/\/amazingmarket.ee\/?post_type=product&#038;p=7143"},"modified":"2026-03-14T11:15:26","modified_gmt":"2026-03-14T09:15:26","slug":"roborock-s7-maxv-plus-3","status":"publish","type":"product","link":"https:\/\/amazingmarket.ee\/et\/toode\/roborock-s7-maxv-plus-3\/","title":{"rendered":"Roborock S7 MaxV Plus"},"content":{"rendered":"<h1>KASUTATUD ASEE, HEAS SEISUKORD, AGA ON V\u00c4IKESED KRIIMUD<\/h1>\n<h1 class=\"a-size-base-plus a-text-bold\">Selle \u00fcksuse kohta<\/h1>\n<ul class=\"a-unordered-list a-vertical a-spacing-mini\">\n<li class=\"a-spacing-mini\"><span class=\"a-list-item\">Rohkem puhastamist V\u00e4hem t\u00fchjendamist: automaatne tolmukogumine kestab ilma t\u00fchjendamiseta kuni 120 p\u00e4eva. Mitmeastmeline filtreerimiss\u00fcsteem hoiab teie kodu \u00f5hu v\u00e4rske ja puhtana.<\/span><\/li>\n<li class=\"a-spacing-mini\"><span class=\"a-list-item\">Hoiab ReactiveAI 2.0 takistustest eemal: kaamera abil objektide tuvastamiseks ja struktureeritud valguse tuvastamiseks tuvastatakse ohud t\u00e4pselt ja v\u00e4lditakse. Varustatud LED-valgustusega, hoiab end probleemidest eemal nii p\u00e4eval kui \u00f6\u00f6sel.<\/span><\/li>\n<li class=\"a-spacing-mini\"><span class=\"a-list-item\">Puhastage k\u00f5vasti ja kaugelt: valige v\u00f5imas 5100 Pa maksimaalne imemine v\u00f5i saate kuni 180 minutit t\u00f6\u00f6aega.<\/span><\/li>\n<li class=\"a-spacing-mini\"><span class=\"a-list-item\">Moppige p\u00f5randad ja tolmuimejavaibad \u00fche korraga: puhastage helivibratsioonitehnoloogia abil t\u00f5husamalt. Kui vaip tuvastatakse, t\u00f5useb mopp automaatselt \u00fcles, et p\u00fchkida p\u00f5randad ja imeda vaibad \u00fche k\u00e4iguga.<\/span><\/li>\n<li class=\"a-spacing-mini\"><span class=\"a-list-item\">Vaadake oma pere ja lemmikloomad kaugelt videok\u00f5nede abil: reaalajas videok\u00f5ned k\u00f5ikjale teie kodus oma roboti kaudu, kogu voog on kaitstud k\u00f5rgetasemelise turvalisusega.<\/span><\/li>\n<li class=\"a-spacing-mini\"><span class=\"a-list-item\">Puhastage oma tee: m\u00f5istke oma kodu paremini 3D-kaardistamise abil ja kohandage koristust\u00f6\u00f6d mitmetasandilise kaardistamise, ruumispetsiifiliste seadete, keelatud tsoonide, no-mopitsoonide ja muuga.<\/span><\/li>\n<li class=\"a-spacing-mini\"><span class=\"a-list-item\">\u00d5pib teie kodu selgeks: \u00fclit\u00e4pne LiDAR-navigeerimine \u00f5pib tundma teie kodu ja j\u00e4lgib roboti asukohta reaalajas.<\/span><\/li>\n<\/ul>","protected":false},"excerpt":{"rendered":"<div class=\"a-column a-span6\">\n<div class=\"a-row a-spacing-medium-plus\">\n<div id=\"productDetails_expanderTables_depthLeftSections\" class=\"a-section\">\n<div class=\"a-row a-expander-container a-expander-section-container a-section-expander-container\" data-csa-c-content-id=\"voyager-expander-btn-t2\" data-csa-c-slot-id=\"voyager-expander-btn-t2\" data-csa-c-type=\"button\" data-csa-c-id=\"ha3ufv-11y0mw-6tqcon-m4vuc6\">\n<div class=\"a-expander-content a-expander-extend-content a-expander-content-expanded\" data-expanded=\"true\">\n<div class=\"a-section\">\n<table class=\"a-keyvalue prodDetTable\" role=\"presentation\">\n<tbody>\n<tr>\n<th class=\"a-color-secondary a-size-base prodDetSectionEntry\">Toiteallikas<\/th>\n<td class=\"a-size-base prodDetAttrValue\">Akutoitel<\/td>\n<\/tr>\n<tr>\n<th class=\"a-color-secondary a-size-base prodDetSectionEntry\">Patareid on kaasas<\/th>\n<td class=\"a-size-base prodDetAttrValue\">Jah<\/td>\n<\/tr>\n<tr>\n<th class=\"a-color-secondary a-size-base prodDetSectionEntry\">Pinge<\/th>\n<td class=\"a-size-base prodDetAttrValue\">120 volti (AC)<\/td>\n<\/tr>\n<tr>\n<th class=\"a-color-secondary a-size-base prodDetSectionEntry\">\u00dchilduvad seadmed<\/th>\n<td class=\"a-size-base prodDetAttrValue\">Nutitelefonid, Amazon Echo, Google Home<\/td>\n<\/tr>\n<tr>\n<th class=\"a-color-secondary a-size-base prodDetSectionEntry\">Vormitegur<\/th>\n<td class=\"a-size-base prodDetAttrValue\">Robot<\/td>\n<\/tr>\n<tr>\n<th class=\"a-color-secondary a-size-base prodDetSectionEntry\">Kontrollimeetod<\/th>\n<td class=\"a-size-base prodDetAttrValue\">Rakendus<\/td>\n<\/tr>\n<tr>\n<th class=\"a-color-secondary a-size-base prodDetSectionEntry\">Filtri t\u00fc\u00fcp<\/th>\n<td class=\"a-size-base prodDetAttrValue\">pestav<\/td>\n<\/tr>\n<tr>\n<th class=\"a-color-secondary a-size-base prodDetSectionEntry\">Aku t\u00f6\u00f6iga<\/th>\n<td class=\"a-size-base prodDetAttrValue\">180 minutit<\/td>\n<\/tr>\n<tr>\n<th class=\"a-color-secondary a-size-base prodDetSectionEntry\">Aku t\u00fc\u00fcp<\/th>\n<td class=\"a-size-base prodDetAttrValue\">Liitiumioon<\/td>\n<\/tr>\n<tr>\n<th class=\"a-color-secondary a-size-base prodDetSectionEntry\">Pinna soovitus<\/th>\n<td class=\"a-size-base prodDetAttrValue\">Vaip, puit, k\u00f5va p\u00f5rand<\/td>\n<\/tr>\n<tr>\n<th class=\"a-color-secondary a-size-base prodDetSectionEntry\">Eriomadused<\/th>\n<td class=\"a-size-base prodDetAttrValue\">Robottolmuimeja ja helimop, iset\u00fchjenemine, ReactiveAI 2.0 takistuste v\u00e4ltimine, reaalajas videok\u00f5ne<\/td>\n<\/tr>\n<tr>\n<th class=\"a-color-secondary a-size-base prodDetSectionEntry\">Kontrolleri t\u00fc\u00fcp<\/th>\n<td class=\"a-size-base prodDetAttrValue\">Rakenduse juhtimine, h\u00e4\u00e4ljuhtimine<\/td>\n<\/tr>\n<\/tbody>\n<\/table>\n<\/div>\n<\/div>\n<\/div>\n<\/div>\n<\/div>\n<div class=\"a-row a-spacing-base\">\n<table class=\"a-keyvalue prodDetTable\" role=\"presentation\">\n<tbody>\n<tr>\n<th class=\"a-color-secondary a-size-base prodDetSectionEntry\">Kauba kaal<\/th>\n<td class=\"a-size-base prodDetAttrValue\">24 naela<\/td>\n<\/tr>\n<tr>\n<th class=\"a-color-secondary a-size-base prodDetSectionEntry\">Kauba m\u00f5\u00f5tmed P x L x K<\/th>\n<td class=\"a-size-base prodDetAttrValue\">14\u2033P x 18\u2033L x 15\u2033K<\/td>\n<\/tr>\n<\/tbody>\n<\/table>\n<\/div>\n<\/div>","protected":false},"featured_media":7149,"comment_status":"open","ping_status":"closed","template":"","meta":{"_monsterinsights_skip_tracking":false,"_monsterinsights_sitenote_active":false,"_monsterinsights_sitenote_note":"","_monsterinsights_sitenote_category":0,"jetpack_publicize_message":"","jetpack_publicize_feature_enabled":true,"jetpack_social_post_already_shared":false,"jetpack_social_options":{"image_generator_settings":{"template":"highway","default_image_id":0,"font":"","enabled":false},"version":2}},"product_brand":[],"product_cat":[80,102],"product_tag":[],"class_list":{"0":"post-7143","1":"product","2":"type-product","3":"status-publish","4":"has-post-thumbnail","6":"product_cat-robot-vacuum-cleaners","7":"product_cat-vacuum-cleaners","9":"first","10":"instock","11":"sale","12":"shipping-taxable","13":"purchasable","14":"product-type-simple"},"aioseo_notices":[],"jetpack_publicize_connections":[],"jetpack_sharing_enabled":true,"_links":{"self":[{"href":"https:\/\/amazingmarket.ee\/et\/wp-json\/wp\/v2\/product\/7143","targetHints":{"allow":["GET"]}}],"collection":[{"href":"https:\/\/amazingmarket.ee\/et\/wp-json\/wp\/v2\/product"}],"about":[{"href":"https:\/\/amazingmarket.ee\/et\/wp-json\/wp\/v2\/types\/product"}],"replies":[{"embeddable":true,"href":"https:\/\/amazingmarket.ee\/et\/wp-json\/wp\/v2\/comments?post=7143"}],"wp:featuredmedia":[{"embeddable":true,"href":"https:\/\/amazingmarket.ee\/et\/wp-json\/wp\/v2\/media\/7149"}],"wp:attachment":[{"href":"https:\/\/amazingmarket.ee\/et\/wp-json\/wp\/v2\/media?parent=7143"}],"wp:term":[{"taxonomy":"product_brand","embeddable":true,"href":"https:\/\/amazingmarket.ee\/et\/wp-json\/wp\/v2\/product_brand?post=7143"},{"taxonomy":"product_cat","embeddable":true,"href":"https:\/\/amazingmarket.ee\/et\/wp-json\/wp\/v2\/product_cat?post=7143"},{"taxonomy":"product_tag","embeddable":true,"href":"https:\/\/amazingmarket.ee\/et\/wp-json\/wp\/v2\/product_tag?post=7143"}],"curies":[{"name":"wp","href":"https:\/\/api.w.org\/{rel}","templated":true}]}}