{"id":702,"date":"2024-01-21T12:13:33","date_gmt":"2024-01-21T12:13:33","guid":{"rendered":"https:\/\/amazingmarket.ee\/?post_type=product&#038;p=702"},"modified":"2026-03-14T11:15:31","modified_gmt":"2026-03-14T09:15:31","slug":"russell-hobbs-27080-56-classic-rice-and-steamer-2","status":"publish","type":"product","link":"https:\/\/amazingmarket.ee\/et\/toode\/russell-hobbs-27080-56-classic-rice-and-steamer-2\/","title":{"rendered":"Russell Hobbs 27080-56 klassikaline riis ja auruti"},"content":{"rendered":"<p><span style=\"color: #000000;\"><strong>UUS<\/strong><\/span><\/p>\n<p>Russell Hobbs 27080-56 Classic Rice and Steamer on ideaalne seade maitsva riisi valmistamiseks ja erinevate koostisosade aurutamiseks. 1,8-liitrise mahuga ja integreeritud aurutiga tagab see erinevat t\u00fc\u00fcpi riisi ja aurutatud roogade kiire ja t\u00f5husa valmistamise. Soojas hoidmise funktsiooniga varustatud riisikeetja hoiab valmistatud road ideaalses seisukorras kuni serveerimiseni. Intuitiivsed seaded ja stiilne disain muudavad Russell Hobbsi klassikalise riisi ja auruti suurep\u00e4rase lisandi teie k\u00f6\u00f6ki.<\/p>","protected":false},"excerpt":{"rendered":"<p>Russell Hobbs Classic Rice and Steamer \u2013 riisikeetja ja auruti \u00fches! 1,8-liitrise mahu ja mugava aurutiga valmistab see maitsvaid riisi ja aurutatud roogasid. Sooja hoidmise funktsioon tagab roogade ideaalses seisukorras s\u00e4ilimise. Kasutuslihtsus ja stiilne disain teevad sellest Russell Hobbsi riisikeetist suurep\u00e4rase valiku teie k\u00f6\u00f6ki.<\/p>","protected":false},"featured_media":1268,"comment_status":"open","ping_status":"closed","template":"","meta":{"_monsterinsights_skip_tracking":false,"_monsterinsights_sitenote_active":false,"_monsterinsights_sitenote_note":"","_monsterinsights_sitenote_category":0,"jetpack_publicize_message":"","jetpack_publicize_feature_enabled":true,"jetpack_social_post_already_shared":false,"jetpack_social_options":{"image_generator_settings":{"template":"highway","default_image_id":0,"font":"","enabled":false},"version":2}},"product_brand":[],"product_cat":[93],"product_tag":[],"class_list":{"0":"post-702","1":"product","2":"type-product","3":"status-publish","4":"has-post-thumbnail","6":"product_cat-multicookers-and-pressure-cookers","8":"first","9":"instock","10":"sale","11":"shipping-taxable","12":"purchasable","13":"product-type-simple"},"aioseo_notices":[],"jetpack_publicize_connections":[],"jetpack_sharing_enabled":true,"_links":{"self":[{"href":"https:\/\/amazingmarket.ee\/et\/wp-json\/wp\/v2\/product\/702","targetHints":{"allow":["GET"]}}],"collection":[{"href":"https:\/\/amazingmarket.ee\/et\/wp-json\/wp\/v2\/product"}],"about":[{"href":"https:\/\/amazingmarket.ee\/et\/wp-json\/wp\/v2\/types\/product"}],"replies":[{"embeddable":true,"href":"https:\/\/amazingmarket.ee\/et\/wp-json\/wp\/v2\/comments?post=702"}],"wp:featuredmedia":[{"embeddable":true,"href":"https:\/\/amazingmarket.ee\/et\/wp-json\/wp\/v2\/media\/1268"}],"wp:attachment":[{"href":"https:\/\/amazingmarket.ee\/et\/wp-json\/wp\/v2\/media?parent=702"}],"wp:term":[{"taxonomy":"product_brand","embeddable":true,"href":"https:\/\/amazingmarket.ee\/et\/wp-json\/wp\/v2\/product_brand?post=702"},{"taxonomy":"product_cat","embeddable":true,"href":"https:\/\/amazingmarket.ee\/et\/wp-json\/wp\/v2\/product_cat?post=702"},{"taxonomy":"product_tag","embeddable":true,"href":"https:\/\/amazingmarket.ee\/et\/wp-json\/wp\/v2\/product_tag?post=702"}],"curies":[{"name":"wp","href":"https:\/\/api.w.org\/{rel}","templated":true}]}}