{"id":7004,"date":"2024-11-07T12:47:16","date_gmt":"2024-11-07T10:47:16","guid":{"rendered":"https:\/\/amazingmarket.ee\/?post_type=product&#038;p=7004"},"modified":"2026-03-14T11:15:26","modified_gmt":"2026-03-14T09:15:26","slug":"cecotec-air-fryer-55-l-cecofry-full-inox-5500-pro-2","status":"publish","type":"product","link":"https:\/\/amazingmarket.ee\/et\/toode\/cecotec-air-fryer-55-l-cecofry-full-inox-5500-pro-2\/","title":{"rendered":"Cecotec Air Fryer 5,5 L Cecofry Full Inox 5500 Pro"},"content":{"rendered":"<h1>KASUTATUD ASEE, GRILL SEES NATUKE HALVA SEISUKORD<\/h1>\n<h1 class=\"a-size-base-plus a-text-bold\">Selle \u00fcksuse kohta<\/h1>\n<ul class=\"a-unordered-list a-vertical a-spacing-mini\">\n<li class=\"a-spacing-mini\"><span class=\"a-list-item\">\u00d5hkfrit\u00fc\u00fcr, mis v\u00f5imaldab valmistada tervislikumaid roogasid vaid \u00fche supilusikat\u00e4ie \u00f5liga. 5,5-liitrine keeduala sisemine pott suurte toidukoguste valmistamiseks<\/span><\/li>\n<li class=\"a-spacing-mini\"><span class=\"a-list-item\">1700 W maksimaalne v\u00f5imsus kiireks toiduvalmistamiseks. Unikaalsed tulemused t\u00e4nu PerfectCooki tehnoloogiale, mis seisneb seadme sees ringlevas kuumas \u00f5hus, mis vabaneb l\u00e4bi tagaavade<\/span><\/li>\n<li class=\"a-spacing-mini\"><span class=\"a-list-item\">REGULEERITAV TEMPERATUURI: Omab termostaati, mis reguleerib 80 \u00baC kuni 200 \u00baC olenevalt sellest, mida valmistate. Tumeda roostevabast terasest viimistlusega disainitud \u00f5hufritid. Vastupidavus ja vastupidavus.<\/span><\/li>\n<li class=\"a-spacing-mini\"><span class=\"a-list-item\">MODERNNE JA KOMPAKTNE DISAIN, multifunktsionaalse puutetundliku juhtpaneeliga, seadme h\u00f5lpsaks kasutamiseks. 8 eelseadistatud re\u017eiimi koos eelnevalt m\u00e4\u00e4ratletud k\u00fcpsetusaegade ja temperatuuridega iga koostisosa t\u00fc\u00fcbi jaoks<\/span><\/li>\n<li class=\"a-spacing-mini\"><span class=\"a-list-item\">Reguleeritav aeg 0 kuni 60 minutit. \u00dclekuumenemiskaitsega<\/span><\/li>\n<\/ul>","protected":false},"excerpt":{"rendered":"<div class=\"a-column a-span6\">\n<div class=\"a-row a-spacing-medium-plus\">\n<div id=\"productDetails_expanderTables_depthLeftSections\" class=\"a-section\">\n<div class=\"a-row a-expander-container a-expander-section-container a-section-expander-container\" data-csa-c-content-id=\"voyager-expander-btn-t2\" data-csa-c-slot-id=\"voyager-expander-btn-t2\" data-csa-c-type=\"button\" data-csa-c-id=\"c0k9og-cwly6e-kfrxcq-7hqjnc\">\n<div class=\"a-expander-content a-expander-extend-content a-expander-content-expanded\" data-expanded=\"true\">\n<div class=\"a-section\">\n<table class=\"a-keyvalue prodDetTable\" role=\"presentation\">\n<tbody>\n<tr>\n<th class=\"a-color-secondary a-size-base prodDetSectionEntry\">Mudeli number<\/th>\n<td class=\"a-size-base prodDetAttrValue\">03315<\/td>\n<\/tr>\n<tr>\n<th class=\"a-color-secondary a-size-base prodDetSectionEntry\">Toote soovitatavad kasutusalad<\/th>\n<td class=\"a-size-base prodDetAttrValue\">K\u00fcpseta<\/td>\n<\/tr>\n<tr>\n<th class=\"a-color-secondary a-size-base prodDetSectionEntry\">Kaubam\u00e4rgi nimi<\/th>\n<td class=\"a-size-base prodDetAttrValue\">Cecotec<\/td>\n<\/tr>\n<tr>\n<th class=\"a-color-secondary a-size-base prodDetSectionEntry\">Mudeli nimi<\/th>\n<td class=\"a-size-base prodDetAttrValue\">Cecofry Full InoxBlack 5500 Pro<\/td>\n<\/tr>\n<\/tbody>\n<\/table>\n<\/div>\n<\/div>\n<\/div>\n<div class=\"a-row a-expander-container a-expander-section-container a-section-expander-container\" data-csa-c-content-id=\"voyager-expander-btn-t2\" data-csa-c-slot-id=\"voyager-expander-btn-t2\" data-csa-c-type=\"button\" data-csa-c-id=\"j6b1f1-7k5iyi-u1c7l2-bgp26b\">\n<div class=\"a-expander-content a-expander-extend-content a-expander-content-expanded\" data-expanded=\"true\">\n<div class=\"a-section\">\n<table class=\"a-keyvalue prodDetTable\" role=\"presentation\">\n<tbody>\n<tr>\n<th class=\"a-color-secondary a-size-base prodDetSectionEntry\">Kas eset on n\u00f5udepesumasinas ohutu?<\/th>\n<td class=\"a-size-base prodDetAttrValue\">Ei<\/td>\n<\/tr>\n<tr>\n<th class=\"a-color-secondary a-size-base prodDetSectionEntry\">Sellel on mittenakkuva kate<\/th>\n<td class=\"a-size-base prodDetAttrValue\">Jah<\/td>\n<\/tr>\n<tr>\n<th class=\"a-color-secondary a-size-base prodDetSectionEntry\">Korpuse materjal<\/th>\n<td class=\"a-size-base prodDetAttrValue\">Roostevaba teras<\/td>\n<\/tr>\n<\/tbody>\n<\/table>\n<\/div>\n<\/div>\n<\/div>\n<div class=\"a-row a-expander-container a-expander-section-container a-section-expander-container\" data-csa-c-content-id=\"voyager-expander-btn-t2\" data-csa-c-slot-id=\"voyager-expander-btn-t2\" data-csa-c-type=\"button\" data-csa-c-id=\"y7oxoo-7u9aov-mm5euk-hzuw9z\">\n<div class=\"a-expander-content a-expander-extend-content a-expander-content-expanded\" data-expanded=\"true\">\n<div class=\"a-section\">\n<table class=\"a-keyvalue prodDetTable\" role=\"presentation\">\n<tbody>\n<tr>\n<th class=\"a-color-secondary a-size-base prodDetSectionEntry\">EL-i varuosade saadavuse kestus<\/th>\n<td class=\"a-size-base prodDetAttrValue\">10 aastat<\/td>\n<\/tr>\n<tr>\n<th class=\"a-color-secondary a-size-base prodDetSectionEntry\">V\u00e4rv<\/th>\n<td class=\"a-size-base prodDetAttrValue\">Inox<\/td>\n<\/tr>\n<\/tbody>\n<\/table>\n<\/div>\n<\/div>\n<\/div>\n<\/div>\n<\/div>\n<div class=\"a-row a-spacing-base\"><\/div>\n<div class=\"a-row\">\n<div class=\"a-section\"><\/div>\n<\/div>\n<\/div>\n<div class=\"a-column a-span6 a-span-last\">\n<div class=\"a-row a-spacing-medium-plus\">\n<div id=\"productDetails_expanderTables_depthRightSections\" class=\"a-section\">\n<div class=\"a-row a-expander-container a-expander-section-container a-section-expander-container\" data-csa-c-content-id=\"voyager-expander-btn-t2\" data-csa-c-slot-id=\"voyager-expander-btn-t2\" data-csa-c-type=\"button\" data-csa-c-id=\"n5pmw-rislv1-4ct7fh-bwbpf9\">\n<div class=\"a-expander-content a-expander-extend-content a-expander-content-expanded\" data-expanded=\"true\">\n<div class=\"a-section\">\n<table class=\"a-keyvalue prodDetTable\" role=\"presentation\">\n<tbody>\n<tr>\n<th class=\"a-color-secondary a-size-base prodDetSectionEntry\">Kauba kaal<\/th>\n<td class=\"a-size-base prodDetAttrValue\">4 kilogrammi<\/td>\n<\/tr>\n<tr>\n<th class=\"a-color-secondary a-size-base prodDetSectionEntry\">Mahutavus<\/th>\n<td class=\"a-size-base prodDetAttrValue\">5,5 liitrit<\/td>\n<\/tr>\n<tr>\n<th class=\"a-color-secondary a-size-base prodDetSectionEntry\">Kauba m\u00f5\u00f5tmed P x L x K<\/th>\n<td class=\"a-size-base prodDetAttrValue\">35D x 27W x 30,5H sentimeetrit<\/td>\n<\/tr>\n<\/tbody>\n<\/table>\n<\/div>\n<\/div>\n<\/div>\n<div class=\"a-row a-expander-container a-expander-section-container a-section-expander-container\" data-csa-c-content-id=\"voyager-expander-btn-t2\" data-csa-c-slot-id=\"voyager-expander-btn-t2\" data-csa-c-type=\"button\" data-csa-c-id=\"s8ek8z-eucrqy-d5kflr-h6ipip\">\n<div class=\"a-expander-content a-expander-extend-content a-expander-content-expanded\" data-expanded=\"true\">\n<div class=\"a-section\">\n<table class=\"a-keyvalue prodDetTable\" role=\"presentation\">\n<tbody>\n<tr>\n<th class=\"a-color-secondary a-size-base prodDetSectionEntry\">Kontrollimeetod<\/th>\n<td class=\"a-size-base prodDetAttrValue\">Puudutage<\/td>\n<\/tr>\n<tr>\n<th class=\"a-color-secondary a-size-base prodDetSectionEntry\">Minimaalse temperatuuri seadistus<\/th>\n<td class=\"a-size-base prodDetAttrValue\">80 kraadi Celsiuse j\u00e4rgi<\/td>\n<\/tr>\n<tr>\n<th class=\"a-color-secondary a-size-base prodDetSectionEntry\">Kontrolleri t\u00fc\u00fcp<\/th>\n<td class=\"a-size-base prodDetAttrValue\">Puutetundlik juhtimine<\/td>\n<\/tr>\n<tr>\n<th class=\"a-color-secondary a-size-base prodDetSectionEntry\">Maksimaalse temperatuuri seadistus<\/th>\n<td class=\"a-size-base prodDetAttrValue\">200 kraadi Celsiuse j\u00e4rgi<\/td>\n<\/tr>\n<tr>\n<th class=\"a-color-secondary a-size-base prodDetSectionEntry\">V\u00f5imsus<\/th>\n<td class=\"a-size-base prodDetAttrValue\">1700 vatti<\/td>\n<\/tr>\n<tr>\n<th class=\"a-color-secondary a-size-base prodDetSectionEntry\">Eriomadused<\/th>\n<td class=\"a-size-base prodDetAttrValue\">Temperatuuri kontroll, taimer<\/td>\n<\/tr>\n<tr>\n<th class=\"a-color-secondary a-size-base prodDetSectionEntry\">V\u00e4ljundv\u00f5imsus<\/th>\n<td class=\"a-size-base prodDetAttrValue\">1700 vatti<\/td>\n<\/tr>\n<\/tbody>\n<\/table>\n<\/div>\n<\/div>\n<\/div>\n<\/div>\n<\/div>\n<\/div>","protected":false},"featured_media":10347,"comment_status":"open","ping_status":"closed","template":"","meta":{"_monsterinsights_skip_tracking":false,"_monsterinsights_sitenote_active":false,"_monsterinsights_sitenote_note":"","_monsterinsights_sitenote_category":0,"jetpack_publicize_message":"","jetpack_publicize_feature_enabled":true,"jetpack_social_post_already_shared":false,"jetpack_social_options":{"image_generator_settings":{"template":"highway","default_image_id":0,"font":"","enabled":false},"version":2}},"product_brand":[],"product_cat":[71],"product_tag":[],"class_list":{"0":"post-7004","1":"product","2":"type-product","3":"status-publish","4":"has-post-thumbnail","6":"product_cat-airfryers","8":"first","9":"instock","10":"sale","11":"shipping-taxable","12":"purchasable","13":"product-type-simple"},"aioseo_notices":[],"jetpack_publicize_connections":[],"jetpack_sharing_enabled":true,"_links":{"self":[{"href":"https:\/\/amazingmarket.ee\/et\/wp-json\/wp\/v2\/product\/7004","targetHints":{"allow":["GET"]}}],"collection":[{"href":"https:\/\/amazingmarket.ee\/et\/wp-json\/wp\/v2\/product"}],"about":[{"href":"https:\/\/amazingmarket.ee\/et\/wp-json\/wp\/v2\/types\/product"}],"replies":[{"embeddable":true,"href":"https:\/\/amazingmarket.ee\/et\/wp-json\/wp\/v2\/comments?post=7004"}],"wp:featuredmedia":[{"embeddable":true,"href":"https:\/\/amazingmarket.ee\/et\/wp-json\/wp\/v2\/media\/10347"}],"wp:attachment":[{"href":"https:\/\/amazingmarket.ee\/et\/wp-json\/wp\/v2\/media?parent=7004"}],"wp:term":[{"taxonomy":"product_brand","embeddable":true,"href":"https:\/\/amazingmarket.ee\/et\/wp-json\/wp\/v2\/product_brand?post=7004"},{"taxonomy":"product_cat","embeddable":true,"href":"https:\/\/amazingmarket.ee\/et\/wp-json\/wp\/v2\/product_cat?post=7004"},{"taxonomy":"product_tag","embeddable":true,"href":"https:\/\/amazingmarket.ee\/et\/wp-json\/wp\/v2\/product_tag?post=7004"}],"curies":[{"name":"wp","href":"https:\/\/api.w.org\/{rel}","templated":true}]}}