{"id":691,"date":"2024-01-21T12:09:36","date_gmt":"2024-01-21T12:09:36","guid":{"rendered":"https:\/\/amazingmarket.ee\/?post_type=product&#038;p=691"},"modified":"2026-03-14T11:15:31","modified_gmt":"2026-03-14T09:15:31","slug":"pizza-grill-g3-ferrari-g10006-pizza-express-delizia","status":"publish","type":"product","link":"https:\/\/amazingmarket.ee\/et\/toode\/pizza-grill-g3-ferrari-g10006-pizza-express-delizia\/","title":{"rendered":"Pizza-Grill G3 Ferrari G10006 Pizza Express Delizia"},"content":{"rendered":"<p><span style=\"color: #000000;\"><strong>KASUTATUD ASJAD, T\u00d6\u00d6TAB<\/strong><\/span><\/p>\n<p>G3 Ferrari G10006 Pizza Express Delizia pitsagrill on uuenduslik k\u00f6\u00f6giseade, mis on loodud selleks, et tuua teie koju autentne pitsa maitse. V\u00f5imsa k\u00fcttekeha ja kivist k\u00fcpsetuspinnaga pitsagrill tagab, et teie pitsad k\u00fcpsevad ideaalselt kr\u00f5beda kooriku ja maitsvate lisanditega. Kompaktne ja kasutajas\u00f5bralik disain v\u00f5imaldab teil vaevata omatehtud pitsasid valmistada, muutes selle ideaalseks valikuks pitsas\u00f5pradele. G3 Ferrari Pizza Express Delizia on stiilne ja t\u00f5hus lahendus gurmee-pitsade nautimiseks oma k\u00f6\u00f6gi mugavuses.<\/p>","protected":false},"excerpt":{"rendered":"<p>Kogege G3 Ferrari Pizza Express Delizia pitsagrilli \u2013 teie pilet autentsete omatehtud pitsade juurde. Sellel uuenduslikul pitsagrillil on v\u00f5imas k\u00fctteelement ja kivist k\u00fcpsetuspind ideaalselt kr\u00f5beda kooriku ja isu\u00e4ratavate lisandite saamiseks. Selle kompaktne ja kasutajas\u00f5bralik disain teeb sellest ideaalse valiku pitsas\u00f5pradele, kes soovivad kodus vaevata gurmeepitsasid valmistada. Stiilne ja t\u00f5hus G3 Ferrari Pizza Express Delizia toob pitsaelamuse teie k\u00f6\u00f6ki.<\/p>","protected":false},"featured_media":1270,"comment_status":"open","ping_status":"closed","template":"","meta":{"_monsterinsights_skip_tracking":false,"_monsterinsights_sitenote_active":false,"_monsterinsights_sitenote_note":"","_monsterinsights_sitenote_category":0,"jetpack_publicize_message":"","jetpack_publicize_feature_enabled":true,"jetpack_social_post_already_shared":false,"jetpack_social_options":{"image_generator_settings":{"template":"highway","default_image_id":0,"font":"","enabled":false},"version":2}},"product_brand":[],"product_cat":[96],"product_tag":[],"class_list":{"0":"post-691","1":"product","2":"type-product","3":"status-publish","4":"has-post-thumbnail","6":"product_cat-pizza-makers","8":"first","9":"instock","10":"sale","11":"shipping-taxable","12":"purchasable","13":"product-type-simple"},"aioseo_notices":[],"jetpack_publicize_connections":[],"jetpack_sharing_enabled":true,"_links":{"self":[{"href":"https:\/\/amazingmarket.ee\/et\/wp-json\/wp\/v2\/product\/691","targetHints":{"allow":["GET"]}}],"collection":[{"href":"https:\/\/amazingmarket.ee\/et\/wp-json\/wp\/v2\/product"}],"about":[{"href":"https:\/\/amazingmarket.ee\/et\/wp-json\/wp\/v2\/types\/product"}],"replies":[{"embeddable":true,"href":"https:\/\/amazingmarket.ee\/et\/wp-json\/wp\/v2\/comments?post=691"}],"wp:featuredmedia":[{"embeddable":true,"href":"https:\/\/amazingmarket.ee\/et\/wp-json\/wp\/v2\/media\/1270"}],"wp:attachment":[{"href":"https:\/\/amazingmarket.ee\/et\/wp-json\/wp\/v2\/media?parent=691"}],"wp:term":[{"taxonomy":"product_brand","embeddable":true,"href":"https:\/\/amazingmarket.ee\/et\/wp-json\/wp\/v2\/product_brand?post=691"},{"taxonomy":"product_cat","embeddable":true,"href":"https:\/\/amazingmarket.ee\/et\/wp-json\/wp\/v2\/product_cat?post=691"},{"taxonomy":"product_tag","embeddable":true,"href":"https:\/\/amazingmarket.ee\/et\/wp-json\/wp\/v2\/product_tag?post=691"}],"curies":[{"name":"wp","href":"https:\/\/api.w.org\/{rel}","templated":true}]}}