{"id":6844,"date":"2024-10-30T20:00:21","date_gmt":"2024-10-30T18:00:21","guid":{"rendered":"https:\/\/amazingmarket.ee\/?post_type=product&#038;p=6844"},"modified":"2026-03-14T11:15:27","modified_gmt":"2026-03-14T09:15:27","slug":"siemens-hz541000-40-x-455-x-3-cm","status":"publish","type":"product","link":"https:\/\/amazingmarket.ee\/et\/toode\/siemens-hz541000-40-x-455-x-3-cm\/","title":{"rendered":"Siemens HZ541000 40 \u00d7 45,5 \u00d7 3 cm"},"content":{"rendered":"<h1 class=\"a-size-base-plus a-text-bold\">Selle \u00fcksuse kohta<\/h1>\n<p><strong><span style=\"font-size: 150%;\">\u00a0 \u00a0 \u00a0Hea seisukord<\/span><\/strong><\/p>\n<ul class=\"a-unordered-list a-vertical a-spacing-mini\">\n<li class=\"a-spacing-mini\"><span class=\"a-list-item\">Kestev k\u00fcpsetamisr\u00f5\u00f5m ilma suurema puhastamiseta<\/span><\/li>\n<li class=\"a-spacing-mini\"><span class=\"a-list-item\">Hoiatus: Kontrollige, kas see k\u00fcpsetusplaat sobib teie Siemensi ahju\/pliidiga koos k\u00fcpsetusk\u00e4ruga. See k\u00fcpsetusplaat sobib ahjudele\/pliitidele, millel on j\u00e4rgmised E-koodid: HB578BBS6, HE213BBS0, E317HBS0, HE317HBS1, HE378HBS0, HE378HBS1, HE379HCS6, HE517BBS0, HE517BBS1, HE578BBS0, HE578BBS0, HE555578BBS0, HE555555555555578BBS1, HE579HBS6. E-numbri leiate seadme enda sildilt v\u00f5i kasutusjuhendist.<\/span><\/li>\n<li class=\"a-spacing-mini\"><span class=\"a-list-item\">Omadused: emailitud: kergesti puhastatav, n\u00f5udepesumasinas pestav, vastupidav, kriimustuskindel, minimaalse vormimisaja t\u00f5ttu p\u00fcsivalt m\u00f5\u00f5tmetelt stabiilne nii kuumuses kui ka k\u00fclmas<\/span><\/li>\n<li class=\"a-spacing-mini\"><span class=\"a-list-item\">Kasutussoovitused: ideaalne vormikookide ja v\u00e4ikeste k\u00fcpsetiste jaoks, ideaalne rasva kogumise kaussiks grillimisel<\/span><\/li>\n<\/ul>","protected":false},"excerpt":{"rendered":"<p><strong><span class=\"a-declarative\" style=\"font-size: 170%;\" data-action=\"voyager-expander-heading-toggle\" data-csa-c-type=\"widget\" data-csa-c-func-deps=\"aui-da-voyager-expander-heading-toggle\" data-voyager-expander-heading-toggle=\"{&quot;sectionIndex&quot;:1,&quot;columnName&quot;:&quot;depthLeftSections&quot;}\" data-csa-c-id=\"x7vs3i-er6l3v-hage0p-9ywy1d\"><a class=\"a-expander-header a-declarative a-expander-section-header prodDet-expander-header-styling a-color-offset-background a-link-section-expander a-size-medium\" role=\"button\" data-csa-c-func-deps=\"aui-da-a-expander-toggle\" data-csa-c-type=\"widget\" data-csa-interaction-events=\"click\" aria-expanded=\"true\" data-action=\"a-expander-toggle\" data-a-expander-toggle=\"{&quot;allowLinkDefault&quot;:true, &quot;expand_prompt&quot;:&quot;&quot;, &quot;collapse_prompt&quot;:&quot;&quot;}\" data-csa-c-id=\"jax6eo-ivufd0-92pvlw-v1lbm\"><span class=\"a-expander-prompt\">\u00dcksuse \u00fcksikasjad<\/span><\/a><\/span><\/strong><\/p>\n<div class=\"a-expander-content a-expander-extend-content a-expander-content-expanded\" data-expanded=\"true\">\n<div class=\"a-section\">\n<table class=\"a-keyvalue prodDetTable\" role=\"presentation\">\n<tbody>\n<tr>\n<th class=\"a-color-secondary a-size-base prodDetSectionEntry\"><\/th>\n<td class=\"a-size-base\"><\/td>\n<\/tr>\n<tr>\n<th class=\"a-color-secondary a-size-base prodDetSectionEntry\">Kaubam\u00e4rk<\/th>\n<td class=\"a-size-base prodDetAttrValue\">SIEMENS<\/td>\n<\/tr>\n<tr>\n<th class=\"a-color-secondary a-size-base prodDetSectionEntry\">Globaalne kaubanduse identifitseerimisnumber<\/th>\n<td class=\"a-size-base prodDetAttrValue\">04242003813331<\/td>\n<\/tr>\n<\/tbody>\n<\/table>\n<table class=\"a-keyvalue prodDetTable\" role=\"presentation\">\n<tbody>\n<tr>\n<th class=\"a-color-secondary a-size-base prodDetSectionEntry\">Kauba kaal<\/th>\n<td class=\"a-size-base prodDetAttrValue\">2,95 naela<\/td>\n<\/tr>\n<tr>\n<th class=\"a-color-secondary a-size-base prodDetSectionEntry\">Suurus<\/th>\n<td class=\"a-size-base prodDetAttrValue\">40 \u00d7 45,5 \u00d7 3 cm<\/td>\n<\/tr>\n<\/tbody>\n<\/table>\n<\/div>\n<\/div>","protected":false},"featured_media":10461,"comment_status":"open","ping_status":"closed","template":"","meta":{"_monsterinsights_skip_tracking":false,"_monsterinsights_sitenote_active":false,"_monsterinsights_sitenote_note":"","_monsterinsights_sitenote_category":0,"jetpack_publicize_message":"","jetpack_publicize_feature_enabled":true,"jetpack_social_post_already_shared":false,"jetpack_social_options":{"image_generator_settings":{"template":"highway","default_image_id":0,"font":"","enabled":false},"version":2}},"product_brand":[],"product_cat":[187],"product_tag":[],"class_list":{"0":"post-6844","1":"product","2":"type-product","3":"status-publish","4":"has-post-thumbnail","6":"product_cat-baking-tray","8":"first","9":"instock","10":"sale","11":"shipping-taxable","12":"purchasable","13":"product-type-simple"},"aioseo_notices":[],"jetpack_publicize_connections":[],"jetpack_sharing_enabled":true,"_links":{"self":[{"href":"https:\/\/amazingmarket.ee\/et\/wp-json\/wp\/v2\/product\/6844","targetHints":{"allow":["GET"]}}],"collection":[{"href":"https:\/\/amazingmarket.ee\/et\/wp-json\/wp\/v2\/product"}],"about":[{"href":"https:\/\/amazingmarket.ee\/et\/wp-json\/wp\/v2\/types\/product"}],"replies":[{"embeddable":true,"href":"https:\/\/amazingmarket.ee\/et\/wp-json\/wp\/v2\/comments?post=6844"}],"wp:featuredmedia":[{"embeddable":true,"href":"https:\/\/amazingmarket.ee\/et\/wp-json\/wp\/v2\/media\/10461"}],"wp:attachment":[{"href":"https:\/\/amazingmarket.ee\/et\/wp-json\/wp\/v2\/media?parent=6844"}],"wp:term":[{"taxonomy":"product_brand","embeddable":true,"href":"https:\/\/amazingmarket.ee\/et\/wp-json\/wp\/v2\/product_brand?post=6844"},{"taxonomy":"product_cat","embeddable":true,"href":"https:\/\/amazingmarket.ee\/et\/wp-json\/wp\/v2\/product_cat?post=6844"},{"taxonomy":"product_tag","embeddable":true,"href":"https:\/\/amazingmarket.ee\/et\/wp-json\/wp\/v2\/product_tag?post=6844"}],"curies":[{"name":"wp","href":"https:\/\/api.w.org\/{rel}","templated":true}]}}