{"id":6840,"date":"2024-10-30T19:46:00","date_gmt":"2024-10-30T17:46:00","guid":{"rendered":"https:\/\/amazingmarket.ee\/?post_type=product&#038;p=6840"},"modified":"2026-03-14T11:15:27","modified_gmt":"2026-03-14T09:15:27","slug":"navaris-childrens-wardrobe-with-5-coat-hooks","status":"publish","type":"product","link":"https:\/\/amazingmarket.ee\/et\/toode\/navaris-childrens-wardrobe-with-5-coat-hooks\/","title":{"rendered":"Navaris laste riidekapp 5 konksuga"},"content":{"rendered":"<h1 class=\"a-size-base-plus a-text-bold\">Selle \u00fcksuse kohta<\/h1>\n<ul class=\"a-unordered-list a-vertical a-spacing-mini\">\n<li class=\"a-spacing-mini\"><span class=\"a-list-item\">Laste riidekapp: selle Navarise laste riidepuuga ei taga sa mitte ainult korda lastetoas v\u00f5i esikus, vaid su lapsed on vaimustuses selle armsa riiuli dekoratiivsest efektist \u2013 nii t\u00fcdrukutele kui ka poistele.<\/span><\/li>\n<li class=\"a-spacing-mini\"><span class=\"a-list-item\">Ruumi viiele: lapses\u00f5bralikul puidust riidepuunagil on viis riidekonksu. Koguge riided, hommikumantlid ja r\u00e4tikud \u00fchte kohta ja lastele k\u00e4ep\u00e4rasele k\u00f5rgusele.<\/span><\/li>\n<li class=\"a-spacing-mini\"><span class=\"a-list-item\">Detailid: 1x laste riidenagi 5 konksuga \/ disain: pilved ja t\u00e4hed \/ materjal: MDF, t\u00e4ispuit \/ m\u00f5\u00f5tmed: 45 x 18,5 x 1,3 cm \/ kaal: 0,54 kg<\/span><\/li>\n<li class=\"a-spacing-mini\"><span class=\"a-list-item\">Nii armas: armas seinale riputatav nagi pole mitte ainult praktiline jakkide ja kottide jaoks, vaid ka ilus dekoratsioon lastetoas, esikus v\u00f5i vannitoas.<\/span><\/li>\n<li class=\"a-spacing-mini\"><span class=\"a-list-item\">Kingiidee: ilusad laste riidekonksud on suurep\u00e4rane kingitus lastele s\u00fcnnip\u00e4evaks v\u00f5i s\u00fcnniks.<\/span><\/li>\n<\/ul>","protected":false},"excerpt":{"rendered":"<div class=\"a-section\">\n<div class=\"a-row a-spacing-top-small\">\n<div class=\"a-column a-span3\">\n<h1 class=\"a-size-large a-spacing-none a-text-bold\">Tooteteave<\/h1>\n<\/div>\n<div class=\"a-column a-span3 a-span-last\">\n<div class=\"a-section voyager-expand-collapse-toggle-container\"><\/div>\n<\/div>\n<\/div>\n<\/div>\n<div id=\"productDetails_expanderSectionTables\" class=\"a-section\">\n<div class=\"a-row\">\n<div class=\"a-column a-span6\">\n<div class=\"a-row a-spacing-medium-plus\">\n<div id=\"productDetails_expanderTables_depthLeftSections\" class=\"a-section\">\n<div class=\"a-row a-expander-container a-expander-section-container a-section-expander-container\" data-csa-c-content-id=\"voyager-expander-btn-t2\" data-csa-c-slot-id=\"voyager-expander-btn-t2\" data-csa-c-type=\"button\" data-csa-c-id=\"mgj9j8-g6k3of-ckmnov-19loh3\">\n<p><span class=\"a-declarative\" data-action=\"voyager-expander-heading-toggle\" data-csa-c-type=\"widget\" data-csa-c-func-deps=\"aui-da-voyager-expander-heading-toggle\" data-voyager-expander-heading-toggle=\"{&quot;sectionIndex&quot;:0,&quot;columnName&quot;:&quot;depthLeftSections&quot;}\" data-csa-c-id=\"1yrl99-6497vu-rjt2hw-35qry4\"><a class=\"a-expander-header a-declarative a-expander-section-header prodDet-expander-header-styling a-color-offset-background a-link-section-expander a-size-medium\" role=\"button\" data-csa-c-func-deps=\"aui-da-a-expander-toggle\" data-csa-c-type=\"widget\" data-csa-interaction-events=\"click\" aria-expanded=\"true\" data-action=\"a-expander-toggle\" data-a-expander-toggle=\"{&quot;allowLinkDefault&quot;:true, &quot;expand_prompt&quot;:&quot;&quot;, &quot;collapse_prompt&quot;:&quot;&quot;}\" data-csa-c-id=\"3vzyku-elmhln-99lj9j-7fzu2\"><i class=\"a-icon a-icon-section-collapse\"><\/i><strong><span class=\"a-expander-prompt\">M\u00f5\u00f5tmised<\/span><\/strong><\/a><\/span><\/p>\n<div class=\"a-expander-content a-expander-extend-content a-expander-content-expanded\" data-expanded=\"true\">\n<div class=\"a-section\">\n<table class=\"a-keyvalue prodDetTable\" role=\"presentation\">\n<tbody>\n<tr>\n<th class=\"a-color-secondary a-size-base prodDetSectionEntry\">Kauba kaal<\/th>\n<td class=\"a-size-base prodDetAttrValue\">540 grammi<\/td>\n<\/tr>\n<\/tbody>\n<\/table>\n<\/div>\n<\/div>\n<\/div>\n<div class=\"a-row a-expander-container a-expander-section-container a-section-expander-container\" data-csa-c-content-id=\"voyager-expander-btn-t2\" data-csa-c-slot-id=\"voyager-expander-btn-t2\" data-csa-c-type=\"button\" data-csa-c-id=\"k23weq-54ug1g-jc9z5s-nezjzt\">\n<div class=\"a-expander-content a-expander-extend-content a-expander-content-expanded\" data-expanded=\"true\">\n<div class=\"a-section\">\n<table class=\"a-keyvalue prodDetTable\" role=\"presentation\">\n<tbody>\n<tr>\n<th class=\"a-color-secondary a-size-base prodDetSectionEntry\">Stiil<\/th>\n<td class=\"a-size-base prodDetAttrValue\">armas<\/td>\n<\/tr>\n<tr>\n<th class=\"a-color-secondary a-size-base prodDetSectionEntry\">V\u00e4rv<\/th>\n<td class=\"a-size-base prodDetAttrValue\">Pilved ja t\u00e4hed<\/td>\n<\/tr>\n<\/tbody>\n<\/table>\n<\/div>\n<\/div>\n<\/div>\n<div class=\"a-row a-expander-container a-expander-section-container a-section-expander-container\" data-csa-c-content-id=\"voyager-expander-btn-t2\" data-csa-c-slot-id=\"voyager-expander-btn-t2\" data-csa-c-type=\"button\" data-csa-c-id=\"sr40dm-f9syt9-p2x0bw-cexnr9\">\n<div class=\"a-expander-content a-expander-extend-content a-expander-content-expanded\" data-expanded=\"true\">\n<div class=\"a-section\">\n<table class=\"a-keyvalue prodDetTable\" role=\"presentation\">\n<tbody>\n<tr>\n<th class=\"a-color-secondary a-size-base prodDetSectionEntry\">Raami materjal<\/th>\n<td class=\"a-size-base prodDetAttrValue\">Puit<\/td>\n<\/tr>\n<tr>\n<th class=\"a-color-secondary a-size-base prodDetSectionEntry\">Materjal<\/th>\n<td class=\"a-size-base prodDetAttrValue\">Insenerit\u00f6\u00f6 puit<\/td>\n<\/tr>\n<\/tbody>\n<\/table>\n<table class=\"a-keyvalue prodDetTable\" role=\"presentation\">\n<tbody>\n<tr>\n<th class=\"a-color-secondary a-size-base prodDetSectionEntry\">Maksimaalse kaalu soovitus<\/th>\n<td class=\"a-size-base prodDetAttrValue\">15,88 kg<\/td>\n<\/tr>\n<\/tbody>\n<\/table>\n<\/div>\n<\/div>\n<\/div>\n<\/div>\n<\/div>\n<\/div>\n<\/div>\n<\/div>","protected":false},"featured_media":6843,"comment_status":"open","ping_status":"closed","template":"","meta":{"_monsterinsights_skip_tracking":false,"_monsterinsights_sitenote_active":false,"_monsterinsights_sitenote_note":"","_monsterinsights_sitenote_category":0,"jetpack_publicize_message":"","jetpack_publicize_feature_enabled":true,"jetpack_social_post_already_shared":false,"jetpack_social_options":{"image_generator_settings":{"template":"highway","default_image_id":0,"font":"","enabled":false},"version":2}},"product_brand":[],"product_cat":[185],"product_tag":[],"class_list":{"0":"post-6840","1":"product","2":"type-product","3":"status-publish","4":"has-post-thumbnail","6":"product_cat-hangers","8":"first","9":"instock","10":"sale","11":"shipping-taxable","12":"purchasable","13":"product-type-simple"},"aioseo_notices":[],"jetpack_publicize_connections":[],"jetpack_sharing_enabled":true,"_links":{"self":[{"href":"https:\/\/amazingmarket.ee\/et\/wp-json\/wp\/v2\/product\/6840","targetHints":{"allow":["GET"]}}],"collection":[{"href":"https:\/\/amazingmarket.ee\/et\/wp-json\/wp\/v2\/product"}],"about":[{"href":"https:\/\/amazingmarket.ee\/et\/wp-json\/wp\/v2\/types\/product"}],"replies":[{"embeddable":true,"href":"https:\/\/amazingmarket.ee\/et\/wp-json\/wp\/v2\/comments?post=6840"}],"wp:featuredmedia":[{"embeddable":true,"href":"https:\/\/amazingmarket.ee\/et\/wp-json\/wp\/v2\/media\/6843"}],"wp:attachment":[{"href":"https:\/\/amazingmarket.ee\/et\/wp-json\/wp\/v2\/media?parent=6840"}],"wp:term":[{"taxonomy":"product_brand","embeddable":true,"href":"https:\/\/amazingmarket.ee\/et\/wp-json\/wp\/v2\/product_brand?post=6840"},{"taxonomy":"product_cat","embeddable":true,"href":"https:\/\/amazingmarket.ee\/et\/wp-json\/wp\/v2\/product_cat?post=6840"},{"taxonomy":"product_tag","embeddable":true,"href":"https:\/\/amazingmarket.ee\/et\/wp-json\/wp\/v2\/product_tag?post=6840"}],"curies":[{"name":"wp","href":"https:\/\/api.w.org\/{rel}","templated":true}]}}