{"id":6833,"date":"2024-10-30T19:34:02","date_gmt":"2024-10-30T17:34:02","guid":{"rendered":"https:\/\/amazingmarket.ee\/?post_type=product&#038;p=6833"},"modified":"2026-03-14T11:15:27","modified_gmt":"2026-03-14T09:15:27","slug":"bestron-asw217b-heart-waffle-maker","status":"publish","type":"product","link":"https:\/\/amazingmarket.ee\/et\/toode\/bestron-asw217b-heart-waffle-maker\/","title":{"rendered":"S\u00fcdamevahvlik\u00fcpsetaja Bestron ASW217B"},"content":{"rendered":"<h1 class=\"a-size-base-plus a-text-bold\">Selle \u00fcksuse kohta<\/h1>\n<p><strong><span style=\"font-size: 150%;\">\u00a0 \u00a0 \u00a0 \u00a0 \u00a0 \u00a0Hea seisukord<\/span><\/strong><\/p>\n<ul>\n<li style=\"list-style-type: none;\">\n<ul class=\"a-unordered-list a-vertical a-spacing-mini\">\n<li class=\"a-spacing-mini\"><span class=\"a-list-item\">Sweet Dreamsi disainiga dekoratiivne vahvlik\u00fcpsetaja 5 v\u00e4rskelt valmistatud s\u00fcdamekujulise vahvli jaoks \u2013 ideaalne \u00fchiseks k\u00fcpsetamiseks laua taga<\/span><\/li>\n<li class=\"a-spacing-mini\"><span class=\"a-list-item\">S\u00fcdamekujuliste vahvlite k\u00fcpsetamine, p\u00f5letamata, lihtne puhastada<\/span><\/li>\n<li class=\"a-spacing-mini\"><span class=\"a-list-item\">Ohutu kasutamine: Kuumakindel korpus koos kaanel oleva lukustusklambriga, kindel paigutus t\u00e4nu libisemiskindlatele jalgadele, automaatne temperatuuri reguleerimine<\/span><\/li>\n<li class=\"a-spacing-mini\"><span class=\"a-list-item\">Kindel paigutus t\u00e4nu libisemiskindlatele jalgadele, kuumakindlale korpusele, lukustusklambriga kaanele, kasutusvalmis m\u00e4rgutulele<\/span><\/li>\n<li class=\"a-spacing-mini\"><span class=\"a-list-item\">Tarnekomplekt: 1 Bestron vahvlik\u00fcpsetaja, 700W, materjal: plastik \/ metall, m\u00f5\u00f5dud: 25,5x25x9,5cm, kaal: 1,25kg, v\u00e4rvus: Beebi sinine, ASW217B<\/span><\/li>\n<\/ul>\n<\/li>\n<\/ul>","protected":false},"excerpt":{"rendered":"<h1 class=\"a-size-medium a-spacing-small\">Tehnilised \u00fcksikasjad<\/h1>\n<div class=\"a-expander-content a-expander-extend-content a-expander-content-expanded\" data-expanded=\"true\">\n<div class=\"a-section\">\n<div class=\"a-expander-content a-expander-extend-content\" data-expanded=\"true\">\n<div class=\"a-row a-expander-container a-expander-inline-container\">\n<div class=\"a-expander-content a-expander-section-content a-section-expander-inner\" data-expanded=\"true\">\n<table id=\"productDetails_techSpec_section_1\" class=\"a-keyvalue prodDetTable\" role=\"presentation\">\n<tbody>\n<tr>\n<th class=\"a-color-secondary a-size-base prodDetSectionEntry\">Toote m\u00f5\u00f5tmed<\/th>\n<td class=\"a-size-base prodDetAttrValue\">\u200e25,5 x 25 x 9,5 cm; 1,25 kg<\/td>\n<\/tr>\n<tr>\n<th class=\"a-color-secondary a-size-base prodDetSectionEntry\">T\u00fckkide arv<\/th>\n<td class=\"a-size-base prodDetAttrValue\">1<\/td>\n<\/tr>\n<tr>\n<th class=\"a-color-secondary a-size-base prodDetSectionEntry\">Vajalikud patareid<\/th>\n<td class=\"a-size-base prodDetAttrValue\">Ei<\/td>\n<\/tr>\n<tr>\n<th class=\"a-color-secondary a-size-base prodDetSectionEntry\">Kauba kaal<\/th>\n<td class=\"a-size-base prodDetAttrValue\">1,25 kilogrammi<\/td>\n<\/tr>\n<\/tbody>\n<\/table>\n<\/div>\n<\/div>\n<\/div>\n<\/div>\n<\/div>","protected":false},"featured_media":6836,"comment_status":"open","ping_status":"closed","template":"","meta":{"_monsterinsights_skip_tracking":false,"_monsterinsights_sitenote_active":false,"_monsterinsights_sitenote_note":"","_monsterinsights_sitenote_category":0,"jetpack_publicize_message":"","jetpack_publicize_feature_enabled":true,"jetpack_social_post_already_shared":false,"jetpack_social_options":{"image_generator_settings":{"template":"highway","default_image_id":0,"font":"","enabled":false},"version":2}},"product_brand":[],"product_cat":[91],"product_tag":[],"class_list":{"0":"post-6833","1":"product","2":"type-product","3":"status-publish","4":"has-post-thumbnail","6":"product_cat-waffle-makers-and-pancake-makers","8":"first","9":"instock","10":"sale","11":"shipping-taxable","12":"purchasable","13":"product-type-simple"},"aioseo_notices":[],"jetpack_publicize_connections":[],"jetpack_sharing_enabled":true,"_links":{"self":[{"href":"https:\/\/amazingmarket.ee\/et\/wp-json\/wp\/v2\/product\/6833","targetHints":{"allow":["GET"]}}],"collection":[{"href":"https:\/\/amazingmarket.ee\/et\/wp-json\/wp\/v2\/product"}],"about":[{"href":"https:\/\/amazingmarket.ee\/et\/wp-json\/wp\/v2\/types\/product"}],"replies":[{"embeddable":true,"href":"https:\/\/amazingmarket.ee\/et\/wp-json\/wp\/v2\/comments?post=6833"}],"wp:featuredmedia":[{"embeddable":true,"href":"https:\/\/amazingmarket.ee\/et\/wp-json\/wp\/v2\/media\/6836"}],"wp:attachment":[{"href":"https:\/\/amazingmarket.ee\/et\/wp-json\/wp\/v2\/media?parent=6833"}],"wp:term":[{"taxonomy":"product_brand","embeddable":true,"href":"https:\/\/amazingmarket.ee\/et\/wp-json\/wp\/v2\/product_brand?post=6833"},{"taxonomy":"product_cat","embeddable":true,"href":"https:\/\/amazingmarket.ee\/et\/wp-json\/wp\/v2\/product_cat?post=6833"},{"taxonomy":"product_tag","embeddable":true,"href":"https:\/\/amazingmarket.ee\/et\/wp-json\/wp\/v2\/product_tag?post=6833"}],"curies":[{"name":"wp","href":"https:\/\/api.w.org\/{rel}","templated":true}]}}