{"id":6817,"date":"2024-10-30T15:31:44","date_gmt":"2024-10-30T13:31:44","guid":{"rendered":"https:\/\/amazingmarket.ee\/?post_type=product&#038;p=6817"},"modified":"2026-03-14T11:15:27","modified_gmt":"2026-03-14T09:15:27","slug":"oursouion-dog-food-storage-box","status":"publish","type":"product","link":"https:\/\/amazingmarket.ee\/et\/toode\/oursouion-dog-food-storage-box\/","title":{"rendered":"Oursouioni koeratoidu hoiukarp"},"content":{"rendered":"<p><span style=\"font-size: 180%;\">Selle \u00fcksuse kohta<\/span><\/p>\n<p><strong><span style=\"font-size: 150%;\"> Hea seisukord<\/span><\/strong><\/p>\n<ul class=\"a-unordered-list a-vertical a-spacing-mini\">\n<li class=\"a-spacing-mini\"><span class=\"a-list-item\">\ud83d\udc36Mitmek\u00fclgne ja vastupidav: Meie lemmikloomatoidu hoiukarp on valmistatud BPA-vabast suure tihedusega pol\u00fcet\u00fcleenplastist ja TPR-materjalist, mis tagab vastupidavuse ja korduva voltimise ilma ohutust kahjustamata. Hoidke oma lemmiklooma toitu selles suletavas anumas ohutult.<\/span><\/li>\n<li class=\"a-spacing-mini\"><span class=\"a-list-item\">\ud83d\udc3eReguleeritav suurus ruumi kokkuhoiuks: Kokkupandava disainiga koeratoidu hoiukarp v\u00f5imaldab teil konteineri suurust vastavalt oma vajadustele reguleerida. Lahtivolditud suurus: 17,7\u2033P x 12,9\u2033L x 14,7\u2033K, Kokkupandud suurus: 17,7\u2033P x 12,9\u2033L x 6,2\u2033K<\/span><\/li>\n<li class=\"a-spacing-mini\"><span class=\"a-list-item\">\ud83d\udc15Nutikas disain v\u00e4rskuse s\u00e4ilitamiseks: Oleme oma lemmikloomatoidukonteineri testinud ja disaininud \u00f5hukindlate tihendite, kl\u00f5pskinnitustega lukkude ja sisseehitatud kuivatusainete karbiga, et hoida kahjurid eemal ja s\u00e4ilitada toidu v\u00e4rskus, sulgedes niiskuse ja \u00f5huniiskuse. L\u00e4bipaistev kaas v\u00f5imaldab teil h\u00f5lpsalt kontrollida j\u00e4relej\u00e4\u00e4nud toitu. Ratastega p\u00f5hi muudab konteineri liigutamise siseruumides, \u00f5ues v\u00f5i reisil olles lihtsaks.<\/span><\/li>\n<li class=\"a-spacing-mini\"><span class=\"a-list-item\">\ud83c\udf5a Mitmeotstarbeline anum: See lemmikloomatoidu hoiukarp mitte ainult ei hoia teie karvase s\u00f5bra toitu, vaid sobib suurep\u00e4raselt ka jahu, riisi, p\u00e4hklite, kaunviljade, teravilja, suupistete, suhkru ja muu hoidmiseks. Selle mitmek\u00fclgne disain muudab selle sobivaks igasuguse lemmikloomade ja inimeste toidu hoidmiseks.<\/span><\/li>\n<li class=\"a-spacing-mini\"><span class=\"a-list-item\">\ud83d\udc4dKliendirahulolu garanteeritud: Oleme p\u00fchendunud kvaliteetsete lemmikloomatoidu hoiukonteinerite pakkumisele ja iga kliendi positiivse kogemuse tagamisele. Kui teil on k\u00fcsimusi v\u00f5i muresid, on meie suurep\u00e4rane m\u00fc\u00fcgij\u00e4rgse teeninduse meeskond siin, et aktiivselt lahendada k\u00f5ik probleemid, tagades muretu ostu.<\/span><\/li>\n<\/ul>","protected":false},"excerpt":{"rendered":"<div class=\"a-row\">\n<div class=\"a-column a-span6\">\n<h1 class=\"a-size-medium a-spacing-small\">Tehnilised \u00fcksikasjad<\/h1>\n<\/div>\n<\/div>\n<div class=\"a-expander-content a-expander-extend-content\" data-expanded=\"true\">\n<div class=\"a-row a-expander-container a-expander-inline-container\">\n<div class=\"a-expander-content a-expander-section-content a-section-expander-inner\" data-expanded=\"true\">\n<table id=\"productDetails_techSpec_section_1\" class=\"a-keyvalue prodDetTable\" role=\"presentation\">\n<tbody>\n<tr>\n<th class=\"a-color-secondary a-size-base prodDetSectionEntry\">Kaubam\u00e4rk<\/th>\n<td class=\"a-size-base prodDetAttrValue\">Meie oma<\/td>\n<\/tr>\n<tr>\n<th class=\"a-color-secondary a-size-base prodDetSectionEntry\">Pakendi m\u00f5\u00f5tmed<\/th>\n<td class=\"a-size-base prodDetAttrValue\">45,7 x 34,79 x 17,5 cm; 1,78 kg<\/td>\n<\/tr>\n<tr>\n<th class=\"a-color-secondary a-size-base prodDetSectionEntry\">Materjal<\/th>\n<td class=\"a-size-base prodDetAttrValue\">Pol\u00fcet\u00fcleen, plastik<\/td>\n<\/tr>\n<tr>\n<th class=\"a-color-secondary a-size-base prodDetSectionEntry\">Eriomadused<\/th>\n<td class=\"a-size-base prodDetAttrValue\">Vastupidav<\/td>\n<\/tr>\n<tr>\n<th class=\"a-color-secondary a-size-base prodDetSectionEntry\">Kauba kaal<\/th>\n<td class=\"a-size-base prodDetAttrValue\">1,78 kg<\/td>\n<\/tr>\n<\/tbody>\n<\/table>\n<\/div>\n<\/div>\n<\/div>","protected":false},"featured_media":6821,"comment_status":"open","ping_status":"closed","template":"","meta":{"_monsterinsights_skip_tracking":false,"_monsterinsights_sitenote_active":false,"_monsterinsights_sitenote_note":"","_monsterinsights_sitenote_category":0,"jetpack_publicize_message":"","jetpack_publicize_feature_enabled":true,"jetpack_social_post_already_shared":false,"jetpack_social_options":{"image_generator_settings":{"template":"highway","default_image_id":0,"font":"","enabled":false},"version":2}},"product_brand":[],"product_cat":[134],"product_tag":[],"class_list":{"0":"post-6817","1":"product","2":"type-product","3":"status-publish","4":"has-post-thumbnail","6":"product_cat-lunch-boxes","8":"first","9":"instock","10":"sale","11":"shipping-taxable","12":"purchasable","13":"product-type-simple"},"aioseo_notices":[],"jetpack_publicize_connections":[],"jetpack_sharing_enabled":true,"_links":{"self":[{"href":"https:\/\/amazingmarket.ee\/et\/wp-json\/wp\/v2\/product\/6817","targetHints":{"allow":["GET"]}}],"collection":[{"href":"https:\/\/amazingmarket.ee\/et\/wp-json\/wp\/v2\/product"}],"about":[{"href":"https:\/\/amazingmarket.ee\/et\/wp-json\/wp\/v2\/types\/product"}],"replies":[{"embeddable":true,"href":"https:\/\/amazingmarket.ee\/et\/wp-json\/wp\/v2\/comments?post=6817"}],"wp:featuredmedia":[{"embeddable":true,"href":"https:\/\/amazingmarket.ee\/et\/wp-json\/wp\/v2\/media\/6821"}],"wp:attachment":[{"href":"https:\/\/amazingmarket.ee\/et\/wp-json\/wp\/v2\/media?parent=6817"}],"wp:term":[{"taxonomy":"product_brand","embeddable":true,"href":"https:\/\/amazingmarket.ee\/et\/wp-json\/wp\/v2\/product_brand?post=6817"},{"taxonomy":"product_cat","embeddable":true,"href":"https:\/\/amazingmarket.ee\/et\/wp-json\/wp\/v2\/product_cat?post=6817"},{"taxonomy":"product_tag","embeddable":true,"href":"https:\/\/amazingmarket.ee\/et\/wp-json\/wp\/v2\/product_tag?post=6817"}],"curies":[{"name":"wp","href":"https:\/\/api.w.org\/{rel}","templated":true}]}}