{"id":6625,"date":"2024-10-27T10:02:09","date_gmt":"2024-10-27T08:02:09","guid":{"rendered":"https:\/\/amazingmarket.ee\/?post_type=product&#038;p=6625"},"modified":"2026-03-14T11:15:27","modified_gmt":"2026-03-14T09:15:27","slug":"severin-hv-7147","status":"publish","type":"product","link":"https:\/\/amazingmarket.ee\/et\/toode\/severin-hv-7147\/","title":{"rendered":"Severin HV 7147"},"content":{"rendered":"<h1 class=\"a-size-base-plus a-text-bold\">Selle \u00fcksuse kohta<\/h1>\n<p><strong><span style=\"font-size: 150%;\"> Ei ole alust<\/span><\/strong><\/p>\n<ul class=\"a-unordered-list a-vertical a-spacing-mini\">\n<li class=\"a-spacing-mini\"><span class=\"a-list-item\">2-\u00fches funktsioon \u2013 Pikendustoru abil saab k\u00e4eshoitavast tolmuimejast k\u00e4epidemega tolmuimeja \u2013 ideaalne telkimiseks ja liikvel olles.<\/span><\/li>\n<li class=\"a-spacing-mini\"><span class=\"a-list-item\">Pikk aku t\u00f6\u00f6iga \u2013 18,5 V liitiumioonaku tagab kuni 50 minutit t\u00f6\u00f6aega.<\/span><\/li>\n<li class=\"a-spacing-mini\"><span class=\"a-list-item\">M\u00e4rg- ja kuivpuhastusfunktsioon: k\u00e4eshoitav tolmuimeja sobib tolmu ja vedelike imemiseks. Kummist otsikuga saab imada kuni 150 ml vedelikku.<\/span><\/li>\n<li class=\"a-spacing-mini\"><span class=\"a-list-item\">Mitmek\u00fclgsed tarvikud auto-, telkimis- ja lemmikloomade karvade eemaldamiseks \u2013 P\u00f6\u00f6rlev turbohari eemaldab pingutuseta lemmikloomade karvad ja puhastab telkimisel autoistmeid v\u00f5i telke, samas kui piluotsak j\u00f5uab kitsastesse kohtadesse.<\/span><\/li>\n<li class=\"a-spacing-mini\"><span class=\"a-list-item\">Lihtne puhastada \u2013 lauatolmuimejal on p\u00fcsifilter ja seda saab t\u00e4nu nupuvajutusega t\u00fchjendada kiiresti ja h\u00fcgieeniliselt \u2013 lisakotti ega filtrit pole vaja.<\/span><\/li>\n<li class=\"a-spacing-mini\"><span class=\"a-list-item\">Detailid ja tarvikud \u2013 SEVERIN k\u00e4eshoitav tolmuimeja ja k\u00e4epidemega tolmuimeja LED-turboharjaga, praootsaku, kummist otsikuga vedelike jaoks, seinakinnitusega laadimisjaama ja kandekotiga, ideaalne telkimiseks, tootekood HV 7147<\/span><\/li>\n<\/ul>","protected":false},"excerpt":{"rendered":"<div class=\"a-row\">\n<div class=\"a-column a-span6\">\n<h1 class=\"a-size-medium a-spacing-small\">Tehnilised \u00fcksikasjad<\/h1>\n<\/div>\n<\/div>\n<div class=\"a-expander-content a-expander-extend-content\" data-expanded=\"true\">\n<div class=\"a-row a-expander-container a-expander-inline-container\">\n<div class=\"a-expander-content a-expander-section-content a-section-expander-inner\" data-expanded=\"true\">\n<table id=\"productDetails_techSpec_section_1\" class=\"a-keyvalue prodDetTable\" role=\"presentation\">\n<tbody>\n<tr>\n<th class=\"a-color-secondary a-size-base prodDetSectionEntry\">Toote m\u00f5\u00f5tmed<\/th>\n<td class=\"a-size-base prodDetAttrValue\">24 x 13 x 122 cm; 1,45 kg<\/td>\n<\/tr>\n<tr>\n<th class=\"a-color-secondary a-size-base prodDetSectionEntry\">Kas ahi on ohutu<\/th>\n<td class=\"a-size-base prodDetAttrValue\">K\u00e4eshoitav<\/td>\n<\/tr>\n<tr>\n<th class=\"a-color-secondary a-size-base prodDetSectionEntry\">Viimistluse t\u00fc\u00fcbid<\/th>\n<td class=\"a-size-base prodDetAttrValue\">L\u00e4ikiv v\u00f5i matt must<\/td>\n<\/tr>\n<tr>\n<th class=\"a-color-secondary a-size-base prodDetSectionEntry\">Hooldusjuhised<\/th>\n<td class=\"a-size-base prodDetAttrValue\">\u200ekeine<\/td>\n<\/tr>\n<tr>\n<th class=\"a-color-secondary a-size-base prodDetSectionEntry\">T\u00fckkide arv<\/th>\n<td class=\"a-size-base prodDetAttrValue\">1<\/td>\n<\/tr>\n<tr>\n<th class=\"a-color-secondary a-size-base prodDetSectionEntry\">Garantii kirjeldus<\/th>\n<td class=\"a-size-base prodDetAttrValue\">24 kuud.<\/td>\n<\/tr>\n<tr>\n<th class=\"a-color-secondary a-size-base prodDetSectionEntry\">N\u00f5utavad patareid<\/th>\n<td class=\"a-size-base prodDetAttrValue\">Ei<\/td>\n<\/tr>\n<tr>\n<th class=\"a-color-secondary a-size-base prodDetSectionEntry\">Aku kirjeldus<\/th>\n<td class=\"a-size-base prodDetAttrValue\">Liitium-ioon<\/td>\n<\/tr>\n<tr>\n<th class=\"a-color-secondary a-size-base prodDetSectionEntry\">Kaasasolevad komponendid<\/th>\n<td class=\"a-size-base prodDetAttrValue\">K\u00e4eshoitav tolmuimeja, piluotsak, turbootsak, laadimisjaam seinakinnitusega, kandekott, pikendustoru<\/td>\n<\/tr>\n<\/tbody>\n<\/table>\n<\/div>\n<\/div>\n<\/div>","protected":false},"featured_media":10446,"comment_status":"open","ping_status":"closed","template":"","meta":{"_monsterinsights_skip_tracking":false,"_monsterinsights_sitenote_active":false,"_monsterinsights_sitenote_note":"","_monsterinsights_sitenote_category":0,"jetpack_publicize_message":"","jetpack_publicize_feature_enabled":true,"jetpack_social_post_already_shared":false,"jetpack_social_options":{"image_generator_settings":{"template":"highway","default_image_id":0,"font":"","enabled":false},"version":2}},"product_brand":[],"product_cat":[101,102],"product_tag":[],"class_list":{"0":"post-6625","1":"product","2":"type-product","3":"status-publish","4":"has-post-thumbnail","6":"product_cat-cordless-vacuum-cleaners","7":"product_cat-vacuum-cleaners","9":"first","10":"instock","11":"sale","12":"shipping-taxable","13":"purchasable","14":"product-type-simple"},"aioseo_notices":[],"jetpack_publicize_connections":[],"jetpack_sharing_enabled":true,"_links":{"self":[{"href":"https:\/\/amazingmarket.ee\/et\/wp-json\/wp\/v2\/product\/6625","targetHints":{"allow":["GET"]}}],"collection":[{"href":"https:\/\/amazingmarket.ee\/et\/wp-json\/wp\/v2\/product"}],"about":[{"href":"https:\/\/amazingmarket.ee\/et\/wp-json\/wp\/v2\/types\/product"}],"replies":[{"embeddable":true,"href":"https:\/\/amazingmarket.ee\/et\/wp-json\/wp\/v2\/comments?post=6625"}],"wp:featuredmedia":[{"embeddable":true,"href":"https:\/\/amazingmarket.ee\/et\/wp-json\/wp\/v2\/media\/10446"}],"wp:attachment":[{"href":"https:\/\/amazingmarket.ee\/et\/wp-json\/wp\/v2\/media?parent=6625"}],"wp:term":[{"taxonomy":"product_brand","embeddable":true,"href":"https:\/\/amazingmarket.ee\/et\/wp-json\/wp\/v2\/product_brand?post=6625"},{"taxonomy":"product_cat","embeddable":true,"href":"https:\/\/amazingmarket.ee\/et\/wp-json\/wp\/v2\/product_cat?post=6625"},{"taxonomy":"product_tag","embeddable":true,"href":"https:\/\/amazingmarket.ee\/et\/wp-json\/wp\/v2\/product_tag?post=6625"}],"curies":[{"name":"wp","href":"https:\/\/api.w.org\/{rel}","templated":true}]}}