{"id":6617,"date":"2024-10-25T20:39:07","date_gmt":"2024-10-25T18:39:07","guid":{"rendered":"https:\/\/amazingmarket.ee\/?post_type=product&#038;p=6617"},"modified":"2026-03-14T11:15:27","modified_gmt":"2026-03-14T09:15:27","slug":"shark-rv2502ae-ai-ultra-robot-self-empty-vacuum","status":"publish","type":"product","link":"https:\/\/amazingmarket.ee\/et\/toode\/shark-rv2502ae-ai-ultra-robot-self-empty-vacuum\/","title":{"rendered":"Shark RV2502AE AI Ultra Robot iset\u00fchjendav tolmuimeja"},"content":{"rendered":"<h1 class=\"a-size-base-plus a-text-bold\">Selle \u00fcksuse kohta<\/h1>\n<p><strong><span style=\"font-size: 150%;\">Hea seisukord<\/span><\/strong><\/p>\n<p>&nbsp;<\/p>\n<ul class=\"a-unordered-list a-vertical a-spacing-mini\">\n<li class=\"a-spacing-mini\"><span class=\"a-list-item\">USKUMATU IMEMISV\u00d5IMSUS: V\u00f5imas Shark-t\u00fc\u00fcpi imemiss\u00fcsteem korjab \u00fcles mustuse ja prahi igat t\u00fc\u00fcpi p\u00f5randatelt \u2013 saate hakkama isegi k\u00f5ige kangekaelsemate plekkidega teie kodus.<\/span><\/li>\n<li class=\"a-spacing-mini\"><span class=\"a-list-item\">\u00dcKSKI PLEIK J\u00c4\u00c4 MAGAMATA: Matrix Clean Navigationi abil puhastab tolmuimeja t\u00e4pse maatriksv\u00f5rgustiku abil, tehes mitu l\u00e4bimist mustuse ja prahi \u00fcle, et puhastada kogu kodu s\u00fcgavuti.<\/span><\/li>\n<li class=\"a-spacing-mini\"><span class=\"a-list-item\">T\u00dcHJENDUB ISE: Kotita, ise t\u00fchjenev p\u00f5hi mahutab kuni 60 p\u00e4eva mustust ja prahti, samas kui selle t\u00f5eline HEPA-filtreerimine p\u00fc\u00fcab kinni 99,97%* tolmu ja allergeene (*kuni 0,3 mikronini).<\/span><\/li>\n<li class=\"a-spacing-mini\"><span class=\"a-list-item\">T\u00c4PNE KODU KAARDISTAMINE: 360\u00b0 LiDAR-n\u00e4gemine kaardistab teie kodu kiiresti ja t\u00e4pselt, et teie robot saaks s\u00fcstemaatiliselt puhastada, tuvastades ja v\u00e4ltides oma teel olevaid objekte nii p\u00e4eval kui \u00f6\u00f6sel, kohandudes igap\u00e4evaste muutustega kodus.<\/span><\/li>\n<li class=\"a-spacing-mini\"><span class=\"a-list-item\">IDEAALNE LEMMIKLOOMADEGA KODUDESSE: V\u00f5imsa vaakumi, Sharki isepuhastuva harjarulli ja HEPA filtreerimiss\u00fcsteemiga robot p\u00fc\u00fcab h\u00f5lpsalt kinni lemmikloomade karvad, tolmu, k\u00f5\u00f5ma ja allergeenid.<\/span><\/li>\n<li class=\"a-spacing-mini\"><span class=\"a-list-item\">K\u00c4ED-VABAD JUHTIMINE: M\u00e4\u00e4rake puhastusgraafik, k\u00e4ivitage n\u00f5udmisel puhastus v\u00f5i aktiveerige puhastused k\u00f5ik oma h\u00e4\u00e4lega, kasutades Amazon Alexat v\u00f5i Google Assistantit.<\/span><\/li>\n<li class=\"a-spacing-mini\"><span class=\"a-list-item\">PIKENDATUD T\u00d6\u00d6AEG: Kuni 120 minutit t\u00f6\u00f6aega kogu kodu puhastamiseks. Laadimise ja j\u00e4tkamise funktsiooniga naaseb robot dokki, laeb end uuesti ja saab j\u00e4tkata sealt, kus pooleli j\u00e4i.<\/span><\/li>\n<\/ul>","protected":false},"excerpt":{"rendered":"<h2>Tooteteave<\/h2>\n<div class=\"a-row a-spacing-top-base\">\n<div class=\"a-column a-span6\">\n<div class=\"a-row a-spacing-base\">\n<div class=\"a-section table-padding\">\n<table id=\"productDetails_detailBullets_sections1\" class=\"a-keyvalue prodDetTable\" role=\"presentation\">\n<tbody>\n<tr>\n<th class=\"a-color-secondary a-size-base prodDetSectionEntry\">Kaubam\u00e4rk<\/th>\n<td class=\"a-size-base prodDetAttrValue\">Hai<\/td>\n<\/tr>\n<tr>\n<th class=\"a-color-secondary a-size-base prodDetSectionEntry\">Mudeli nimi<\/th>\n<td class=\"a-size-base prodDetAttrValue\">Tehisintellekt Ultra<\/td>\n<\/tr>\n<tr>\n<th class=\"a-color-secondary a-size-base prodDetSectionEntry\">Erifunktsioon<\/th>\n<td class=\"a-size-base prodDetAttrValue\">LiDAR-navigatsioon, isepuhastuv harjarull, servade puhastamine, takistuste v\u00e4ltimine, kotita, iset\u00fchjenev<\/td>\n<\/tr>\n<tr>\n<th class=\"a-color-secondary a-size-base prodDetSectionEntry\">V\u00e4rv<\/th>\n<td class=\"a-size-base prodDetAttrValue\">Must<\/td>\n<\/tr>\n<tr>\n<th class=\"a-color-secondary a-size-base prodDetSectionEntry\">Toote m\u00f5\u00f5tmed<\/th>\n<td class=\"a-size-base prodDetAttrValue\">15,52 tolli P x 11,59 tolli L x 16,97 tolli K<\/td>\n<\/tr>\n<tr>\n<th class=\"a-color-secondary a-size-base prodDetSectionEntry\">Kaasasolevad komponendid<\/th>\n<td class=\"a-size-base prodDetAttrValue\">XL HEPA iset\u00fchjenev alus, Shark AI robottolmuimeja, k\u00fclgharjad<\/td>\n<\/tr>\n<tr>\n<th class=\"a-color-secondary a-size-base prodDetSectionEntry\">Filtri t\u00fc\u00fcp<\/th>\n<td class=\"a-size-base prodDetAttrValue\">Mittepestav filter<\/td>\n<\/tr>\n<tr>\n<th class=\"a-color-secondary a-size-base prodDetSectionEntry\">Aku t\u00f6\u00f6iga<\/th>\n<td class=\"a-size-base prodDetAttrValue\">120 minutit<\/td>\n<\/tr>\n<tr>\n<th class=\"a-color-secondary a-size-base prodDetSectionEntry\">Toiteallikas<\/th>\n<td class=\"a-size-base prodDetAttrValue\">Akutoitel<\/td>\n<\/tr>\n<tr>\n<th class=\"a-color-secondary a-size-base prodDetSectionEntry\">Kas patareid on komplektis<\/th>\n<td class=\"a-size-base prodDetAttrValue\">Jah<\/td>\n<\/tr>\n<tr>\n<th class=\"a-color-secondary a-size-base prodDetSectionEntry\">Kontrollimeetod<\/th>\n<td class=\"a-size-base prodDetAttrValue\">H\u00e4\u00e4l<\/td>\n<\/tr>\n<tr>\n<th class=\"a-color-secondary a-size-base prodDetSectionEntry\">\u00dchilduvad seadmed<\/th>\n<td class=\"a-size-base prodDetAttrValue\">Amazon Alexa, Google Home<\/td>\n<\/tr>\n<tr>\n<th class=\"a-color-secondary a-size-base prodDetSectionEntry\">Vormitegur<\/th>\n<td class=\"a-size-base prodDetAttrValue\">Robot<\/td>\n<\/tr>\n<tr>\n<th class=\"a-color-secondary a-size-base prodDetSectionEntry\">UPC<\/th>\n<td class=\"a-size-base prodDetAttrValue\">622356574501<\/td>\n<\/tr>\n<tr>\n<th class=\"a-color-secondary a-size-base prodDetSectionEntry\">Kauba kaal<\/th>\n<td class=\"a-size-base prodDetAttrValue\">15,25 naela<\/td>\n<\/tr>\n<tr>\n<th class=\"a-color-secondary a-size-base prodDetSectionEntry\">Tootja<\/th>\n<td class=\"a-size-base prodDetAttrValue\">SharkNinja<\/td>\n<\/tr>\n<tr>\n<th class=\"a-color-secondary a-size-base prodDetSectionEntry\">ASIN<\/th>\n<td class=\"a-size-base prodDetAttrValue\">B09J88GNW3<\/td>\n<\/tr>\n<tr>\n<th class=\"a-color-secondary a-size-base prodDetSectionEntry\">P\u00e4ritoluriik<\/th>\n<td class=\"a-size-base prodDetAttrValue\">Hiina<\/td>\n<\/tr>\n<tr>\n<th class=\"a-color-secondary a-size-base prodDetSectionEntry\">Kauba mudeli number<\/th>\n<td class=\"a-size-base prodDetAttrValue\">RV2502AE<\/td>\n<\/tr>\n<\/tbody>\n<\/table>\n<\/div>\n<\/div>\n<\/div>\n<\/div>","protected":false},"featured_media":6620,"comment_status":"open","ping_status":"closed","template":"","meta":{"_monsterinsights_skip_tracking":false,"_monsterinsights_sitenote_active":false,"_monsterinsights_sitenote_note":"","_monsterinsights_sitenote_category":0,"jetpack_publicize_message":"","jetpack_publicize_feature_enabled":true,"jetpack_social_post_already_shared":false,"jetpack_social_options":{"image_generator_settings":{"template":"highway","default_image_id":0,"font":"","enabled":false},"version":2}},"product_brand":[],"product_cat":[80,102],"product_tag":[],"class_list":{"0":"post-6617","1":"product","2":"type-product","3":"status-publish","4":"has-post-thumbnail","6":"product_cat-robot-vacuum-cleaners","7":"product_cat-vacuum-cleaners","9":"first","10":"instock","11":"sale","12":"shipping-taxable","13":"purchasable","14":"product-type-simple"},"aioseo_notices":[],"jetpack_publicize_connections":[],"jetpack_sharing_enabled":true,"_links":{"self":[{"href":"https:\/\/amazingmarket.ee\/et\/wp-json\/wp\/v2\/product\/6617","targetHints":{"allow":["GET"]}}],"collection":[{"href":"https:\/\/amazingmarket.ee\/et\/wp-json\/wp\/v2\/product"}],"about":[{"href":"https:\/\/amazingmarket.ee\/et\/wp-json\/wp\/v2\/types\/product"}],"replies":[{"embeddable":true,"href":"https:\/\/amazingmarket.ee\/et\/wp-json\/wp\/v2\/comments?post=6617"}],"wp:featuredmedia":[{"embeddable":true,"href":"https:\/\/amazingmarket.ee\/et\/wp-json\/wp\/v2\/media\/6620"}],"wp:attachment":[{"href":"https:\/\/amazingmarket.ee\/et\/wp-json\/wp\/v2\/media?parent=6617"}],"wp:term":[{"taxonomy":"product_brand","embeddable":true,"href":"https:\/\/amazingmarket.ee\/et\/wp-json\/wp\/v2\/product_brand?post=6617"},{"taxonomy":"product_cat","embeddable":true,"href":"https:\/\/amazingmarket.ee\/et\/wp-json\/wp\/v2\/product_cat?post=6617"},{"taxonomy":"product_tag","embeddable":true,"href":"https:\/\/amazingmarket.ee\/et\/wp-json\/wp\/v2\/product_tag?post=6617"}],"curies":[{"name":"wp","href":"https:\/\/api.w.org\/{rel}","templated":true}]}}