{"id":6544,"date":"2024-10-23T16:19:47","date_gmt":"2024-10-23T14:19:47","guid":{"rendered":"https:\/\/amazingmarket.ee\/?post_type=product&#038;p=6544"},"modified":"2026-03-14T11:15:27","modified_gmt":"2026-03-14T09:15:27","slug":"kenwood-multipro-go-fdp22","status":"publish","type":"product","link":"https:\/\/amazingmarket.ee\/et\/toode\/kenwood-multipro-go-fdp22\/","title":{"rendered":"Kenwood MultiPro Go FDP22"},"content":{"rendered":"<h1><span style=\"color: #000000;\"><strong>DEMO, V\u00c4IKE T\u00dcKK ON KATKI<\/strong><\/span><\/h1>\n<h1 class=\"a-size-base-plus a-text-bold\">Selle \u00fcksuse kohta<\/h1>\n<ul class=\"a-unordered-list a-vertical a-spacing-mini\">\n<li class=\"a-spacing-mini\"><span class=\"a-list-item\">K\u00d6\u00d6GIK\u00dcPSISEM: Kenwood MultiPro Go FDP22.130GY \u00fclikompaktne ja ainulaadne disain katab k\u00f5ik teie toiduvalmistamise vajadused.<\/span><\/li>\n<li class=\"a-spacing-mini\"><span class=\"a-list-item\">VALMISTA MAITSVAID ROOGASID: Kasuta seda k\u00f6\u00f6gikombaini erinevate roogade valmistamiseks. See sobib suurep\u00e4raselt hakkimiseks, viilutamiseks, riivimiseks, p\u00fcreestamiseks ja isegi taigna s\u00f5tkumiseks. Salsast ja suupistetest kuni pitsataignani \u2013 see on v\u00f5imas ja mitmek\u00fclgne.<\/span><\/li>\n<li class=\"a-spacing-mini\"><span class=\"a-list-item\">\u00dcLIKOMPAKTNE DISAIN: See on alati kasutusvalmis ja hoiustatav teie k\u00f6\u00f6gisahtlis<\/span><\/li>\n<li class=\"a-spacing-mini\"><span class=\"a-list-item\">MAHTUVUS: 0,75 l p\u00f5hikausi vedeliku t\u00f6\u00f6maht<\/span><\/li>\n<li class=\"a-spacing-mini\"><span class=\"a-list-item\">FUNKTSIOONID: Sellel k\u00f6\u00f6gikombainil on 1 kiiruse ja pulssfunktsiooni re\u017eiim. Sellel on 4 lisatarvikut, sh: kiirserveerimine \u2013 piiramatu viilutamine ja riivimine otse taldrikule\/pannile, 1,3-liitrine kauss, noatera, 4 mm viilutus-\/riivimisketas<\/span><\/li>\n<\/ul>","protected":false},"excerpt":{"rendered":"<div class=\"a-row\">\n<div class=\"a-column a-span6\">\n<h1 class=\"a-size-medium a-spacing-small\">Tehnilised \u00fcksikasjad<\/h1>\n<\/div>\n<\/div>\n<div class=\"a-expander-content a-expander-extend-content\" data-expanded=\"true\">\n<div class=\"a-row a-expander-container a-expander-inline-container\">\n<div class=\"a-expander-content a-expander-section-content a-section-expander-inner\" data-expanded=\"true\">\n<table id=\"productDetails_techSpec_section_1\" class=\"a-keyvalue prodDetTable\" role=\"presentation\">\n<tbody>\n<tr>\n<th class=\"a-color-secondary a-size-base prodDetSectionEntry\">Kaubam\u00e4rk<\/th>\n<td class=\"a-size-base prodDetAttrValue\">Kenwood<\/td>\n<\/tr>\n<tr>\n<th class=\"a-color-secondary a-size-base prodDetSectionEntry\">Mudeli number<\/th>\n<td class=\"a-size-base prodDetAttrValue\">FDP22.130GY<\/td>\n<\/tr>\n<tr>\n<th class=\"a-color-secondary a-size-base prodDetSectionEntry\">V\u00e4rv<\/th>\n<td class=\"a-size-base prodDetAttrValue\">Hall<\/td>\n<\/tr>\n<tr>\n<th class=\"a-color-secondary a-size-base prodDetSectionEntry\">Toote m\u00f5\u00f5tmed<\/th>\n<td class=\"a-size-base prodDetAttrValue\">15,8 x 15,8 x 29,7 cm; 1,94 kg<\/td>\n<\/tr>\n<tr>\n<th class=\"a-color-secondary a-size-base prodDetSectionEntry\">Kiiruste arv<\/th>\n<td class=\"a-size-base prodDetAttrValue\">1<\/td>\n<\/tr>\n<tr>\n<th class=\"a-color-secondary a-size-base prodDetSectionEntry\">Eriomadused<\/th>\n<td class=\"a-size-base prodDetAttrValue\">Reguleeritav kiirusekontroll<\/td>\n<\/tr>\n<tr>\n<th class=\"a-color-secondary a-size-base prodDetSectionEntry\">Kauba kaal<\/th>\n<td class=\"a-size-base prodDetAttrValue\">1,94 kg<\/td>\n<\/tr>\n<\/tbody>\n<\/table>\n<\/div>\n<\/div>\n<\/div>","protected":false},"featured_media":6550,"comment_status":"open","ping_status":"closed","template":"","meta":{"_monsterinsights_skip_tracking":false,"_monsterinsights_sitenote_active":false,"_monsterinsights_sitenote_note":"","_monsterinsights_sitenote_category":0,"jetpack_publicize_message":"","jetpack_publicize_feature_enabled":true,"jetpack_social_post_already_shared":false,"jetpack_social_options":{"image_generator_settings":{"template":"highway","default_image_id":0,"font":"","enabled":false},"version":2}},"product_brand":[],"product_cat":[106],"product_tag":[],"class_list":{"0":"post-6544","1":"product","2":"type-product","3":"status-publish","4":"has-post-thumbnail","6":"product_cat-vegetable-cutter","8":"first","9":"instock","10":"sale","11":"shipping-taxable","12":"purchasable","13":"product-type-simple"},"aioseo_notices":[],"jetpack_publicize_connections":[],"jetpack_sharing_enabled":true,"_links":{"self":[{"href":"https:\/\/amazingmarket.ee\/et\/wp-json\/wp\/v2\/product\/6544","targetHints":{"allow":["GET"]}}],"collection":[{"href":"https:\/\/amazingmarket.ee\/et\/wp-json\/wp\/v2\/product"}],"about":[{"href":"https:\/\/amazingmarket.ee\/et\/wp-json\/wp\/v2\/types\/product"}],"replies":[{"embeddable":true,"href":"https:\/\/amazingmarket.ee\/et\/wp-json\/wp\/v2\/comments?post=6544"}],"wp:featuredmedia":[{"embeddable":true,"href":"https:\/\/amazingmarket.ee\/et\/wp-json\/wp\/v2\/media\/6550"}],"wp:attachment":[{"href":"https:\/\/amazingmarket.ee\/et\/wp-json\/wp\/v2\/media?parent=6544"}],"wp:term":[{"taxonomy":"product_brand","embeddable":true,"href":"https:\/\/amazingmarket.ee\/et\/wp-json\/wp\/v2\/product_brand?post=6544"},{"taxonomy":"product_cat","embeddable":true,"href":"https:\/\/amazingmarket.ee\/et\/wp-json\/wp\/v2\/product_cat?post=6544"},{"taxonomy":"product_tag","embeddable":true,"href":"https:\/\/amazingmarket.ee\/et\/wp-json\/wp\/v2\/product_tag?post=6544"}],"curies":[{"name":"wp","href":"https:\/\/api.w.org\/{rel}","templated":true}]}}