{"id":6523,"date":"2024-10-23T15:13:49","date_gmt":"2024-10-23T13:13:49","guid":{"rendered":"https:\/\/amazingmarket.ee\/?post_type=product&#038;p=6523"},"modified":"2026-03-14T11:15:27","modified_gmt":"2026-03-14T09:15:27","slug":"cuisinart-ice48e-soft-serve-ice-cream-maker","status":"publish","type":"product","link":"https:\/\/amazingmarket.ee\/et\/toode\/cuisinart-ice48e-soft-serve-ice-cream-maker\/","title":{"rendered":"CUISINART \u2013 ICE48E -Soft Serve j\u00e4\u00e4tisemasin"},"content":{"rendered":"<h1><span style=\"color: #000000;\"><strong>DEMO, HEAS KORRAS<\/strong><\/span><\/h1>\n<h1 class=\"a-size-base-plus a-text-bold\">Selle \u00fcksuse kohta<\/h1>\n<ul class=\"a-unordered-list a-vertical a-spacing-mini\">\n<li class=\"a-spacing-mini\"><span class=\"a-list-item\">ISIKUP\u00c4RASTATUD J\u00c4\u00c4TISED KODUS \u2013 Valmista mitmesuguseid omatehtud j\u00e4\u00e4tiseid ja magustoite igaks s\u00fcndmuseks, alates Itaalia j\u00e4\u00e4tisest, j\u00e4\u00e4tisest, sorbetist, graniitj\u00e4\u00e4tistest, k\u00fclmutatud jogurtitest ja muust.<\/span><\/li>\n<li class=\"a-spacing-mini\"><span class=\"a-list-item\">LIHTNE KASUTADA \u2013 See j\u00e4\u00e4tisemasin t\u00f6\u00f6tab t\u00e4isautomaatselt ja intuitiivselt ning v\u00f5imaldab teil valmistada suures koguses j\u00e4\u00e4tist, sorbetti v\u00f5i k\u00fclmutatud jogurtit k\u00f5igest 20 minutiga.<\/span><\/li>\n<li class=\"a-spacing-mini\"><span class=\"a-list-item\">\u00dcKS NUPP TOIMINGUKS \u2013 K\u00fclmuta kauss eelnevalt, vala segu sisse ja lase j\u00e4\u00e4tisemasinal oma t\u00f6\u00f6d teha, samal ajal kui sina kodus puhkad.<\/span><\/li>\n<li class=\"a-spacing-mini\"><span class=\"a-list-item\">J\u00c4\u00c4D K\u00d5IGILE \u2013 See Itaalia j\u00e4\u00e4masin toodab professionaalse kvaliteediga j\u00e4\u00e4tist ja suudab serveerida korraga 6 portsjonit, mida kogu pere saab kodus koos nautida.<\/span><\/li>\n<li class=\"a-spacing-mini\"><span class=\"a-list-item\">SUL ON KONTROLL \u2013 Avalda muljet omatehtud j\u00e4\u00e4tise, sorbeti ja k\u00fclmutatud jogurtiga, kontrollides t\u00e4ielikult koostisosi, mis on lisaainete ja s\u00e4ilitusainete vabad.<\/span><\/li>\n<li class=\"a-spacing-mini\"><span class=\"a-list-item\">L\u00f5petage igava j\u00e4\u00e4tise valmistamine \u2013 see j\u00e4\u00e4tisemasin v\u00f5imaldab teil oma lemmikkatteid sisseehitatud dosaatorites s\u00e4ilitada ja serveerida v\u00f5i t\u00e4nu soojashoidmise plaadile kastmeid sulatada.<\/span><\/li>\n<\/ul>","protected":false},"excerpt":{"rendered":"<div class=\"a-row\">\n<div class=\"a-column a-span6\">\n<h1 class=\"a-size-medium a-spacing-small\">Tehnilised \u00fcksikasjad<\/h1>\n<\/div>\n<\/div>\n<div class=\"a-expander-content a-expander-extend-content\" data-expanded=\"true\">\n<div class=\"a-row a-expander-container a-expander-inline-container\">\n<div class=\"a-expander-content a-expander-section-content a-section-expander-inner\" data-expanded=\"true\">\n<table id=\"productDetails_techSpec_section_1\" class=\"a-keyvalue prodDetTable\" role=\"presentation\">\n<tbody>\n<tr>\n<th class=\"a-color-secondary a-size-base prodDetSectionEntry\">Kaubam\u00e4rk<\/th>\n<td class=\"a-size-base prodDetAttrValue\">K\u00d6\u00d6KUNST<\/td>\n<\/tr>\n<tr>\n<th class=\"a-color-secondary a-size-base prodDetSectionEntry\">Mudeli number<\/th>\n<td class=\"a-size-base prodDetAttrValue\">ICE48E<\/td>\n<\/tr>\n<tr>\n<th class=\"a-color-secondary a-size-base prodDetSectionEntry\">V\u00e4rv<\/th>\n<td class=\"a-size-base prodDetAttrValue\">valge<\/td>\n<\/tr>\n<tr>\n<th class=\"a-color-secondary a-size-base prodDetSectionEntry\">Pakendi m\u00f5\u00f5tmed<\/th>\n<td class=\"a-size-base prodDetAttrValue\">50 x 31,5 x 27 cm; 5,92 kg<\/td>\n<\/tr>\n<tr>\n<th class=\"a-color-secondary a-size-base prodDetSectionEntry\">Mahutavus<\/th>\n<td class=\"a-size-base prodDetAttrValue\">1,5 liitrit<\/td>\n<\/tr>\n<tr>\n<th class=\"a-color-secondary a-size-base prodDetSectionEntry\">Materjal<\/th>\n<td class=\"a-size-base prodDetAttrValue\">Roostevabast terasest plast<\/td>\n<\/tr>\n<tr>\n<th class=\"a-color-secondary a-size-base prodDetSectionEntry\">Automaatne v\u00e4ljal\u00fclitus<\/th>\n<td class=\"a-size-base prodDetAttrValue\">Ei<\/td>\n<\/tr>\n<tr>\n<th class=\"a-color-secondary a-size-base prodDetSectionEntry\">Eriomadused<\/th>\n<td class=\"a-size-base prodDetAttrValue\">Jahutusfunktsioon, t\u00e4ielik kontroll koostisosade \u00fcle, dosaatori t\u00e4itmine<\/td>\n<\/tr>\n<tr>\n<th class=\"a-color-secondary a-size-base prodDetSectionEntry\">Kauba kaal<\/th>\n<td class=\"a-size-base prodDetAttrValue\">5,92 kilogrammi<\/td>\n<\/tr>\n<tr>\n<th class=\"a-color-secondary a-size-base prodDetSectionEntry\">Varuosade saadavuse kestus<\/th>\n<td class=\"a-size-base prodDetAttrValue\">5 aastat<\/td>\n<\/tr>\n<\/tbody>\n<\/table>\n<\/div>\n<\/div>\n<\/div>","protected":false},"featured_media":6532,"comment_status":"open","ping_status":"closed","template":"","meta":{"_monsterinsights_skip_tracking":false,"_monsterinsights_sitenote_active":false,"_monsterinsights_sitenote_note":"","_monsterinsights_sitenote_category":0,"jetpack_publicize_message":"","jetpack_publicize_feature_enabled":true,"jetpack_social_post_already_shared":false,"jetpack_social_options":{"image_generator_settings":{"template":"highway","default_image_id":0,"font":"","enabled":false},"version":2}},"product_brand":[],"product_cat":[108],"product_tag":[],"class_list":{"0":"post-6523","1":"product","2":"type-product","3":"status-publish","4":"has-post-thumbnail","6":"product_cat-ice-makers-icecream-makers","8":"first","9":"instock","10":"sale","11":"shipping-taxable","12":"purchasable","13":"product-type-simple"},"aioseo_notices":[],"jetpack_publicize_connections":[],"jetpack_sharing_enabled":true,"_links":{"self":[{"href":"https:\/\/amazingmarket.ee\/et\/wp-json\/wp\/v2\/product\/6523","targetHints":{"allow":["GET"]}}],"collection":[{"href":"https:\/\/amazingmarket.ee\/et\/wp-json\/wp\/v2\/product"}],"about":[{"href":"https:\/\/amazingmarket.ee\/et\/wp-json\/wp\/v2\/types\/product"}],"replies":[{"embeddable":true,"href":"https:\/\/amazingmarket.ee\/et\/wp-json\/wp\/v2\/comments?post=6523"}],"wp:featuredmedia":[{"embeddable":true,"href":"https:\/\/amazingmarket.ee\/et\/wp-json\/wp\/v2\/media\/6532"}],"wp:attachment":[{"href":"https:\/\/amazingmarket.ee\/et\/wp-json\/wp\/v2\/media?parent=6523"}],"wp:term":[{"taxonomy":"product_brand","embeddable":true,"href":"https:\/\/amazingmarket.ee\/et\/wp-json\/wp\/v2\/product_brand?post=6523"},{"taxonomy":"product_cat","embeddable":true,"href":"https:\/\/amazingmarket.ee\/et\/wp-json\/wp\/v2\/product_cat?post=6523"},{"taxonomy":"product_tag","embeddable":true,"href":"https:\/\/amazingmarket.ee\/et\/wp-json\/wp\/v2\/product_tag?post=6523"}],"curies":[{"name":"wp","href":"https:\/\/api.w.org\/{rel}","templated":true}]}}