{"id":6339,"date":"2024-10-21T16:11:05","date_gmt":"2024-10-21T14:11:05","guid":{"rendered":"https:\/\/amazingmarket.ee\/?post_type=product&#038;p=6339"},"modified":"2026-03-14T11:15:27","modified_gmt":"2026-03-14T09:15:27","slug":"chefree-air-fryer-afw01","status":"publish","type":"product","link":"https:\/\/amazingmarket.ee\/et\/toode\/chefree-air-fryer-afw01\/","title":{"rendered":"TASUTA \u00f5hufrit\u00fc\u00fcr AFW01"},"content":{"rendered":"<h1><strong>KASUTATUD ASEE, NATUKE m\u00e4\u00e4rdunud, SEISUKORD 7 10-st<\/strong><\/h1>\n<h1 class=\"a-size-base-plus a-text-bold\">Selle \u00fcksuse kohta<\/h1>\n<ul class=\"a-unordered-list a-vertical a-spacing-mini\">\n<li class=\"a-spacing-mini\"><span class=\"a-list-item\">\u3010L\u00e4bipaistev klaasist vaateakna sahtel\u3011 Olge tunnistajaks, kuidas teie toit ideaalseks k\u00fcpseb. Kogege meie esivaateakna ja sisevalgustuse v\u00f5lu, mis v\u00f5imaldab teil oma toiduvalmistamist ilma soojust kaotamata vaevata j\u00e4lgida. T\u00e4iustage oma kulinaarset m\u00e4ngu juba t\u00e4na!<\/span><\/li>\n<li class=\"a-spacing-mini\"><span class=\"a-list-item\">\u3010Ruumis\u00e4\u00e4stlik kompaktne disain suure mahuga 5L\u3011Meie AFW01 frit\u00fc\u00fcril on 5L korv, samas kui see 30% on teistest kaubam\u00e4rkidest kompaktsem. Valmistage kogu perele rikkalikud 4\u20136 portsjonit \u2013 kuni 2 kg kana, 1 naela kr\u00f5psud ja rohkem. Hoidke seda mugavalt oma k\u00f6\u00f6gi t\u00f6\u00f6pinnal igap\u00e4evaseks kasutamiseks, \u00fchendades h\u00f5lpsalt suuruse ja j\u00f5udluse.<\/span><\/li>\n<li class=\"a-spacing-mini\"><span class=\"a-list-item\">\u3010T\u00e4ieliku puutetundliku ekraaniga 6-\u00fches funktsiooniga multikeetja\u3011 Valmistage h\u00f5lpsalt lai valik h\u00f5rgutisi hommikus\u00f6\u00f6gist magustoiduni: \u00f5hupraad, k\u00fcpsetamine, r\u00f6stimine, praadimine, grillimine ja kuivatamine. Juhtige oma retseptid LED-nuti puuteekraaniga, mis v\u00f5imaldab t\u00e4pseid aja- ja temperatuuriseadeid minutitega. T\u00e4iustage oma kulinaarset loomingut juba t\u00e4na!<\/span><\/li>\n<li class=\"a-spacing-mini\"><span class=\"a-list-item\">\u3010Topelt energia- ja rahas\u00e4\u00e4stlikkus\u3011 Chefree \u00f5hufrit\u00fc\u00fcriga v\u00e4hendate energiakulusid kuni 80%. Kogege 30% kiiremat k\u00fcpsetamist, 80% v\u00e4iksemat energiatarbimist. V\u00f5tke omaks t\u00f5husa toiduvalmistamise tulevik \u2013 minge \u00fcle Chefree Air Fryerile ja alustage s\u00e4\u00e4stmist juba t\u00e4na!<\/span><\/li>\n<li class=\"a-spacing-mini\"><span class=\"a-list-item\">\u3010Usaldusv\u00e4\u00e4rne ohutus ja vaevatu puhastamine\u3011 Kogege \u00fclimat meelerahu meie n\u00f5udepesumasinas pestava materjaliga. Meie \u00f5hufrit\u00fc\u00fcril on toidukvaliteediga roostevabast terasest praekorvid ja kr\u00f5bedad alused, mis on l\u00f5hnavabad, korrosioonikindlad ja mida on lihtne puhastada. Nautige n\u00f5udepesumasinas pestavate korvide ja kandikute mugavust (kui piisavalt suured). Ergonoomilise kuumakindla k\u00e4epideme, automaatse v\u00e4ljal\u00fclituskaitse korvi eemaldamisel ja libisemisvastaste mattidega on teie ohutus meie jaoks iga kulinaarse seikluse jaoks esmat\u00e4htis.<\/span><\/li>\n<li class=\"a-spacing-mini\"><span class=\"a-list-item\">\u3010Vankumatu usaldus ja usaldusv\u00e4\u00e4rsus 2-aastase garantiiga\u3011Kogege meelerahu meie Chefree kvaliteedigarantiiga. Nautige standardset 2-aastast garantiid, mis sisaldab igak\u00fclgseid remonditeenuseid ja katkiste osade tasuta asendamist. Teie rahulolu on meie prioriteet.<\/span><\/li>\n<li class=\"a-spacing-mini\"><span class=\"a-list-item\">\u3010V\u00f5tke omaks kokandusmaagia rakendusega Chefree\u3011 Laadige alla meie Chefree rakendus juba t\u00e4na! Vabastage inspiratsioonimaailm 100+ tasuta veebiretsepti, hooajaliste naudingute ja ekspertide n\u00f5uannetega. \u00d6elge h\u00fcvasti s\u00f6\u00f6giaja monotoonsusega ja v\u00f5tke omaks piiramatud maitsvad v\u00f5imalused.<\/span><\/li>\n<\/ul>","protected":false},"excerpt":{"rendered":"<div class=\"a-row\">\n<div class=\"a-column a-span6\">\n<h1 class=\"a-size-medium a-spacing-small\">Tehnilised \u00fcksikasjad<\/h1>\n<\/div>\n<\/div>\n<div class=\"a-expander-content a-expander-extend-content\" data-expanded=\"true\">\n<div class=\"a-row a-expander-container a-expander-inline-container\">\n<div class=\"a-expander-content a-expander-section-content a-section-expander-inner\" data-expanded=\"true\">\n<table id=\"productDetails_techSpec_section_1\" class=\"a-keyvalue prodDetTable\" role=\"presentation\">\n<tbody>\n<tr>\n<th class=\"a-color-secondary a-size-base prodDetSectionEntry\">Kaubam\u00e4rk<\/th>\n<td class=\"a-size-base prodDetAttrValue\">TASUTA<\/td>\n<\/tr>\n<tr>\n<th class=\"a-color-secondary a-size-base prodDetSectionEntry\">Mudeli number<\/th>\n<td class=\"a-size-base prodDetAttrValue\">AFW01+<\/td>\n<\/tr>\n<tr>\n<th class=\"a-color-secondary a-size-base prodDetSectionEntry\">V\u00e4rv<\/th>\n<td class=\"a-size-base prodDetAttrValue\">Must<\/td>\n<\/tr>\n<tr>\n<th class=\"a-color-secondary a-size-base prodDetSectionEntry\">Toote m\u00f5\u00f5tmed<\/th>\n<td class=\"a-size-base prodDetAttrValue\">32,8 x 22,7 x 28,7 cm; 4,3 kg<\/td>\n<\/tr>\n<tr>\n<th class=\"a-color-secondary a-size-base prodDetSectionEntry\">Mahutavus<\/th>\n<td class=\"a-size-base prodDetAttrValue\">5 liitrit<\/td>\n<\/tr>\n<tr>\n<th class=\"a-color-secondary a-size-base prodDetSectionEntry\">V\u00f5imsus \/ vatt<\/th>\n<td class=\"a-size-base prodDetAttrValue\">1500 vatti<\/td>\n<\/tr>\n<tr>\n<th class=\"a-color-secondary a-size-base prodDetSectionEntry\">Pinge<\/th>\n<td class=\"a-size-base prodDetAttrValue\">220 volti<\/td>\n<\/tr>\n<tr>\n<th class=\"a-color-secondary a-size-base prodDetSectionEntry\">Materjal<\/th>\n<td class=\"a-size-base prodDetAttrValue\">Alumiinium, plast<\/td>\n<\/tr>\n<tr>\n<th class=\"a-color-secondary a-size-base prodDetSectionEntry\">Automaatne v\u00e4ljal\u00fclitus<\/th>\n<td class=\"a-size-base prodDetAttrValue\">jah<\/td>\n<\/tr>\n<tr>\n<th class=\"a-color-secondary a-size-base prodDetSectionEntry\">M\u00fcra tase<\/th>\n<td class=\"a-size-base prodDetAttrValue\">55 dB<\/td>\n<\/tr>\n<tr>\n<th class=\"a-color-secondary a-size-base prodDetSectionEntry\">Eriomadused<\/th>\n<td class=\"a-size-base prodDetAttrValue\">6-\u00fches nutikad programmid, Tervislik \u00f5hufrit\u00fc\u00fcr ja r\u00f6ster, ViewCooki aken, energias\u00e4\u00e4stlik, 5-liitrine peresuurune, kuid kompaktne<\/td>\n<\/tr>\n<tr>\n<th class=\"a-color-secondary a-size-base prodDetSectionEntry\">Kauba kaal<\/th>\n<td class=\"a-size-base prodDetAttrValue\">4,3 kg<\/td>\n<\/tr>\n<\/tbody>\n<\/table>\n<\/div>\n<\/div>\n<\/div>","protected":false},"featured_media":6343,"comment_status":"open","ping_status":"closed","template":"","meta":{"_monsterinsights_skip_tracking":false,"_monsterinsights_sitenote_active":false,"_monsterinsights_sitenote_note":"","_monsterinsights_sitenote_category":0,"jetpack_publicize_message":"","jetpack_publicize_feature_enabled":true,"jetpack_social_post_already_shared":false,"jetpack_social_options":{"image_generator_settings":{"template":"highway","default_image_id":0,"font":"","enabled":false},"version":2}},"product_brand":[],"product_cat":[71],"product_tag":[],"class_list":{"0":"post-6339","1":"product","2":"type-product","3":"status-publish","4":"has-post-thumbnail","6":"product_cat-airfryers","8":"first","9":"instock","10":"sale","11":"shipping-taxable","12":"purchasable","13":"product-type-simple"},"aioseo_notices":[],"jetpack_publicize_connections":[],"jetpack_sharing_enabled":true,"_links":{"self":[{"href":"https:\/\/amazingmarket.ee\/et\/wp-json\/wp\/v2\/product\/6339","targetHints":{"allow":["GET"]}}],"collection":[{"href":"https:\/\/amazingmarket.ee\/et\/wp-json\/wp\/v2\/product"}],"about":[{"href":"https:\/\/amazingmarket.ee\/et\/wp-json\/wp\/v2\/types\/product"}],"replies":[{"embeddable":true,"href":"https:\/\/amazingmarket.ee\/et\/wp-json\/wp\/v2\/comments?post=6339"}],"wp:featuredmedia":[{"embeddable":true,"href":"https:\/\/amazingmarket.ee\/et\/wp-json\/wp\/v2\/media\/6343"}],"wp:attachment":[{"href":"https:\/\/amazingmarket.ee\/et\/wp-json\/wp\/v2\/media?parent=6339"}],"wp:term":[{"taxonomy":"product_brand","embeddable":true,"href":"https:\/\/amazingmarket.ee\/et\/wp-json\/wp\/v2\/product_brand?post=6339"},{"taxonomy":"product_cat","embeddable":true,"href":"https:\/\/amazingmarket.ee\/et\/wp-json\/wp\/v2\/product_cat?post=6339"},{"taxonomy":"product_tag","embeddable":true,"href":"https:\/\/amazingmarket.ee\/et\/wp-json\/wp\/v2\/product_tag?post=6339"}],"curies":[{"name":"wp","href":"https:\/\/api.w.org\/{rel}","templated":true}]}}