{"id":6307,"date":"2024-10-21T15:19:26","date_gmt":"2024-10-21T13:19:26","guid":{"rendered":"https:\/\/amazingmarket.ee\/?post_type=product&#038;p=6307"},"modified":"2026-03-14T11:15:27","modified_gmt":"2026-03-14T09:15:27","slug":"lg-microwave-with-grill-lg-mh6535gib","status":"publish","type":"product","link":"https:\/\/amazingmarket.ee\/et\/toode\/lg-microwave-with-grill-lg-mh6535gib\/","title":{"rendered":"LG \u2013 grilliga mikrolaineahi LG MH6535GIB"},"content":{"rendered":"<h1><span style=\"color: #000000;\"><strong>NATUKE KASUTATUD, HEAS KORRAS ON M\u00d5NED KRIIMUD JA V\u00c4IKESED M\u00d5LKID<\/strong><\/span><\/h1>\n<h1 class=\"a-size-base-plus a-text-bold\">Selle \u00fcksuse kohta<\/h1>\n<ul class=\"a-unordered-list a-vertical a-spacing-mini\">\n<li class=\"a-spacing-mini\"><span class=\"a-list-item\">Nutikas invertertehnoloogia: k\u00fcpsetab, soojendab ja sulatab \u00fchtlaselt<\/span><\/li>\n<li class=\"a-spacing-mini\"><span class=\"a-list-item\">2-in-1 mikrolaineahi grilliga (mikrolaineahi ja grill); 1000 W mikrolaineahi, 900 W grill, 1450 W mikro+grill<\/span><\/li>\n<li class=\"a-spacing-mini\"><span class=\"a-list-item\">Mahutavus 25 liitrit ja siseplaat l\u00e4bim\u00f5\u00f5duga 29,2 cm; optimaalne sisemaht standardm\u00f5\u00f5tudel t\u00e4nu oma erilisele kompaktsele disainile<\/span><\/li>\n<li class=\"a-spacing-mini\"><span class=\"a-list-item\">Mitmed toiduvalmistamise viisid ja automaatsed men\u00fc\u00fcd<\/span><\/li>\n<li class=\"a-spacing-mini\"><span class=\"a-list-item\">K\u00fcpseta kuni 1,6 korda kiiremini, s\u00e4\u00e4stes kuni 28% elektrit<\/span><\/li>\n<li class=\"a-spacing-mini\"><span class=\"a-list-item\">S\u00e4ilitab teie roogade maitse ja toitained, v\u00e4ltides rakkude h\u00e4vimist<\/span><\/li>\n<li class=\"a-spacing-mini\"><span class=\"a-list-item\">Hea h\u00fcgieen ja lihtne sisepuhastus<\/span><\/li>\n<\/ul>","protected":false},"excerpt":{"rendered":"<div class=\"a-row\">\n<div class=\"a-column a-span6\">\n<h1 class=\"a-size-medium a-spacing-small\">Technical Details<\/h1>\n<\/div>\n<\/div>\n<div class=\"a-expander-content a-expander-extend-content\" data-expanded=\"true\">\n<div class=\"a-row a-expander-container a-expander-inline-container\">\n<div class=\"a-expander-content a-expander-section-content a-section-expander-inner\" data-expanded=\"true\">\n<table id=\"productDetails_techSpec_section_1\" class=\"a-keyvalue prodDetTable\" role=\"presentation\">\n<tbody>\n<tr>\n<th class=\"a-color-secondary a-size-base prodDetSectionEntry\">Brand<\/th>\n<td class=\"a-size-base prodDetAttrValue\">\u200eLG<\/td>\n<\/tr>\n<tr>\n<th class=\"a-color-secondary a-size-base prodDetSectionEntry\">Model<\/th>\n<td class=\"a-size-base prodDetAttrValue\">\u200eMH6535GIB<\/td>\n<\/tr>\n<tr>\n<th class=\"a-color-secondary a-size-base prodDetSectionEntry\">Product Dimensions<\/th>\n<td class=\"a-size-base prodDetAttrValue\">\u200e54.7 x 41.9 x 29.6 cm; 9.8 kg<\/td>\n<\/tr>\n<tr>\n<th class=\"a-color-secondary a-size-base prodDetSectionEntry\">Energy Consumption<\/th>\n<td class=\"a-size-base prodDetAttrValue\">\u200e1000 Watts<\/td>\n<\/tr>\n<tr>\n<th class=\"a-color-secondary a-size-base prodDetSectionEntry\">Capacity<\/th>\n<td class=\"a-size-base prodDetAttrValue\">\u200e25 litres<\/td>\n<\/tr>\n<tr>\n<th class=\"a-color-secondary a-size-base prodDetSectionEntry\">Installation Type<\/th>\n<td class=\"a-size-base prodDetAttrValue\">\u200eFreestanding<\/td>\n<\/tr>\n<tr>\n<th class=\"a-color-secondary a-size-base prodDetSectionEntry\">Part Number<\/th>\n<td class=\"a-size-base prodDetAttrValue\">\u200eMH6535GIB.BBKQEUS<\/td>\n<\/tr>\n<tr>\n<th class=\"a-color-secondary a-size-base prodDetSectionEntry\">Special Features<\/th>\n<td class=\"a-size-base prodDetAttrValue\">\u200eTimer<\/td>\n<\/tr>\n<tr>\n<th class=\"a-color-secondary a-size-base prodDetSectionEntry\">Heating Method<\/th>\n<td class=\"a-size-base prodDetAttrValue\">\u200eMicrowave, Grill<\/td>\n<\/tr>\n<tr>\n<th class=\"a-color-secondary a-size-base prodDetSectionEntry\">Colour<\/th>\n<td class=\"a-size-base prodDetAttrValue\">\u200eBlack<\/td>\n<\/tr>\n<tr>\n<th class=\"a-color-secondary a-size-base prodDetSectionEntry\">Voltage<\/th>\n<td class=\"a-size-base prodDetAttrValue\">\u200e2.3E+2 Volts (AC)<\/td>\n<\/tr>\n<tr>\n<th class=\"a-color-secondary a-size-base prodDetSectionEntry\">Wattage<\/th>\n<td class=\"a-size-base prodDetAttrValue\">\u200e1000 watts<\/td>\n<\/tr>\n<tr>\n<th class=\"a-color-secondary a-size-base prodDetSectionEntry\">Defrost System<\/th>\n<td class=\"a-size-base prodDetAttrValue\">\u200eDefrost<\/td>\n<\/tr>\n<tr>\n<th class=\"a-color-secondary a-size-base prodDetSectionEntry\">Door Orientation<\/th>\n<td class=\"a-size-base prodDetAttrValue\">\u200eLeft<\/td>\n<\/tr>\n<tr>\n<th class=\"a-color-secondary a-size-base prodDetSectionEntry\">Material Type<\/th>\n<td class=\"a-size-base prodDetAttrValue\">\u200eGlass Stainless Steel<\/td>\n<\/tr>\n<tr>\n<th class=\"a-color-secondary a-size-base prodDetSectionEntry\">Inner Material Type<\/th>\n<td class=\"a-size-base prodDetAttrValue\">\u200e[Assumed] Stainless Steel<\/td>\n<\/tr>\n<tr>\n<th class=\"a-color-secondary a-size-base prodDetSectionEntry\">Included Components<\/th>\n<td class=\"a-size-base prodDetAttrValue\">\u200eGrill<\/td>\n<\/tr>\n<tr>\n<th class=\"a-color-secondary a-size-base prodDetSectionEntry\">Batteries included?<\/th>\n<td class=\"a-size-base prodDetAttrValue\">\u200eNo<\/td>\n<\/tr>\n<tr>\n<th class=\"a-color-secondary a-size-base prodDetSectionEntry\">Batteries Required?<\/th>\n<td class=\"a-size-base prodDetAttrValue\">\u200eNo<\/td>\n<\/tr>\n<tr>\n<th class=\"a-color-secondary a-size-base prodDetSectionEntry\">Item Weight<\/th>\n<td class=\"a-size-base prodDetAttrValue\">\u200e9.8 kg<\/td>\n<\/tr>\n<\/tbody>\n<\/table>\n<\/div>\n<\/div>\n<\/div>\n","protected":false},"featured_media":6313,"comment_status":"open","ping_status":"closed","template":"","meta":{"_monsterinsights_skip_tracking":false,"_monsterinsights_sitenote_active":false,"_monsterinsights_sitenote_note":"","_monsterinsights_sitenote_category":0,"jetpack_publicize_message":"","jetpack_publicize_feature_enabled":true,"jetpack_social_post_already_shared":false,"jetpack_social_options":{"image_generator_settings":{"template":"highway","default_image_id":0,"font":"","enabled":false},"version":2}},"product_brand":[],"product_cat":[72],"product_tag":[],"class_list":{"0":"post-6307","1":"product","2":"type-product","3":"status-publish","4":"has-post-thumbnail","6":"product_cat-microwave-ovens","8":"first","9":"instock","10":"sale","11":"shipping-taxable","12":"purchasable","13":"product-type-simple"},"aioseo_notices":[],"jetpack_publicize_connections":[],"jetpack_sharing_enabled":true,"_links":{"self":[{"href":"https:\/\/amazingmarket.ee\/et\/wp-json\/wp\/v2\/product\/6307","targetHints":{"allow":["GET"]}}],"collection":[{"href":"https:\/\/amazingmarket.ee\/et\/wp-json\/wp\/v2\/product"}],"about":[{"href":"https:\/\/amazingmarket.ee\/et\/wp-json\/wp\/v2\/types\/product"}],"replies":[{"embeddable":true,"href":"https:\/\/amazingmarket.ee\/et\/wp-json\/wp\/v2\/comments?post=6307"}],"wp:featuredmedia":[{"embeddable":true,"href":"https:\/\/amazingmarket.ee\/et\/wp-json\/wp\/v2\/media\/6313"}],"wp:attachment":[{"href":"https:\/\/amazingmarket.ee\/et\/wp-json\/wp\/v2\/media?parent=6307"}],"wp:term":[{"taxonomy":"product_brand","embeddable":true,"href":"https:\/\/amazingmarket.ee\/et\/wp-json\/wp\/v2\/product_brand?post=6307"},{"taxonomy":"product_cat","embeddable":true,"href":"https:\/\/amazingmarket.ee\/et\/wp-json\/wp\/v2\/product_cat?post=6307"},{"taxonomy":"product_tag","embeddable":true,"href":"https:\/\/amazingmarket.ee\/et\/wp-json\/wp\/v2\/product_tag?post=6307"}],"curies":[{"name":"wp","href":"https:\/\/api.w.org\/{rel}","templated":true}]}}