{"id":6278,"date":"2024-10-21T14:28:25","date_gmt":"2024-10-21T12:28:25","guid":{"rendered":"https:\/\/amazingmarket.ee\/?post_type=product&#038;p=6278"},"modified":"2026-03-14T11:15:27","modified_gmt":"2026-03-14T09:15:27","slug":"tesvor-s4-robot-vacuum-cleaner","status":"publish","type":"product","link":"https:\/\/amazingmarket.ee\/et\/toode\/tesvor-s4-robot-vacuum-cleaner\/","title":{"rendered":"Tesvor S4 robottolmuimeja"},"content":{"rendered":"<pre id=\"tw-target-text\" class=\"tw-data-text tw-text-large tw-ta\" dir=\"ltr\" data-placeholder=\"\u041f\u0435\u0440\u0435\u0432\u043e\u0434\" data-ved=\"2ahUKEwi23_iVu5-JAxUpQlUIHYvbIf4Q3ewLegQIBhAU\" aria-label=\"\u041f\u0435\u0440\u0435\u0432\u0435\u0434\u0435\u043d\u043d\u044b\u0439 \u0442\u0435\u043a\u0441\u0442: kasutatud ilma karbita, korpusel pragu tolmu eest\"><span class=\"Y2IQFc\" lang=\"en\" style=\"font-size: 130%;\">kasutatud ilma karbita, korpusel pragu tolmu eest<\/span><\/pre>\n<h1 class=\"a-size-base-plus a-text-bold\">Selle \u00fcksuse kohta<\/h1>\n<ul class=\"a-unordered-list a-vertical a-spacing-mini\">\n<li class=\"a-spacing-mini\"><span class=\"a-list-item\">V\u00c4GA T\u00c4IENDATUD LIDAR-LASER-navigatsioon: Tesvor S4 sisaldab k\u00f5rgtehnoloogilist LiDAR lasernavigatsioonis\u00fcsteemi, mis v\u00f5imaldab luua virtuaalseid kaarte, v\u00e4ltida takistusi ja liikuda majas suurema t\u00e4psusega, planeerides palju spetsiifilisemat ja isikup\u00e4rasemat marsruuti. Tesvor S4 abil saate luua ja salvestada kuni 5 kaarti.<\/span><\/li>\n<li class=\"a-spacing-mini\"><span class=\"a-list-item\">MITME FUNKTSIOONI Tesvor S4 robottolmuimejal on mitmeid funktsioone, n\u00e4iteks virtuaalsete seinte loomine, et v\u00e4ltida roboti l\u00e4bimist aladest, mida me ei soovi, et ta puhastaks; keelualade loomine, et m\u00e4rkida, millistel aladel soovime koristamist piirata; ja puhastusalade valimine.<\/span><\/li>\n<li class=\"a-spacing-mini\"><span class=\"a-list-item\">Automaatne naasmine laadimisalusele: Tesvor S4 naaseb automaatselt laadimisalusele, kui aku saab t\u00fchjaks, j\u00e4tkates puhastamist, kui see on t\u00e4ielikult laetud. Nii on puhastamine palju terviklikum ja autonoomsem.<\/span><\/li>\n<li class=\"a-spacing-mini\"><span class=\"a-list-item\">SISALDAB RAKENDUST JA \u00dcHILDAB Alexa &amp; Google Home&#039;iga: Tesvor S4 robottolmuimejal on kaugjuhtimisv\u00f5imalus APP-i v\u00f5i h\u00e4\u00e4le kaudu, kuna see \u00fchildub Alexa ja Google Home&#039;iga.<\/span><\/li>\n<\/ul>","protected":false},"excerpt":{"rendered":"<div class=\"a-row\">\n<div class=\"a-column a-span6\">\n<h1 class=\"a-size-medium a-spacing-small\">Tehnilised \u00fcksikasjad<\/h1>\n<\/div>\n<\/div>\n<div class=\"a-expander-content a-expander-extend-content\" data-expanded=\"true\">\n<div class=\"a-row a-expander-container a-expander-inline-container\">\n<div class=\"a-expander-content a-expander-section-content a-section-expander-inner\" data-expanded=\"true\">\n<table id=\"productDetails_techSpec_section_1\" class=\"a-keyvalue prodDetTable\" role=\"presentation\">\n<tbody>\n<tr>\n<th class=\"a-color-secondary a-size-base prodDetSectionEntry\">Kaubam\u00e4rk<\/th>\n<td class=\"a-size-base prodDetAttrValue\">Tesvor<\/td>\n<\/tr>\n<tr>\n<th class=\"a-color-secondary a-size-base prodDetSectionEntry\">Mudeli number<\/th>\n<td class=\"a-size-base prodDetAttrValue\">Tesvor S4<\/td>\n<\/tr>\n<tr>\n<th class=\"a-color-secondary a-size-base prodDetSectionEntry\">V\u00e4rv<\/th>\n<td class=\"a-size-base prodDetAttrValue\">Sideerhall<\/td>\n<\/tr>\n<tr>\n<th class=\"a-color-secondary a-size-base prodDetSectionEntry\">Toote m\u00f5\u00f5tmed<\/th>\n<td class=\"a-size-base prodDetAttrValue\">\u200e44,8 x 34,8 x 14,8 cm; 3,5 kg<\/td>\n<\/tr>\n<tr>\n<th class=\"a-color-secondary a-size-base prodDetSectionEntry\">Mahutavus<\/th>\n<td class=\"a-size-base prodDetAttrValue\">0,6 liitrit<\/td>\n<\/tr>\n<tr>\n<th class=\"a-color-secondary a-size-base prodDetSectionEntry\">Automaatne v\u00e4ljal\u00fclitus<\/th>\n<td class=\"a-size-base prodDetAttrValue\">jah<\/td>\n<\/tr>\n<tr>\n<th class=\"a-color-secondary a-size-base prodDetSectionEntry\">M\u00fcra tase<\/th>\n<td class=\"a-size-base prodDetAttrValue\">55 dB<\/td>\n<\/tr>\n<tr>\n<th class=\"a-color-secondary a-size-base prodDetSectionEntry\">Kestus<\/th>\n<td class=\"a-size-base prodDetAttrValue\">2 tundi<\/td>\n<\/tr>\n<tr>\n<th class=\"a-color-secondary a-size-base prodDetSectionEntry\">\u00dchilduvad mudelid<\/th>\n<td class=\"a-size-base prodDetAttrValue\">Amazon Echo, Google Home<\/td>\n<\/tr>\n<tr>\n<th class=\"a-color-secondary a-size-base prodDetSectionEntry\">Eriomadused<\/th>\n<td class=\"a-size-base prodDetAttrValue\">Programmeeritav<\/td>\n<\/tr>\n<tr>\n<th class=\"a-color-secondary a-size-base prodDetSectionEntry\">Kauba kaal<\/th>\n<td class=\"a-size-base prodDetAttrValue\">3,5 kilogrammi<\/td>\n<\/tr>\n<tr>\n<th class=\"a-color-secondary a-size-base prodDetSectionEntry\">Varuosade saadavuse kestus<\/th>\n<td class=\"a-size-base prodDetAttrValue\">Teave varuosade kohta pole saadaval ega pakutud<\/td>\n<\/tr>\n<\/tbody>\n<\/table>\n<\/div>\n<\/div>\n<\/div>","protected":false},"featured_media":6283,"comment_status":"open","ping_status":"closed","template":"","meta":{"_monsterinsights_skip_tracking":false,"_monsterinsights_sitenote_active":false,"_monsterinsights_sitenote_note":"","_monsterinsights_sitenote_category":0,"jetpack_publicize_message":"","jetpack_publicize_feature_enabled":true,"jetpack_social_post_already_shared":false,"jetpack_social_options":{"image_generator_settings":{"template":"highway","default_image_id":0,"font":"","enabled":false},"version":2}},"product_brand":[],"product_cat":[80],"product_tag":[],"class_list":{"0":"post-6278","1":"product","2":"type-product","3":"status-publish","4":"has-post-thumbnail","6":"product_cat-robot-vacuum-cleaners","8":"first","9":"instock","10":"sale","11":"shipping-taxable","12":"purchasable","13":"product-type-simple"},"aioseo_notices":[],"jetpack_publicize_connections":[],"jetpack_sharing_enabled":true,"_links":{"self":[{"href":"https:\/\/amazingmarket.ee\/et\/wp-json\/wp\/v2\/product\/6278","targetHints":{"allow":["GET"]}}],"collection":[{"href":"https:\/\/amazingmarket.ee\/et\/wp-json\/wp\/v2\/product"}],"about":[{"href":"https:\/\/amazingmarket.ee\/et\/wp-json\/wp\/v2\/types\/product"}],"replies":[{"embeddable":true,"href":"https:\/\/amazingmarket.ee\/et\/wp-json\/wp\/v2\/comments?post=6278"}],"wp:featuredmedia":[{"embeddable":true,"href":"https:\/\/amazingmarket.ee\/et\/wp-json\/wp\/v2\/media\/6283"}],"wp:attachment":[{"href":"https:\/\/amazingmarket.ee\/et\/wp-json\/wp\/v2\/media?parent=6278"}],"wp:term":[{"taxonomy":"product_brand","embeddable":true,"href":"https:\/\/amazingmarket.ee\/et\/wp-json\/wp\/v2\/product_brand?post=6278"},{"taxonomy":"product_cat","embeddable":true,"href":"https:\/\/amazingmarket.ee\/et\/wp-json\/wp\/v2\/product_cat?post=6278"},{"taxonomy":"product_tag","embeddable":true,"href":"https:\/\/amazingmarket.ee\/et\/wp-json\/wp\/v2\/product_tag?post=6278"}],"curies":[{"name":"wp","href":"https:\/\/api.w.org\/{rel}","templated":true}]}}