{"id":6095,"date":"2024-10-18T19:54:49","date_gmt":"2024-10-18T17:54:49","guid":{"rendered":"https:\/\/amazingmarket.ee\/?post_type=product&#038;p=6095"},"modified":"2026-03-14T11:15:27","modified_gmt":"2026-03-14T09:15:27","slug":"brother-pp1-skitch-free-arm-embroidery-machine-with-urban-threads-voucher-card","status":"publish","type":"product","link":"https:\/\/amazingmarket.ee\/et\/toode\/brother-pp1-skitch-free-arm-embroidery-machine-with-urban-threads-voucher-card\/","title":{"rendered":"Brother PP1 Skitch vabak\u00e4eline tikkimismasin koos Urban Threads vaut\u0161erikaardiga"},"content":{"rendered":"<div id=\"featurebullets_feature_div\" class=\"celwidget\" data-feature-name=\"featurebullets\" data-csa-c-type=\"widget\" data-csa-c-content-id=\"featurebullets\" data-csa-c-slot-id=\"featurebullets_feature_div\" data-csa-c-asin=\"B0CC3116H3\" data-csa-c-is-in-initial-active-row=\"false\" data-csa-c-id=\"dd23cq-gayj1q-cddmkc-ybgqtz\" data-cel-widget=\"featurebullets_feature_div\">\n<div id=\"feature-bullets\" class=\"a-section a-spacing-medium a-spacing-top-small\">\n<h1 class=\"a-size-base-plus a-text-bold\">Selle \u00fcksuse kohta<\/h1>\n<ul class=\"a-unordered-list a-vertical a-spacing-mini\">\n<li class=\"a-spacing-mini\"><span class=\"a-list-item\">ARTSPIRA \u00dcHENDUS: Joonista oma j\u00e4rgmine tikkimisprojekt tasuta ja kohustuslikus Artspira(1) rakenduses ning ole valmis oma j\u00e4rgmisele lahedale projektile lisama n\u00e4puotsaga ennast Skitch PP1 \u00fchen\u00f5elalise Artspira-toega tikkimismasinaga. <\/span><\/li>\n<li class=\"a-spacing-mini\"><span class=\"a-list-item\">N\u00dc\u00dcD ON TIKAND IGALE: Tikkimises uus Skitchi tikkimismasin on suurep\u00e4rane viis oma tikkimisteekonna alustamiseks. Tikkige kuni 10x10 cm mustreid kiirusega kuni 400 spm. <\/span><\/li>\n<li class=\"a-spacing-mini\"><span class=\"a-list-item\">IMPORTI OMA TIKANDIFAILE: Artspira tasuta versiooni kasutajad saavad importida mis tahes PES-, PHC-, PHX- v\u00f5i DST-tikandikujundust ja salvestada Artspirasse kuni 20 kujundust (saate 20 kujundust vastavalt soovile lisada ja eemaldada). <\/span><\/li>\n<li class=\"a-spacing-mini\"><span class=\"a-list-item\">V\u00c4IKE JALAJ\u00c4LG, SUURED IDEED: Skitchi \u00fchen\u00f5elaline tikkimismasin sobib h\u00e4sti igasse ajutise k\u00e4sit\u00f6\u00f6ruumi ja on alati valmis teie j\u00e4rgmise suurep\u00e4rase idee jaoks. <\/span><\/li>\n<li class=\"a-spacing-mini\"><span class=\"a-list-item\">VALMISRIIDED ISE TEHTUD: V\u00f5ta poest ostetud esemed, n\u00e4iteks teksad, r\u00e4tikud ja tekid, ning tikki need ise oma isikliku tikandistiiliga, t\u00e4nu Artspirale ja Skitchi \u00fchen\u00f5elalise tikkimismasinale. <\/span><\/li>\n<li class=\"a-spacing-mini\"><span class=\"a-list-item\">Skitch on ainult tikkimiseks m\u00f5eldud masin ja ei t\u00f6\u00f6ta traditsioonilise \u00f5mblusmasinana. See toode on m\u00f5eldud kasutamiseks ainult USA-s 120 voldi pingega ja igasugune muu kasutus v\u00f5i m\u00fc\u00fck t\u00fchistab garantii. <\/span><\/li>\n<\/ul>\n<\/div>\n<\/div>\n<div id=\"provenanceCertifications_feature_div\" class=\"celwidget\" data-feature-name=\"provenanceCertifications\" data-csa-c-type=\"widget\" data-csa-c-content-id=\"provenanceCertifications\" data-csa-c-slot-id=\"provenanceCertifications_feature_div\" data-csa-c-asin=\"B0CC3116H3\" data-csa-c-is-in-initial-active-row=\"false\" data-csa-c-id=\"9ir2ru-2k9sb2-n1swlm-yi1drs\" data-cel-widget=\"provenanceCertifications_feature_div\"><\/div>\n<div id=\"handmadeArtisanCard_feature_div\" class=\"celwidget\" data-feature-name=\"handmadeArtisanCard\" data-csa-c-type=\"widget\" data-csa-c-content-id=\"handmadeArtisanCard\" data-csa-c-slot-id=\"handmadeArtisanCard_feature_div\" data-csa-c-asin=\"B0CC3116H3\" data-csa-c-is-in-initial-active-row=\"false\" data-csa-c-id=\"l5kk6a-et027s-vak8pn-hip28g\" data-cel-widget=\"handmadeArtisanCard_feature_div\"><\/div>\n<div id=\"billOfMaterial_feature_div\" class=\"celwidget\" data-feature-name=\"billOfMaterial\" data-csa-c-type=\"widget\" data-csa-c-content-id=\"billOfMaterial\" data-csa-c-slot-id=\"billOfMaterial_feature_div\" data-csa-c-asin=\"B0CC3116H3\" data-csa-c-is-in-initial-active-row=\"false\" data-csa-c-id=\"gsphgr-1db5t8-5p01ce-spltgf\" data-cel-widget=\"billOfMaterial_feature_div\"><\/div>\n<div id=\"customerReviewsAttribute_feature_div\" class=\"celwidget\" data-feature-name=\"customerReviewsAttribute\" data-csa-c-type=\"widget\" data-csa-c-content-id=\"customerReviewsAttribute\" data-csa-c-slot-id=\"customerReviewsAttribute_feature_div\" data-csa-c-asin=\"B0CC3116H3\" data-csa-c-is-in-initial-active-row=\"false\" data-csa-c-id=\"dy2s6y-xzuuou-pbvat9-cbsbwg\" data-cel-widget=\"customerReviewsAttribute_feature_div\"><\/div>\n<div id=\"globalStoreInfoBullets_feature_div\" class=\"celwidget\" data-feature-name=\"globalStoreInfoBullets\" data-csa-c-type=\"widget\" data-csa-c-content-id=\"globalStoreInfoBullets\" data-csa-c-slot-id=\"globalStoreInfoBullets_feature_div\" data-csa-c-asin=\"B0CC3116H3\" data-csa-c-is-in-initial-active-row=\"false\" data-csa-c-id=\"ld5vpq-16lzdo-9nftc8-21yz1t\" data-cel-widget=\"globalStoreInfoBullets_feature_div\"><\/div>\n<div id=\"HLCXComparisonJumplink_feature_div\"><\/div>\n<div id=\"addOnItem_feature_div\" class=\"celwidget\" data-feature-name=\"addOnItem\" data-csa-c-type=\"widget\" data-csa-c-content-id=\"addOnItem\" data-csa-c-slot-id=\"addOnItem_feature_div\" data-csa-c-asin=\"B0CC3116H3\" data-csa-c-is-in-initial-active-row=\"false\" data-csa-c-id=\"v7jggp-4j33qn-dnrviu-tfja2s\" data-cel-widget=\"addOnItem_feature_div\"><\/div>\n<div id=\"giftcard-holiday-availability-messaging_feature_div\" class=\"celwidget\" data-feature-name=\"giftCardHolidayAvailabilityMessaging\" data-csa-c-type=\"widget\" data-csa-c-content-id=\"giftCardHolidayAvailabilityMessaging\" data-csa-c-slot-id=\"giftcard-holiday-availability-messaging_feature_div\" data-csa-c-asin=\"B0CC3116H3\" data-csa-c-is-in-initial-active-row=\"false\" data-csa-c-id=\"f7eugo-ouzjfs-7r5pps-cp8xsu\" data-cel-widget=\"giftcard-holiday-availability-messaging_feature_div\"><\/div>\n<div id=\"andonCord_feature_div\" class=\"celwidget\" data-feature-name=\"andonCord\" data-csa-c-type=\"widget\" data-csa-c-content-id=\"andonCord\" data-csa-c-slot-id=\"andonCord_feature_div\" data-csa-c-asin=\"B0CC3116H3\" data-csa-c-is-in-initial-active-row=\"false\" data-csa-c-id=\"rcowle-bitmo7-jhu16b-7j205c\" data-cel-widget=\"andonCord_feature_div\"><\/div>\n<div id=\"olp_feature_div\" class=\"celwidget\" data-feature-name=\"olp\" data-csa-c-type=\"widget\" data-csa-c-content-id=\"olp\" data-csa-c-slot-id=\"olp_feature_div\" data-csa-c-asin=\"B0CC3116H3\" data-csa-c-is-in-initial-active-row=\"false\" data-csa-c-id=\"sb2325-ah81o3-35u1dr-5k91aa\" data-cel-widget=\"olp_feature_div\">\n<div id=\"all-offers-display\" class=\"a-section\"><\/div>\n<\/div>\n<div id=\"buyingOptionNostosBadge_feature_div\" class=\"celwidget\" data-feature-name=\"buyingOptionNostosBadge\" data-csa-c-type=\"widget\" data-csa-c-content-id=\"buyingOptionNostosBadge\" data-csa-c-slot-id=\"buyingOptionNostosBadge_feature_div\" data-csa-c-asin=\"B0CC3116H3\" data-csa-c-is-in-initial-active-row=\"false\" data-csa-c-id=\"ow1av1-7n2kxx-rgkafa-1dw80g\" data-cel-widget=\"buyingOptionNostosBadge_feature_div\"><\/div>\n<div id=\"tellAmazon_feature_div\" class=\"celwidget\" data-feature-name=\"tellAmazon\" data-csa-c-type=\"widget\" data-csa-c-content-id=\"tellAmazon\" data-csa-c-slot-id=\"tellAmazon_feature_div\" data-csa-c-asin=\"B0CC3116H3\" data-csa-c-is-in-initial-active-row=\"false\" data-csa-c-id=\"z6lgtb-hxedza-4w5d0h-cb2dmm\" data-cel-widget=\"tellAmazon_feature_div\">\n<div class=\"celwidget c-f\" data-csa-op-log-render=\"\" data-csa-c-content-id=\"DsUnknown\" data-csa-c-slot-id=\"DsUnknown-3\" data-csa-c-type=\"widget\" data-csa-c-painter=\"tell-amazon-desktop-cards\" data-csa-c-id=\"ngkt77-jslrkm-9w5ax7-wwriw6\" data-cel-widget=\"tell-amazon-desktop_DetailPage_2\">\n<div id=\"CardInstancej_lsIKASf8UPgtIsErC5Ag\" data-card-metrics-id=\"tell-amazon-desktop_DetailPage_2\" data-acp-tracking=\"{}\" data-mix-claimed=\"true\"><\/div>\n<\/div>\n<\/div>","protected":false},"excerpt":{"rendered":"<div class=\"a-column a-span6\">\n<div class=\"a-row a-spacing-base\">\n<div class=\"a-row a-expander-container a-expander-extend-container\">\n<div class=\"a-row\">\n<div class=\"a-column a-span6\">\n<h1 class=\"a-size-medium a-spacing-small\">Tehnilised \u00fcksikasjad<\/h1>\n<\/div>\n<\/div>\n<div class=\"a-expander-content a-expander-extend-content\" data-expanded=\"true\">\n<div class=\"a-row a-expander-container a-expander-inline-container\">\n<div class=\"a-expander-content a-expander-section-content a-section-expander-inner\" data-expanded=\"true\">\n<table id=\"productDetails_techSpec_section_1\" class=\"a-keyvalue prodDetTable\" role=\"presentation\">\n<tbody>\n<tr>\n<th class=\"a-color-secondary a-size-base prodDetSectionEntry\">Kaubam\u00e4rk<\/th>\n<td class=\"a-size-base prodDetAttrValue\">Hobiplotter<\/td>\n<\/tr>\n<tr>\n<th class=\"a-color-secondary a-size-base prodDetSectionEntry\">V\u00e4rv<\/th>\n<td class=\"a-size-base prodDetAttrValue\">Hall<\/td>\n<\/tr>\n<tr>\n<th class=\"a-color-secondary a-size-base prodDetSectionEntry\">Pakendi m\u00f5\u00f5tmed<\/th>\n<td class=\"a-size-base prodDetAttrValue\">51 x 45,6 x 30,2 cm; 11,6 kg<\/td>\n<\/tr>\n<tr>\n<th class=\"a-color-secondary a-size-base prodDetSectionEntry\">Kauba kaal<\/th>\n<td class=\"a-size-base prodDetAttrValue\">11,6 kilogrammi<\/td>\n<\/tr>\n<\/tbody>\n<\/table>\n<\/div>\n<\/div>\n<\/div>\n<\/div>\n<\/div>\n<div class=\"a-row a-spacing-base\"><\/div>\n<\/div>\n<div class=\"a-column a-span6 a-span-last\">\n<div class=\"a-row a-spacing-base\">\n<div id=\"productDetails_db_sections\" class=\"a-section\"><\/div>\n<\/div>\n<\/div>","protected":false},"featured_media":6100,"comment_status":"open","ping_status":"closed","template":"","meta":{"_monsterinsights_skip_tracking":false,"_monsterinsights_sitenote_active":false,"_monsterinsights_sitenote_note":"","_monsterinsights_sitenote_category":0,"jetpack_publicize_message":"","jetpack_publicize_feature_enabled":true,"jetpack_social_post_already_shared":false,"jetpack_social_options":{"image_generator_settings":{"template":"highway","default_image_id":0,"font":"","enabled":false},"version":2}},"product_brand":[],"product_cat":[180],"product_tag":[],"class_list":{"0":"post-6095","1":"product","2":"type-product","3":"status-publish","4":"has-post-thumbnail","6":"product_cat-sewing-machine","8":"first","9":"instock","10":"sale","11":"shipping-taxable","12":"purchasable","13":"product-type-simple"},"aioseo_notices":[],"jetpack_publicize_connections":[],"jetpack_sharing_enabled":true,"_links":{"self":[{"href":"https:\/\/amazingmarket.ee\/et\/wp-json\/wp\/v2\/product\/6095","targetHints":{"allow":["GET"]}}],"collection":[{"href":"https:\/\/amazingmarket.ee\/et\/wp-json\/wp\/v2\/product"}],"about":[{"href":"https:\/\/amazingmarket.ee\/et\/wp-json\/wp\/v2\/types\/product"}],"replies":[{"embeddable":true,"href":"https:\/\/amazingmarket.ee\/et\/wp-json\/wp\/v2\/comments?post=6095"}],"wp:featuredmedia":[{"embeddable":true,"href":"https:\/\/amazingmarket.ee\/et\/wp-json\/wp\/v2\/media\/6100"}],"wp:attachment":[{"href":"https:\/\/amazingmarket.ee\/et\/wp-json\/wp\/v2\/media?parent=6095"}],"wp:term":[{"taxonomy":"product_brand","embeddable":true,"href":"https:\/\/amazingmarket.ee\/et\/wp-json\/wp\/v2\/product_brand?post=6095"},{"taxonomy":"product_cat","embeddable":true,"href":"https:\/\/amazingmarket.ee\/et\/wp-json\/wp\/v2\/product_cat?post=6095"},{"taxonomy":"product_tag","embeddable":true,"href":"https:\/\/amazingmarket.ee\/et\/wp-json\/wp\/v2\/product_tag?post=6095"}],"curies":[{"name":"wp","href":"https:\/\/api.w.org\/{rel}","templated":true}]}}