{"id":5892,"date":"2024-10-16T19:47:45","date_gmt":"2024-10-16T17:47:45","guid":{"rendered":"https:\/\/amazingmarket.ee\/?post_type=product&#038;p=5892"},"modified":"2026-03-14T11:15:27","modified_gmt":"2026-03-14T09:15:27","slug":"hamilton-beach-coffee-machine-49980a-ce","status":"publish","type":"product","link":"https:\/\/amazingmarket.ee\/et\/toode\/hamilton-beach-coffee-machine-49980a-ce\/","title":{"rendered":"Hamilton Beachi kohvimasin 49980A-CE"},"content":{"rendered":"<h1 class=\"a-size-base-plus a-text-bold\">Selle \u00fcksuse kohta<\/h1>\n<pre id=\"tw-target-text\" class=\"tw-data-text tw-text-large tw-ta\" dir=\"ltr\" data-placeholder=\"\u041f\u0435\u0440\u0435\u0432\u043e\u0434\" data-ved=\"2ahUKEwi3p-SHuJOJAxWpIRAIHT59FUIQ3ewLegQIBxAU\" aria-label=\"\u041f\u0435\u0440\u0435\u0432\u0435\u0434\u0435\u043d\u043d\u044b\u0439 \u0442\u0435\u043a\u0441\u0442: esineb kasutusj\u00e4lgi\"><span style=\"font-size: 150%;\"><strong><span class=\"Y2IQFc\" lang=\"en\">  esineb kasutusj\u00e4lgi<\/span><\/strong><\/span><\/pre>\n<ul class=\"a-unordered-list a-vertical a-spacing-mini\">\n<li class=\"a-spacing-mini\"><span class=\"a-list-item\">Kahekordne pruulimiss\u00fcsteem; nautige \u00fchte tassi kohvi v\u00f5i otse oma kohvi sees kruusiks\/reisikruusiks v\u00f5i tervet kohvikanni kuni 12 tassiga <\/span><\/li>\n<li class=\"a-spacing-mini\"><span class=\"a-list-item\">Taimeriga kohvimasin; \u00e4rgata meie programmeeritava taimeriga kuuma tassi kohvi juurde <\/span><\/li>\n<li class=\"a-spacing-mini\"><span class=\"a-list-item\">Kohvimasin on varustatud v\u00e4ljal\u00fclitusfunktsiooniga, mis l\u00fclitab seadme automaatselt v\u00e4lja 40 minuti p\u00e4rast\u2026 hea enesetunde saavutamiseks <\/span><\/li>\n<li class=\"a-spacing-mini\"><span class=\"a-list-item\">intelligentsed funktsioonid; sisaldab kanguse valijat (tavaline v\u00f5i kange kohv), soojendusplaati, tilkumisvastast s\u00fcsteemi, korduvkasutatavat filtrit kahes suuruses ja taimeriga kohvimasinat. <\/span><\/li>\n<li class=\"a-spacing-mini\"><span class=\"a-list-item\">Kohvimasinad ja -masinad; digitaalne juhtimine programmeeritava taimeriga, kvaliteetse klaaskann, millel on hingedega kaan ja mahutavuse m\u00e4rgistus<\/span><\/li>\n<\/ul>","protected":false},"excerpt":{"rendered":"<div class=\"a-column a-span6\">\n<div class=\"a-row a-spacing-base\">\n<div class=\"a-row a-expander-container a-expander-extend-container\">\n<div class=\"a-row\">\n<div class=\"a-column a-span6\">\n<h1 class=\"a-size-medium a-spacing-small\">Tehnilised \u00fcksikasjad<\/h1>\n<\/div>\n<\/div>\n<div class=\"a-expander-content a-expander-extend-content\" data-expanded=\"true\">\n<div class=\"a-row a-expander-container a-expander-inline-container\">\n<div class=\"a-expander-content a-expander-section-content a-section-expander-inner\" data-expanded=\"true\">\n<table id=\"productDetails_techSpec_section_1\" class=\"a-keyvalue prodDetTable\" role=\"presentation\">\n<tbody>\n<tr>\n<th class=\"a-color-secondary a-size-base prodDetSectionEntry\">Kaubam\u00e4rk<\/th>\n<td class=\"a-size-base prodDetAttrValue\">Hamiltoni rand<\/td>\n<\/tr>\n<tr>\n<th class=\"a-color-secondary a-size-base prodDetSectionEntry\">Mudeli number<\/th>\n<td class=\"a-size-base prodDetAttrValue\">49980A-CE<\/td>\n<\/tr>\n<tr>\n<th class=\"a-color-secondary a-size-base prodDetSectionEntry\">V\u00e4rv<\/th>\n<td class=\"a-size-base prodDetAttrValue\">Roostevaba teras must<\/td>\n<\/tr>\n<tr>\n<th class=\"a-color-secondary a-size-base prodDetSectionEntry\">Toote m\u00f5\u00f5tmed<\/th>\n<td class=\"a-size-base prodDetAttrValue\">27 x 32 x 35 cm; 3,3 kg<\/td>\n<\/tr>\n<tr>\n<th class=\"a-color-secondary a-size-base prodDetSectionEntry\">Helitugevus<\/th>\n<td class=\"a-size-base prodDetAttrValue\">1,8 liitrit<\/td>\n<\/tr>\n<tr>\n<th class=\"a-color-secondary a-size-base prodDetSectionEntry\">Pinge<\/th>\n<td class=\"a-size-base prodDetAttrValue\">220<\/td>\n<\/tr>\n<tr>\n<th class=\"a-color-secondary a-size-base prodDetSectionEntry\">Automaatne v\u00e4ljal\u00fclitus<\/th>\n<td class=\"a-size-base prodDetAttrValue\">jah<\/td>\n<\/tr>\n<tr>\n<th class=\"a-color-secondary a-size-base prodDetSectionEntry\">Eriomadused<\/th>\n<td class=\"a-size-base prodDetAttrValue\">Programmeeritav taimer, kaasas 40cl reisikruus<\/td>\n<\/tr>\n<tr>\n<th class=\"a-color-secondary a-size-base prodDetSectionEntry\">Kauba kaal<\/th>\n<td class=\"a-size-base prodDetAttrValue\">3,3 kilogrammi<\/td>\n<\/tr>\n<\/tbody>\n<\/table>\n<\/div>\n<\/div>\n<\/div>\n<\/div>\n<\/div>\n<div class=\"a-row a-spacing-base\"><\/div>\n<\/div>\n<div class=\"a-column a-span6 a-span-last\">\n<div class=\"a-row a-spacing-base\">\n<div id=\"productDetails_db_sections\" class=\"a-section\"><\/div>\n<\/div>\n<\/div>","protected":false},"featured_media":5895,"comment_status":"open","ping_status":"closed","template":"","meta":{"_monsterinsights_skip_tracking":false,"_monsterinsights_sitenote_active":false,"_monsterinsights_sitenote_note":"","_monsterinsights_sitenote_category":0,"jetpack_publicize_message":"","jetpack_publicize_feature_enabled":true,"jetpack_social_post_already_shared":false,"jetpack_social_options":{"image_generator_settings":{"template":"highway","default_image_id":0,"font":"","enabled":false},"version":2}},"product_brand":[],"product_cat":[73],"product_tag":[],"class_list":{"0":"post-5892","1":"product","2":"type-product","3":"status-publish","4":"has-post-thumbnail","6":"product_cat-coffee-machines","8":"first","9":"instock","10":"sale","11":"shipping-taxable","12":"purchasable","13":"product-type-simple"},"aioseo_notices":[],"jetpack_publicize_connections":[],"jetpack_sharing_enabled":true,"_links":{"self":[{"href":"https:\/\/amazingmarket.ee\/et\/wp-json\/wp\/v2\/product\/5892","targetHints":{"allow":["GET"]}}],"collection":[{"href":"https:\/\/amazingmarket.ee\/et\/wp-json\/wp\/v2\/product"}],"about":[{"href":"https:\/\/amazingmarket.ee\/et\/wp-json\/wp\/v2\/types\/product"}],"replies":[{"embeddable":true,"href":"https:\/\/amazingmarket.ee\/et\/wp-json\/wp\/v2\/comments?post=5892"}],"wp:featuredmedia":[{"embeddable":true,"href":"https:\/\/amazingmarket.ee\/et\/wp-json\/wp\/v2\/media\/5895"}],"wp:attachment":[{"href":"https:\/\/amazingmarket.ee\/et\/wp-json\/wp\/v2\/media?parent=5892"}],"wp:term":[{"taxonomy":"product_brand","embeddable":true,"href":"https:\/\/amazingmarket.ee\/et\/wp-json\/wp\/v2\/product_brand?post=5892"},{"taxonomy":"product_cat","embeddable":true,"href":"https:\/\/amazingmarket.ee\/et\/wp-json\/wp\/v2\/product_cat?post=5892"},{"taxonomy":"product_tag","embeddable":true,"href":"https:\/\/amazingmarket.ee\/et\/wp-json\/wp\/v2\/product_tag?post=5892"}],"curies":[{"name":"wp","href":"https:\/\/api.w.org\/{rel}","templated":true}]}}