{"id":5843,"date":"2024-10-16T16:36:53","date_gmt":"2024-10-16T14:36:53","guid":{"rendered":"https:\/\/amazingmarket.ee\/?post_type=product&#038;p=5843"},"modified":"2026-03-14T11:15:27","modified_gmt":"2026-03-14T09:15:27","slug":"eureka-nen300","status":"publish","type":"product","link":"https:\/\/amazingmarket.ee\/et\/toode\/eureka-nen300\/","title":{"rendered":"Eureka NEN300"},"content":{"rendered":"<h1 class=\"a-size-base-plus a-text-bold\">Selle \u00fcksuse kohta<\/h1>\n<pre id=\"tw-target-text\" class=\"tw-data-text tw-text-large tw-ta\" dir=\"ltr\" data-placeholder=\"\u041f\u0435\u0440\u0435\u0432\u043e\u0434\" data-ved=\"2ahUKEwiSmIjJh5OJAxWLLBAIHSXtB9cQ3ewLegQIBxAW\" aria-label=\"\u041f\u0435\u0440\u0435\u0432\u0435\u0434\u0435\u043d\u043d\u044b\u0439 \u0442\u0435\u043a\u0441\u0442: puudub tolmukott ja ei sulgu h\u00e4sti\"><span style=\"font-size: 150%;\"><strong><span class=\"Y2IQFc\" lang=\"en\">  tolmukotti pole ja ei sulgu h\u00e4sti<\/span><\/strong><\/span><\/pre>\n<ul class=\"a-unordered-list a-vertical a-spacing-mini\">\n<li class=\"a-spacing-mini\"><span class=\"a-list-item\">Suur imemisv\u00f5imsus ja vaikne t\u00f6\u00f6: meeldiva helitugevusega 62 dB(A) tasemel MAX. Eureka NEN300 tolmuimeja kotiga 700 vatti p\u00f5hjalikuks puhastamiseks madala energiakuluga. Nelja toitere\u017eiimiga, mida saab reguleerida ekraanil oleva juhtnupu kaudu. <\/span><\/li>\n<li class=\"a-spacing-mini\"><span class=\"a-list-item\">Neli toitere\u017eiimi: toitere\u017eiime saab h\u00f5lpsasti reguleerida ekraanil oleva tolmuimeja juhtnupu abil ja need sobivad erinevate kasutusstseenidega suure, 2-liitrise tolmukoti mahuga. <\/span><\/li>\n<li class=\"a-spacing-mini\"><span class=\"a-list-item\">MUGUSTUS JA MUGAV Eureka NEN300 p\u00f5randatolmuimejal on automaatne juhtme tagasikerimine, et te ei saaks enam sassi sattuda ja s\u00e4\u00e4state oma v\u00e4\u00e4rtuslikku aega. Tolmuimeja kaal vaid 5,9 kg ja mugavaks juhtimiseks on 360\u00b0 p\u00f6\u00f6ratavad mitmes suunas rattad. See v\u00f5imaldab j\u00f5uda suuremale alale. <\/span><\/li>\n<li class=\"a-spacing-mini\"><span class=\"a-list-item\">Pestav HEPA h\u00fcgieenifilter Kotiga tolmuimeja on varustatud h\u00fcgieenilise H13 filtriga, mis tagab ruumi\u00f5hust puhtama v\u00e4ljat\u00f5mbe\u00f5hu. Pestav ja ilma j\u00e4relkuludeta. Ideaalne allergikutele. <\/span><\/li>\n<li class=\"a-spacing-mini\"><span class=\"a-list-item\">Palju tarvikuid: Eureka kaabliga tolmuimejal on integreeritud lisaseadmed, nagu vuugisegu ja polstriotsik, \u00fcmberl\u00fclitatav rullotsik ja reguleeritav teleskooptoru. Teleskooptoru saab eriti mugavalt ja lihtsalt soovitud k\u00f5rgusele reguleerida, t\u00e4nu p\u00f5randaotsikule on tolmuimeja mitmek\u00fclgne ja puhastab vaevata.<\/span><\/li>\n<\/ul>\n<ul class=\"a-unordered-list a-vertical a-spacing-mini\">\n<li class=\"a-spacing-mini\"><span class=\"a-list-item\">Suur imemisv\u00f5imsus ja vaikne t\u00f6\u00f6: meeldiva helitugevusega 62 dB(A) tasemel MAX. Eureka NEN300 tolmuimeja kotiga 700 vatti p\u00f5hjalikuks puhastamiseks madala energiakuluga. Nelja toitere\u017eiimiga, mida saab reguleerida ekraanil oleva juhtnupu kaudu. <\/span><\/li>\n<li class=\"a-spacing-mini\"><span class=\"a-list-item\">Neli toitere\u017eiimi: toitere\u017eiime saab h\u00f5lpsasti reguleerida ekraanil oleva tolmuimeja juhtnupu abil ja need sobivad erinevate kasutusstseenidega suure, 2-liitrise tolmukoti mahuga. <\/span><\/li>\n<li class=\"a-spacing-mini\"><span class=\"a-list-item\">MUGUSTUS JA MUGAV Eureka NEN300 p\u00f5randatolmuimejal on automaatne juhtme tagasikerimine, et te ei saaks enam sassi sattuda ja s\u00e4\u00e4state oma v\u00e4\u00e4rtuslikku aega. Tolmuimeja kaal vaid 5,9 kg ja mugavaks juhtimiseks on 360\u00b0 p\u00f6\u00f6ratavad mitmes suunas rattad. See v\u00f5imaldab j\u00f5uda suuremale alale. <\/span><\/li>\n<li class=\"a-spacing-mini\"><span class=\"a-list-item\">Pestav HEPA h\u00fcgieenifilter Kotiga tolmuimeja on varustatud h\u00fcgieenilise H13 filtriga, mis tagab ruumi\u00f5hust puhtama v\u00e4ljat\u00f5mbe\u00f5hu. Pestav ja ilma j\u00e4relkuludeta. Ideaalne allergikutele. <\/span><\/li>\n<li class=\"a-spacing-mini\"><span class=\"a-list-item\">Palju tarvikuid: Eureka kaabliga tolmuimejal on integreeritud lisaseadmed, nagu vuugisegu ja polstriotsik, \u00fcmberl\u00fclitatav rullotsik ja reguleeritav teleskooptoru. Teleskooptoru saab eriti mugavalt ja lihtsalt soovitud k\u00f5rgusele reguleerida, t\u00e4nu p\u00f5randaotsikule on tolmuimeja mitmek\u00fclgne ja puhastab vaevata.<\/span><\/li>\n<\/ul>","protected":false},"excerpt":{"rendered":"<div class=\"a-row\">\n<div class=\"a-column a-span6\">\n<h1 class=\"a-size-medium a-spacing-small\">Tehnilised \u00fcksikasjad<\/h1>\n<\/div>\n<\/div>\n<div class=\"a-expander-content a-expander-extend-content\" data-expanded=\"true\">\n<div class=\"a-row a-expander-container a-expander-inline-container\">\n<div class=\"a-expander-content a-expander-section-content a-section-expander-inner\" data-expanded=\"true\">\n<table id=\"productDetails_techSpec_section_1\" class=\"a-keyvalue prodDetTable\" role=\"presentation\">\n<tbody>\n<tr>\n<th class=\"a-color-secondary a-size-base prodDetSectionEntry\">Kaubam\u00e4rk<\/th>\n<td class=\"a-size-base prodDetAttrValue\">EUREKA<\/td>\n<\/tr>\n<tr>\n<th class=\"a-color-secondary a-size-base prodDetSectionEntry\">Mudeli number<\/th>\n<td class=\"a-size-base prodDetAttrValue\">NEN300<\/td>\n<\/tr>\n<tr>\n<th class=\"a-color-secondary a-size-base prodDetSectionEntry\">V\u00e4rv<\/th>\n<td class=\"a-size-base prodDetAttrValue\">Lilla<\/td>\n<\/tr>\n<tr>\n<th class=\"a-color-secondary a-size-base prodDetSectionEntry\">Toote m\u00f5\u00f5tmed<\/th>\n<td class=\"a-size-base prodDetAttrValue\">\u200e32,8 x 25,5 x 46 cm; 5,95 kg<\/td>\n<\/tr>\n<tr>\n<th class=\"a-color-secondary a-size-base prodDetSectionEntry\">Mahutavus<\/th>\n<td class=\"a-size-base prodDetAttrValue\">2 liitrit<\/td>\n<\/tr>\n<tr>\n<th class=\"a-color-secondary a-size-base prodDetSectionEntry\">Helitugevus<\/th>\n<td class=\"a-size-base prodDetAttrValue\">2 liitrit<\/td>\n<\/tr>\n<tr>\n<th class=\"a-color-secondary a-size-base prodDetSectionEntry\">V\u00f5imsus \/ vatt<\/th>\n<td class=\"a-size-base prodDetAttrValue\">700 vatti<\/td>\n<\/tr>\n<tr>\n<th class=\"a-color-secondary a-size-base prodDetSectionEntry\">Kiiruste arv<\/th>\n<td class=\"a-size-base prodDetAttrValue\">4<\/td>\n<\/tr>\n<tr>\n<th class=\"a-color-secondary a-size-base prodDetSectionEntry\">T\u00f6\u00f6raadius<\/th>\n<td class=\"a-size-base prodDetAttrValue\">11,3 meetrit<\/td>\n<\/tr>\n<tr>\n<th class=\"a-color-secondary a-size-base prodDetSectionEntry\">M\u00fcra tase<\/th>\n<td class=\"a-size-base prodDetAttrValue\">62 dB<\/td>\n<\/tr>\n<tr>\n<th class=\"a-color-secondary a-size-base prodDetSectionEntry\">Eriomadused<\/th>\n<td class=\"a-size-base prodDetAttrValue\">\u200e62 dB(A) \u00fclivaikne, k\u00e4epideme juhtimine, pestav HEPA filter, kompaktne, LED-ekraan, kott<\/td>\n<\/tr>\n<tr>\n<th class=\"a-color-secondary a-size-base prodDetSectionEntry\">Kauba kaal<\/th>\n<td class=\"a-size-base prodDetAttrValue\">5,95 kilogrammi<\/td>\n<\/tr>\n<\/tbody>\n<\/table>\n<\/div>\n<\/div>\n<\/div>","protected":false},"featured_media":5858,"comment_status":"open","ping_status":"closed","template":"","meta":{"_monsterinsights_skip_tracking":false,"_monsterinsights_sitenote_active":false,"_monsterinsights_sitenote_note":"","_monsterinsights_sitenote_category":0,"jetpack_publicize_message":"","jetpack_publicize_feature_enabled":true,"jetpack_social_post_already_shared":false,"jetpack_social_options":{"image_generator_settings":{"template":"highway","default_image_id":0,"font":"","enabled":false},"version":2}},"product_brand":[],"product_cat":[102,154],"product_tag":[],"class_list":{"0":"post-5843","1":"product","2":"type-product","3":"status-publish","4":"has-post-thumbnail","6":"product_cat-vacuum-cleaners","7":"product_cat-wired-vacuum-cleaners","9":"first","10":"instock","11":"sale","12":"shipping-taxable","13":"purchasable","14":"product-type-simple"},"aioseo_notices":[],"jetpack_publicize_connections":[],"jetpack_sharing_enabled":true,"_links":{"self":[{"href":"https:\/\/amazingmarket.ee\/et\/wp-json\/wp\/v2\/product\/5843","targetHints":{"allow":["GET"]}}],"collection":[{"href":"https:\/\/amazingmarket.ee\/et\/wp-json\/wp\/v2\/product"}],"about":[{"href":"https:\/\/amazingmarket.ee\/et\/wp-json\/wp\/v2\/types\/product"}],"replies":[{"embeddable":true,"href":"https:\/\/amazingmarket.ee\/et\/wp-json\/wp\/v2\/comments?post=5843"}],"wp:featuredmedia":[{"embeddable":true,"href":"https:\/\/amazingmarket.ee\/et\/wp-json\/wp\/v2\/media\/5858"}],"wp:attachment":[{"href":"https:\/\/amazingmarket.ee\/et\/wp-json\/wp\/v2\/media?parent=5843"}],"wp:term":[{"taxonomy":"product_brand","embeddable":true,"href":"https:\/\/amazingmarket.ee\/et\/wp-json\/wp\/v2\/product_brand?post=5843"},{"taxonomy":"product_cat","embeddable":true,"href":"https:\/\/amazingmarket.ee\/et\/wp-json\/wp\/v2\/product_cat?post=5843"},{"taxonomy":"product_tag","embeddable":true,"href":"https:\/\/amazingmarket.ee\/et\/wp-json\/wp\/v2\/product_tag?post=5843"}],"curies":[{"name":"wp","href":"https:\/\/api.w.org\/{rel}","templated":true}]}}