{"id":578,"date":"2024-01-17T18:54:55","date_gmt":"2024-01-17T18:54:55","guid":{"rendered":"https:\/\/amazingmarket.ee\/?post_type=product&#038;p=578"},"modified":"2026-03-14T11:15:31","modified_gmt":"2026-03-14T09:15:31","slug":"cecotec-turbo-easy-toast-inox","status":"publish","type":"product","link":"https:\/\/amazingmarket.ee\/et\/toode\/cecotec-turbo-easy-toast-inox\/","title":{"rendered":"Cecotec Turbo Easy Toast Inox"},"content":{"rendered":"<p><strong>Cecotec Turbo Easy Toast roostevabast terasest: kiire ja maitsev!<\/strong><\/p>\n<p>Cecotec Turbo Easy Toast pakub maksimaalse mugavuse tagamiseks mitmeid funktsioone:<\/p>\n<ol>\n<li><strong>V\u00f5imsus ja t\u00f5husus:<\/strong> Kiirkuumutustehnoloogia teie lemmikr\u00f6stsaiade koheseks valmistamiseks.<\/li>\n<li><strong>Reguleeritav temperatuur:<\/strong> V\u00f5imalus temperatuuri seadistada soovitud r\u00f6stimisastme saavutamiseks.<\/li>\n<li><strong>Mittenakkuva kattega k\u00fctteplaadid:<\/strong> V\u00e4ldib toidu kinnij\u00e4\u00e4mist ja h\u00f5lbustab puhastamist.<\/li>\n<li><strong>Kompaktne disain:<\/strong> Ergonoomiline ja stiilne disain, mis sobib isegi v\u00e4ikestesse k\u00f6\u00f6kidesse.<\/li>\n<li><strong>Valmisoleku indikaator:<\/strong> Annab m\u00e4rku, kui r\u00f6stsai on valmis, tagades t\u00e4pse k\u00fcpsetusaja.<\/li>\n<li><strong>Kasutuslihtsus:<\/strong> Lihtsad juhtnupud mugavaks ja vaevavabaks toiduvalmistamiseks.<\/li>\n<\/ol>\n<p>Cecotec Turbo Easy Toast Inox on enamat kui lihtsalt minigrill; see on t\u00f6\u00f6riist ideaalsete r\u00f6stsaiade valmistamiseks minimaalse vaevaga.<\/p>","protected":false},"excerpt":{"rendered":"<p><strong>Cecotec Turbo Easy Toast Inox: minigrill kiireks ja t\u00e4iuslikuks r\u00f6stsaiaks!<\/strong><\/p>\n<p>Cecotec Turbo Easy Toast on kompaktne minigrill, mis v\u00f5imaldab teil kodus lihtsalt ja kiiresti valmistada ideaalseid r\u00f6stsaiu. Selle stiilne disain ja multifunktsionaalsus teevad sellest suurep\u00e4rase valiku nii hommikus\u00f6\u00f6giks kui ka kergeteks suupisteteks.<\/p>","protected":false},"featured_media":1276,"comment_status":"open","ping_status":"closed","template":"","meta":{"_monsterinsights_skip_tracking":false,"_monsterinsights_sitenote_active":false,"_monsterinsights_sitenote_note":"","_monsterinsights_sitenote_category":0,"jetpack_publicize_message":"","jetpack_publicize_feature_enabled":true,"jetpack_social_post_already_shared":false,"jetpack_social_options":{"image_generator_settings":{"template":"highway","default_image_id":0,"font":"","enabled":false},"version":2}},"product_brand":[],"product_cat":[87],"product_tag":[],"class_list":{"0":"post-578","1":"product","2":"type-product","3":"status-publish","4":"has-post-thumbnail","6":"product_cat-electric-grills","8":"first","9":"instock","10":"sale","11":"shipping-taxable","12":"purchasable","13":"product-type-simple"},"aioseo_notices":[],"jetpack_publicize_connections":[],"jetpack_sharing_enabled":true,"_links":{"self":[{"href":"https:\/\/amazingmarket.ee\/et\/wp-json\/wp\/v2\/product\/578","targetHints":{"allow":["GET"]}}],"collection":[{"href":"https:\/\/amazingmarket.ee\/et\/wp-json\/wp\/v2\/product"}],"about":[{"href":"https:\/\/amazingmarket.ee\/et\/wp-json\/wp\/v2\/types\/product"}],"replies":[{"embeddable":true,"href":"https:\/\/amazingmarket.ee\/et\/wp-json\/wp\/v2\/comments?post=578"}],"wp:featuredmedia":[{"embeddable":true,"href":"https:\/\/amazingmarket.ee\/et\/wp-json\/wp\/v2\/media\/1276"}],"wp:attachment":[{"href":"https:\/\/amazingmarket.ee\/et\/wp-json\/wp\/v2\/media?parent=578"}],"wp:term":[{"taxonomy":"product_brand","embeddable":true,"href":"https:\/\/amazingmarket.ee\/et\/wp-json\/wp\/v2\/product_brand?post=578"},{"taxonomy":"product_cat","embeddable":true,"href":"https:\/\/amazingmarket.ee\/et\/wp-json\/wp\/v2\/product_cat?post=578"},{"taxonomy":"product_tag","embeddable":true,"href":"https:\/\/amazingmarket.ee\/et\/wp-json\/wp\/v2\/product_tag?post=578"}],"curies":[{"name":"wp","href":"https:\/\/api.w.org\/{rel}","templated":true}]}}