{"id":575,"date":"2024-01-17T18:43:09","date_gmt":"2024-01-17T18:43:09","guid":{"rendered":"https:\/\/amazingmarket.ee\/?post_type=product&#038;p=575"},"modified":"2026-03-14T11:15:31","modified_gmt":"2026-03-14T09:15:31","slug":"tristar-multifunctional-grill-pan-pz-2964","status":"publish","type":"product","link":"https:\/\/amazingmarket.ee\/et\/toode\/tristar-multifunctional-grill-pan-pz-2964\/","title":{"rendered":"Tristar Multifunktsionaalne grillpann PZ-2964"},"content":{"rendered":"<p><strong>Tristar multifunktsionaalne grillpann PZ-2964: grillimaitse teie k\u00f6\u00f6gis!<\/strong><\/p>\n<p>Tristari multifunktsionaalne grillpann pakub laia valikut funktsioone mitmek\u00fclgseks toiduvalmistamiseks:<\/p>\n<ol>\n<li><strong>Grillipaneel mittenakkuva kattega:<\/strong> J\u00e4tab roogadele ideaalsed grillij\u00e4ljed ilma toidu k\u00fclge kinni j\u00e4\u00e4mata.<\/li>\n<li><strong>Reguleeritav termostaat:<\/strong> V\u00f5imalus seadistada temperatuuri erinevate toiduainete optimaalseks k\u00fcpsetamiseks.<\/li>\n<li><strong>Sisseehitatud k\u00e4epidemed kaasaskantavuse tagamiseks:<\/strong> Grilli on mugav \u00fchest kohast teise transportida.<\/li>\n<li><strong>Lihtne puhastada:<\/strong> Mittenakkuv kate h\u00f5lbustab puhastamist p\u00e4rast kasutamist.<\/li>\n<li><strong>Libisemisvastased jalad:<\/strong> Veenduge laua v\u00f5i k\u00f6\u00f6gitasapinna stabiilsuses.<\/li>\n<li><strong>Lihtne kasutada:<\/strong> Intuitiivsed seaded mugavaks ja kiireks toiduvalmistamiseks.<\/li>\n<\/ol>\n<p>Tristar multifunktsionaalne grillpann PZ-2964 on enamat kui lihtsalt grill; see on v\u00f5imalus nautida grillimise maitset otse kodus ilma tarbetu vaevata.<\/p>","protected":false},"excerpt":{"rendered":"<p><strong>Tristar multifunktsionaalne grillpann PZ-2964: universaalne grill teie laual!<\/strong><\/p>\n<p>Tristar multifunktsionaalne grillpann on kompaktne ja mugav lauagrill, mis toob teie lauale maitsvad road iseloomulike grillim\u00e4rkidega. Ideaalne lahendus hubasteks koosviibimisteks ja mitmekesiseks toiduvalmistamiseks.<\/p>","protected":false},"featured_media":1277,"comment_status":"open","ping_status":"closed","template":"","meta":{"_monsterinsights_skip_tracking":false,"_monsterinsights_sitenote_active":false,"_monsterinsights_sitenote_note":"","_monsterinsights_sitenote_category":0,"jetpack_publicize_message":"","jetpack_publicize_feature_enabled":true,"jetpack_social_post_already_shared":false,"jetpack_social_options":{"image_generator_settings":{"template":"highway","default_image_id":0,"font":"","enabled":false},"version":2}},"product_brand":[],"product_cat":[153],"product_tag":[],"class_list":{"0":"post-575","1":"product","2":"type-product","3":"status-publish","4":"has-post-thumbnail","6":"product_cat-electric-pans","8":"first","9":"instock","10":"sale","11":"shipping-taxable","12":"purchasable","13":"product-type-simple"},"aioseo_notices":[],"jetpack_publicize_connections":[],"jetpack_sharing_enabled":true,"_links":{"self":[{"href":"https:\/\/amazingmarket.ee\/et\/wp-json\/wp\/v2\/product\/575","targetHints":{"allow":["GET"]}}],"collection":[{"href":"https:\/\/amazingmarket.ee\/et\/wp-json\/wp\/v2\/product"}],"about":[{"href":"https:\/\/amazingmarket.ee\/et\/wp-json\/wp\/v2\/types\/product"}],"replies":[{"embeddable":true,"href":"https:\/\/amazingmarket.ee\/et\/wp-json\/wp\/v2\/comments?post=575"}],"wp:featuredmedia":[{"embeddable":true,"href":"https:\/\/amazingmarket.ee\/et\/wp-json\/wp\/v2\/media\/1277"}],"wp:attachment":[{"href":"https:\/\/amazingmarket.ee\/et\/wp-json\/wp\/v2\/media?parent=575"}],"wp:term":[{"taxonomy":"product_brand","embeddable":true,"href":"https:\/\/amazingmarket.ee\/et\/wp-json\/wp\/v2\/product_brand?post=575"},{"taxonomy":"product_cat","embeddable":true,"href":"https:\/\/amazingmarket.ee\/et\/wp-json\/wp\/v2\/product_cat?post=575"},{"taxonomy":"product_tag","embeddable":true,"href":"https:\/\/amazingmarket.ee\/et\/wp-json\/wp\/v2\/product_tag?post=575"}],"curies":[{"name":"wp","href":"https:\/\/api.w.org\/{rel}","templated":true}]}}