{"id":5627,"date":"2024-10-12T15:33:28","date_gmt":"2024-10-12T13:33:28","guid":{"rendered":"https:\/\/amazingmarket.ee\/?post_type=product&#038;p=5627"},"modified":"2026-03-14T11:15:27","modified_gmt":"2026-03-14T09:15:27","slug":"severin-pg-8566-electric-table-grill","status":"publish","type":"product","link":"https:\/\/amazingmarket.ee\/et\/toode\/severin-pg-8566-electric-table-grill\/","title":{"rendered":"Severin PG 8566 Elektriline lauagrill"},"content":{"rendered":"<p><strong><span style=\"font-size: 150%;\">Selle \u00fcksuse kohta<\/span><\/strong><\/p>\n<ul class=\"--descriptionList\">\n<li class=\"--descriptionList__item --body\">Plug-and-grille: kiire grillimisr\u00f5\u00f5m t\u00e4nu l\u00fchikestele k\u00fctteaegadele sise- ja v\u00e4listingimustes<\/li>\n<li class=\"--descriptionList__item --body\">T\u00e4nu SafeTouchi korpusele pole pindadel p\u00f5letusohtu<\/li>\n<li class=\"--descriptionList__item --body\">Kvaliteetne roostevabast terasest iluv\u00f5re t\u00e4iuslikuks grillimiseks<\/li>\n<li class=\"--descriptionList__item --body\">Lihtne puhastamine t\u00e4nu moodulstruktuurile ja paljudele eemaldatavatele osadele<\/li>\n<li class=\"--descriptionList__item --body\">QuickStart<\/li>\n<li class=\"--descriptionList__item --body\">Roostevabast terasest rest<\/li>\n<li class=\"--descriptionList__item --body\">P\u00f6\u00f6rdjuhtimine kontrollvalgustusega<\/li>\n<li class=\"--descriptionList__item --body\">Termostaadiga juhitav k\u00fctteelement<\/li>\n<li class=\"--descriptionList__item --body\">Tuulekaitse<\/li>\n<li class=\"--descriptionList__item --body\">Ohutusl\u00fcliti<\/li>\n<\/ul>","protected":false},"excerpt":{"rendered":"<p><strong><span style=\"font-size: 150%;\">Toote \u00fcksikasjad\u00a0<\/span><\/strong><\/p>\n<div class=\"productTechData__hasSimilarButton\" data-v-05c85243=\"\">\n<dl class=\"productTechData__list\" data-v-05c85243=\"\">\n<dd class=\"productTechData__listDefinition --body\" data-v-05c85243=\"\">\n<div class=\"--body productTechData__definitionDescription\" data-v-a10de048=\"\" data-v-05c85243=\"\">\n<table class=\"c-product-specifications__table\" style=\"height: 201px;\" width=\"253\">\n<tbody>\n<tr class=\"c-product-specifications__tr\">\n<th class=\"c-product-specifications__th\">Grilling surface<\/th>\n<td class=\"c-product-specifications__td\"><span class=\"c-product-specifications__table-value\">44,5 x 26 cm<\/span><\/td>\n<\/tr>\n<tr class=\"c-product-specifications__tr\">\n<th class=\"c-product-specifications__th\">Material grill rack<\/th>\n<td class=\"c-product-specifications__td\"><span class=\"c-product-specifications__table-value\">Edelstahl<\/span><\/td>\n<\/tr>\n<tr class=\"c-product-specifications__tr\">\n<th class=\"c-product-specifications__th\">Weight (net)<\/th>\n<td class=\"c-product-specifications__td\"><span class=\"c-product-specifications__table-value\">5.10 kg<\/span><\/td>\n<\/tr>\n<tr class=\"c-product-specifications__tr\">\n<th class=\"c-product-specifications__th\">Product color<\/th>\n<td class=\"c-product-specifications__td\"><span class=\"c-product-specifications__table-value\">must<\/span><\/td>\n<\/tr>\n<tr class=\"c-product-specifications__tr\">\n<th class=\"c-product-specifications__th\">Appliance depth<\/th>\n<td class=\"c-product-specifications__td\"><span class=\"c-product-specifications__table-value\">585 mm<\/span><\/td>\n<\/tr>\n<tr class=\"c-product-specifications__tr\">\n<th class=\"c-product-specifications__th\">Appliance height<\/th>\n<td class=\"c-product-specifications__td\"><span class=\"c-product-specifications__table-value\">900 mm<\/span><\/td>\n<\/tr>\n<tr class=\"c-product-specifications__tr\">\n<th class=\"c-product-specifications__th\">Appliance width<\/th>\n<td class=\"c-product-specifications__td\"><span class=\"c-product-specifications__table-value\">620 mm<\/span><\/td>\n<\/tr>\n<\/tbody>\n<\/table>\n<\/div>\n<\/dd>\n<\/dl>\n<\/div>","protected":false},"featured_media":5632,"comment_status":"open","ping_status":"closed","template":"","meta":{"_monsterinsights_skip_tracking":false,"_monsterinsights_sitenote_active":false,"_monsterinsights_sitenote_note":"","_monsterinsights_sitenote_category":0,"jetpack_publicize_message":"","jetpack_publicize_feature_enabled":true,"jetpack_social_post_already_shared":false,"jetpack_social_options":{"image_generator_settings":{"template":"highway","default_image_id":0,"font":"","enabled":false},"version":2}},"product_brand":[],"product_cat":[79],"product_tag":[],"class_list":{"0":"post-5627","1":"product","2":"type-product","3":"status-publish","4":"has-post-thumbnail","6":"product_cat-electric-grill-cookers","8":"first","9":"instock","10":"sale","11":"shipping-taxable","12":"purchasable","13":"product-type-simple"},"aioseo_notices":[],"jetpack_publicize_connections":[],"jetpack_sharing_enabled":true,"_links":{"self":[{"href":"https:\/\/amazingmarket.ee\/et\/wp-json\/wp\/v2\/product\/5627","targetHints":{"allow":["GET"]}}],"collection":[{"href":"https:\/\/amazingmarket.ee\/et\/wp-json\/wp\/v2\/product"}],"about":[{"href":"https:\/\/amazingmarket.ee\/et\/wp-json\/wp\/v2\/types\/product"}],"replies":[{"embeddable":true,"href":"https:\/\/amazingmarket.ee\/et\/wp-json\/wp\/v2\/comments?post=5627"}],"wp:featuredmedia":[{"embeddable":true,"href":"https:\/\/amazingmarket.ee\/et\/wp-json\/wp\/v2\/media\/5632"}],"wp:attachment":[{"href":"https:\/\/amazingmarket.ee\/et\/wp-json\/wp\/v2\/media?parent=5627"}],"wp:term":[{"taxonomy":"product_brand","embeddable":true,"href":"https:\/\/amazingmarket.ee\/et\/wp-json\/wp\/v2\/product_brand?post=5627"},{"taxonomy":"product_cat","embeddable":true,"href":"https:\/\/amazingmarket.ee\/et\/wp-json\/wp\/v2\/product_cat?post=5627"},{"taxonomy":"product_tag","embeddable":true,"href":"https:\/\/amazingmarket.ee\/et\/wp-json\/wp\/v2\/product_tag?post=5627"}],"curies":[{"name":"wp","href":"https:\/\/api.w.org\/{rel}","templated":true}]}}