{"id":5588,"date":"2024-10-12T14:25:05","date_gmt":"2024-10-12T12:25:05","guid":{"rendered":"https:\/\/amazingmarket.ee\/?post_type=product&#038;p=5588"},"modified":"2026-03-14T11:15:27","modified_gmt":"2026-03-14T09:15:27","slug":"ninja-af300eu-jn1-3","status":"publish","type":"product","link":"https:\/\/amazingmarket.ee\/et\/toode\/ninja-af300eu-jn1-3\/","title":{"rendered":"Ninja AF300EU JN1"},"content":{"rendered":"<p><strong><span style=\"font-size: 130%;\">DEMO, ON Defekt, VAATA FOTOD<\/span><\/strong><\/p>\n<p><strong><span style=\"font-size: 150%;\">Selle \u00fcksuse kohta<\/span><\/strong><\/p>\n<ul class=\"a-unordered-list a-vertical a-spacing-mini\">\n<li class=\"a-spacing-mini\"><span class=\"a-list-item\">S\u00e4\u00e4stke energiakuludelt kuni 55% v\u00f5rreldes Ninja kuuma\u00f5hufrit\u00fc\u00fcriga ahjudega* (*Testid ja arvutused, mis p\u00f5hinevad kuuma\u00f5hufrit\u00fc\u00fcri funktsiooni kasutamisel vorstide soovitataval k\u00fcpsetusajal, v\u00f5rreldes kahe t\u00fc\u00fcpilise ahjuga)<\/span><\/li>\n<li class=\"a-spacing-mini\"><span class=\"a-list-item\">2 ISESEISVAT KEEDUSTSOONI: valmistage 2 toitu kahel viisil, m\u00f5lemat korraga. Kasutage igas sahtlis erinevaid funktsioone, aegu ja temperatuure, et valmistada \u00fches seadmes t\u00e4ielikku toitu v\u00f5i vastata kahele maitsele.<\/span><\/li>\n<li class=\"a-spacing-mini\"><span class=\"a-list-item\">6 k\u00fcpsetusfunktsiooni: Max Crisp, Air Fry, r\u00f6stimine, k\u00fcpsetamine, soojendamine, kuivatamine. K\u00fcpseta k\u00fclmutatud kr\u00f5bedaks. Kuni 75% v\u00e4hem rasva*, kui kasutate Air Fry funktsiooni (*Testitud v\u00f5rreldes praetud k\u00e4sitsi l\u00f5igatud kr\u00f5psudega)<\/span><\/li>\n<li class=\"a-spacing-mini\"><span class=\"a-list-item\">Suur mahutavus: k\u00fcpseta 4-6 portsjonit. Igasse sahtlisse mahub kuni 1 kg kr\u00f5pse v\u00f5i 1,6 kg kana. K\u00fcpsetage kuni 75% kiiremini kui konvektsioonahjud* (*Testitud kalapulkade ja vorstidega, sh eelkuumutamine).<\/span><\/li>\n<li class=\"a-spacing-mini\"><span class=\"a-list-item\">KAASA: Ninja Foodi kahetsooniline digitaalne \u00f5hufrit\u00fc\u00fcr (EU-pistik), 2 x kleepumatut n\u00f5udepesumasinas ohutut 3,8-liitrist sahtlit (kogumaht 7,6 liitrit) ja kr\u00f5bedad taldrikud. Peakoka loodud retseptijuhendi v\u00e4rv: must<\/span><\/li>\n<\/ul>","protected":false},"excerpt":{"rendered":"<div class=\"a-row\">\n<div class=\"a-column a-span6\">\n<h1 class=\"a-size-medium a-spacing-small\">Tehnilised \u00fcksikasjad<\/h1>\n<\/div>\n<\/div>\n<div class=\"a-expander-content a-expander-extend-content\" data-expanded=\"true\">\n<div class=\"a-row a-expander-container a-expander-inline-container\">\n<div class=\"a-expander-content a-expander-section-content a-section-expander-inner\" data-expanded=\"true\">\n<table id=\"productDetails_techSpec_section_1\" class=\"a-keyvalue prodDetTable\" role=\"presentation\">\n<tbody>\n<tr>\n<th class=\"a-color-secondary a-size-base prodDetSectionEntry\">BR\u00c4ND<\/th>\n<td class=\"a-size-base prodDetAttrValue\">Ninja<\/td>\n<\/tr>\n<tr>\n<th class=\"a-color-secondary a-size-base prodDetSectionEntry\">MUDELI NUMBER<\/th>\n<td class=\"a-size-base prodDetAttrValue\">AF300EU<\/td>\n<\/tr>\n<tr>\n<th class=\"a-color-secondary a-size-base prodDetSectionEntry\">V\u00c4RV<\/th>\n<td class=\"a-size-base prodDetAttrValue\">Must<\/td>\n<\/tr>\n<tr>\n<th class=\"a-color-secondary a-size-base prodDetSectionEntry\">TOOTE M\u00d5\u00d5TMED<\/th>\n<td class=\"a-size-base prodDetAttrValue\">\u200e2,54 x 2,54 x 2,54 cm; 8,2 kg<\/td>\n<\/tr>\n<tr>\n<th class=\"a-color-secondary a-size-base prodDetSectionEntry\">V\u00d5IMSUS<\/th>\n<td class=\"a-size-base prodDetAttrValue\">7,6 liitrit<\/td>\n<\/tr>\n<tr>\n<th class=\"a-color-secondary a-size-base prodDetSectionEntry\">V\u00d5IMSUS \/ VOIMSUS<\/th>\n<td class=\"a-size-base prodDetAttrValue\">2470 vatti<\/td>\n<\/tr>\n<tr>\n<th class=\"a-color-secondary a-size-base prodDetSectionEntry\">PINGE<\/th>\n<td class=\"a-size-base prodDetAttrValue\">240<\/td>\n<\/tr>\n<tr>\n<th class=\"a-color-secondary a-size-base prodDetSectionEntry\">MATERJAL<\/th>\n<td class=\"a-size-base prodDetAttrValue\">Plastikust<\/td>\n<\/tr>\n<tr>\n<th class=\"a-color-secondary a-size-base prodDetSectionEntry\">KIIRUSTE ARV<\/th>\n<td class=\"a-size-base prodDetAttrValue\">3<\/td>\n<\/tr>\n<tr>\n<th class=\"a-color-secondary a-size-base prodDetSectionEntry\">ERIFUNKTSIOONID<\/th>\n<td class=\"a-size-base prodDetAttrValue\">2 s\u00f5ltumatut keedutsooni, 6 k\u00fcpsetusfunktsiooni, \u00f5huga praadimine (kuuma\u00f5huga praadimine), maksimaalne kr\u00f5be, r\u00f6stimine (praadimine), k\u00fcpsetamine\/r\u00f6stimine (k\u00fcpsetamine\/r\u00f6stimine), taaskuumutamine (taaskuumutamine) ja deh\u00fcdratsioon (deh\u00fcdraatimine), nakkumatud n\u00f5udepesumasinas pestavad osad<\/td>\n<\/tr>\n<tr>\n<th class=\"a-color-secondary a-size-base prodDetSectionEntry\">KAUPA KAAL<\/th>\n<td class=\"a-size-base prodDetAttrValue\">8,2 kilogrammi<\/td>\n<\/tr>\n<\/tbody>\n<\/table>\n<\/div>\n<\/div>\n<\/div>","protected":false},"featured_media":5593,"comment_status":"open","ping_status":"closed","template":"","meta":{"_monsterinsights_skip_tracking":false,"_monsterinsights_sitenote_active":false,"_monsterinsights_sitenote_note":"","_monsterinsights_sitenote_category":0,"jetpack_publicize_message":"","jetpack_publicize_feature_enabled":true,"jetpack_social_post_already_shared":false,"jetpack_social_options":{"image_generator_settings":{"template":"highway","default_image_id":0,"font":"","enabled":false},"version":2}},"product_brand":[],"product_cat":[71],"product_tag":[],"class_list":{"0":"post-5588","1":"product","2":"type-product","3":"status-publish","4":"has-post-thumbnail","6":"product_cat-airfryers","8":"first","9":"instock","10":"sale","11":"shipping-taxable","12":"purchasable","13":"product-type-simple"},"aioseo_notices":[],"jetpack_publicize_connections":[],"jetpack_sharing_enabled":true,"_links":{"self":[{"href":"https:\/\/amazingmarket.ee\/et\/wp-json\/wp\/v2\/product\/5588","targetHints":{"allow":["GET"]}}],"collection":[{"href":"https:\/\/amazingmarket.ee\/et\/wp-json\/wp\/v2\/product"}],"about":[{"href":"https:\/\/amazingmarket.ee\/et\/wp-json\/wp\/v2\/types\/product"}],"replies":[{"embeddable":true,"href":"https:\/\/amazingmarket.ee\/et\/wp-json\/wp\/v2\/comments?post=5588"}],"wp:featuredmedia":[{"embeddable":true,"href":"https:\/\/amazingmarket.ee\/et\/wp-json\/wp\/v2\/media\/5593"}],"wp:attachment":[{"href":"https:\/\/amazingmarket.ee\/et\/wp-json\/wp\/v2\/media?parent=5588"}],"wp:term":[{"taxonomy":"product_brand","embeddable":true,"href":"https:\/\/amazingmarket.ee\/et\/wp-json\/wp\/v2\/product_brand?post=5588"},{"taxonomy":"product_cat","embeddable":true,"href":"https:\/\/amazingmarket.ee\/et\/wp-json\/wp\/v2\/product_cat?post=5588"},{"taxonomy":"product_tag","embeddable":true,"href":"https:\/\/amazingmarket.ee\/et\/wp-json\/wp\/v2\/product_tag?post=5588"}],"curies":[{"name":"wp","href":"https:\/\/api.w.org\/{rel}","templated":true}]}}