{"id":5573,"date":"2024-10-12T12:56:31","date_gmt":"2024-10-12T10:56:31","guid":{"rendered":"https:\/\/amazingmarket.ee\/?post_type=product&#038;p=5573"},"modified":"2026-03-14T11:15:27","modified_gmt":"2026-03-14T09:15:27","slug":"bissell-spinwave-r5-robot-vacuum-cleaner","status":"publish","type":"product","link":"https:\/\/amazingmarket.ee\/et\/toode\/bissell-spinwave-r5-robot-vacuum-cleaner\/","title":{"rendered":"BISSELL SpinWave R5 robottolmuimeja"},"content":{"rendered":"<h1>DEMO, HEAS KORRAS<\/h1>\n<h1>Selle \u00fcksuse kohta<\/h1>\n<ul class=\"a-unordered-list a-vertical a-spacing-mini\">\n<li class=\"a-spacing-mini\"><span class=\"a-list-item\">KUIV- V\u00d5I M\u00c4RKRE\u017dIIM: kuivre\u017eiim tagab imemisv\u00f5imsuse kuni 2000 PA ja 500 ml tolmumahuti, et eemaldada iga p\u00e4ev vaipadelt ja k\u00f5vadelt p\u00f5randatelt tolm ja mustus. M\u00e4rgre\u017eiimis p\u00fchib R5 koos spetsiaalsete mopipatjadega teie p\u00f5randaid, samal ajal kui tolmuimeja kogub kuiva mustuse <\/span><\/li>\n<li class=\"a-spacing-mini\"><span class=\"a-list-item\">MURETU PUHASTAMINE: Varustatud tipptasemel 360-kraadise Lidari navigatsioonis\u00fcsteemi ja kaardi loomise funktsioonidega anduritega. Tagab liitiumioonakuga kuni 110 minutit t\u00f6\u00f6aega <\/span><\/li>\n<li class=\"a-spacing-mini\"><span class=\"a-list-item\">Tolmuimeja ja p\u00fchkige oma p\u00f5randad: aktiivsed p\u00f6\u00f6rlevad mopipadjad 135 p\/min ja v\u00f5imsa 650 PA imemisv\u00f5imsusega m\u00e4rjal re\u017eiimil. M\u00e4rgre\u017eiimis v\u00e4ldib vaipu ja vaipu, nii et pehmed pinnad j\u00e4\u00e4vad niiskuse eest kaitstuks <\/span><\/li>\n<li class=\"a-spacing-mini\"><span class=\"a-list-item\">Ideaalne lemmikloomaomanikele: tolmuimeja- ja mopirobot sisaldab spetsiaalseid padjandeid ja puhastuslahust, mis eemaldab t\u00f5rksa mustuse ja prahi, n\u00e4iteks mudaj\u00e4ljed k\u00e4ppadelt ja lemmikloomade karvadelt. Puhastuslahus ei j\u00e4ta ka kahjulikke j\u00e4\u00e4ke, nii et teie lemmikloom ja lapsed saavad turvaliselt ringi m\u00e4ngida <\/span><\/li>\n<li class=\"a-spacing-mini\"><span class=\"a-list-item\">Rohkem puhastusv\u00f5imalusi: \u00fchildub meie Bissell 3623 spetsiaalsete mopipadjadega (spetsiaalsed mopipadjad), 3622 asenduskomplektiga (asenduskomplektiga) ja meie looduslike puhastuslahuste valikuga (3096, 3122, 30961, 31221) <\/span><\/li>\n<li class=\"a-spacing-mini\"><span class=\"a-list-item\">T\u00c4IELIK JUHTIMINE K\u00d5IK KOHAST: BISSELL Connecti rakendus v\u00f5imaldab teil kaardistada ruumi, juhtida imemisv\u00f5imsust, planeerida puhastamist, kui olete eemal, ja palju muud. Rakendus BISSELL Connect on saadaval ainult nendes riikides: Saksamaa, Prantsusmaa, Itaalia, Hispaania, Portugal, Holland, Belgia, \u0160veits ja Austria <\/span><\/li>\n<li class=\"a-spacing-mini\"><span class=\"a-list-item\">Laadige alla KASUTUSJUHEND Toote kasutamise \u00fcksikasjalike juhiste saamiseks kerige tootelehel alla jaotiseni &quot;Tootejuhendid ja dokumendid&quot; ja laadige alla kasulik kasutusjuhend. Avastage k\u00f5ik funktsioonid ja kasutage oma toodet optimaalselt!<\/span><\/li>\n<\/ul>","protected":false},"excerpt":{"rendered":"<div class=\"a-column a-span6\">\n<div class=\"a-row a-spacing-base\">\n<div class=\"a-row a-expander-container a-expander-extend-container\">\n<div class=\"a-row\">\n<div class=\"a-column a-span6\">\n<h1 class=\"a-size-medium a-spacing-small\">Tehnilised \u00fcksikasjad<\/h1>\n<\/div>\n<\/div>\n<div class=\"a-expander-content a-expander-extend-content\" data-expanded=\"true\">\n<div class=\"a-row a-expander-container a-expander-inline-container\">\n<div class=\"a-expander-content a-expander-section-content a-section-expander-inner\" data-expanded=\"true\">\n<table id=\"productDetails_techSpec_section_1\" class=\"a-keyvalue prodDetTable\" role=\"presentation\">\n<tbody>\n<tr>\n<th class=\"a-color-secondary a-size-base prodDetSectionEntry\">Kaubam\u00e4rk<\/th>\n<td class=\"a-size-base prodDetAttrValue\">Bissell<\/td>\n<\/tr>\n<tr>\n<th class=\"a-color-secondary a-size-base prodDetSectionEntry\">Mudeli number<\/th>\n<td class=\"a-size-base prodDetAttrValue\">3475N<\/td>\n<\/tr>\n<tr>\n<th class=\"a-color-secondary a-size-base prodDetSectionEntry\">V\u00e4rv<\/th>\n<td class=\"a-size-base prodDetAttrValue\">Valge<\/td>\n<\/tr>\n<tr>\n<th class=\"a-color-secondary a-size-base prodDetSectionEntry\">Toote m\u00f5\u00f5tmed<\/th>\n<td class=\"a-size-base prodDetAttrValue\">33 x 33 x 7 cm; 3,43 kg<\/td>\n<\/tr>\n<tr>\n<th class=\"a-color-secondary a-size-base prodDetSectionEntry\">Mahutavus<\/th>\n<td class=\"a-size-base prodDetAttrValue\">0,55 liitrit<\/td>\n<\/tr>\n<tr>\n<th class=\"a-color-secondary a-size-base prodDetSectionEntry\">Pinge<\/th>\n<td class=\"a-size-base prodDetAttrValue\">14,8 volti<\/td>\n<\/tr>\n<tr>\n<th class=\"a-color-secondary a-size-base prodDetSectionEntry\">Automaatne v\u00e4ljal\u00fclitus<\/th>\n<td class=\"a-size-base prodDetAttrValue\">Ei<\/td>\n<\/tr>\n<tr>\n<th class=\"a-color-secondary a-size-base prodDetSectionEntry\">M\u00fcra tase<\/th>\n<td class=\"a-size-base prodDetAttrValue\">64 dB<\/td>\n<\/tr>\n<tr>\n<th class=\"a-color-secondary a-size-base prodDetSectionEntry\">Kestus<\/th>\n<td class=\"a-size-base prodDetAttrValue\">3 tundi<\/td>\n<\/tr>\n<tr>\n<th class=\"a-color-secondary a-size-base prodDetSectionEntry\">Eriomadused<\/th>\n<td class=\"a-size-base prodDetAttrValue\">LIDAR-navigatsioon, kahe paagiga, m\u00e4rg\/kuiv<\/td>\n<\/tr>\n<tr>\n<th class=\"a-color-secondary a-size-base prodDetSectionEntry\">Kauba kaal<\/th>\n<td class=\"a-size-base prodDetAttrValue\">3,43 kilogrammi<\/td>\n<\/tr>\n<\/tbody>\n<\/table>\n<\/div>\n<\/div>\n<\/div>\n<\/div>\n<\/div>\n<div class=\"a-row a-spacing-base\"><\/div>\n<\/div>\n<div class=\"a-column a-span6 a-span-last\">\n<div class=\"a-row a-spacing-base\">\n<div id=\"productDetails_db_sections\" class=\"a-section\"><\/div>\n<\/div>\n<\/div>","protected":false},"featured_media":5578,"comment_status":"open","ping_status":"closed","template":"","meta":{"_monsterinsights_skip_tracking":false,"_monsterinsights_sitenote_active":false,"_monsterinsights_sitenote_note":"","_monsterinsights_sitenote_category":0,"jetpack_publicize_message":"","jetpack_publicize_feature_enabled":true,"jetpack_social_post_already_shared":false,"jetpack_social_options":{"image_generator_settings":{"template":"highway","default_image_id":0,"font":"","enabled":false},"version":2}},"product_brand":[],"product_cat":[80,102],"product_tag":[],"class_list":{"0":"post-5573","1":"product","2":"type-product","3":"status-publish","4":"has-post-thumbnail","6":"product_cat-robot-vacuum-cleaners","7":"product_cat-vacuum-cleaners","9":"first","10":"instock","11":"sale","12":"shipping-taxable","13":"purchasable","14":"product-type-simple"},"aioseo_notices":[],"jetpack_publicize_connections":[],"jetpack_sharing_enabled":true,"_links":{"self":[{"href":"https:\/\/amazingmarket.ee\/et\/wp-json\/wp\/v2\/product\/5573","targetHints":{"allow":["GET"]}}],"collection":[{"href":"https:\/\/amazingmarket.ee\/et\/wp-json\/wp\/v2\/product"}],"about":[{"href":"https:\/\/amazingmarket.ee\/et\/wp-json\/wp\/v2\/types\/product"}],"replies":[{"embeddable":true,"href":"https:\/\/amazingmarket.ee\/et\/wp-json\/wp\/v2\/comments?post=5573"}],"wp:featuredmedia":[{"embeddable":true,"href":"https:\/\/amazingmarket.ee\/et\/wp-json\/wp\/v2\/media\/5578"}],"wp:attachment":[{"href":"https:\/\/amazingmarket.ee\/et\/wp-json\/wp\/v2\/media?parent=5573"}],"wp:term":[{"taxonomy":"product_brand","embeddable":true,"href":"https:\/\/amazingmarket.ee\/et\/wp-json\/wp\/v2\/product_brand?post=5573"},{"taxonomy":"product_cat","embeddable":true,"href":"https:\/\/amazingmarket.ee\/et\/wp-json\/wp\/v2\/product_cat?post=5573"},{"taxonomy":"product_tag","embeddable":true,"href":"https:\/\/amazingmarket.ee\/et\/wp-json\/wp\/v2\/product_tag?post=5573"}],"curies":[{"name":"wp","href":"https:\/\/api.w.org\/{rel}","templated":true}]}}