{"id":5571,"date":"2024-10-12T12:47:19","date_gmt":"2024-10-12T10:47:19","guid":{"rendered":"https:\/\/amazingmarket.ee\/?post_type=product&#038;p=5571"},"modified":"2026-03-14T11:15:27","modified_gmt":"2026-03-14T09:15:27","slug":"bestron-xxxl-electric-plancha","status":"publish","type":"product","link":"https:\/\/amazingmarket.ee\/et\/toode\/bestron-xxxl-electric-plancha\/","title":{"rendered":"Bestron XXXL Electric Plancha"},"content":{"rendered":"<h1>UUS<\/h1>\n<h1 class=\"a-size-base-plus a-text-bold\">&#039;Selle eseme kohta<\/h1>\n<ul class=\"a-unordered-list a-vertical a-spacing-mini\">\n<li class=\"a-spacing-mini\"><span class=\"a-list-item\">Eriti suur grillplaat (100 x 22 cm) \u00fchiseks ettevalmistamiseks ja vahetuks laua \u00e4\u00e4res nautimiseks, sobib siseruumidesse, r\u00f5dule v\u00f5i \u00f5ue aeda <\/span><\/li>\n<li class=\"a-spacing-mini\"><span class=\"a-list-item\">Kvaliteetne mittenakkuva kattega pind liha, vorstide, k\u00f6\u00f6giviljade, kartulite, kala, pannkookide ja palju muu rasva- ja \u00f5livabaks grillimiseks. <\/span><\/li>\n<li class=\"a-spacing-mini\"><span class=\"a-list-item\">Lihtne kasutada eemaldatava temperatuuriregulaatori (max 235 \u00b0C) ja m\u00e4rgutulega, ohutus t\u00e4nu soojusisolatsiooniga k\u00e4epidemetele ja libisemiskindlatele jalgadele <\/span><\/li>\n<li class=\"a-spacing-mini\"><span class=\"a-list-item\">Ruumis\u00e4\u00e4stlik k\u00f5rge servaga panipaik, lihtne puhastada t\u00e4nu siledale, soonteta pinnale ja kaasasolevale rasvatilgaalusele <\/span><\/li>\n<li class=\"a-spacing-mini\"><span class=\"a-list-item\">Karbi sisu: 1 Bestron Plancha grillplaat XXXL, tilgaalus, kaabli pikkus: 86-88 cm, v\u00f5imsus: 2000 vatti, m\u00f5\u00f5dud: 113,5 x 23,7 x 12,3 cm, kaal: 3,3 kg, materjal: metall\/plast, v\u00e4rvus: must, ABP605<\/span><\/li>\n<\/ul>","protected":false},"excerpt":{"rendered":"<p>NEW &#8216;About this item Extra large grill plate (100 x 22 cm) for joint preparation and direct enjoyment at the table, suitable for indoors, on the balcony or outside in the garden High-quality surface with non-stick coating for grease-free and oil-free grilling of meat, sausages, vegetables, potatoes, fish, pancakes and much more. Easy to use [&#8230;]\n","protected":false},"featured_media":5555,"comment_status":"open","ping_status":"closed","template":"","meta":{"_monsterinsights_skip_tracking":false,"_monsterinsights_sitenote_active":false,"_monsterinsights_sitenote_note":"","_monsterinsights_sitenote_category":0,"jetpack_publicize_message":"","jetpack_publicize_feature_enabled":true,"jetpack_social_post_already_shared":false,"jetpack_social_options":{"image_generator_settings":{"template":"highway","default_image_id":0,"font":"","enabled":false},"version":2}},"product_brand":[],"product_cat":[87,110],"product_tag":[],"class_list":{"0":"post-5571","1":"product","2":"type-product","3":"status-publish","4":"has-post-thumbnail","6":"product_cat-electric-grills","7":"product_cat-grills","9":"first","10":"instock","11":"sale","12":"shipping-taxable","13":"purchasable","14":"product-type-simple"},"aioseo_notices":[],"jetpack_publicize_connections":[],"jetpack_sharing_enabled":true,"_links":{"self":[{"href":"https:\/\/amazingmarket.ee\/et\/wp-json\/wp\/v2\/product\/5571","targetHints":{"allow":["GET"]}}],"collection":[{"href":"https:\/\/amazingmarket.ee\/et\/wp-json\/wp\/v2\/product"}],"about":[{"href":"https:\/\/amazingmarket.ee\/et\/wp-json\/wp\/v2\/types\/product"}],"replies":[{"embeddable":true,"href":"https:\/\/amazingmarket.ee\/et\/wp-json\/wp\/v2\/comments?post=5571"}],"wp:featuredmedia":[{"embeddable":true,"href":"https:\/\/amazingmarket.ee\/et\/wp-json\/wp\/v2\/media\/5555"}],"wp:attachment":[{"href":"https:\/\/amazingmarket.ee\/et\/wp-json\/wp\/v2\/media?parent=5571"}],"wp:term":[{"taxonomy":"product_brand","embeddable":true,"href":"https:\/\/amazingmarket.ee\/et\/wp-json\/wp\/v2\/product_brand?post=5571"},{"taxonomy":"product_cat","embeddable":true,"href":"https:\/\/amazingmarket.ee\/et\/wp-json\/wp\/v2\/product_cat?post=5571"},{"taxonomy":"product_tag","embeddable":true,"href":"https:\/\/amazingmarket.ee\/et\/wp-json\/wp\/v2\/product_tag?post=5571"}],"curies":[{"name":"wp","href":"https:\/\/api.w.org\/{rel}","templated":true}]}}