{"id":5546,"date":"2024-10-11T19:37:42","date_gmt":"2024-10-11T17:37:42","guid":{"rendered":"https:\/\/amazingmarket.ee\/?post_type=product&#038;p=5546"},"modified":"2026-03-14T11:15:27","modified_gmt":"2026-03-14T09:15:27","slug":"bissell-revolution-proheat-2x-model-1858n","status":"publish","type":"product","link":"https:\/\/amazingmarket.ee\/et\/toode\/bissell-revolution-proheat-2x-model-1858n\/","title":{"rendered":"Bissell Revolution ProHeat 2X mudel 1858N"},"content":{"rendered":"<h1>DEMO, HEAS SEISUKORRAS, ORIGINAALPAKENDIT EI OLE<\/h1>\n<h1 class=\"a-size-base-plus a-text-bold\">Selle \u00fcksuse kohta<\/h1>\n<ul class=\"a-unordered-list a-vertical a-spacing-mini\">\n<li class=\"a-spacing-mini\"><span class=\"a-list-item\">Pidev kuumus HeatWave tehnoloogiaga: uuenduslik HeatWave tehnoloogia hoiab veetemperatuuri konstantsena t\u00f5husa ja p\u00f5hjaliku puhastamise tagamiseks. <\/span><\/li>\n<li class=\"a-spacing-mini\"><span class=\"a-list-item\">V\u00f5imas imemisv\u00f5imsus ja kiire kuivamisaeg: v\u00f5imas imemisv\u00f5imsus ja kiire kuivamisaeg, vaid \u00fcks tund. 3,7-liitrise mahutavusega puhta vee paak pikemaks puhastamiseks. <\/span><\/li>\n<li class=\"a-spacing-mini\"><span class=\"a-list-item\">S\u00fcgavpuhastus p\u00f6\u00f6rlevate mustuset\u00f5stja harjarullikutega: p\u00f6\u00f6rlevad mustuset\u00f5stja harjarullikud 2 x 6 harjastega tagavad p\u00f5hjaliku s\u00fcgavpuhastuse ja eemaldavad kangekaelse mustuse. <\/span><\/li>\n<li class=\"a-spacing-mini\"><span class=\"a-list-item\">Reguleeritavad puhastusre\u017eiimid vastavalt individuaalsetele vajadustele: valige erinevate puhastusre\u017eiimide hulgast, et kohandada puhastust oma vajadustega ja saavutada optimaalsed tulemused <\/span><\/li>\n<li class=\"a-spacing-mini\"><span class=\"a-list-item\">SISALDAB LISATARVIKUD K\u00d5RGEMATELE PINDADELE: Sisaldab lisatarvikuid k\u00f5rgemate pindade puhastamiseks. J\u00f5uab raskesti ligip\u00e4\u00e4setavatesse kohtadesse ja puhastab t\u00f5husalt. <\/span><\/li>\n<li class=\"a-spacing-mini\"><span class=\"a-list-item\">M\u00e4rkus: \u00c4rge kasutage seadet p\u00f5levate v\u00f5i suitsevate esemete, n\u00e4iteks sigarettide, tikkude v\u00f5i kuuma tuha imamiseks. <\/span><\/li>\n<li class=\"a-spacing-mini\"><span class=\"a-list-item\">LAADI ALLA KASUTUSJUHEND: Kerige tootelehel jaotiseni \u201eTootejuhendid ja dokumendid\u201d ning laadige alla kasutusjuhend. Kasutage k\u00f5iki funktsioone optimaalselt!<\/span><\/li>\n<\/ul>","protected":false},"excerpt":{"rendered":"<div class=\"a-row\">\n<div class=\"a-column a-span6\">\n<h1 class=\"a-size-medium a-spacing-small\">Tehnilised \u00fcksikasjad<\/h1>\n<\/div>\n<\/div>\n<div class=\"a-expander-content a-expander-extend-content\" data-expanded=\"true\">\n<div class=\"a-row a-expander-container a-expander-inline-container\">\n<div class=\"a-expander-content a-expander-section-content a-section-expander-inner\" data-expanded=\"true\">\n<table id=\"productDetails_techSpec_section_1\" class=\"a-keyvalue prodDetTable\" role=\"presentation\">\n<tbody>\n<tr>\n<th class=\"a-color-secondary a-size-base prodDetSectionEntry\">Toote m\u00f5\u00f5tmed<\/th>\n<td class=\"a-size-base prodDetAttrValue\">32 x 38 x 110,5 cm; 8,2 kg<\/td>\n<\/tr>\n<tr>\n<th class=\"a-color-secondary a-size-base prodDetSectionEntry\">Kauba kaal<\/th>\n<td class=\"a-size-base prodDetAttrValue\">8,2 kilogrammi<\/td>\n<\/tr>\n<tr>\n<th class=\"a-color-secondary a-size-base prodDetSectionEntry\">Toote spetsiifilised kasutusalad<\/th>\n<td class=\"a-size-base prodDetAttrValue\">Sees<\/td>\n<\/tr>\n<tr>\n<th class=\"a-color-secondary a-size-base prodDetSectionEntry\">Kauba maht<\/th>\n<td class=\"a-size-base prodDetAttrValue\">7,4 liitrit<\/td>\n<\/tr>\n<tr>\n<th class=\"a-color-secondary a-size-base prodDetSectionEntry\">Hooldusjuhised<\/th>\n<td class=\"a-size-base prodDetAttrValue\">1<\/td>\n<\/tr>\n<tr>\n<th class=\"a-color-secondary a-size-base prodDetSectionEntry\">Spetsifikatsioon t\u00e4idetud<\/th>\n<td class=\"a-size-base prodDetAttrValue\">sertifitseeritud frustratsioonivaba<\/td>\n<\/tr>\n<tr>\n<th class=\"a-color-secondary a-size-base prodDetSectionEntry\">T\u00fckkide arv<\/th>\n<td class=\"a-size-base prodDetAttrValue\">1<\/td>\n<\/tr>\n<tr>\n<th class=\"a-color-secondary a-size-base prodDetSectionEntry\">Garantii kirjeldus<\/th>\n<td class=\"a-size-base prodDetAttrValue\">2 aastat.<\/td>\n<\/tr>\n<tr>\n<th class=\"a-color-secondary a-size-base prodDetSectionEntry\">N\u00f5utavad patareid<\/th>\n<td class=\"a-size-base prodDetAttrValue\">Ei<\/td>\n<\/tr>\n<tr>\n<th class=\"a-color-secondary a-size-base prodDetSectionEntry\">Kaasasolevad komponendid<\/th>\n<td class=\"a-size-base prodDetAttrValue\">Tugev plekieemaldaja, 2-\u00fches pragude puhastusotsik, voolik p\u00f5randa kohal puhastamiseks, otsik Nozzl Clean, v\u00f5rkkott<\/td>\n<\/tr>\n<\/tbody>\n<\/table>\n<\/div>\n<\/div>\n<\/div>","protected":false},"featured_media":10327,"comment_status":"open","ping_status":"closed","template":"","meta":{"_monsterinsights_skip_tracking":false,"_monsterinsights_sitenote_active":false,"_monsterinsights_sitenote_note":"","_monsterinsights_sitenote_category":0,"jetpack_publicize_message":"","jetpack_publicize_feature_enabled":true,"jetpack_social_post_already_shared":false,"jetpack_social_options":{"image_generator_settings":{"template":"highway","default_image_id":0,"font":"","enabled":false},"version":2}},"product_brand":[],"product_cat":[101,102],"product_tag":[],"class_list":{"0":"post-5546","1":"product","2":"type-product","3":"status-publish","4":"has-post-thumbnail","6":"product_cat-cordless-vacuum-cleaners","7":"product_cat-vacuum-cleaners","9":"first","10":"instock","11":"sale","12":"shipping-taxable","13":"purchasable","14":"product-type-simple"},"aioseo_notices":[],"jetpack_publicize_connections":[],"jetpack_sharing_enabled":true,"_links":{"self":[{"href":"https:\/\/amazingmarket.ee\/et\/wp-json\/wp\/v2\/product\/5546","targetHints":{"allow":["GET"]}}],"collection":[{"href":"https:\/\/amazingmarket.ee\/et\/wp-json\/wp\/v2\/product"}],"about":[{"href":"https:\/\/amazingmarket.ee\/et\/wp-json\/wp\/v2\/types\/product"}],"replies":[{"embeddable":true,"href":"https:\/\/amazingmarket.ee\/et\/wp-json\/wp\/v2\/comments?post=5546"}],"wp:featuredmedia":[{"embeddable":true,"href":"https:\/\/amazingmarket.ee\/et\/wp-json\/wp\/v2\/media\/10327"}],"wp:attachment":[{"href":"https:\/\/amazingmarket.ee\/et\/wp-json\/wp\/v2\/media?parent=5546"}],"wp:term":[{"taxonomy":"product_brand","embeddable":true,"href":"https:\/\/amazingmarket.ee\/et\/wp-json\/wp\/v2\/product_brand?post=5546"},{"taxonomy":"product_cat","embeddable":true,"href":"https:\/\/amazingmarket.ee\/et\/wp-json\/wp\/v2\/product_cat?post=5546"},{"taxonomy":"product_tag","embeddable":true,"href":"https:\/\/amazingmarket.ee\/et\/wp-json\/wp\/v2\/product_tag?post=5546"}],"curies":[{"name":"wp","href":"https:\/\/api.w.org\/{rel}","templated":true}]}}