{"id":5308,"date":"2024-10-05T12:56:18","date_gmt":"2024-10-05T10:56:18","guid":{"rendered":"https:\/\/amazingmarket.ee\/?post_type=product&#038;p=5308"},"modified":"2026-03-14T11:15:28","modified_gmt":"2026-03-14T09:15:28","slug":"melitta-1025-16","status":"publish","type":"product","link":"https:\/\/amazingmarket.ee\/et\/toode\/melitta-1025-16\/","title":{"rendered":"Melitta 1025-16"},"content":{"rendered":"<h1><strong>DEMO<\/strong><\/h1>\n<h1 class=\"a-size-base-plus a-text-bold\">Selle \u00fcksuse kohta<\/h1>\n<ul class=\"a-unordered-list a-vertical a-spacing-mini\">\n<li class=\"a-spacing-mini\"><span class=\"a-list-item\">Kogege naudingut: selle seeria viies p\u00f5lvkond pakub eemaldatava veepaagiga filtrikohvimasinat, p\u00f6\u00f6rlevat filtrit koos tilkumispiduriga ja integreeritud katlakivieemaldusprogrammi lihtsaks puhastamiseks<\/span><\/li>\n<li class=\"a-spacing-mini\"><span class=\"a-list-item\">Patenteeritud aroomivalija: stiilse juhtkettaga saate h\u00f5lpsalt luua individuaalse maitse mahedast tugevani<\/span><\/li>\n<li class=\"a-spacing-mini\"><span class=\"a-list-item\">Jagatud nauding: t\u00e4nu soojendamisfunktsioonile (20.40 v\u00f5i 60 minutit). Filtrikohv p\u00fcsib kuumana kaua<\/span><\/li>\n<li class=\"a-spacing-mini\"><span class=\"a-list-item\">Moodne disain: t\u00e4nu atraktiivsele v\u00e4limusele on Look V seeria t\u00f5eline alternatiiv igale kohvimasinale, kapselmasinale v\u00f5i kohvimasinale<\/span><\/li>\n<\/ul>","protected":false},"excerpt":{"rendered":"<div class=\"a-row\">\n<div class=\"a-column a-span6\">\n<h1 class=\"a-size-medium a-spacing-small\">Tehnilised \u00fcksikasjad<\/h1>\n<\/div>\n<\/div>\n<div class=\"a-expander-content a-expander-extend-content\" data-expanded=\"true\">\n<div class=\"a-row a-expander-container a-expander-inline-container\">\n<div class=\"a-expander-content a-expander-section-content a-section-expander-inner\" data-expanded=\"true\">\n<table id=\"productDetails_techSpec_section_1\" class=\"a-keyvalue prodDetTable\" role=\"presentation\">\n<tbody>\n<tr>\n<th class=\"a-color-secondary a-size-base prodDetSectionEntry\">Toote m\u00f5\u00f5tmed<\/th>\n<td class=\"a-size-base prodDetAttrValue\">\u200e10,04 x 10,24 x 15,83 cm; 3,46 kg<\/td>\n<\/tr>\n<tr>\n<th class=\"a-color-secondary a-size-base prodDetSectionEntry\">Toote spetsiifilised kasutusalad<\/th>\n<td class=\"a-size-base prodDetAttrValue\">Tasssoojem<\/td>\n<\/tr>\n<tr>\n<th class=\"a-color-secondary a-size-base prodDetSectionEntry\">Hooldusjuhised<\/th>\n<td class=\"a-size-base prodDetAttrValue\">Puhastage termokannu ainult ilma pesuaine ja muude abivahenditeta<\/td>\n<\/tr>\n<tr>\n<th class=\"a-color-secondary a-size-base prodDetSectionEntry\">Vajalik kokkupanek<\/th>\n<td class=\"a-size-base prodDetAttrValue\">Ei<\/td>\n<\/tr>\n<tr>\n<th class=\"a-color-secondary a-size-base prodDetSectionEntry\">T\u00fckkide arv<\/th>\n<td class=\"a-size-base prodDetAttrValue\">1<\/td>\n<\/tr>\n<tr>\n<th class=\"a-color-secondary a-size-base prodDetSectionEntry\">Garantii kirjeldus<\/th>\n<td class=\"a-size-base prodDetAttrValue\">2-aastane tootjagarantii.<\/td>\n<\/tr>\n<tr>\n<th class=\"a-color-secondary a-size-base prodDetSectionEntry\">N\u00f5utavad patareid<\/th>\n<td class=\"a-size-base prodDetAttrValue\">Ei<\/td>\n<\/tr>\n<tr>\n<th class=\"a-color-secondary a-size-base prodDetSectionEntry\">Kaasasolevad komponendid<\/th>\n<td class=\"a-size-base prodDetAttrValue\">Eemaldatav veepaak, p\u00f6\u00f6ratav filter, tilguti<\/td>\n<\/tr>\n<\/tbody>\n<\/table>\n<\/div>\n<\/div>\n<\/div>","protected":false},"featured_media":5312,"comment_status":"open","ping_status":"closed","template":"","meta":{"_monsterinsights_skip_tracking":false,"_monsterinsights_sitenote_active":false,"_monsterinsights_sitenote_note":"","_monsterinsights_sitenote_category":0,"jetpack_publicize_message":"","jetpack_publicize_feature_enabled":true,"jetpack_social_post_already_shared":false,"jetpack_social_options":{"image_generator_settings":{"template":"highway","default_image_id":0,"font":"","enabled":false},"version":2}},"product_brand":[],"product_cat":[73],"product_tag":[],"class_list":{"0":"post-5308","1":"product","2":"type-product","3":"status-publish","4":"has-post-thumbnail","6":"product_cat-coffee-machines","8":"first","9":"instock","10":"sale","11":"shipping-taxable","12":"purchasable","13":"product-type-simple"},"aioseo_notices":[],"jetpack_publicize_connections":[],"jetpack_sharing_enabled":true,"_links":{"self":[{"href":"https:\/\/amazingmarket.ee\/et\/wp-json\/wp\/v2\/product\/5308","targetHints":{"allow":["GET"]}}],"collection":[{"href":"https:\/\/amazingmarket.ee\/et\/wp-json\/wp\/v2\/product"}],"about":[{"href":"https:\/\/amazingmarket.ee\/et\/wp-json\/wp\/v2\/types\/product"}],"replies":[{"embeddable":true,"href":"https:\/\/amazingmarket.ee\/et\/wp-json\/wp\/v2\/comments?post=5308"}],"wp:featuredmedia":[{"embeddable":true,"href":"https:\/\/amazingmarket.ee\/et\/wp-json\/wp\/v2\/media\/5312"}],"wp:attachment":[{"href":"https:\/\/amazingmarket.ee\/et\/wp-json\/wp\/v2\/media?parent=5308"}],"wp:term":[{"taxonomy":"product_brand","embeddable":true,"href":"https:\/\/amazingmarket.ee\/et\/wp-json\/wp\/v2\/product_brand?post=5308"},{"taxonomy":"product_cat","embeddable":true,"href":"https:\/\/amazingmarket.ee\/et\/wp-json\/wp\/v2\/product_cat?post=5308"},{"taxonomy":"product_tag","embeddable":true,"href":"https:\/\/amazingmarket.ee\/et\/wp-json\/wp\/v2\/product_tag?post=5308"}],"curies":[{"name":"wp","href":"https:\/\/api.w.org\/{rel}","templated":true}]}}