{"id":519,"date":"2024-01-17T17:11:30","date_gmt":"2024-01-17T17:11:30","guid":{"rendered":"https:\/\/amazingmarket.ee\/?post_type=product&#038;p=519"},"modified":"2026-03-14T11:15:31","modified_gmt":"2026-03-14T09:15:31","slug":"tefal-easy-grill-adjust","status":"publish","type":"product","link":"https:\/\/amazingmarket.ee\/et\/toode\/tefal-easy-grill-adjust\/","title":{"rendered":"Tefal Easy Grill Adjust"},"content":{"rendered":"<p><span style=\"color: #000000;\"><strong>NATUKE KASUTATUD, PAKEND ON KAHJUSTATUD, SEISUKORD ON HEAS<\/strong><\/span><\/p>\n<p><strong>Tefal Easy Grill Adjust: uuenduslik elektrigrill kulinaarseks naudinguks!<\/strong><\/p>\n<p>Tefal Grill Adjust pakub mitmeid funktsioone, mis on loodud mugavuse ja maitse tagamiseks igas ampsus:<\/p>\n<ol>\n<li><strong>Reguleeritav grilli k\u00f5rgus:<\/strong> Grilli k\u00f5rgust saab h\u00f5lpsalt vastavalt oma toiduvalmistamise vajadustele reguleerida.<\/li>\n<li><strong>Suur grillimispind:<\/strong> Avar grillimispind tagab toiduvalmistamise kogu perele.<\/li>\n<li><strong>Grill-pressi tehnoloogia:<\/strong> Innovatiivne grillpressi tehnoloogia tagab \u00fchtlase kuumenemise nii \u00fclalt kui ka alt.<\/li>\n<li><strong>Reguleeritav termostaat:<\/strong> T\u00e4iuslike k\u00fcpsetustulemuste saavutamiseks reguleerige temperatuuri.<\/li>\n<li><strong>Eemaldatavad paneelid h\u00f5lpsaks puhastamiseks:<\/strong> Mugav puhastamine eemaldatavate paneelidega.<\/li>\n<li><strong>Lahtise leegi grillimise v\u00f5imalus:<\/strong> Aroomi ja maitse lisamiseks on v\u00f5imalus grillida lahtisel tulel.<\/li>\n<li><strong>Stiilne disain:<\/strong> Esteetiline disain, mis sobib ideaalselt moodsa k\u00f6\u00f6gi kujundusega.<\/li>\n<\/ol>\n<p>Tefal Easy Grill Adjust on enamat kui lihtsalt grill; see on t\u00f6\u00f6riist oma lemmikroogade valmistamiseks minimaalse pingutuse ja maksimaalse maitsega.<\/p>","protected":false},"excerpt":{"rendered":"<p><strong>Tefal Easy Grill Adjust: mugav ja t\u00f5hus elektrigrill!<\/strong><\/p>\n<p>Tefal Grill Adjust on Tefali elektrigrill, mis pakub lihtsust ja suurt efektiivsust. Reguleeritava k\u00f5rguse ja kiire k\u00fcpsetusajaga on see grill suurep\u00e4rane kaaslane teie lemmikroogade valmistamiseks.<\/p>","protected":false},"featured_media":1287,"comment_status":"open","ping_status":"closed","template":"","meta":{"_monsterinsights_skip_tracking":false,"_monsterinsights_sitenote_active":false,"_monsterinsights_sitenote_note":"","_monsterinsights_sitenote_category":0,"jetpack_publicize_message":"","jetpack_publicize_feature_enabled":true,"jetpack_social_post_already_shared":false,"jetpack_social_options":{"image_generator_settings":{"template":"highway","default_image_id":0,"font":"","enabled":false},"version":2}},"product_brand":[],"product_cat":[79],"product_tag":[],"class_list":{"0":"post-519","1":"product","2":"type-product","3":"status-publish","4":"has-post-thumbnail","6":"product_cat-electric-grill-cookers","8":"first","9":"instock","10":"sale","11":"shipping-taxable","12":"purchasable","13":"product-type-simple"},"aioseo_notices":[],"jetpack_publicize_connections":[],"jetpack_sharing_enabled":true,"_links":{"self":[{"href":"https:\/\/amazingmarket.ee\/et\/wp-json\/wp\/v2\/product\/519","targetHints":{"allow":["GET"]}}],"collection":[{"href":"https:\/\/amazingmarket.ee\/et\/wp-json\/wp\/v2\/product"}],"about":[{"href":"https:\/\/amazingmarket.ee\/et\/wp-json\/wp\/v2\/types\/product"}],"replies":[{"embeddable":true,"href":"https:\/\/amazingmarket.ee\/et\/wp-json\/wp\/v2\/comments?post=519"}],"wp:featuredmedia":[{"embeddable":true,"href":"https:\/\/amazingmarket.ee\/et\/wp-json\/wp\/v2\/media\/1287"}],"wp:attachment":[{"href":"https:\/\/amazingmarket.ee\/et\/wp-json\/wp\/v2\/media?parent=519"}],"wp:term":[{"taxonomy":"product_brand","embeddable":true,"href":"https:\/\/amazingmarket.ee\/et\/wp-json\/wp\/v2\/product_brand?post=519"},{"taxonomy":"product_cat","embeddable":true,"href":"https:\/\/amazingmarket.ee\/et\/wp-json\/wp\/v2\/product_cat?post=519"},{"taxonomy":"product_tag","embeddable":true,"href":"https:\/\/amazingmarket.ee\/et\/wp-json\/wp\/v2\/product_tag?post=519"}],"curies":[{"name":"wp","href":"https:\/\/api.w.org\/{rel}","templated":true}]}}