{"id":5167,"date":"2024-09-30T17:15:30","date_gmt":"2024-09-30T15:15:30","guid":{"rendered":"https:\/\/amazingmarket.ee\/?post_type=product&#038;p=5167"},"modified":"2026-03-14T11:15:28","modified_gmt":"2026-03-14T09:15:28","slug":"tesvor-x500","status":"publish","type":"product","link":"https:\/\/amazingmarket.ee\/et\/toode\/tesvor-x500\/","title":{"rendered":"Tesvor X500"},"content":{"rendered":"<h1>UUS, EI OLE HARJU<\/h1>\n<h1 class=\"a-size-base-plus a-text-bold\">Selle \u00fcksuse kohta<\/h1>\n<ul class=\"a-unordered-list a-vertical a-spacing-mini\">\n<li class=\"a-spacing-mini\"><span class=\"a-list-item\">\u00dchildub rakenduse ja Alexaga: Robotit saab juhtida kas nutitelefoni rakenduse v\u00f5i Alexa h\u00e4\u00e4ljuhiste abil ning puhastust\u00f6\u00f6d saab j\u00e4lgida. Pange t\u00e4hele, et rakendus toetab ainult 2,4 GHz WLAN-i, kasutusjuhised (ei saa garanteerida, et need on inglise keeles). Rakenduse ja Alexa jaoks on need pakendis kaasas.<\/span><\/li>\n<li class=\"a-spacing-mini\"><span class=\"a-list-item\">Planeeritud puhastus: Tesvor X500 robottolmuimejal on \u00fche nupuga juhtimine ja see tuvastab automaatselt, kus see on juba puhastatud. Seega ei teki tarbetut topeltpuhastust ega kokkup\u00f5rkeid teiste esemetega (saksakeelne kasutusjuhend).<\/span><\/li>\n<li class=\"a-spacing-mini\"><span class=\"a-list-item\">V\u00f5imas imemisv\u00f5imsus: X500 robottolmuimejal on v\u00e4ga v\u00f5imas imemisv\u00f5imsus kahe harjapeaga, see on meeldivalt peaaegu vaikne ja puhastab iseseisvalt ka k\u00f5ige v\u00e4iksema mustuse. (Pange t\u00e4hele, et parempoolne ja vasakpoolne hari on erinevad.)<\/span><\/li>\n<li class=\"a-spacing-mini\"><span class=\"a-list-item\">Praktiline disain: X500 robottolmuimeja abistab teid igap\u00e4evasel puhastamisel maksimaalse puhastusre\u017eiimiga. Kvaliteetsed liitiumakud pakuvad kuni 100 minutit t\u00f6\u00f6aega umbes 150 ruutmeetri elamispinna jaoks ja suur 0,6-liitrine tolmukast imab endasse palju tolmu. (Madalaima k\u00f5rgusega 7,4 cm saab m\u00f6\u00f6bli alt h\u00f5lpsalt puhastada.)<\/span><\/li>\n<li class=\"a-spacing-mini\"><span class=\"a-list-item\">Navigeerib automaatselt tagasi laadimisjaama: Kui puhastamine on l\u00f5ppenud v\u00f5i vooluvarustus n\u00f5rgeneb, navigeerib robottolmuimeja automaatselt tagasi laadimisjaama. Seal laeb see kiiresti, kuid \u00f5rnalt. Valmis j\u00e4rgmiseks kasutuskorraks.<\/span><\/li>\n<\/ul>","protected":false},"excerpt":{"rendered":"<div class=\"a-row\">\n<div class=\"a-column a-span6\">\n<h1 class=\"a-size-medium a-spacing-small\">Tehnilised \u00fcksikasjad<\/h1>\n<\/div>\n<\/div>\n<div class=\"a-expander-content a-expander-extend-content\" data-expanded=\"true\">\n<div class=\"a-row a-expander-container a-expander-inline-container\">\n<div class=\"a-expander-content a-expander-section-content a-section-expander-inner\" data-expanded=\"true\">\n<table id=\"productDetails_techSpec_section_1\" class=\"a-keyvalue prodDetTable\" role=\"presentation\">\n<tbody>\n<tr>\n<th class=\"a-color-secondary a-size-base prodDetSectionEntry\">Kaubam\u00e4rk<\/th>\n<td class=\"a-size-base prodDetAttrValue\">Tesvor<\/td>\n<\/tr>\n<tr>\n<th class=\"a-color-secondary a-size-base prodDetSectionEntry\">Mudeli number<\/th>\n<td class=\"a-size-base prodDetAttrValue\">Staubsaugeri robot<\/td>\n<\/tr>\n<tr>\n<th class=\"a-color-secondary a-size-base prodDetSectionEntry\">V\u00e4rv<\/th>\n<td class=\"a-size-base prodDetAttrValue\">Must<\/td>\n<\/tr>\n<tr>\n<th class=\"a-color-secondary a-size-base prodDetSectionEntry\">Toote m\u00f5\u00f5tmed<\/th>\n<td class=\"a-size-base prodDetAttrValue\">12,7 x 35,9 x 45 cm; 4 kg<\/td>\n<\/tr>\n<tr>\n<th class=\"a-color-secondary a-size-base prodDetSectionEntry\">Mahutavus<\/th>\n<td class=\"a-size-base prodDetAttrValue\">0,6 liitrit<\/td>\n<\/tr>\n<tr>\n<th class=\"a-color-secondary a-size-base prodDetSectionEntry\">Maksimaalne kandev\u00f5ime<\/th>\n<td class=\"a-size-base prodDetAttrValue\">4,5 kilogrammi<\/td>\n<\/tr>\n<tr>\n<th class=\"a-color-secondary a-size-base prodDetSectionEntry\">V\u00f5imsus \/ vatt<\/th>\n<td class=\"a-size-base prodDetAttrValue\">22 vatti<\/td>\n<\/tr>\n<tr>\n<th class=\"a-color-secondary a-size-base prodDetSectionEntry\">Pinge<\/th>\n<td class=\"a-size-base prodDetAttrValue\">14,4 volti<\/td>\n<\/tr>\n<tr>\n<th class=\"a-color-secondary a-size-base prodDetSectionEntry\">Materjal<\/th>\n<td class=\"a-size-base prodDetAttrValue\">Klaaskattega<\/td>\n<\/tr>\n<tr>\n<th class=\"a-color-secondary a-size-base prodDetSectionEntry\">Automaatne v\u00e4ljal\u00fclitus<\/th>\n<td class=\"a-size-base prodDetAttrValue\">Ei<\/td>\n<\/tr>\n<tr>\n<th class=\"a-color-secondary a-size-base prodDetSectionEntry\">Vaipade puhastamise j\u00f5udlusklass<\/th>\n<td class=\"a-size-base prodDetAttrValue\">A<\/td>\n<\/tr>\n<tr>\n<th class=\"a-color-secondary a-size-base prodDetSectionEntry\">K\u00f5va p\u00f5randa puhastamise t\u00f5hususe klass<\/th>\n<td class=\"a-size-base prodDetAttrValue\">A<\/td>\n<\/tr>\n<tr>\n<th class=\"a-color-secondary a-size-base prodDetSectionEntry\">Tolmu remissiooni klass<\/th>\n<td class=\"a-size-base prodDetAttrValue\">A<\/td>\n<\/tr>\n<tr>\n<th class=\"a-color-secondary a-size-base prodDetSectionEntry\">M\u00fcra tase<\/th>\n<td class=\"a-size-base prodDetAttrValue\">60 dB<\/td>\n<\/tr>\n<tr>\n<th class=\"a-color-secondary a-size-base prodDetSectionEntry\">Kestus<\/th>\n<td class=\"a-size-base prodDetAttrValue\">2 tundi<\/td>\n<\/tr>\n<tr>\n<th class=\"a-color-secondary a-size-base prodDetSectionEntry\">\u00dchilduvad mudelid<\/th>\n<td class=\"a-size-base prodDetAttrValue\">Nutitelefonid, Amazon Echo, kaugjuhtimispult, Google Home<\/td>\n<\/tr>\n<tr>\n<th class=\"a-color-secondary a-size-base prodDetSectionEntry\">Eriomadused<\/th>\n<td class=\"a-size-base prodDetAttrValue\">Sobib vaibale ja siledatele p\u00f5randatele, vastupidav kvaliteet ja madala profiiliga disain, mugav Alexa juhtimine, OTA teenuse uuendamine, \u00fche nupuga planeerimine, lihtne rakenduse juhtimine<\/td>\n<\/tr>\n<tr>\n<th class=\"a-color-secondary a-size-base prodDetSectionEntry\">Kauba kaal<\/th>\n<td class=\"a-size-base prodDetAttrValue\">4 kilogrammi<\/td>\n<\/tr>\n<\/tbody>\n<\/table>\n<\/div>\n<\/div>\n<\/div>","protected":false},"featured_media":5170,"comment_status":"open","ping_status":"closed","template":"","meta":{"_monsterinsights_skip_tracking":false,"_monsterinsights_sitenote_active":false,"_monsterinsights_sitenote_note":"","_monsterinsights_sitenote_category":0,"jetpack_publicize_message":"","jetpack_publicize_feature_enabled":true,"jetpack_social_post_already_shared":false,"jetpack_social_options":{"image_generator_settings":{"template":"highway","default_image_id":0,"font":"","enabled":false},"version":2}},"product_brand":[],"product_cat":[80,102],"product_tag":[],"class_list":{"0":"post-5167","1":"product","2":"type-product","3":"status-publish","4":"has-post-thumbnail","6":"product_cat-robot-vacuum-cleaners","7":"product_cat-vacuum-cleaners","9":"first","10":"instock","11":"sale","12":"shipping-taxable","13":"purchasable","14":"product-type-simple"},"aioseo_notices":[],"jetpack_publicize_connections":[],"jetpack_sharing_enabled":true,"_links":{"self":[{"href":"https:\/\/amazingmarket.ee\/et\/wp-json\/wp\/v2\/product\/5167","targetHints":{"allow":["GET"]}}],"collection":[{"href":"https:\/\/amazingmarket.ee\/et\/wp-json\/wp\/v2\/product"}],"about":[{"href":"https:\/\/amazingmarket.ee\/et\/wp-json\/wp\/v2\/types\/product"}],"replies":[{"embeddable":true,"href":"https:\/\/amazingmarket.ee\/et\/wp-json\/wp\/v2\/comments?post=5167"}],"wp:featuredmedia":[{"embeddable":true,"href":"https:\/\/amazingmarket.ee\/et\/wp-json\/wp\/v2\/media\/5170"}],"wp:attachment":[{"href":"https:\/\/amazingmarket.ee\/et\/wp-json\/wp\/v2\/media?parent=5167"}],"wp:term":[{"taxonomy":"product_brand","embeddable":true,"href":"https:\/\/amazingmarket.ee\/et\/wp-json\/wp\/v2\/product_brand?post=5167"},{"taxonomy":"product_cat","embeddable":true,"href":"https:\/\/amazingmarket.ee\/et\/wp-json\/wp\/v2\/product_cat?post=5167"},{"taxonomy":"product_tag","embeddable":true,"href":"https:\/\/amazingmarket.ee\/et\/wp-json\/wp\/v2\/product_tag?post=5167"}],"curies":[{"name":"wp","href":"https:\/\/api.w.org\/{rel}","templated":true}]}}