{"id":5035,"date":"2024-09-29T15:05:34","date_gmt":"2024-09-29T13:05:34","guid":{"rendered":"https:\/\/amazingmarket.ee\/?post_type=product&#038;p=5035"},"modified":"2026-03-14T11:15:28","modified_gmt":"2026-03-14T09:15:28","slug":"rowenta-rr8585wh-x-plorer-series-75-s","status":"publish","type":"product","link":"https:\/\/amazingmarket.ee\/et\/toode\/rowenta-rr8585wh-x-plorer-series-75-s\/","title":{"rendered":"Rowenta RR8585WH X-Plorer seeria 75 S+"},"content":{"rendered":"<h1>DEMO, HEAS KORRAS<\/h1>\n<h1 class=\"a-size-base-plus a-text-bold\">Selle \u00fcksuse kohta<\/h1>\n<ul class=\"a-unordered-list a-vertical a-spacing-mini\">\n<li class=\"a-spacing-mini\"><span class=\"a-list-item\">\u00dcLIT\u00c4PNE NAVIGATSIOON: t\u00e4nu Smart Exploration 8.0 lasertehnoloogiale skaneerib Rowenta X-Plorer robottolmuimeja iga ruumi, tuvastab takistused ja loob teie kodust t\u00e4pse kaardi, et saaksite sihip\u00e4rase ja isikup\u00e4rastatud puhastustee.<\/span><\/li>\n<li class=\"a-spacing-mini\"><span class=\"a-list-item\">KOHANDATAVA KAARDISTAMINE: robot loob ja salvestab interaktiivsed kaardid igast ruumist t\u00e4ieliku katvuse tagamiseks; saate valida puhastatavaid alasid ja sagedust, m\u00e4\u00e4rata keelualasid, koostada isikup\u00e4raseid puhastusmarsruute ja palju muud<\/span><\/li>\n<li class=\"a-spacing-mini\"><span class=\"a-list-item\">Automaatne t\u00fchjendamine: robot t\u00fchjendab jaamas oleva tolmu automaatselt vaid 20 sekundiga p\u00e4rast iga seanssi, nii et see suudab p\u00f5randat puhastada kuni 60 p\u00e4eva ilma hoolduseta<\/span><\/li>\n<li class=\"a-spacing-mini\"><span class=\"a-list-item\">Intelligentne robot: tuvastab pinna t\u00fc\u00fcbi ja reguleerib automaatselt imemisv\u00f5imsust. Eelk\u00f5ige tunneb see \u00e4ra vaibad ja vaibad ning suurendab imemisv\u00f5imsust<\/span><\/li>\n<li class=\"a-spacing-mini\"><span class=\"a-list-item\">NUTIKAS KASUTAMINE: \u00fchildub tasuta spetsiaalse rakendusega (iOS-i ja Androidi jaoks) ning Amazon Alexa ja Google Home&#039;i h\u00e4\u00e4lassistentidega, et puhastusseansside \u00fcle t\u00e4ielikult juhtida isegi siis, kui olete kodust eemal.<\/span><\/li>\n<li class=\"a-spacing-mini\"><span class=\"a-list-item\">ERITI VAIKNE: vaikne re\u017eiim v\u00f5imaldab teil puhastada ilma h\u00e4irimata, t\u00e4nu vaikimistehnoloogiale, mis summutab heli<\/span><\/li>\n<li class=\"a-spacing-mini\"><span class=\"a-list-item\">Kauakestev aku: varustatud pika t\u00f6\u00f6eaga, mis pakub 120-minutilist puhastust, v\u00f5imaldades \u00fche laadimisega puhastada kuni 120 m\u00b2 pinda<\/span><\/li>\n<\/ul>","protected":false},"excerpt":{"rendered":"<h1 class=\"a-size-base-plus a-text-bold\">Selle \u00fcksuse kohta<\/h1>\n<ul class=\"a-unordered-list a-vertical a-spacing-mini\">\n<li class=\"a-spacing-mini\"><span class=\"a-list-item\">\u00dcLIT\u00c4PNE NAVIGATSIOON: t\u00e4nu Smart Exploration 8.0 lasertehnoloogiale skaneerib Rowenta X-Plorer robottolmuimeja iga ruumi, tuvastab takistused ja loob teie kodust t\u00e4pse kaardi, et saaksite sihip\u00e4rase ja isikup\u00e4rastatud puhastustee.<\/span><\/li>\n<li class=\"a-spacing-mini\"><span class=\"a-list-item\">KOHANDATAVA KAARDISTAMINE: robot loob ja salvestab interaktiivsed kaardid igast ruumist t\u00e4ieliku katvuse tagamiseks; saate valida puhastatavaid alasid ja sagedust, m\u00e4\u00e4rata keelualasid, koostada isikup\u00e4raseid puhastusmarsruute ja palju muud<\/span><\/li>\n<li class=\"a-spacing-mini\"><span class=\"a-list-item\">Automaatne t\u00fchjendamine: robot t\u00fchjendab jaamas oleva tolmu automaatselt vaid 20 sekundiga p\u00e4rast iga seanssi, nii et see suudab p\u00f5randat puhastada kuni 60 p\u00e4eva ilma hoolduseta<\/span><\/li>\n<li class=\"a-spacing-mini\"><span class=\"a-list-item\">Intelligentne robot: tuvastab pinna t\u00fc\u00fcbi ja reguleerib automaatselt imemisv\u00f5imsust. Eelk\u00f5ige tunneb see \u00e4ra vaibad ja vaibad ning suurendab imemisv\u00f5imsust<\/span><\/li>\n<li class=\"a-spacing-mini\"><span class=\"a-list-item\">NUTIKAS KASUTAMINE: \u00fchildub tasuta spetsiaalse rakendusega (iOS-i ja Androidi jaoks) ning Amazon Alexa ja Google Home&#039;i h\u00e4\u00e4lassistentidega, et puhastusseansside \u00fcle t\u00e4ielikult juhtida isegi siis, kui olete kodust eemal.<\/span><\/li>\n<li class=\"a-spacing-mini\"><span class=\"a-list-item\">ERITI VAIKNE: vaikne re\u017eiim v\u00f5imaldab teil puhastada ilma h\u00e4irimata, t\u00e4nu vaikimistehnoloogiale, mis summutab heli<\/span><\/li>\n<li class=\"a-spacing-mini\"><span class=\"a-list-item\">Kauakestev aku: varustatud pika t\u00f6\u00f6eaga, mis pakub 120-minutilist puhastust, v\u00f5imaldades \u00fche laadimisega puhastada kuni 120 m\u00b2 pinda<\/span><\/li>\n<\/ul>","protected":false},"featured_media":10557,"comment_status":"open","ping_status":"closed","template":"","meta":{"_monsterinsights_skip_tracking":false,"_monsterinsights_sitenote_active":false,"_monsterinsights_sitenote_note":"","_monsterinsights_sitenote_category":0,"jetpack_publicize_message":"","jetpack_publicize_feature_enabled":true,"jetpack_social_post_already_shared":false,"jetpack_social_options":{"image_generator_settings":{"template":"highway","default_image_id":0,"font":"","enabled":false},"version":2}},"product_brand":[],"product_cat":[80,102],"product_tag":[],"class_list":{"0":"post-5035","1":"product","2":"type-product","3":"status-publish","4":"has-post-thumbnail","6":"product_cat-robot-vacuum-cleaners","7":"product_cat-vacuum-cleaners","9":"first","10":"instock","11":"sale","12":"shipping-taxable","13":"purchasable","14":"product-type-simple"},"aioseo_notices":[],"jetpack_publicize_connections":[],"jetpack_sharing_enabled":true,"_links":{"self":[{"href":"https:\/\/amazingmarket.ee\/et\/wp-json\/wp\/v2\/product\/5035","targetHints":{"allow":["GET"]}}],"collection":[{"href":"https:\/\/amazingmarket.ee\/et\/wp-json\/wp\/v2\/product"}],"about":[{"href":"https:\/\/amazingmarket.ee\/et\/wp-json\/wp\/v2\/types\/product"}],"replies":[{"embeddable":true,"href":"https:\/\/amazingmarket.ee\/et\/wp-json\/wp\/v2\/comments?post=5035"}],"wp:featuredmedia":[{"embeddable":true,"href":"https:\/\/amazingmarket.ee\/et\/wp-json\/wp\/v2\/media\/10557"}],"wp:attachment":[{"href":"https:\/\/amazingmarket.ee\/et\/wp-json\/wp\/v2\/media?parent=5035"}],"wp:term":[{"taxonomy":"product_brand","embeddable":true,"href":"https:\/\/amazingmarket.ee\/et\/wp-json\/wp\/v2\/product_brand?post=5035"},{"taxonomy":"product_cat","embeddable":true,"href":"https:\/\/amazingmarket.ee\/et\/wp-json\/wp\/v2\/product_cat?post=5035"},{"taxonomy":"product_tag","embeddable":true,"href":"https:\/\/amazingmarket.ee\/et\/wp-json\/wp\/v2\/product_tag?post=5035"}],"curies":[{"name":"wp","href":"https:\/\/api.w.org\/{rel}","templated":true}]}}