{"id":496,"date":"2024-01-17T16:21:46","date_gmt":"2024-01-17T16:21:46","guid":{"rendered":"https:\/\/amazingmarket.ee\/?post_type=product&#038;p=496"},"modified":"2026-03-14T11:15:32","modified_gmt":"2026-03-14T09:15:32","slug":"princess-raclette-8-oval-grill-party","status":"publish","type":"product","link":"https:\/\/amazingmarket.ee\/et\/toode\/princess-raclette-8-oval-grill-party\/","title":{"rendered":"Princess Raclette 8 ovaalne grillpidu"},"content":{"rendered":"<p><span style=\"color: #000000;\"><strong>UUS, PAKEND ON KAHJUSTATUD<\/strong><\/span><\/p>\n<p><strong>Printsess Raclette 8 ovaalse grilli pidu: kulinaarne nauding s\u00f5prade seas!<\/strong><\/p>\n<p>Princess Raclette 8 Oval Grill Party on enamat kui lihtsalt grillimine; see on toiduvalmistamise kogemus, mis \u00fchendab endas maitse, meelelahutuse ja seltskondliku suhtluse:<\/p>\n<ol>\n<li><strong>8 individuaalset panni:<\/strong> Pakkuge igale k\u00fclalisele ainulaadset toiduvalmistamise kogemust, kasutades 8 eraldi panni.<\/li>\n<li><strong>Ovaalne kuju suurema naudingu saamiseks:<\/strong> Grillplaadi ainulaadne ovaalne kuju v\u00f5imaldab teil mahutada rohkem koostisosi ja luua mitmesuguseid roogasid.<\/li>\n<li><strong>Reguleeritav termostaat:<\/strong> Reguleeritava termostaadi abil saavutage iga koostisosa jaoks ideaalne temperatuur.<\/li>\n<li><strong>Vastupidavad ja kergesti puhastatavad materjalid:<\/strong> Vastupidavatest ja kergesti puhastatavatest materjalidest valmistatud raclette-grill pakub praktilist lahendust kulinaarseteks pidudeks.<\/li>\n<li><strong>Elegantne disain:<\/strong> Stiilne disain sobib sujuvalt teie kodu atmosf\u00e4\u00e4ri, lisades peole erilise h\u00f5ngu.<\/li>\n<li><strong>Sobib ideaalselt k\u00f5ikidele koostisosadele:<\/strong> Valmista liha, kala, k\u00f6\u00f6givilju ja juustu \u2013 iga\u00fcks leiab midagi oma maitsele.<\/li>\n<\/ol>\n<p>Princess Raclette 8 Oval Grill Party on vahend kulinaarseks loovuseks ja m\u00e4lestuste loomiseks l\u00e4hedastega.<\/p>","protected":false},"excerpt":{"rendered":"<p><strong>Printsess Raclette 8 ovaalse grilli pidu: sinu isiklik kokk peoks!<\/strong><\/p>\n<p>Princess Raclette 8 Oval Grill Party 162700 on elektrigrill, mis on loodud elavateks koosviibimisteks ja hubasteks koosviibimisteks. Selle abil saate nautida fantastilisi roogasid ja s\u00f5prade seltskonda, valmistades oma lemmiktoite otse laua taga.<\/p>","protected":false},"featured_media":1291,"comment_status":"open","ping_status":"closed","template":"","meta":{"_monsterinsights_skip_tracking":false,"_monsterinsights_sitenote_active":false,"_monsterinsights_sitenote_note":"","_monsterinsights_sitenote_category":0,"jetpack_publicize_message":"","jetpack_publicize_feature_enabled":true,"jetpack_social_post_already_shared":false,"jetpack_social_options":{"image_generator_settings":{"template":"highway","default_image_id":0,"font":"","enabled":false},"version":2}},"product_brand":[],"product_cat":[87],"product_tag":[],"class_list":{"0":"post-496","1":"product","2":"type-product","3":"status-publish","4":"has-post-thumbnail","6":"product_cat-electric-grills","8":"first","9":"instock","10":"sale","11":"shipping-taxable","12":"purchasable","13":"product-type-simple"},"aioseo_notices":[],"jetpack_publicize_connections":[],"jetpack_sharing_enabled":true,"_links":{"self":[{"href":"https:\/\/amazingmarket.ee\/et\/wp-json\/wp\/v2\/product\/496","targetHints":{"allow":["GET"]}}],"collection":[{"href":"https:\/\/amazingmarket.ee\/et\/wp-json\/wp\/v2\/product"}],"about":[{"href":"https:\/\/amazingmarket.ee\/et\/wp-json\/wp\/v2\/types\/product"}],"replies":[{"embeddable":true,"href":"https:\/\/amazingmarket.ee\/et\/wp-json\/wp\/v2\/comments?post=496"}],"wp:featuredmedia":[{"embeddable":true,"href":"https:\/\/amazingmarket.ee\/et\/wp-json\/wp\/v2\/media\/1291"}],"wp:attachment":[{"href":"https:\/\/amazingmarket.ee\/et\/wp-json\/wp\/v2\/media?parent=496"}],"wp:term":[{"taxonomy":"product_brand","embeddable":true,"href":"https:\/\/amazingmarket.ee\/et\/wp-json\/wp\/v2\/product_brand?post=496"},{"taxonomy":"product_cat","embeddable":true,"href":"https:\/\/amazingmarket.ee\/et\/wp-json\/wp\/v2\/product_cat?post=496"},{"taxonomy":"product_tag","embeddable":true,"href":"https:\/\/amazingmarket.ee\/et\/wp-json\/wp\/v2\/product_tag?post=496"}],"curies":[{"name":"wp","href":"https:\/\/api.w.org\/{rel}","templated":true}]}}