{"id":4912,"date":"2024-09-21T15:38:18","date_gmt":"2024-09-21T13:38:18","guid":{"rendered":"https:\/\/amazingmarket.ee\/?post_type=product&#038;p=4912"},"modified":"2026-03-14T11:15:28","modified_gmt":"2026-03-14T09:15:28","slug":"hot-air-fryer-xxl-zachvo-airfryer","status":"publish","type":"product","link":"https:\/\/amazingmarket.ee\/et\/toode\/hot-air-fryer-xxl-zachvo-airfryer\/","title":{"rendered":"Kuuma \u00f5huga frit\u00fc\u00fcr XXL \u2013 ZACHVO Airfryer"},"content":{"rendered":"<h1 class=\"a-size-base-plus a-text-bold\">Selle \u00fcksuse kohta<\/h1>\n<ul class=\"a-unordered-list a-vertical a-spacing-mini\">\n<li class=\"a-spacing-mini\"><span class=\"a-list-item\">Ilma \u00f5lita \u2013 90% v\u00e4hem rasva: t\u00e4nu uuenduslikule 360\u00b0 kuuma \u00f5hu tehnoloogiale v\u00f5tab ZACHVO XXL kuuma \u00f5hu frit\u00fc\u00fcr \u00fcle tavalise frit\u00fc\u00fcri \u00fclesanded ilma \u00f5li vajaduseta. See v\u00e4hendab teie roogade rasvasisaldust muljetavaldava 90% v\u00f5rra, s\u00e4ilitades samal ajal k\u00fcpsetamise ajal v\u00e4\u00e4rtuslikud vitamiinid ja toitained. See tekitab minimaalselt suitsu, mis on kasulik teie nahale ja tervisele.<\/span><\/li>\n<li class=\"a-spacing-mini\"><span class=\"a-list-item\">K\u00f5ik \u00fches \u2013 r\u00f6stimine, grillimine, praadimine, k\u00fcpsetamine, kuivatamine: ZACHVO Airfryer toimib ahju, grilli, r\u00f6steri, frit\u00fc\u00fcri ja isegi puuviljakuivatina ning pakub teile laia valikut kulinaarseid v\u00f5imalusi, mis vastavad teie vajadustele. Lihtsalt puudutage sisse\/v\u00e4lja nuppu, valige men\u00fc\u00fcnupu abil programm, vajadusel reguleerige temperatuuri ja aega ning aktiveerige vajadusel rullimisre\u017eiim. Seej\u00e4rel vajutage k\u00e4ivitusnuppu.<\/span><\/li>\n<li class=\"a-spacing-mini\"><span class=\"a-list-item\">15-liitrine \u00f5hufrit\u00fc\u00fcr 7 lisatarvikuga: 360\u00b0 p\u00f6\u00f6rlev kanakahvel sobib 1,5 kg kana praadimiseks. 360\u00b0 p\u00f6\u00f6rlev rataspuur sobib ideaalselt suupistete, n\u00e4iteks friikartulite jaoks. 360\u00b0 p\u00f6\u00f6rlemine v\u00f5imaldab teil kodus grillimiskogemust nautida. V\u00f5rkkorv sobib ideaalselt grillimiseks, r\u00f6stimiseks v\u00f5i toitude, n\u00e4iteks steigi ja leiva r\u00f6stimiseks. V\u00f5rkkandikul saate kuivatada puuvilju v\u00f5i valmistada 23 cm pitsasid. Kandik muudab puhastamise lihtsamaks. Rullklambrit kasutatakse kanakahvli, rataspuuri ja varrasgrillide eemaldamiseks.<\/span><\/li>\n<li class=\"a-spacing-mini\"><span class=\"a-list-item\">1700 W kuuma\u00f5hu frit\u00fc\u00fcr LCD-puutetundliku ekraani ja 10 programmiga: ZACHVO XXL kuuma\u00f5hu frit\u00fc\u00fcr pakub 10 erinevat programmi, mis on hoolikalt v\u00e4lja t\u00f6\u00f6tatud vastama erinevatele toiduvalmistamise eelistustele. Teie kasutajas\u00f5bralik LCD-puuteekraan kuvab kogu teavet saksa keeles. Valige lihtsalt soovitud suvand ja oodake kannatlikult loenduri l\u00f5ppu.<\/span><\/li>\n<li class=\"a-spacing-mini\"><span class=\"a-list-item\">L\u00e4bipaistev aken ja automaatne v\u00e4ljal\u00fclitus: automaatse alarmifunktsiooniga ZACHVO kuuma\u00f5hufrit\u00fc\u00fcr tagab ohutuse, l\u00fclitudes ukse avamisel automaatselt v\u00e4lja, et saaksite kontrollida k\u00fcpsetusolekut v\u00f5i vajadusel muudatusi teha. Aken ja valgustus pakuvad reaalajas \u00fclevaadet k\u00fcpsetusprotsessist, et saaksite seda t\u00e4helepanelikult j\u00e4lgida ja v\u00e4ltida oma kulinaarsete loomingute \u00fclek\u00fcpsetamise v\u00f5i k\u00f5rbemise ohtu.<\/span><\/li>\n<\/ul>","protected":false},"excerpt":{"rendered":"<div class=\"a-row\">\n<div class=\"a-column a-span6\">\n<h1 class=\"a-size-medium a-spacing-small\">Tehnilised \u00fcksikasjad<\/h1>\n<\/div>\n<\/div>\n<div class=\"a-expander-content a-expander-extend-content\" data-expanded=\"true\">\n<div class=\"a-row a-expander-container a-expander-inline-container\">\n<div class=\"a-expander-content a-expander-section-content a-section-expander-inner\" data-expanded=\"true\">\n<table id=\"productDetails_techSpec_section_1\" class=\"a-keyvalue prodDetTable\" role=\"presentation\">\n<tbody>\n<tr>\n<th class=\"a-color-secondary a-size-base prodDetSectionEntry\">Kaubam\u00e4rk<\/th>\n<td class=\"a-size-base prodDetAttrValue\">\u200eZACHVO<\/td>\n<\/tr>\n<tr>\n<th class=\"a-color-secondary a-size-base prodDetSectionEntry\">Mudeli number<\/th>\n<td class=\"a-size-base prodDetAttrValue\">A015A-D-DE<\/td>\n<\/tr>\n<tr>\n<th class=\"a-color-secondary a-size-base prodDetSectionEntry\">V\u00e4rv<\/th>\n<td class=\"a-size-base prodDetAttrValue\">Must<\/td>\n<\/tr>\n<tr>\n<th class=\"a-color-secondary a-size-base prodDetSectionEntry\">Toote m\u00f5\u00f5tmed<\/th>\n<td class=\"a-size-base prodDetAttrValue\">38 x 33 x 33 cm; 7,2 kg<\/td>\n<\/tr>\n<tr>\n<th class=\"a-color-secondary a-size-base prodDetSectionEntry\">Mahutavus<\/th>\n<td class=\"a-size-base prodDetAttrValue\">15 liitrit<\/td>\n<\/tr>\n<tr>\n<th class=\"a-color-secondary a-size-base prodDetSectionEntry\">V\u00f5imsus \/ vatt<\/th>\n<td class=\"a-size-base prodDetAttrValue\">1700 vatti<\/td>\n<\/tr>\n<tr>\n<th class=\"a-color-secondary a-size-base prodDetSectionEntry\">Pinge<\/th>\n<td class=\"a-size-base prodDetAttrValue\">220 volti<\/td>\n<\/tr>\n<tr>\n<th class=\"a-color-secondary a-size-base prodDetSectionEntry\">Materjal<\/th>\n<td class=\"a-size-base prodDetAttrValue\">304 roostevabast terasest kamber ja tarvikud<\/td>\n<\/tr>\n<tr>\n<th class=\"a-color-secondary a-size-base prodDetSectionEntry\">Automaatne v\u00e4ljal\u00fclitus<\/th>\n<td class=\"a-size-base prodDetAttrValue\">jah<\/td>\n<\/tr>\n<tr>\n<th class=\"a-color-secondary a-size-base prodDetSectionEntry\">Eriomadused<\/th>\n<td class=\"a-size-base prodDetAttrValue\">Temperatuuri reguleerimine, taimer, automaatne v\u00e4ljal\u00fclitus, programmeeritav<\/td>\n<\/tr>\n<tr>\n<th class=\"a-color-secondary a-size-base prodDetSectionEntry\">Kauba kaal<\/th>\n<td class=\"a-size-base prodDetAttrValue\">7,2 kilogrammi<\/td>\n<\/tr>\n<\/tbody>\n<\/table>\n<\/div>\n<\/div>\n<\/div>","protected":false},"featured_media":4858,"comment_status":"open","ping_status":"closed","template":"","meta":{"_monsterinsights_skip_tracking":false,"_monsterinsights_sitenote_active":false,"_monsterinsights_sitenote_note":"","_monsterinsights_sitenote_category":0,"jetpack_publicize_message":"","jetpack_publicize_feature_enabled":true,"jetpack_social_post_already_shared":false,"jetpack_social_options":{"image_generator_settings":{"template":"highway","default_image_id":0,"font":"","enabled":false},"version":2}},"product_brand":[],"product_cat":[71],"product_tag":[],"class_list":{"0":"post-4912","1":"product","2":"type-product","3":"status-publish","4":"has-post-thumbnail","6":"product_cat-airfryers","8":"first","9":"instock","10":"sale","11":"shipping-taxable","12":"purchasable","13":"product-type-simple"},"aioseo_notices":[],"jetpack_publicize_connections":[],"jetpack_sharing_enabled":true,"_links":{"self":[{"href":"https:\/\/amazingmarket.ee\/et\/wp-json\/wp\/v2\/product\/4912","targetHints":{"allow":["GET"]}}],"collection":[{"href":"https:\/\/amazingmarket.ee\/et\/wp-json\/wp\/v2\/product"}],"about":[{"href":"https:\/\/amazingmarket.ee\/et\/wp-json\/wp\/v2\/types\/product"}],"replies":[{"embeddable":true,"href":"https:\/\/amazingmarket.ee\/et\/wp-json\/wp\/v2\/comments?post=4912"}],"wp:featuredmedia":[{"embeddable":true,"href":"https:\/\/amazingmarket.ee\/et\/wp-json\/wp\/v2\/media\/4858"}],"wp:attachment":[{"href":"https:\/\/amazingmarket.ee\/et\/wp-json\/wp\/v2\/media?parent=4912"}],"wp:term":[{"taxonomy":"product_brand","embeddable":true,"href":"https:\/\/amazingmarket.ee\/et\/wp-json\/wp\/v2\/product_brand?post=4912"},{"taxonomy":"product_cat","embeddable":true,"href":"https:\/\/amazingmarket.ee\/et\/wp-json\/wp\/v2\/product_cat?post=4912"},{"taxonomy":"product_tag","embeddable":true,"href":"https:\/\/amazingmarket.ee\/et\/wp-json\/wp\/v2\/product_tag?post=4912"}],"curies":[{"name":"wp","href":"https:\/\/api.w.org\/{rel}","templated":true}]}}