{"id":4873,"date":"2024-09-21T14:50:00","date_gmt":"2024-09-21T12:50:00","guid":{"rendered":"https:\/\/amazingmarket.ee\/?post_type=product&#038;p=4873"},"modified":"2026-03-14T11:15:28","modified_gmt":"2026-03-14T09:15:28","slug":"ninja-af400eucp-u9-2","status":"publish","type":"product","link":"https:\/\/amazingmarket.ee\/et\/toode\/ninja-af400eucp-u9-2\/","title":{"rendered":"Ninja AF400EUCP U9"},"content":{"rendered":"<pre id=\"tw-target-text\" class=\"tw-data-text tw-text-large tw-ta\" dir=\"ltr\" data-placeholder=\"\u041f\u0435\u0440\u0435\u0432\u043e\u0434\" data-ved=\"2ahUKEwia2Pe7qcWJAxXJgSoKHcTtIgEQ3ewLegQIBxAW\" aria-label=\"\u041f\u0435\u0440\u0435\u0432\u0435\u0434\u0435\u043d\u043d\u044b\u0439 \u0442\u0435\u043a\u0441\u0442: Pole kaua kasutatud, heas korras. Pealt veidi eba\u00fchtlane\"><strong><span class=\"Y2IQFc\" lang=\"en\" style=\"font-size: 130%;\">Pole kaua kasutatud, heas korras. Pealt veidi eba\u00fchtlane<\/span><\/strong><\/pre>\n<h1 class=\"a-size-base-plus a-text-bold\">Selle \u00fcksuse kohta<\/h1>\n<ul class=\"a-unordered-list a-vertical a-spacing-mini\">\n<li class=\"a-spacing-mini\"><span class=\"a-list-item\">2 iseseisvat riietust: erinevad toidud, erinevad k\u00fcpsetusajad, erinevad programmid \u2013 ja k\u00f5ik tuleb t\u00e4pselt lauale. T\u00e4nu kahele eraldiseisvale praekambrile olete t\u00e4iesti paindlik ning saate seadistada erinevaid programme ja k\u00fcpsetusaegu.<\/span><\/li>\n<li class=\"a-spacing-mini\"><span class=\"a-list-item\">Kuni 75% v\u00e4hem rasva: kui tavalised praadimismeetodid. Nautige samav\u00e4\u00e4rset maitset v\u00e4hese v\u00f5i ilma \u00f5lita. *Testitud v\u00f5rreldes tavaliste praetud k\u00e4sitsi l\u00f5igatud kr\u00f5psudega.<\/span><\/li>\n<li class=\"a-spacing-mini\"><span class=\"a-list-item\">S\u00e4\u00e4stke Ninja kuuma\u00f5hufrit\u00fc\u00fcridega kuni 65% energiakulusid: s\u00e4\u00e4stke t\u00e4nu Ninjale energiat ja aega. V\u00f5rreldes tavalise ahjuga. Testid ja arvutused, mis p\u00f5hinevad vorstide soovitataval k\u00fcpsetusajal kuuma \u00f5huga praadimise funktsiooni kasutamisel v\u00f5rreldes 68L \u201cA\u201d ja 71L \u201cA+\u201d reitinguga<\/span><\/li>\n<li class=\"a-spacing-mini\"><span class=\"a-list-item\">Kuni 75% kiirem kui konditsioneeriga pliidid: s\u00e4\u00e4state kuni poole ajast, mis traditsioonilisel ahjul \u00f5htus\u00f6\u00f6gi valmistamisel kulub. Valmistage toit kiiresti ja \u00fchtlaselt t\u00e4nu automaatselt reguleeritavale ventilaatorile ja t\u00e4psele temperatuuri reguleerimisele. *Testitud kalapulkade ja vorstidega<\/span><\/li>\n<li class=\"a-spacing-mini\"><span class=\"a-list-item\">6 toiduvalmistamisfunktsiooni: k\u00f5ik on teie kontrolli all. L\u00fclitage 6 k\u00fcpsetusfunktsiooni vahel \u2013 kuuma\u00f5hu praadimine, r\u00f6stimine, k\u00fcpsetamine, kuumutamine, kuivatamine ja Max Crisp.<\/span><\/li>\n<li class=\"a-spacing-mini\"><span class=\"a-list-item\">Suur mahutavus 9,5 liitrit: eriti suure mahutavusega 9,5 liitrit saate varustada kuni 8 inimest. Valmistage kuni 251 TP3T rohkem \u2013 igasse kambrisse mahub kergesti 2 kg kaaluv kana! *V\u00f5rreldes AF300EU 7,6L<\/span><\/li>\n<li class=\"a-spacing-mini\"><span class=\"a-list-item\">T\u00e4pne temperatuuri reguleerimine: kuuma\u00f5hufrit\u00fc\u00fcriga j\u00f5uab igasse k\u00f6\u00f6ki 1500 vatti v\u00f5imsust ja \u00f5htus\u00f6\u00f6k j\u00f5uab kiiresti lauale. T\u00e4pne temperatuuri reguleerimine v\u00f5imaldab valida erinevate kuumuse seadistuste vahel.<\/span><\/li>\n<\/ul>","protected":false},"excerpt":{"rendered":"<div class=\"a-row\">\n<div class=\"a-column a-span6\">\n<h1 class=\"a-size-medium a-spacing-small\">Tehnilised \u00fcksikasjad<\/h1>\n<\/div>\n<\/div>\n<div class=\"a-expander-content a-expander-extend-content\" data-expanded=\"true\">\n<div class=\"a-row a-expander-container a-expander-inline-container\">\n<div class=\"a-expander-content a-expander-section-content a-section-expander-inner\" data-expanded=\"true\">\n<table id=\"productDetails_techSpec_section_1\" class=\"a-keyvalue prodDetTable\" role=\"presentation\">\n<tbody>\n<tr>\n<th class=\"a-color-secondary a-size-base prodDetSectionEntry\">Kaubam\u00e4rk<\/th>\n<td class=\"a-size-base prodDetAttrValue\">Ninja<\/td>\n<\/tr>\n<tr>\n<th class=\"a-color-secondary a-size-base prodDetSectionEntry\">Mudeli number<\/th>\n<td class=\"a-size-base prodDetAttrValue\">AF400EU<\/td>\n<\/tr>\n<tr>\n<th class=\"a-color-secondary a-size-base prodDetSectionEntry\">V\u00e4rv<\/th>\n<td class=\"a-size-base prodDetAttrValue\">Must<\/td>\n<\/tr>\n<tr>\n<th class=\"a-color-secondary a-size-base prodDetSectionEntry\">Toote m\u00f5\u00f5tmed<\/th>\n<td class=\"a-size-base prodDetAttrValue\">\u200e27 x 41,5 x 32,5 cm; 8,8 kg<\/td>\n<\/tr>\n<tr>\n<th class=\"a-color-secondary a-size-base prodDetSectionEntry\">Mahutavus<\/th>\n<td class=\"a-size-base prodDetAttrValue\">9,5 liitrit<\/td>\n<\/tr>\n<tr>\n<th class=\"a-color-secondary a-size-base prodDetSectionEntry\">V\u00f5imsus \/ vatt<\/th>\n<td class=\"a-size-base prodDetAttrValue\">2470 vatti<\/td>\n<\/tr>\n<tr>\n<th class=\"a-color-secondary a-size-base prodDetSectionEntry\">Materjal<\/th>\n<td class=\"a-size-base prodDetAttrValue\">Vask<\/td>\n<\/tr>\n<tr>\n<th class=\"a-color-secondary a-size-base prodDetSectionEntry\">Eriomadused<\/th>\n<td class=\"a-size-base prodDetAttrValue\">Temperatuuri reguleerimine<\/td>\n<\/tr>\n<tr>\n<th class=\"a-color-secondary a-size-base prodDetSectionEntry\">Kauba kaal<\/th>\n<td class=\"a-size-base prodDetAttrValue\">8,8 kilogrammi<\/td>\n<\/tr>\n<\/tbody>\n<\/table>\n<\/div>\n<\/div>\n<\/div>","protected":false},"featured_media":4878,"comment_status":"open","ping_status":"closed","template":"","meta":{"_monsterinsights_skip_tracking":false,"_monsterinsights_sitenote_active":false,"_monsterinsights_sitenote_note":"","_monsterinsights_sitenote_category":0,"jetpack_publicize_message":"","jetpack_publicize_feature_enabled":true,"jetpack_social_post_already_shared":false,"jetpack_social_options":{"image_generator_settings":{"template":"highway","default_image_id":0,"font":"","enabled":false},"version":2}},"product_brand":[],"product_cat":[71],"product_tag":[],"class_list":{"0":"post-4873","1":"product","2":"type-product","3":"status-publish","4":"has-post-thumbnail","6":"product_cat-airfryers","8":"first","9":"instock","10":"sale","11":"shipping-taxable","12":"purchasable","13":"product-type-simple"},"aioseo_notices":[],"jetpack_publicize_connections":[],"jetpack_sharing_enabled":true,"_links":{"self":[{"href":"https:\/\/amazingmarket.ee\/et\/wp-json\/wp\/v2\/product\/4873","targetHints":{"allow":["GET"]}}],"collection":[{"href":"https:\/\/amazingmarket.ee\/et\/wp-json\/wp\/v2\/product"}],"about":[{"href":"https:\/\/amazingmarket.ee\/et\/wp-json\/wp\/v2\/types\/product"}],"replies":[{"embeddable":true,"href":"https:\/\/amazingmarket.ee\/et\/wp-json\/wp\/v2\/comments?post=4873"}],"wp:featuredmedia":[{"embeddable":true,"href":"https:\/\/amazingmarket.ee\/et\/wp-json\/wp\/v2\/media\/4878"}],"wp:attachment":[{"href":"https:\/\/amazingmarket.ee\/et\/wp-json\/wp\/v2\/media?parent=4873"}],"wp:term":[{"taxonomy":"product_brand","embeddable":true,"href":"https:\/\/amazingmarket.ee\/et\/wp-json\/wp\/v2\/product_brand?post=4873"},{"taxonomy":"product_cat","embeddable":true,"href":"https:\/\/amazingmarket.ee\/et\/wp-json\/wp\/v2\/product_cat?post=4873"},{"taxonomy":"product_tag","embeddable":true,"href":"https:\/\/amazingmarket.ee\/et\/wp-json\/wp\/v2\/product_tag?post=4873"}],"curies":[{"name":"wp","href":"https:\/\/api.w.org\/{rel}","templated":true}]}}