{"id":459,"date":"2024-01-17T15:23:53","date_gmt":"2024-01-17T15:23:53","guid":{"rendered":"https:\/\/amazingmarket.ee\/?post_type=product&#038;p=459"},"modified":"2026-03-14T11:15:32","modified_gmt":"2026-03-14T09:15:32","slug":"bosch-mcp72gpw-citrus-juicer","status":"publish","type":"product","link":"https:\/\/amazingmarket.ee\/et\/toode\/bosch-mcp72gpw-citrus-juicer\/","title":{"rendered":"Bosch MCP72GPW tsitrusviljamahlapress"},"content":{"rendered":"<p><span style=\"color: #000000;\"><strong>UUS<\/strong><\/span><\/p>\n<p><strong>Bosch MCP72GPW tsitrusviljamahlapress: nautige v\u00e4rskeid mahlasid iga p\u00e4ev!<\/strong><\/p>\n<p>Boschi tsitrusviljamahlapress on lihtne ja t\u00f5hus viis tsitrusviljadest v\u00e4rske mahla ekstraheerimiseks. Siin on p\u00f5hjus, miks see on suurep\u00e4rane valik:<\/p>\n<ol>\n<li><strong>V\u00f5imas 40W:<\/strong> 40W v\u00f5imsusega mahlapress tagab t\u00f5husa mahla ekstraheerimise tsitrusviljadest.<\/li>\n<li><strong>Kaks koonuse suurust:<\/strong> Kaasas on kaks erineva suurusega k\u00e4bi, mis sobivad erineva suurusega tsitrusviljade jaoks.<\/li>\n<li><strong>Kahesuunalise p\u00f6\u00f6ramise funktsioon:<\/strong> Koonuse kahesuunaline p\u00f6\u00f6rlemine tagab maksimaalse mahla ekstraheerimise, s\u00e4ilitades samas selle vitamiinisisalduse.<\/li>\n<li><strong>Tselluloosi mahuti maht:<\/strong> Suure mahutavusega viljalihamahuti v\u00f5imaldab pidevat mahla pressimist ilma sagedaste katkestusteta.<\/li>\n<li><strong>Libisemiskindlad jalad:<\/strong> Libisemiskindlad jalad tagavad kasutamise ajal stabiilsuse ja takistavad libisemist.<\/li>\n<li><strong>Lihtne hooldus:<\/strong> Mahlapressi on mugavaks puhastamiseks lihtne lahti v\u00f5tta, mis teeb hoolduse kiireks ja lihtsaks.<\/li>\n<li><strong>Kompaktne disain:<\/strong> Mahlapressi kompaktne suurus muudab selle mugavaks hoidmiseks igas k\u00f6\u00f6gikeskkonnas.<\/li>\n<li><strong>Vaikne t\u00f6\u00f6:<\/strong> Vaikne t\u00f6\u00f6 tagab mugava kasutamise igal kellaajal.<\/li>\n<\/ol>\n<p>Boschi tsitrusemahlapressiga saate minimaalse pingutusega v\u00e4rsked ja vitamiinirikkad mahlad.<\/p>","protected":false},"excerpt":{"rendered":"<p><strong>Bosch MCP72GPW tsitrusviljamahlapress: v\u00e4rskust igas tilgas!<\/strong><\/p>\n<p>Boschi tsitrusemahlapress 40 W v\u00f5imsusega ja kahesuunalise koonuse p\u00f6\u00f6rlemisega on lihtne ja t\u00f5hus viis v\u00e4rskete tsitrusviljamahlade nautimiseks. Kompaktse disaini, lihtsa hoolduse ja vaikse t\u00f6\u00f6ga on see suurep\u00e4rane lisa teie k\u00f6\u00f6ki.<\/p>","protected":false},"featured_media":10342,"comment_status":"open","ping_status":"closed","template":"","meta":{"_monsterinsights_skip_tracking":false,"_monsterinsights_sitenote_active":false,"_monsterinsights_sitenote_note":"","_monsterinsights_sitenote_category":0,"jetpack_publicize_message":"","jetpack_publicize_feature_enabled":true,"jetpack_social_post_already_shared":false,"jetpack_social_options":{"image_generator_settings":{"template":"highway","default_image_id":0,"font":"","enabled":false},"version":2}},"product_brand":[],"product_cat":[81],"product_tag":[],"class_list":{"0":"post-459","1":"product","2":"type-product","3":"status-publish","4":"has-post-thumbnail","6":"product_cat-juice-extractors","8":"first","9":"instock","10":"sale","11":"shipping-taxable","12":"purchasable","13":"product-type-simple"},"aioseo_notices":[],"jetpack_publicize_connections":[],"jetpack_sharing_enabled":true,"_links":{"self":[{"href":"https:\/\/amazingmarket.ee\/et\/wp-json\/wp\/v2\/product\/459","targetHints":{"allow":["GET"]}}],"collection":[{"href":"https:\/\/amazingmarket.ee\/et\/wp-json\/wp\/v2\/product"}],"about":[{"href":"https:\/\/amazingmarket.ee\/et\/wp-json\/wp\/v2\/types\/product"}],"replies":[{"embeddable":true,"href":"https:\/\/amazingmarket.ee\/et\/wp-json\/wp\/v2\/comments?post=459"}],"wp:featuredmedia":[{"embeddable":true,"href":"https:\/\/amazingmarket.ee\/et\/wp-json\/wp\/v2\/media\/10342"}],"wp:attachment":[{"href":"https:\/\/amazingmarket.ee\/et\/wp-json\/wp\/v2\/media?parent=459"}],"wp:term":[{"taxonomy":"product_brand","embeddable":true,"href":"https:\/\/amazingmarket.ee\/et\/wp-json\/wp\/v2\/product_brand?post=459"},{"taxonomy":"product_cat","embeddable":true,"href":"https:\/\/amazingmarket.ee\/et\/wp-json\/wp\/v2\/product_cat?post=459"},{"taxonomy":"product_tag","embeddable":true,"href":"https:\/\/amazingmarket.ee\/et\/wp-json\/wp\/v2\/product_tag?post=459"}],"curies":[{"name":"wp","href":"https:\/\/api.w.org\/{rel}","templated":true}]}}