{"id":448,"date":"2024-01-17T14:59:54","date_gmt":"2024-01-17T14:59:54","guid":{"rendered":"https:\/\/amazingmarket.ee\/?post_type=product&#038;p=448"},"modified":"2026-03-14T11:15:32","modified_gmt":"2026-03-14T09:15:32","slug":"delonghi-rotofry-f-38436-fryer","status":"publish","type":"product","link":"https:\/\/amazingmarket.ee\/et\/toode\/delonghi-rotofry-f-38436-fryer\/","title":{"rendered":"DeLonghi Rotofry F 38436 frit\u00fc\u00fcr"},"content":{"rendered":"<p><strong>DeLonghi Rotofry frit\u00fc\u00fcr: t\u00e4iuslik praadimine uuendusliku tehnoloogiaga!<\/strong><\/p>\n<p>DeLonghi Rotofry frit\u00fc\u00fcr on t\u00e4iustatud seade maitsvate ja kr\u00f5bedate roogade valmistamiseks. Siin on p\u00f5hjused, miks see silma paistab:<\/p>\n<ol>\n<li><strong>1 kg mahutavus:<\/strong> V\u00f5imalus praadida kuni 1 kg toitu korraga teeb sellest suurep\u00e4rase valiku pere\u00f5htus\u00f6\u00f6kideks ja pidudeks.<\/li>\n<li><strong>Rotofry s\u00fcsteem:<\/strong> Innovatiivne Rotofry s\u00fcsteem tagab \u00fchtlase praadimise, luues ideaalselt kr\u00f5beda kooriku.<\/li>\n<li><strong>Reguleeritav temperatuur:<\/strong> V\u00f5imalus temperatuuri reguleerida erinevat t\u00fc\u00fcpi toitude valmistamiseks.<\/li>\n<li><strong>L\u00f5hnafilter:<\/strong> Sisseehitatud l\u00f5hnafilter hoiab \u00e4ra l\u00f5hnade leviku ja tagab k\u00f6\u00f6gis v\u00e4rskuse.<\/li>\n<li><strong>Lihtne hooldus:<\/strong> Eemaldatavad osad ja puhastamise lihtsus muudavad frit\u00fc\u00fcri kasutamise \u00e4\u00e4rmiselt mugavaks.<\/li>\n<li><strong>Vaatlusaken:<\/strong> L\u00e4bipaistev vaateaken v\u00f5imaldab j\u00e4lgida praadimisprotsessi kaant avamata.<\/li>\n<li><strong>Ohutusomadused:<\/strong> Sisseehitatud ohutusmeetmed, n\u00e4iteks \u00fclekuumenemiskaitse, tagavad ohutu kasutamise.<\/li>\n<li><strong>Kompaktne disain:<\/strong> Frit\u00fc\u00fcri kompaktne suurus muudab selle hoiustamise mugavaks igas k\u00f6\u00f6gis.<\/li>\n<\/ol>\n<p>DeLonghi Rotofry frit\u00fc\u00fcr on usaldusv\u00e4\u00e4rne seade oma lemmikute praetud roogade valmistamiseks minimaalse vaevaga.<\/p>","protected":false},"excerpt":{"rendered":"<p><strong>DeLonghi Rotofry: T\u00e4iuslikud praetud maiustused!<\/strong><\/p>\n<p>DeLonghi Rotofry frit\u00fc\u00fcr mahutavusega 1 kg ja Rotofry s\u00fcsteemiga tagab t\u00e4iusliku praadimise. Reguleeritava temperatuuri, mugava hoolduse ja kompaktse disainiga saab sellest teie k\u00f6\u00f6gis asendamatu aksessuaar.<\/p>","protected":false},"featured_media":1300,"comment_status":"open","ping_status":"closed","template":"","meta":{"_monsterinsights_skip_tracking":false,"_monsterinsights_sitenote_active":false,"_monsterinsights_sitenote_note":"","_monsterinsights_sitenote_category":0,"jetpack_publicize_message":"","jetpack_publicize_feature_enabled":true,"jetpack_social_post_already_shared":false,"jetpack_social_options":{"image_generator_settings":{"template":"highway","default_image_id":0,"font":"","enabled":false},"version":2}},"product_brand":[],"product_cat":[71],"product_tag":[],"class_list":{"0":"post-448","1":"product","2":"type-product","3":"status-publish","4":"has-post-thumbnail","6":"product_cat-airfryers","8":"first","9":"instock","10":"sale","11":"shipping-taxable","12":"purchasable","13":"product-type-simple"},"aioseo_notices":[],"jetpack_publicize_connections":[],"jetpack_sharing_enabled":true,"_links":{"self":[{"href":"https:\/\/amazingmarket.ee\/et\/wp-json\/wp\/v2\/product\/448","targetHints":{"allow":["GET"]}}],"collection":[{"href":"https:\/\/amazingmarket.ee\/et\/wp-json\/wp\/v2\/product"}],"about":[{"href":"https:\/\/amazingmarket.ee\/et\/wp-json\/wp\/v2\/types\/product"}],"replies":[{"embeddable":true,"href":"https:\/\/amazingmarket.ee\/et\/wp-json\/wp\/v2\/comments?post=448"}],"wp:featuredmedia":[{"embeddable":true,"href":"https:\/\/amazingmarket.ee\/et\/wp-json\/wp\/v2\/media\/1300"}],"wp:attachment":[{"href":"https:\/\/amazingmarket.ee\/et\/wp-json\/wp\/v2\/media?parent=448"}],"wp:term":[{"taxonomy":"product_brand","embeddable":true,"href":"https:\/\/amazingmarket.ee\/et\/wp-json\/wp\/v2\/product_brand?post=448"},{"taxonomy":"product_cat","embeddable":true,"href":"https:\/\/amazingmarket.ee\/et\/wp-json\/wp\/v2\/product_cat?post=448"},{"taxonomy":"product_tag","embeddable":true,"href":"https:\/\/amazingmarket.ee\/et\/wp-json\/wp\/v2\/product_tag?post=448"}],"curies":[{"name":"wp","href":"https:\/\/api.w.org\/{rel}","templated":true}]}}