{"id":4396,"date":"2024-09-13T18:28:54","date_gmt":"2024-09-13T16:28:54","guid":{"rendered":"https:\/\/amazingmarket.ee\/?post_type=product&#038;p=4396"},"modified":"2026-03-14T11:15:28","modified_gmt":"2026-03-14T09:15:28","slug":"cecotec-ready-warm-5350-power-box-ceramic","status":"publish","type":"product","link":"https:\/\/amazingmarket.ee\/et\/toode\/cecotec-ready-warm-5350-power-box-ceramic\/","title":{"rendered":"Cecotec Ready Warm 5350 Power Box keraamiline"},"content":{"rendered":"<h1 class=\"a-size-base-plus a-text-bold\">Selle \u00fcksuse kohta<\/h1>\n<ul class=\"a-unordered-list a-vertical a-spacing-mini\">\n<li class=\"a-spacing-mini\"><span class=\"a-list-item\">2000 W v\u00f5imsusega keraamiline k\u00fctteseade sobib kuni 20 m2 suurustele ruumidele. Selle WiFi-juhtimine nutitelefoni kaudu ja \u201eCecotec\u201d rakendus v\u00f5imaldavad valida kamina erinevaid t\u00f6\u00f6seadistusi. <\/span><\/li>\n<li class=\"a-spacing-mini\"><span class=\"a-list-item\">Sellel on 3 t\u00f6\u00f6re\u017eiimi: ventilaatori re\u017eiim, madal re\u017eiim (v\u00e4hendab tarbimist 1000 W-ni) ja k\u00f5rge re\u017eiim (maksimaalne tarbimine 2000 W). <\/span><\/li>\n<li class=\"a-spacing-mini\"><span class=\"a-list-item\">T\u00e4nu LED-ekraanile ja kaugjuhtimispuldile saate k\u00fctteseadme t\u00f6\u00f6re\u017eiimi mugavalt ja lihtsalt valida. Sellel on vibratsioonifunktsioon, mis v\u00f5ngutab alumist liistu, et ruumis \u00f5hku paisutada ja soojendada. <\/span><\/li>\n<li class=\"a-spacing-mini\"><span class=\"a-list-item\">N\u00e4dala- ja p\u00e4evaprogrammeerija, mis v\u00f5imaldab valida seinak\u00fcttekeha t\u00f6\u00f6perioodid ja -p\u00e4evad. T\u00e4nu kaitseklassile IP22 saate k\u00fcttekeha rahuliku s\u00fcdamega oma vannituppa paigutada. <\/span><\/li>\n<li class=\"a-spacing-mini\"><span class=\"a-list-item\">Maksimaalne ohutus t\u00e4nu \u00fclekuumenemisvastasele s\u00fcsteemile, lapselukule ja kinnituskomplektile, mis sisaldab k\u00f5ike seinale paigaldamiseks vajalikku.<\/span><\/li>\n<\/ul>","protected":false},"excerpt":{"rendered":"<div class=\"a-row\">\n<div class=\"a-column a-span6\">\n<h1 class=\"a-size-medium a-spacing-small\">Tehnilised \u00fcksikasjad<\/h1>\n<\/div>\n<\/div>\n<div class=\"a-expander-content a-expander-extend-content\" data-expanded=\"true\">\n<div class=\"a-row a-expander-container a-expander-inline-container\">\n<div class=\"a-expander-content a-expander-section-content a-section-expander-inner\" data-expanded=\"true\">\n<table id=\"productDetails_techSpec_section_1\" class=\"a-keyvalue prodDetTable\" role=\"presentation\">\n<tbody>\n<tr>\n<th class=\"a-color-secondary a-size-base prodDetSectionEntry\">Toote m\u00f5\u00f5tmed<\/th>\n<td class=\"a-size-base prodDetAttrValue\">23 x 15,5 x 56,5 cm; 3 kg<\/td>\n<\/tr>\n<tr>\n<th class=\"a-color-secondary a-size-base prodDetSectionEntry\">Kas ahi on ohutu<\/th>\n<td class=\"a-size-base prodDetAttrValue\">Torn<\/td>\n<\/tr>\n<tr>\n<th class=\"a-color-secondary a-size-base prodDetSectionEntry\">Hooldusjuhised<\/th>\n<td class=\"a-size-base prodDetAttrValue\">Enne kasutamist lugege juhiseid.<\/td>\n<\/tr>\n<tr>\n<th class=\"a-color-secondary a-size-base prodDetSectionEntry\">Vajalik kokkupanek<\/th>\n<td class=\"a-size-base prodDetAttrValue\">jah<\/td>\n<\/tr>\n<tr>\n<th class=\"a-color-secondary a-size-base prodDetSectionEntry\">T\u00fckkide arv<\/th>\n<td class=\"a-size-base prodDetAttrValue\">1<\/td>\n<\/tr>\n<tr>\n<th class=\"a-color-secondary a-size-base prodDetSectionEntry\">Garantii kirjeldus<\/th>\n<td class=\"a-size-base prodDetAttrValue\">3 aastat.<\/td>\n<\/tr>\n<tr>\n<th class=\"a-color-secondary a-size-base prodDetSectionEntry\">N\u00f5utavad patareid<\/th>\n<td class=\"a-size-base prodDetAttrValue\">Ei<\/td>\n<\/tr>\n<tr>\n<th class=\"a-color-secondary a-size-base prodDetSectionEntry\">Kaasasolevad komponendid<\/th>\n<td class=\"a-size-base prodDetAttrValue\">1 x k\u00fctteseade; 1 x kaugjuhtimispult; 1 x kinnituskomplekt; 1 x kasutusjuhend (inglise keele olemasolu ei ole garanteeritud)<\/td>\n<\/tr>\n<\/tbody>\n<\/table>\n<\/div>\n<\/div>\n<\/div>","protected":false},"featured_media":4400,"comment_status":"open","ping_status":"closed","template":"","meta":{"_monsterinsights_skip_tracking":false,"_monsterinsights_sitenote_active":false,"_monsterinsights_sitenote_note":"","_monsterinsights_sitenote_category":0,"jetpack_publicize_message":"","jetpack_publicize_feature_enabled":true,"jetpack_social_post_already_shared":false,"jetpack_social_options":{"image_generator_settings":{"template":"highway","default_image_id":0,"font":"","enabled":false},"version":2}},"product_brand":[],"product_cat":[112],"product_tag":[],"class_list":{"0":"post-4396","1":"product","2":"type-product","3":"status-publish","4":"has-post-thumbnail","6":"product_cat-electric-and-gas-heaters","8":"first","9":"instock","10":"sale","11":"shipping-taxable","12":"purchasable","13":"product-type-simple"},"aioseo_notices":[],"jetpack_publicize_connections":[],"jetpack_sharing_enabled":true,"_links":{"self":[{"href":"https:\/\/amazingmarket.ee\/et\/wp-json\/wp\/v2\/product\/4396","targetHints":{"allow":["GET"]}}],"collection":[{"href":"https:\/\/amazingmarket.ee\/et\/wp-json\/wp\/v2\/product"}],"about":[{"href":"https:\/\/amazingmarket.ee\/et\/wp-json\/wp\/v2\/types\/product"}],"replies":[{"embeddable":true,"href":"https:\/\/amazingmarket.ee\/et\/wp-json\/wp\/v2\/comments?post=4396"}],"wp:featuredmedia":[{"embeddable":true,"href":"https:\/\/amazingmarket.ee\/et\/wp-json\/wp\/v2\/media\/4400"}],"wp:attachment":[{"href":"https:\/\/amazingmarket.ee\/et\/wp-json\/wp\/v2\/media?parent=4396"}],"wp:term":[{"taxonomy":"product_brand","embeddable":true,"href":"https:\/\/amazingmarket.ee\/et\/wp-json\/wp\/v2\/product_brand?post=4396"},{"taxonomy":"product_cat","embeddable":true,"href":"https:\/\/amazingmarket.ee\/et\/wp-json\/wp\/v2\/product_cat?post=4396"},{"taxonomy":"product_tag","embeddable":true,"href":"https:\/\/amazingmarket.ee\/et\/wp-json\/wp\/v2\/product_tag?post=4396"}],"curies":[{"name":"wp","href":"https:\/\/api.w.org\/{rel}","templated":true}]}}