{"id":4258,"date":"2024-09-08T12:41:31","date_gmt":"2024-09-08T10:41:31","guid":{"rendered":"https:\/\/amazingmarket.ee\/?post_type=product&#038;p=4258"},"modified":"2026-03-14T11:15:28","modified_gmt":"2026-03-14T09:15:28","slug":"toshiba-mv-am20t","status":"publish","type":"product","link":"https:\/\/amazingmarket.ee\/et\/toode\/toshiba-mv-am20t\/","title":{"rendered":"Toshiba MV-AM20T"},"content":{"rendered":"<h1>NEW, HAS ENGLISH PLUG<\/h1>\n<h1 class=\"a-size-base-plus a-text-bold\">Selle \u00fcksuse kohta<\/h1>\n<ul class=\"a-unordered-list a-vertical a-spacing-mini\">\n<li class=\"a-spacing-mini\"><span class=\"a-list-item\">Toshiba Microwave 20 L kvaliteetne disain: mattmusta pinna, piiramatu ekraani, siidiselt sileda klaasukse, \u00f5\u00f5nsate pehmete nuppude ja peidetud k\u00e4epidemega paistab see mikrolaineahi k\u00f6\u00f6gis silma. <\/span><\/li>\n<li class=\"a-spacing-mini\"><span class=\"a-list-item\">Mikrolaineahi 12 lihtsat ja praktilist automaatset programmi: mikrolaineahi automaatsete programmidega, et oleks lihtsam valmistada 12 populaarset rooga nagu pitsa, kartul, juurviljad jne. <\/span><\/li>\n<li class=\"a-spacing-mini\"><span class=\"a-list-item\">Mikrolaineahju praktilised funktsioonid: sulatamine kaalu\/aja j\u00e4rgi, kiirk\u00e4ivitus, mitmeastmeline k\u00fcpsetamine, lapselukk, kellaaja ja taimeri funktsioon. <\/span><\/li>\n<li class=\"a-spacing-mini\"><span class=\"a-list-item\">Toshiba mikrolaineahi 800 W 5 v\u00f5imsusastmega, v\u00e4lism\u00f5\u00f5tmed (L x S x K): 462 x 381 x 285 mm, sisem\u00f5\u00f5tmed (L x S x K): 307 x 297 x 216 mm, \u2300 245 mm automaatse positsioneerimisega p\u00f6\u00f6rdlaud\/WEEE number: DE055703<\/span><\/li>\n<\/ul>","protected":false},"excerpt":{"rendered":"<div class=\"a-row\">\n<div class=\"a-column a-span6\">\n<h1 class=\"a-size-medium a-spacing-small\">Tehnilised \u00fcksikasjad<\/h1>\n<\/div>\n<\/div>\n<div class=\"a-expander-content a-expander-extend-content\" data-expanded=\"true\">\n<div class=\"a-row a-expander-container a-expander-inline-container\">\n<div class=\"a-expander-content a-expander-section-content a-section-expander-inner\" data-expanded=\"true\">\n<table id=\"productDetails_techSpec_section_1\" class=\"a-keyvalue prodDetTable\" role=\"presentation\">\n<tbody>\n<tr>\n<th class=\"a-color-secondary a-size-base prodDetSectionEntry\">Kaubam\u00e4rk<\/th>\n<td class=\"a-size-base prodDetAttrValue\">Toshiba<\/td>\n<\/tr>\n<tr>\n<th class=\"a-color-secondary a-size-base prodDetSectionEntry\">Mudeli number<\/th>\n<td class=\"a-size-base prodDetAttrValue\">MV-AM20T(BK)<\/td>\n<\/tr>\n<tr>\n<th class=\"a-color-secondary a-size-base prodDetSectionEntry\">V\u00e4rv<\/th>\n<td class=\"a-size-base prodDetAttrValue\">Must<\/td>\n<\/tr>\n<tr>\n<th class=\"a-color-secondary a-size-base prodDetSectionEntry\">Toote m\u00f5\u00f5tmed<\/th>\n<td class=\"a-size-base prodDetAttrValue\">38,1 x 46,2 x 28,5 cm; 11,99 kg<\/td>\n<\/tr>\n<tr>\n<th class=\"a-color-secondary a-size-base prodDetSectionEntry\">Mahutavus<\/th>\n<td class=\"a-size-base prodDetAttrValue\">20 liitrit<\/td>\n<\/tr>\n<tr>\n<th class=\"a-color-secondary a-size-base prodDetSectionEntry\">Helitugevus<\/th>\n<td class=\"a-size-base prodDetAttrValue\">20 liitrit<\/td>\n<\/tr>\n<tr>\n<th class=\"a-color-secondary a-size-base prodDetSectionEntry\">V\u00f5imsus \/ vatt<\/th>\n<td class=\"a-size-base prodDetAttrValue\">800 vatti<\/td>\n<\/tr>\n<tr>\n<th class=\"a-color-secondary a-size-base prodDetSectionEntry\">Pinge<\/th>\n<td class=\"a-size-base prodDetAttrValue\">230 volti<\/td>\n<\/tr>\n<tr>\n<th class=\"a-color-secondary a-size-base prodDetSectionEntry\">Materjal<\/th>\n<td class=\"a-size-base prodDetAttrValue\">Klaas<\/td>\n<\/tr>\n<tr>\n<th class=\"a-color-secondary a-size-base prodDetSectionEntry\">Eriomadused<\/th>\n<td class=\"a-size-base prodDetAttrValue\">Taimer, sulatus, plaadim\u00e4ngija<\/td>\n<\/tr>\n<tr>\n<th class=\"a-color-secondary a-size-base prodDetSectionEntry\">Kauba kaal<\/th>\n<td class=\"a-size-base prodDetAttrValue\">12 kilogrammi<\/td>\n<\/tr>\n<\/tbody>\n<\/table>\n<\/div>\n<\/div>\n<\/div>","protected":false},"featured_media":4263,"comment_status":"open","ping_status":"closed","template":"","meta":{"_monsterinsights_skip_tracking":false,"_monsterinsights_sitenote_active":false,"_monsterinsights_sitenote_note":"","_monsterinsights_sitenote_category":0,"jetpack_publicize_message":"","jetpack_publicize_feature_enabled":true,"jetpack_social_post_already_shared":true,"jetpack_social_options":{"image_generator_settings":{"template":"highway","default_image_id":0,"font":"","enabled":false},"version":2}},"product_brand":[],"product_cat":[72],"product_tag":[],"class_list":{"0":"post-4258","1":"product","2":"type-product","3":"status-publish","4":"has-post-thumbnail","6":"product_cat-microwave-ovens","8":"first","9":"instock","10":"sale","11":"shipping-taxable","12":"purchasable","13":"product-type-simple"},"aioseo_notices":[],"jetpack_publicize_connections":[],"jetpack_sharing_enabled":true,"_links":{"self":[{"href":"https:\/\/amazingmarket.ee\/et\/wp-json\/wp\/v2\/product\/4258","targetHints":{"allow":["GET"]}}],"collection":[{"href":"https:\/\/amazingmarket.ee\/et\/wp-json\/wp\/v2\/product"}],"about":[{"href":"https:\/\/amazingmarket.ee\/et\/wp-json\/wp\/v2\/types\/product"}],"replies":[{"embeddable":true,"href":"https:\/\/amazingmarket.ee\/et\/wp-json\/wp\/v2\/comments?post=4258"}],"wp:featuredmedia":[{"embeddable":true,"href":"https:\/\/amazingmarket.ee\/et\/wp-json\/wp\/v2\/media\/4263"}],"wp:attachment":[{"href":"https:\/\/amazingmarket.ee\/et\/wp-json\/wp\/v2\/media?parent=4258"}],"wp:term":[{"taxonomy":"product_brand","embeddable":true,"href":"https:\/\/amazingmarket.ee\/et\/wp-json\/wp\/v2\/product_brand?post=4258"},{"taxonomy":"product_cat","embeddable":true,"href":"https:\/\/amazingmarket.ee\/et\/wp-json\/wp\/v2\/product_cat?post=4258"},{"taxonomy":"product_tag","embeddable":true,"href":"https:\/\/amazingmarket.ee\/et\/wp-json\/wp\/v2\/product_tag?post=4258"}],"curies":[{"name":"wp","href":"https:\/\/api.w.org\/{rel}","templated":true}]}}