{"id":4241,"date":"2024-09-08T12:12:10","date_gmt":"2024-09-08T10:12:10","guid":{"rendered":"https:\/\/amazingmarket.ee\/?post_type=product&#038;p=4241"},"modified":"2026-03-14T11:15:28","modified_gmt":"2026-03-14T09:15:28","slug":"russell-hobbs-27290-565","status":"publish","type":"product","link":"https:\/\/amazingmarket.ee\/et\/toode\/russell-hobbs-27290-565\/","title":{"rendered":"Russell Hobbs 27290-565"},"content":{"rendered":"<pre id=\"tw-target-text\" class=\"tw-data-text tw-text-large tw-ta\" dir=\"ltr\" data-placeholder=\"\u041f\u0435\u0440\u0435\u0432\u043e\u0434\" data-ved=\"2ahUKEwia2Pe7qcWJAxXJgSoKHcTtIgEQ3ewLegQIBxAW\" aria-label=\"\u041f\u0435\u0440\u0435\u0432\u0435\u0434\u0435\u043d\u043d\u044b\u0439 \u0442\u0435\u043a\u0441\u0442: Uus, allosas puudub \u00fcks v\u00f5rk\"><strong><span class=\"Y2IQFc\" lang=\"en\" style=\"font-size: 130%;\">Uus, alt \u00fcks v\u00f5rk puudu<\/span><\/strong><\/pre>\n<h1 class=\"a-size-base-plus a-text-bold\">Selle \u00fcksuse kohta<\/h1>\n<ul class=\"a-unordered-list a-vertical a-spacing-mini\">\n<li class=\"a-spacing-mini\"><span class=\"a-list-item\">Reguleeritavad korvid \u2013 kahe 4,25-liitrise k\u00fcpsetuskambri v\u00f5i kombineeritud 8,5-liitrise k\u00fcpsetusruumiga Russell Hobbs Satisfry Snappi Dual Basket Air Fryer on teie s\u00f6\u00f6giaja superkangelane. <\/span><\/li>\n<li class=\"a-spacing-mini\"><span class=\"a-list-item\">S\u00fcnkrooni k\u00fcpsetusajad \u2013 m\u00f5ned toidud n\u00f5uavad pikemat k\u00fcpsetusaega kui teised, nii et s\u00fcnkroonimisfunktsiooni abil saate toidud eraldi ajastada, et k\u00f5ik oleks samal ajal serveerimiseks valmis. <\/span><\/li>\n<li class=\"a-spacing-mini\"><span class=\"a-list-item\">Toidu lisamise indikaator \u2013 kui lisate toitu erinevatel aegadel, peatab frit\u00fc\u00fcr ts\u00fckli keskel ja annab teile teada, millal on aeg lisada j\u00e4rgmine koostisosa. <\/span><\/li>\n<li class=\"a-spacing-mini\"><span class=\"a-list-item\">Energias\u00e4\u00e4st \u2013 s\u00e4\u00e4sta kuni 58% energiat v\u00f5rreldes tavalise ahjuga. <\/span><\/li>\n<li class=\"a-spacing-mini\"><span class=\"a-list-item\">2-aastane tootjagarantii \u2013 pluss 1 lisaaasta, kui registreerite toote veebis.<\/span><\/li>\n<\/ul>","protected":false},"excerpt":{"rendered":"<div class=\"a-column a-span6\">\n<div class=\"a-row a-spacing-base\">\n<div class=\"a-row a-expander-container a-expander-extend-container\">\n<div class=\"a-row\">\n<div class=\"a-column a-span6\">\n<h1 class=\"a-size-medium a-spacing-small\">Tehnilised \u00fcksikasjad<\/h1>\n<\/div>\n<\/div>\n<div class=\"a-expander-content a-expander-extend-content\" data-expanded=\"true\">\n<div class=\"a-row a-expander-container a-expander-inline-container\">\n<div class=\"a-expander-content a-expander-section-content a-section-expander-inner\" data-expanded=\"true\">\n<table id=\"productDetails_techSpec_section_1\" class=\"a-keyvalue prodDetTable\" role=\"presentation\">\n<tbody>\n<tr>\n<th class=\"a-color-secondary a-size-base prodDetSectionEntry\">Kaubam\u00e4rk<\/th>\n<td class=\"a-size-base prodDetAttrValue\">Russell Hobbs<\/td>\n<\/tr>\n<tr>\n<th class=\"a-color-secondary a-size-base prodDetSectionEntry\">V\u00e4rv<\/th>\n<td class=\"a-size-base prodDetAttrValue\">Must<\/td>\n<\/tr>\n<tr>\n<th class=\"a-color-secondary a-size-base prodDetSectionEntry\">Toote m\u00f5\u00f5tmed<\/th>\n<td class=\"a-size-base prodDetAttrValue\">\u200e41,2 x 32,2 x 38,5 cm; 6,88 kg<\/td>\n<\/tr>\n<tr>\n<th class=\"a-color-secondary a-size-base prodDetSectionEntry\">Mahutavus<\/th>\n<td class=\"a-size-base prodDetAttrValue\">8,7 liitrit<\/td>\n<\/tr>\n<tr>\n<th class=\"a-color-secondary a-size-base prodDetSectionEntry\">V\u00f5imsus \/ vatt<\/th>\n<td class=\"a-size-base prodDetAttrValue\">1700 vatti<\/td>\n<\/tr>\n<tr>\n<th class=\"a-color-secondary a-size-base prodDetSectionEntry\">Pinge<\/th>\n<td class=\"a-size-base prodDetAttrValue\">240 volti<\/td>\n<\/tr>\n<tr>\n<th class=\"a-color-secondary a-size-base prodDetSectionEntry\">Materjal<\/th>\n<td class=\"a-size-base prodDetAttrValue\">Plastik, Alumiinium<\/td>\n<\/tr>\n<tr>\n<th class=\"a-color-secondary a-size-base prodDetSectionEntry\">Eriomadused<\/th>\n<td class=\"a-size-base prodDetAttrValue\">Kahes 4,1-liitrises korvis valmistatakse 2 toitu kahel viisil v\u00f5i kasutatakse \u00fchte 8,7-liitrist korvi, k\u00fcpsetatakse m\u00f5lemas korvis samal temperatuuril, kuid muutuva ajastusega SmartSynci s\u00e4te l\u00f5petab m\u00f5lemad toidud korraga, 7-\u00fches: \u00f5hu k\u00e4es praadimine, kuivatamine, r\u00f6stimine, praadimine, k\u00fcpsetamine, keetmine \u00f5hu k\u00e4es, soojendamine, kohandatud funktsioon, 8 eelseadet. 8,7L mahutavus mahutab kuni 2,7KG laastud v\u00f5i 4KG kanatiivad<\/td>\n<\/tr>\n<tr>\n<th class=\"a-color-secondary a-size-base prodDetSectionEntry\">Kauba kaal<\/th>\n<td class=\"a-size-base prodDetAttrValue\">6,88 kg<\/td>\n<\/tr>\n<\/tbody>\n<\/table>\n<\/div>\n<\/div>\n<\/div>\n<\/div>\n<\/div>\n<div class=\"a-row a-spacing-base\"><\/div>\n<\/div>\n<div class=\"a-column a-span6 a-span-last\">\n<div class=\"a-row a-spacing-base\">\n<div id=\"productDetails_db_sections\" class=\"a-section\"><\/div>\n<\/div>\n<\/div>","protected":false},"featured_media":4246,"comment_status":"open","ping_status":"closed","template":"","meta":{"_monsterinsights_skip_tracking":false,"_monsterinsights_sitenote_active":false,"_monsterinsights_sitenote_note":"","_monsterinsights_sitenote_category":0,"jetpack_publicize_message":"","jetpack_publicize_feature_enabled":true,"jetpack_social_post_already_shared":false,"jetpack_social_options":{"image_generator_settings":{"template":"highway","default_image_id":0,"font":"","enabled":false},"version":2}},"product_brand":[],"product_cat":[71],"product_tag":[],"class_list":{"0":"post-4241","1":"product","2":"type-product","3":"status-publish","4":"has-post-thumbnail","6":"product_cat-airfryers","8":"first","9":"instock","10":"sale","11":"shipping-taxable","12":"purchasable","13":"product-type-simple"},"aioseo_notices":[],"jetpack_publicize_connections":[],"jetpack_sharing_enabled":true,"_links":{"self":[{"href":"https:\/\/amazingmarket.ee\/et\/wp-json\/wp\/v2\/product\/4241","targetHints":{"allow":["GET"]}}],"collection":[{"href":"https:\/\/amazingmarket.ee\/et\/wp-json\/wp\/v2\/product"}],"about":[{"href":"https:\/\/amazingmarket.ee\/et\/wp-json\/wp\/v2\/types\/product"}],"replies":[{"embeddable":true,"href":"https:\/\/amazingmarket.ee\/et\/wp-json\/wp\/v2\/comments?post=4241"}],"wp:featuredmedia":[{"embeddable":true,"href":"https:\/\/amazingmarket.ee\/et\/wp-json\/wp\/v2\/media\/4246"}],"wp:attachment":[{"href":"https:\/\/amazingmarket.ee\/et\/wp-json\/wp\/v2\/media?parent=4241"}],"wp:term":[{"taxonomy":"product_brand","embeddable":true,"href":"https:\/\/amazingmarket.ee\/et\/wp-json\/wp\/v2\/product_brand?post=4241"},{"taxonomy":"product_cat","embeddable":true,"href":"https:\/\/amazingmarket.ee\/et\/wp-json\/wp\/v2\/product_cat?post=4241"},{"taxonomy":"product_tag","embeddable":true,"href":"https:\/\/amazingmarket.ee\/et\/wp-json\/wp\/v2\/product_tag?post=4241"}],"curies":[{"name":"wp","href":"https:\/\/api.w.org\/{rel}","templated":true}]}}