{"id":4202,"date":"2024-09-07T16:33:27","date_gmt":"2024-09-07T14:33:27","guid":{"rendered":"https:\/\/amazingmarket.ee\/?post_type=product&#038;p=4202"},"modified":"2026-03-14T11:15:28","modified_gmt":"2026-03-14T09:15:28","slug":"roborock-s7-maxv-ultra-7744","status":"publish","type":"product","link":"https:\/\/amazingmarket.ee\/et\/toode\/roborock-s7-maxv-ultra-7744\/","title":{"rendered":"Roborock S7 MaxV Ultra (7744)"},"content":{"rendered":"<h1>KASUTATUD ASJA, MOPI EI OLE<\/h1>\n<h1 class=\"a-size-base-plus a-text-bold\">Selle \u00fcksuse kohta<\/h1>\n<ul class=\"a-unordered-list a-vertical a-spacing-mini\">\n<li class=\"a-spacing-mini\"><span class=\"a-list-item\">\u3010K\u00e4ed-vabad puhastustehnoloogia\u3011Roborock S7 Max Ultra tugijaam v\u00f5ib olla automaatne mopipesu \/ automaatne tolmu t\u00fchjendamine \/ sooja \u00f5hu kuivatamine \/ paagi automaatne t\u00e4itmine \/ doki isepuhastus. \u00c4sja t\u00e4iustatud kuivatusfunktsioon v\u00f5ib kuivatada reoveepaaki, samal ajal kui mopi kuivatatakse. Roborock S7 Max Ultra robottolmuimeja t\u00e4isautomaatne puhastus, s\u00e4\u00e4stab aega ja vabastab k\u00e4ed. <\/span><\/li>\n<li class=\"a-spacing-mini\"><span class=\"a-list-item\">\u3010T\u00e4iustatud puhastusv\u00f5imsus\u3011 S7 Max ultrarobottolmuimejal on 5500 Pa imemis- ja ultrahelimopimiss\u00fcsteem, 3000 korda\/min helivibratsiooniga mopimine, pidev r\u00f5hk, t\u00f5rksamad plekid lagunevad t\u00f5husalt ja mopi t\u00f5stetakse 5 mm v\u00f5rra, et v\u00e4ltida sekundaarset reostust. <\/span><\/li>\n<li class=\"a-spacing-mini\"><span class=\"a-list-item\">\u3010Reaktiivne tehniline takistuste v\u00e4ltimine\u3011Roborock S7 Max Ultra robottolmuimeja, mis suudab m\u00f5\u00f5ta kaugust objektist iseendani l\u00e4bi andurite, v\u00e4ltides v\u00f5imalikke ohte. LDS-i t\u00e4pne navigatsioon kavandab t\u00f5husad puhastusmarsruudid, aidates sellel teie kodu v\u00f5imalikult t\u00e4pselt l\u00e4bida \u2013 isegi pimedas. <\/span><\/li>\n<li class=\"a-spacing-mini\"><span class=\"a-list-item\">\u3010Automaatne t\u00fchjendamine ja automaatne t\u00e4itmine\u3011 Lemmikloomakarvadest robottolmuimeja t\u00fchjendusjaam kasutab uusimat t\u00fchjendusmeetodit 2,5-liitrise tolmukotiga, mida saab puhastada k\u00f5ige rohkem kord seitsme n\u00e4dala jooksul. Robotitolmuimeja on varustatud ka iseseisva 3-liitrise veepaagi ja 2,5-liitrise mustusepaagiga, mis t\u00e4idab enne veepaaki puhastamist automaatselt vett. <\/span><\/li>\n<li class=\"a-spacing-mini\"><span class=\"a-list-item\">\u3010Nutikas rakendus\u3011Tuvastab automaatselt kohad, kus robot v\u00f5ib kinni j\u00e4\u00e4da, ja soovitab neid keelualadena. Samuti saate Roborock Robot Vacuum Appis joonistada n\u00e4htamatuid seinu, et v\u00e4ltida teatud alade puhastamist. Kasutage 3D-kaardistamist. Saate oma maja ehitada virtuaalselt detailidega, nagu m\u00f6\u00f6bel, et saada t\u00e4pne kaart, mis tagab teile parima v\u00f5imaliku puhastuse.<\/span><\/li>\n<\/ul>","protected":false},"excerpt":{"rendered":"<table id=\"productDetails_techSpec_section_1\" class=\"a-keyvalue prodDetTable\" role=\"presentation\">\n<tbody>\n<tr>\n<th class=\"a-color-secondary a-size-base prodDetSectionEntry\">BR\u00c4ND<\/th>\n<td class=\"a-size-base prodDetAttrValue\">roborock<\/td>\n<\/tr>\n<tr>\n<th class=\"a-color-secondary a-size-base prodDetSectionEntry\">V\u00c4RV<\/th>\n<td class=\"a-size-base prodDetAttrValue\">Must<\/td>\n<\/tr>\n<tr>\n<th class=\"a-color-secondary a-size-base prodDetSectionEntry\">TOOTE M\u00d5\u00d5TMED<\/th>\n<td class=\"a-size-base prodDetAttrValue\">51 x 44 x 52 cm; 17 kg<\/td>\n<\/tr>\n<tr>\n<th class=\"a-color-secondary a-size-base prodDetSectionEntry\">MATERJAL<\/th>\n<td class=\"a-size-base prodDetAttrValue\">Metallist<\/td>\n<\/tr>\n<tr>\n<th class=\"a-color-secondary a-size-base prodDetSectionEntry\">ERIFUNKTSIOONID<\/th>\n<td class=\"a-size-base prodDetAttrValue\">Takistuste v\u00e4ltimine, automaatne mopipesu, automaatne tolmu t\u00fchjendamine, sooja \u00f5hu kuivatamine, paagi automaatne t\u00e4itmine, doki isepuhastus<\/td>\n<\/tr>\n<tr>\n<th class=\"a-color-secondary a-size-base prodDetSectionEntry\">KAUPA KAAL<\/th>\n<td class=\"a-size-base prodDetAttrValue\">17 kg<\/td>\n<\/tr>\n<\/tbody>\n<\/table>","protected":false},"featured_media":4145,"comment_status":"open","ping_status":"closed","template":"","meta":{"_monsterinsights_skip_tracking":false,"_monsterinsights_sitenote_active":false,"_monsterinsights_sitenote_note":"","_monsterinsights_sitenote_category":0,"jetpack_publicize_message":"","jetpack_publicize_feature_enabled":true,"jetpack_social_post_already_shared":false,"jetpack_social_options":{"image_generator_settings":{"template":"highway","default_image_id":0,"font":"","enabled":false},"version":2}},"product_brand":[],"product_cat":[80,102],"product_tag":[],"class_list":{"0":"post-4202","1":"product","2":"type-product","3":"status-publish","4":"has-post-thumbnail","6":"product_cat-robot-vacuum-cleaners","7":"product_cat-vacuum-cleaners","9":"first","10":"instock","11":"sale","12":"shipping-taxable","13":"purchasable","14":"product-type-simple"},"aioseo_notices":[],"jetpack_publicize_connections":[],"jetpack_sharing_enabled":true,"_links":{"self":[{"href":"https:\/\/amazingmarket.ee\/et\/wp-json\/wp\/v2\/product\/4202","targetHints":{"allow":["GET"]}}],"collection":[{"href":"https:\/\/amazingmarket.ee\/et\/wp-json\/wp\/v2\/product"}],"about":[{"href":"https:\/\/amazingmarket.ee\/et\/wp-json\/wp\/v2\/types\/product"}],"replies":[{"embeddable":true,"href":"https:\/\/amazingmarket.ee\/et\/wp-json\/wp\/v2\/comments?post=4202"}],"wp:featuredmedia":[{"embeddable":true,"href":"https:\/\/amazingmarket.ee\/et\/wp-json\/wp\/v2\/media\/4145"}],"wp:attachment":[{"href":"https:\/\/amazingmarket.ee\/et\/wp-json\/wp\/v2\/media?parent=4202"}],"wp:term":[{"taxonomy":"product_brand","embeddable":true,"href":"https:\/\/amazingmarket.ee\/et\/wp-json\/wp\/v2\/product_brand?post=4202"},{"taxonomy":"product_cat","embeddable":true,"href":"https:\/\/amazingmarket.ee\/et\/wp-json\/wp\/v2\/product_cat?post=4202"},{"taxonomy":"product_tag","embeddable":true,"href":"https:\/\/amazingmarket.ee\/et\/wp-json\/wp\/v2\/product_tag?post=4202"}],"curies":[{"name":"wp","href":"https:\/\/api.w.org\/{rel}","templated":true}]}}